{"id":20978,"date":"2025-03-22T12:34:58","date_gmt":"2025-03-22T11:34:58","guid":{"rendered":"https:\/\/nueva2.huertatropical.com\/?post_type=product&#038;p=20978"},"modified":"2025-05-20T17:14:00","modified_gmt":"2025-05-20T16:14:00","slug":"aguacate-pinkerton-kg","status":"publish","type":"product","link":"https:\/\/nueva2.huertatropical.com\/en\/tienda-comprar-fruta-tropical-de-temporada\/comprar-aguacate-costa-tropical-granada\/aguacate-pinkerton-kg\/","title":{"rendered":"Aguacate Pinkerton Kg"},"content":{"rendered":"<h3 class=\"shortcode_title title_1778590786 main_font vc_custom_1529636139555\"><span style=\"color: #339966; font-size: 24px;\">Beneficios para la salud y propiedades del aguacate pinkerton<\/span><\/h3>\n<p>Como el resto de <span style=\"color: #339966;\">aguacates,<\/span> esta variedad est\u00e1 considerada un alimento cardiosaludable, ya que su aceite, ayuda a reducir los niveles de colesterol malo, aumentando los del denominado como colesterol bueno.<\/p>\n<p>Como descendiente de la variedad Hass, el aguacate Pinkerton hereda una gran diversidad de excelentes atributos. Entre ellos, el f\u00e1cil pelado de la fruta, su excelente sabor o el reducido tama\u00f1o de la semilla.<\/p>\n<p>As\u00ed, en su conjunto, la fruta de este aguacate re\u00fane numerosos valores a su favor. Por ejemplo, su gran tama\u00f1o en forma de pera con cuello alargado. La piel gruesa y rugosa que se desprende r\u00e1pidamente. Una semilla peque\u00f1a que, igualmente, se despega con comodidad. Lo que culmina con un alto contenido graso, en una carne suave, mantecosa\u00a0 y absolutamente exenta de fibra.<\/p>\n<p>Al comprar aguacate pinkerton de la Costa Tropical de Granada, est\u00e1s consumiendo un <a href=\"https:\/\/asociaciondetropicales.net\/\" target=\"_blank\" rel=\"noopener\"><strong>producto nacional<\/strong><\/a>\u00a0cultivado por agricultores de Granada y M\u00e1laga.<\/p>\n<p>Si quieres estar atento a las \u00faltimas novedades de nuestra web o nuevas frutas de temporada s\u00edguenos en nuestras redes sociales. Aqu\u00ed te dejamos nuestro\u00a0<a href=\"https:\/\/es-es.facebook.com\/HuertaTropical\/\" target=\"_blank\" rel=\"noopener noreferrer\">Facebook<\/a>\u00a0e\u00a0<a href=\"https:\/\/www.instagram.com\/huertatropical\" target=\"_blank\" rel=\"noopener noreferrer\">Instagram<\/a>.<\/p>\n","protected":false},"excerpt":{"rendered":"<p>El fruto del aguacate\u00a0 Pinkerton tiene forma de pera alargada. Aunque por su piel se parece al Hass, <span style=\"color: #339966;\"><strong>al madurar mantiene el color verde de la piel<\/strong><\/span>, y solamente se torna ligeramente m\u00e1s oscura. <span style=\"color: #339966;\"><strong>Una vez maduro es sensible a la presi\u00f3n y f\u00e1cil de pelar<\/strong><\/span>.<\/p>\n<p>Su semilla es peque\u00f1a, ofreciendo una de las mejores proporciones de pulpa por el peso total de la fruta. Es el aguacate con m\u00e1s cantidad de pulpa respecto a su peso.<\/p>\n<p>Su pulpa tiene una textura cremosa y muy exquisita que nos deja un agradable sabor a nuez.<\/p>\n<p>El tama\u00f1o de esta variedad es mediano a grande y su peso puede oscilar entre \u00a0200 grs y los 400 grs.<\/p>\n<p>La temporada para disfrutar del aguacate Pinkerton va desde <strong><span style=\"color: #339966;\">Diciembre<\/span><\/strong> a<strong> <span style=\"color: #339966;\">Marzo<\/span><\/strong>.<span style=\"color: #000000;\">\u00a0<\/span><span style=\"color: #000000;\"><strong>\u00a0<\/strong><\/span><\/p>\n<p><span style=\"color: #ff0000;\"><strong>*Aguacate nacional, de la Costa Tropical de Motril.<\/strong><\/span><\/p>\n","protected":false},"featured_media":19402,"comment_status":"closed","ping_status":"closed","template":"","meta":[],"product_brand":[],"product_cat":[205],"product_tag":[],"class_list":{"0":"post-20978","1":"product","2":"type-product","3":"status-publish","4":"has-post-thumbnail","6":"product_cat-comprar-aguacate-costa-tropical-granada","8":"first","9":"instock","10":"taxable","11":"shipping-taxable","12":"purchasable","13":"product-type-variable","14":"has-default-attributes"},"yoast_head":"<!-- This site is optimized with the Yoast SEO plugin v24.7 - https:\/\/yoast.com\/wordpress\/plugins\/seo\/ -->\n<title>Aguacate Pinkerton de la Costa Tropical de Granada<\/title>\n<meta name=\"description\" content=\"Comprar Aguacate Pinkerton cultivado en Andaluc\u00eda y descubrir el intenso y exquisito sabor a frutos secos de un aguacate reci\u00e9n recogido del \u00e1rbol.\" \/>\n<meta name=\"robots\" content=\"noindex, follow, max-snippet:-1, max-image-preview:large, max-video-preview:-1\" \/>\n<meta property=\"og:locale\" content=\"en_US\" \/>\n<meta property=\"og:type\" content=\"article\" \/>\n<meta property=\"og:title\" content=\"Aguacate Pinkerton de la Costa Tropical de Granada\" \/>\n<meta property=\"og:description\" content=\"Comprar Aguacate Pinkerton cultivado en Andaluc\u00eda y descubrir el intenso y exquisito sabor a frutos secos de un aguacate reci\u00e9n recogido del \u00e1rbol.\" \/>\n<meta property=\"og:url\" content=\"https:\/\/nueva2.huertatropical.com\/en\/tienda-comprar-fruta-tropical-de-temporada\/comprar-aguacate-costa-tropical-granada\/aguacate-pinkerton-kg\/\" \/>\n<meta property=\"og:site_name\" content=\"Huerta Tropical\" \/>\n<meta property=\"article:publisher\" content=\"https:\/\/es-es.facebook.com\/HuertaTropical\/\" \/>\n<meta property=\"article:modified_time\" content=\"2025-05-20T16:14:00+00:00\" \/>\n<meta property=\"og:image\" content=\"https:\/\/nueva2.huertatropical.com\/wp-content\/uploads\/2024\/08\/comprar-aguacate-pinkerton.jpg\" \/>\n\t<meta property=\"og:image:width\" content=\"800\" \/>\n\t<meta property=\"og:image:height\" content=\"800\" \/>\n\t<meta property=\"og:image:type\" content=\"image\/jpeg\" \/>\n<meta name=\"twitter:card\" content=\"summary_large_image\" \/>\n<meta name=\"twitter:site\" content=\"@HuertaTropical\" \/>\n<meta name=\"twitter:label1\" content=\"Est. reading time\" \/>\n\t<meta name=\"twitter:data1\" content=\"2 minutes\" \/>\n<script type=\"application\/ld+json\" class=\"yoast-schema-graph\">{\"@context\":\"https:\/\/schema.org\",\"@graph\":[{\"@type\":\"WebPage\",\"@id\":\"https:\/\/nueva2.huertatropical.com\/en\/tienda-comprar-fruta-tropical-de-temporada\/comprar-aguacate-costa-tropical-granada\/aguacate-pinkerton-kg\/\",\"url\":\"https:\/\/nueva2.huertatropical.com\/en\/tienda-comprar-fruta-tropical-de-temporada\/comprar-aguacate-costa-tropical-granada\/aguacate-pinkerton-kg\/\",\"name\":\"Aguacate Pinkerton de la Costa Tropical de Granada\",\"isPartOf\":{\"@id\":\"https:\/\/nueva2.huertatropical.com\/en\/#website\"},\"primaryImageOfPage\":{\"@id\":\"https:\/\/nueva2.huertatropical.com\/en\/tienda-comprar-fruta-tropical-de-temporada\/comprar-aguacate-costa-tropical-granada\/aguacate-pinkerton-kg\/#primaryimage\"},\"image\":{\"@id\":\"https:\/\/nueva2.huertatropical.com\/en\/tienda-comprar-fruta-tropical-de-temporada\/comprar-aguacate-costa-tropical-granada\/aguacate-pinkerton-kg\/#primaryimage\"},\"thumbnailUrl\":\"https:\/\/nueva2.huertatropical.com\/wp-content\/uploads\/2024\/08\/comprar-aguacate-pinkerton.jpg\",\"datePublished\":\"2025-03-22T11:34:58+00:00\",\"dateModified\":\"2025-05-20T16:14:00+00:00\",\"description\":\"Comprar Aguacate Pinkerton cultivado en Andaluc\u00eda y descubrir el intenso y exquisito sabor a frutos secos de un aguacate reci\u00e9n recogido del \u00e1rbol.\",\"breadcrumb\":{\"@id\":\"https:\/\/nueva2.huertatropical.com\/en\/tienda-comprar-fruta-tropical-de-temporada\/comprar-aguacate-costa-tropical-granada\/aguacate-pinkerton-kg\/#breadcrumb\"},\"inLanguage\":\"en-US\",\"potentialAction\":[{\"@type\":\"ReadAction\",\"target\":[\"https:\/\/nueva2.huertatropical.com\/en\/tienda-comprar-fruta-tropical-de-temporada\/comprar-aguacate-costa-tropical-granada\/aguacate-pinkerton-kg\/\"]}]},{\"@type\":\"ImageObject\",\"inLanguage\":\"en-US\",\"@id\":\"https:\/\/nueva2.huertatropical.com\/en\/tienda-comprar-fruta-tropical-de-temporada\/comprar-aguacate-costa-tropical-granada\/aguacate-pinkerton-kg\/#primaryimage\",\"url\":\"https:\/\/nueva2.huertatropical.com\/wp-content\/uploads\/2024\/08\/comprar-aguacate-pinkerton.jpg\",\"contentUrl\":\"https:\/\/nueva2.huertatropical.com\/wp-content\/uploads\/2024\/08\/comprar-aguacate-pinkerton.jpg\",\"width\":800,\"height\":800},{\"@type\":\"BreadcrumbList\",\"@id\":\"https:\/\/nueva2.huertatropical.com\/en\/tienda-comprar-fruta-tropical-de-temporada\/comprar-aguacate-costa-tropical-granada\/aguacate-pinkerton-kg\/#breadcrumb\",\"itemListElement\":[{\"@type\":\"ListItem\",\"position\":1,\"name\":\"Portada\",\"item\":\"https:\/\/nueva2.huertatropical.com\/en\/\"},{\"@type\":\"ListItem\",\"position\":2,\"name\":\"Shop\",\"item\":\"https:\/\/nueva2.huertatropical.com\/en\/shop\/\"},{\"@type\":\"ListItem\",\"position\":3,\"name\":\"Aguacate Pinkerton Kg\"}]},{\"@type\":\"WebSite\",\"@id\":\"https:\/\/nueva2.huertatropical.com\/en\/#website\",\"url\":\"https:\/\/nueva2.huertatropical.com\/en\/\",\"name\":\"Huerta Tropical\",\"description\":\"Comprar online fruta tropical de Granada a domicilio\",\"publisher\":{\"@id\":\"https:\/\/nueva2.huertatropical.com\/en\/#organization\"},\"potentialAction\":[{\"@type\":\"SearchAction\",\"target\":{\"@type\":\"EntryPoint\",\"urlTemplate\":\"https:\/\/nueva2.huertatropical.com\/en\/?s={search_term_string}\"},\"query-input\":{\"@type\":\"PropertyValueSpecification\",\"valueRequired\":true,\"valueName\":\"search_term_string\"}}],\"inLanguage\":\"en-US\"},{\"@type\":\"Organization\",\"@id\":\"https:\/\/nueva2.huertatropical.com\/en\/#organization\",\"name\":\"Huerta Tropical\",\"url\":\"https:\/\/nueva2.huertatropical.com\/en\/\",\"logo\":{\"@type\":\"ImageObject\",\"inLanguage\":\"en-US\",\"@id\":\"https:\/\/nueva2.huertatropical.com\/en\/#\/schema\/logo\/image\/\",\"url\":\"https:\/\/i2.wp.com\/huertatropical.com\/wp-content\/uploads\/2016\/03\/icono-web-sitio.jpg?fit=510%2C510&ssl=1\",\"contentUrl\":\"https:\/\/i2.wp.com\/huertatropical.com\/wp-content\/uploads\/2016\/03\/icono-web-sitio.jpg?fit=510%2C510&ssl=1\",\"width\":510,\"height\":510,\"caption\":\"Huerta Tropical\"},\"image\":{\"@id\":\"https:\/\/nueva2.huertatropical.com\/en\/#\/schema\/logo\/image\/\"},\"sameAs\":[\"https:\/\/es-es.facebook.com\/HuertaTropical\/\",\"https:\/\/x.com\/HuertaTropical\",\"https:\/\/www.instagram.com\/huertatropical\/\",\"https:\/\/www.linkedin.com\/company\/huerta-tropical\/\",\"https:\/\/www.pinterest.es\/huertatropical\/\",\"https:\/\/www.youtube.com\/channel\/UCT44zfBbAxjNKNUGZhRt6CA\"]}]}<\/script>\n<!-- \/ Yoast SEO plugin. -->","yoast_head_json":{"title":"Aguacate Pinkerton de la Costa Tropical de Granada","description":"Comprar Aguacate Pinkerton cultivado en Andaluc\u00eda y descubrir el intenso y exquisito sabor a frutos secos de un aguacate reci\u00e9n recogido del \u00e1rbol.","robots":{"index":"noindex","follow":"follow","max-snippet":"max-snippet:-1","max-image-preview":"max-image-preview:large","max-video-preview":"max-video-preview:-1"},"og_locale":"en_US","og_type":"article","og_title":"Aguacate Pinkerton de la Costa Tropical de Granada","og_description":"Comprar Aguacate Pinkerton cultivado en Andaluc\u00eda y descubrir el intenso y exquisito sabor a frutos secos de un aguacate reci\u00e9n recogido del \u00e1rbol.","og_url":"https:\/\/nueva2.huertatropical.com\/en\/tienda-comprar-fruta-tropical-de-temporada\/comprar-aguacate-costa-tropical-granada\/aguacate-pinkerton-kg\/","og_site_name":"Huerta Tropical","article_publisher":"https:\/\/es-es.facebook.com\/HuertaTropical\/","article_modified_time":"2025-05-20T16:14:00+00:00","og_image":[{"width":800,"height":800,"url":"https:\/\/nueva2.huertatropical.com\/wp-content\/uploads\/2024\/08\/comprar-aguacate-pinkerton.jpg","type":"image\/jpeg"}],"twitter_card":"summary_large_image","twitter_site":"@HuertaTropical","twitter_misc":{"Est. reading time":"2 minutes"},"schema":{"@context":"https:\/\/schema.org","@graph":[{"@type":"WebPage","@id":"https:\/\/nueva2.huertatropical.com\/en\/tienda-comprar-fruta-tropical-de-temporada\/comprar-aguacate-costa-tropical-granada\/aguacate-pinkerton-kg\/","url":"https:\/\/nueva2.huertatropical.com\/en\/tienda-comprar-fruta-tropical-de-temporada\/comprar-aguacate-costa-tropical-granada\/aguacate-pinkerton-kg\/","name":"Aguacate Pinkerton de la Costa Tropical de Granada","isPartOf":{"@id":"https:\/\/nueva2.huertatropical.com\/en\/#website"},"primaryImageOfPage":{"@id":"https:\/\/nueva2.huertatropical.com\/en\/tienda-comprar-fruta-tropical-de-temporada\/comprar-aguacate-costa-tropical-granada\/aguacate-pinkerton-kg\/#primaryimage"},"image":{"@id":"https:\/\/nueva2.huertatropical.com\/en\/tienda-comprar-fruta-tropical-de-temporada\/comprar-aguacate-costa-tropical-granada\/aguacate-pinkerton-kg\/#primaryimage"},"thumbnailUrl":"https:\/\/nueva2.huertatropical.com\/wp-content\/uploads\/2024\/08\/comprar-aguacate-pinkerton.jpg","datePublished":"2025-03-22T11:34:58+00:00","dateModified":"2025-05-20T16:14:00+00:00","description":"Comprar Aguacate Pinkerton cultivado en Andaluc\u00eda y descubrir el intenso y exquisito sabor a frutos secos de un aguacate reci\u00e9n recogido del \u00e1rbol.","breadcrumb":{"@id":"https:\/\/nueva2.huertatropical.com\/en\/tienda-comprar-fruta-tropical-de-temporada\/comprar-aguacate-costa-tropical-granada\/aguacate-pinkerton-kg\/#breadcrumb"},"inLanguage":"en-US","potentialAction":[{"@type":"ReadAction","target":["https:\/\/nueva2.huertatropical.com\/en\/tienda-comprar-fruta-tropical-de-temporada\/comprar-aguacate-costa-tropical-granada\/aguacate-pinkerton-kg\/"]}]},{"@type":"ImageObject","inLanguage":"en-US","@id":"https:\/\/nueva2.huertatropical.com\/en\/tienda-comprar-fruta-tropical-de-temporada\/comprar-aguacate-costa-tropical-granada\/aguacate-pinkerton-kg\/#primaryimage","url":"https:\/\/nueva2.huertatropical.com\/wp-content\/uploads\/2024\/08\/comprar-aguacate-pinkerton.jpg","contentUrl":"https:\/\/nueva2.huertatropical.com\/wp-content\/uploads\/2024\/08\/comprar-aguacate-pinkerton.jpg","width":800,"height":800},{"@type":"BreadcrumbList","@id":"https:\/\/nueva2.huertatropical.com\/en\/tienda-comprar-fruta-tropical-de-temporada\/comprar-aguacate-costa-tropical-granada\/aguacate-pinkerton-kg\/#breadcrumb","itemListElement":[{"@type":"ListItem","position":1,"name":"Portada","item":"https:\/\/nueva2.huertatropical.com\/en\/"},{"@type":"ListItem","position":2,"name":"Shop","item":"https:\/\/nueva2.huertatropical.com\/en\/shop\/"},{"@type":"ListItem","position":3,"name":"Aguacate Pinkerton Kg"}]},{"@type":"WebSite","@id":"https:\/\/nueva2.huertatropical.com\/en\/#website","url":"https:\/\/nueva2.huertatropical.com\/en\/","name":"Huerta Tropical","description":"Comprar online fruta tropical de Granada a domicilio","publisher":{"@id":"https:\/\/nueva2.huertatropical.com\/en\/#organization"},"potentialAction":[{"@type":"SearchAction","target":{"@type":"EntryPoint","urlTemplate":"https:\/\/nueva2.huertatropical.com\/en\/?s={search_term_string}"},"query-input":{"@type":"PropertyValueSpecification","valueRequired":true,"valueName":"search_term_string"}}],"inLanguage":"en-US"},{"@type":"Organization","@id":"https:\/\/nueva2.huertatropical.com\/en\/#organization","name":"Huerta Tropical","url":"https:\/\/nueva2.huertatropical.com\/en\/","logo":{"@type":"ImageObject","inLanguage":"en-US","@id":"https:\/\/nueva2.huertatropical.com\/en\/#\/schema\/logo\/image\/","url":"https:\/\/i2.wp.com\/huertatropical.com\/wp-content\/uploads\/2016\/03\/icono-web-sitio.jpg?fit=510%2C510&ssl=1","contentUrl":"https:\/\/i2.wp.com\/huertatropical.com\/wp-content\/uploads\/2016\/03\/icono-web-sitio.jpg?fit=510%2C510&ssl=1","width":510,"height":510,"caption":"Huerta Tropical"},"image":{"@id":"https:\/\/nueva2.huertatropical.com\/en\/#\/schema\/logo\/image\/"},"sameAs":["https:\/\/es-es.facebook.com\/HuertaTropical\/","https:\/\/x.com\/HuertaTropical","https:\/\/www.instagram.com\/huertatropical\/","https:\/\/www.linkedin.com\/company\/huerta-tropical\/","https:\/\/www.pinterest.es\/huertatropical\/","https:\/\/www.youtube.com\/channel\/UCT44zfBbAxjNKNUGZhRt6CA"]}]}},"_links":{"self":[{"href":"https:\/\/nueva2.huertatropical.com\/en\/wp-json\/wp\/v2\/product\/20978","targetHints":{"allow":["GET"]}}],"collection":[{"href":"https:\/\/nueva2.huertatropical.com\/en\/wp-json\/wp\/v2\/product"}],"about":[{"href":"https:\/\/nueva2.huertatropical.com\/en\/wp-json\/wp\/v2\/types\/product"}],"replies":[{"embeddable":true,"href":"https:\/\/nueva2.huertatropical.com\/en\/wp-json\/wp\/v2\/comments?post=20978"}],"version-history":[{"count":1,"href":"https:\/\/nueva2.huertatropical.com\/en\/wp-json\/wp\/v2\/product\/20978\/revisions"}],"predecessor-version":[{"id":20998,"href":"https:\/\/nueva2.huertatropical.com\/en\/wp-json\/wp\/v2\/product\/20978\/revisions\/20998"}],"wp:featuredmedia":[{"embeddable":true,"href":"https:\/\/nueva2.huertatropical.com\/en\/wp-json\/wp\/v2\/media\/19402"}],"wp:attachment":[{"href":"https:\/\/nueva2.huertatropical.com\/en\/wp-json\/wp\/v2\/media?parent=20978"}],"wp:term":[{"taxonomy":"product_brand","embeddable":true,"href":"https:\/\/nueva2.huertatropical.com\/en\/wp-json\/wp\/v2\/product_brand?post=20978"},{"taxonomy":"product_cat","embeddable":true,"href":"https:\/\/nueva2.huertatropical.com\/en\/wp-json\/wp\/v2\/product_cat?post=20978"},{"taxonomy":"product_tag","embeddable":true,"href":"https:\/\/nueva2.huertatropical.com\/en\/wp-json\/wp\/v2\/product_tag?post=20978"}],"curies":[{"name":"wp","href":"https:\/\/api.w.org\/{rel}","templated":true}]}}