{"id":20975,"date":"2025-03-22T12:34:58","date_gmt":"2025-03-22T11:34:58","guid":{"rendered":"https:\/\/nueva2.huertatropical.com\/?post_type=product&#038;p=20975"},"modified":"2025-03-22T12:35:01","modified_gmt":"2025-03-22T11:35:01","slug":"mermelada-de-nispero","status":"publish","type":"product","link":"https:\/\/nueva2.huertatropical.com\/en\/tienda-comprar-fruta-tropical-de-temporada\/comprar-surtido-fruta-tropical\/mermelada-de-nispero\/","title":{"rendered":"Mermelada de n\u00edspero"},"content":{"rendered":"<p>[vc_row][vc_column][vc_column_text el_id=&#8221;Desc larga&#8221;]<span style=\"color: #dd8808;\"><strong>Origen y Caracter\u00edsticas<\/strong>:\u00a0<\/span><\/p>\n<p>La mermelada de n\u00edspero proviene de n\u00edsperos frescos, cultivados con esmero en nuestras tierras.<\/p>\n<p>Los n\u00edsperos, originarios de climas c\u00e1lidos y soleados, aportan una dulzura \u00fanica y una jugosidad irresistible.<\/p>\n<p>Nuestra mermelada artesanal comprende en cada tarro una expresi\u00f3n aut\u00e9ntica del n\u00edspero en su m\u00e1xima plenitud.<\/p>\n<p><span style=\"color: #dd8808;\"><strong>Sabor y Textura<\/strong>:<br \/>\n<\/span><\/p>\n<p>La mermelada de n\u00edspero te deleitar\u00e1 con su sinfon\u00eda perfecta entre la dulzura natural de los n\u00edsperos y su ligero toque \u00e1cido.<\/p>\n<p>La textura pulposa y suave de la mermelada le aporta el equilibrio perfecto entre el sabor exquisito y la textura deliciosa.<\/p>\n<p><strong><span style=\"color: #dd8808;\">Usos Culinarios<\/span><\/strong><span style=\"color: #dd8808;\">:<\/span><\/p>\n<p>\u00dasala en tus desayunos mezcl\u00e1ndola con yogur o unt\u00e1ndola en tostadas.<\/p>\n<p>Experimenta agreg\u00e1ndola a salsas para carnes o acompa\u00f1ando quesos.<\/p>\n<p>Puedes disfrutarla como delicioso relleno en crepes.<\/p>\n<p><span style=\"color: #dd8808;\"><strong>Color y Presentaci\u00f3n<\/strong>:<\/span><\/p>\n<p>La mermelada de n\u00edspero se presenta en un tono dorado, creando un aspecto apetitoso y atractivo.<\/p>\n<p>El formato de 225 gramos es ideal para disfrutar del aroma del n\u00edspero en una cucharada.<\/p>\n<p>La versatilidad de esta mermelada te invita a explorar nuevos horizontes culinarios con la frescura y el sabor aut\u00e9ntico del n\u00edspero.[\/vc_column_text][\/vc_column][\/vc_row][vc_row][vc_column][vc_column_text]Es posible que te interese ver algunas de nuestras<a href=\"https:\/\/huertatropical.com\/tienda-comprar-fruta-tropical-de-temporada\/\"> frutas de temporada<\/a>\u00a0que tenemos a tu disposici\u00f3n.<\/p>\n<p>Si quieres estar atento a las \u00faltimas novedades de nuestra web, nuevas frutas de temporada,\u00a0 como por ejemplo cuando comprar kiwano, ofertas y promociones, s\u00edguenos en nuestras redes sociales. Aqu\u00ed te dejamos nuestros\u00a0<a href=\"https:\/\/es-es.facebook.com\/HuertaTropical\/\" target=\"_blank\" rel=\"noopener noreferrer\">Facebook<\/a>\u00a0e\u00a0<a href=\"https:\/\/www.instagram.com\/huertatropical\" target=\"_blank\" rel=\"noopener noreferrer\">Instagram<\/a>.[\/vc_column_text][\/vc_column][\/vc_row]<\/p>\n","protected":false},"excerpt":{"rendered":"<p><span style=\"color: #ff0000;\"><strong>Cantidad: 1 tarro de 225grs<\/strong><\/span><\/p>\n<p>La <span style=\"color: #ff6600;\"><strong>Mermelada de n\u00edspero<\/strong><\/span> es una joya frutal, una sinfon\u00eda dorada que cautiva tus sentidos. Cada cucharada te descubre la magia de la costa tropical.<\/p>\n<p>Nuestros agricultores cultivan estos n\u00edsperos con esmero, aprovechando las condiciones clim\u00e1ticas ideales de la regi\u00f3n para obtener frutas excelentes. Nuestras mermeladas reflejan esta excelencia en su sabor para garantizar calidad durante todo el a\u00f1o.<\/p>\n<p>El proceso artesanal de cocci\u00f3n permite preservar el sabor y la textura natural de los n\u00edsperos asemej\u00e1ndose a una mermelada casera.<\/p>\n","protected":false},"featured_media":19394,"comment_status":"closed","ping_status":"closed","template":"","meta":[],"product_brand":[],"product_cat":[209,208,203],"product_tag":[],"class_list":{"0":"post-20975","1":"product","2":"type-product","3":"status-publish","4":"has-post-thumbnail","6":"product_cat-comprar-fruta-ecologica","7":"product_cat-la-despensa","8":"product_cat-comprar-surtido-fruta-tropical","10":"first","11":"instock","12":"taxable","13":"shipping-taxable","14":"purchasable","15":"product-type-simple"},"yoast_head":"<!-- This site is optimized with the Yoast SEO plugin v24.7 - https:\/\/yoast.com\/wordpress\/plugins\/seo\/ -->\n<title>Comprar Mermelada de n\u00edspero artesanal- Huerta Tropical<\/title>\n<meta name=\"description\" content=\"La Mermelada de n\u00edspero es una joya frutal, una sinfon\u00eda dorada que cautiva tus sentidos. Cada cucharada te descubre la magia de la costa tropical.\" \/>\n<meta name=\"robots\" content=\"noindex, follow, max-snippet:-1, max-image-preview:large, max-video-preview:-1\" \/>\n<meta property=\"og:locale\" content=\"en_US\" \/>\n<meta property=\"og:type\" content=\"article\" \/>\n<meta property=\"og:title\" content=\"Comprar Mermelada de n\u00edspero artesanal- Huerta Tropical\" \/>\n<meta property=\"og:description\" content=\"La Mermelada de n\u00edspero es una joya frutal, una sinfon\u00eda dorada que cautiva tus sentidos. Cada cucharada te descubre la magia de la costa tropical.\" \/>\n<meta property=\"og:url\" content=\"https:\/\/nueva2.huertatropical.com\/en\/tienda-comprar-fruta-tropical-de-temporada\/comprar-surtido-fruta-tropical\/mermelada-de-nispero\/\" \/>\n<meta property=\"og:site_name\" content=\"Huerta Tropical\" \/>\n<meta property=\"article:publisher\" content=\"https:\/\/es-es.facebook.com\/HuertaTropical\/\" \/>\n<meta property=\"article:modified_time\" content=\"2025-03-22T11:35:01+00:00\" \/>\n<meta property=\"og:image\" content=\"https:\/\/nueva2.huertatropical.com\/wp-content\/uploads\/2024\/08\/mermelada-artesana-de-nispero.jpg\" \/>\n\t<meta property=\"og:image:width\" content=\"800\" \/>\n\t<meta property=\"og:image:height\" content=\"800\" \/>\n\t<meta property=\"og:image:type\" content=\"image\/jpeg\" \/>\n<meta name=\"twitter:card\" content=\"summary_large_image\" \/>\n<meta name=\"twitter:site\" content=\"@HuertaTropical\" \/>\n<meta name=\"twitter:label1\" content=\"Est. reading time\" \/>\n\t<meta name=\"twitter:data1\" content=\"2 minutes\" \/>\n<script type=\"application\/ld+json\" class=\"yoast-schema-graph\">{\"@context\":\"https:\/\/schema.org\",\"@graph\":[{\"@type\":\"WebPage\",\"@id\":\"https:\/\/nueva2.huertatropical.com\/en\/tienda-comprar-fruta-tropical-de-temporada\/comprar-surtido-fruta-tropical\/mermelada-de-nispero\/\",\"url\":\"https:\/\/nueva2.huertatropical.com\/en\/tienda-comprar-fruta-tropical-de-temporada\/comprar-surtido-fruta-tropical\/mermelada-de-nispero\/\",\"name\":\"Comprar Mermelada de n\u00edspero artesanal- Huerta Tropical\",\"isPartOf\":{\"@id\":\"https:\/\/nueva2.huertatropical.com\/en\/#website\"},\"primaryImageOfPage\":{\"@id\":\"https:\/\/nueva2.huertatropical.com\/en\/tienda-comprar-fruta-tropical-de-temporada\/comprar-surtido-fruta-tropical\/mermelada-de-nispero\/#primaryimage\"},\"image\":{\"@id\":\"https:\/\/nueva2.huertatropical.com\/en\/tienda-comprar-fruta-tropical-de-temporada\/comprar-surtido-fruta-tropical\/mermelada-de-nispero\/#primaryimage\"},\"thumbnailUrl\":\"https:\/\/nueva2.huertatropical.com\/wp-content\/uploads\/2024\/08\/mermelada-artesana-de-nispero.jpg\",\"datePublished\":\"2025-03-22T11:34:58+00:00\",\"dateModified\":\"2025-03-22T11:35:01+00:00\",\"description\":\"La Mermelada de n\u00edspero es una joya frutal, una sinfon\u00eda dorada que cautiva tus sentidos. Cada cucharada te descubre la magia de la costa tropical.\",\"breadcrumb\":{\"@id\":\"https:\/\/nueva2.huertatropical.com\/en\/tienda-comprar-fruta-tropical-de-temporada\/comprar-surtido-fruta-tropical\/mermelada-de-nispero\/#breadcrumb\"},\"inLanguage\":\"en-US\",\"potentialAction\":[{\"@type\":\"ReadAction\",\"target\":[\"https:\/\/nueva2.huertatropical.com\/en\/tienda-comprar-fruta-tropical-de-temporada\/comprar-surtido-fruta-tropical\/mermelada-de-nispero\/\"]}]},{\"@type\":\"ImageObject\",\"inLanguage\":\"en-US\",\"@id\":\"https:\/\/nueva2.huertatropical.com\/en\/tienda-comprar-fruta-tropical-de-temporada\/comprar-surtido-fruta-tropical\/mermelada-de-nispero\/#primaryimage\",\"url\":\"https:\/\/nueva2.huertatropical.com\/wp-content\/uploads\/2024\/08\/mermelada-artesana-de-nispero.jpg\",\"contentUrl\":\"https:\/\/nueva2.huertatropical.com\/wp-content\/uploads\/2024\/08\/mermelada-artesana-de-nispero.jpg\",\"width\":800,\"height\":800},{\"@type\":\"BreadcrumbList\",\"@id\":\"https:\/\/nueva2.huertatropical.com\/en\/tienda-comprar-fruta-tropical-de-temporada\/comprar-surtido-fruta-tropical\/mermelada-de-nispero\/#breadcrumb\",\"itemListElement\":[{\"@type\":\"ListItem\",\"position\":1,\"name\":\"Portada\",\"item\":\"https:\/\/nueva2.huertatropical.com\/en\/\"},{\"@type\":\"ListItem\",\"position\":2,\"name\":\"Shop\",\"item\":\"https:\/\/nueva2.huertatropical.com\/en\/shop\/\"},{\"@type\":\"ListItem\",\"position\":3,\"name\":\"Mermelada de n\u00edspero\"}]},{\"@type\":\"WebSite\",\"@id\":\"https:\/\/nueva2.huertatropical.com\/en\/#website\",\"url\":\"https:\/\/nueva2.huertatropical.com\/en\/\",\"name\":\"Huerta Tropical\",\"description\":\"Comprar online fruta tropical de Granada a domicilio\",\"publisher\":{\"@id\":\"https:\/\/nueva2.huertatropical.com\/en\/#organization\"},\"potentialAction\":[{\"@type\":\"SearchAction\",\"target\":{\"@type\":\"EntryPoint\",\"urlTemplate\":\"https:\/\/nueva2.huertatropical.com\/en\/?s={search_term_string}\"},\"query-input\":{\"@type\":\"PropertyValueSpecification\",\"valueRequired\":true,\"valueName\":\"search_term_string\"}}],\"inLanguage\":\"en-US\"},{\"@type\":\"Organization\",\"@id\":\"https:\/\/nueva2.huertatropical.com\/en\/#organization\",\"name\":\"Huerta Tropical\",\"url\":\"https:\/\/nueva2.huertatropical.com\/en\/\",\"logo\":{\"@type\":\"ImageObject\",\"inLanguage\":\"en-US\",\"@id\":\"https:\/\/nueva2.huertatropical.com\/en\/#\/schema\/logo\/image\/\",\"url\":\"https:\/\/i2.wp.com\/huertatropical.com\/wp-content\/uploads\/2016\/03\/icono-web-sitio.jpg?fit=510%2C510&ssl=1\",\"contentUrl\":\"https:\/\/i2.wp.com\/huertatropical.com\/wp-content\/uploads\/2016\/03\/icono-web-sitio.jpg?fit=510%2C510&ssl=1\",\"width\":510,\"height\":510,\"caption\":\"Huerta Tropical\"},\"image\":{\"@id\":\"https:\/\/nueva2.huertatropical.com\/en\/#\/schema\/logo\/image\/\"},\"sameAs\":[\"https:\/\/es-es.facebook.com\/HuertaTropical\/\",\"https:\/\/x.com\/HuertaTropical\",\"https:\/\/www.instagram.com\/huertatropical\/\",\"https:\/\/www.linkedin.com\/company\/huerta-tropical\/\",\"https:\/\/www.pinterest.es\/huertatropical\/\",\"https:\/\/www.youtube.com\/channel\/UCT44zfBbAxjNKNUGZhRt6CA\"]}]}<\/script>\n<!-- \/ Yoast SEO plugin. -->","yoast_head_json":{"title":"Comprar Mermelada de n\u00edspero artesanal- Huerta Tropical","description":"La Mermelada de n\u00edspero es una joya frutal, una sinfon\u00eda dorada que cautiva tus sentidos. Cada cucharada te descubre la magia de la costa tropical.","robots":{"index":"noindex","follow":"follow","max-snippet":"max-snippet:-1","max-image-preview":"max-image-preview:large","max-video-preview":"max-video-preview:-1"},"og_locale":"en_US","og_type":"article","og_title":"Comprar Mermelada de n\u00edspero artesanal- Huerta Tropical","og_description":"La Mermelada de n\u00edspero es una joya frutal, una sinfon\u00eda dorada que cautiva tus sentidos. Cada cucharada te descubre la magia de la costa tropical.","og_url":"https:\/\/nueva2.huertatropical.com\/en\/tienda-comprar-fruta-tropical-de-temporada\/comprar-surtido-fruta-tropical\/mermelada-de-nispero\/","og_site_name":"Huerta Tropical","article_publisher":"https:\/\/es-es.facebook.com\/HuertaTropical\/","article_modified_time":"2025-03-22T11:35:01+00:00","og_image":[{"width":800,"height":800,"url":"https:\/\/nueva2.huertatropical.com\/wp-content\/uploads\/2024\/08\/mermelada-artesana-de-nispero.jpg","type":"image\/jpeg"}],"twitter_card":"summary_large_image","twitter_site":"@HuertaTropical","twitter_misc":{"Est. reading time":"2 minutes"},"schema":{"@context":"https:\/\/schema.org","@graph":[{"@type":"WebPage","@id":"https:\/\/nueva2.huertatropical.com\/en\/tienda-comprar-fruta-tropical-de-temporada\/comprar-surtido-fruta-tropical\/mermelada-de-nispero\/","url":"https:\/\/nueva2.huertatropical.com\/en\/tienda-comprar-fruta-tropical-de-temporada\/comprar-surtido-fruta-tropical\/mermelada-de-nispero\/","name":"Comprar Mermelada de n\u00edspero artesanal- Huerta Tropical","isPartOf":{"@id":"https:\/\/nueva2.huertatropical.com\/en\/#website"},"primaryImageOfPage":{"@id":"https:\/\/nueva2.huertatropical.com\/en\/tienda-comprar-fruta-tropical-de-temporada\/comprar-surtido-fruta-tropical\/mermelada-de-nispero\/#primaryimage"},"image":{"@id":"https:\/\/nueva2.huertatropical.com\/en\/tienda-comprar-fruta-tropical-de-temporada\/comprar-surtido-fruta-tropical\/mermelada-de-nispero\/#primaryimage"},"thumbnailUrl":"https:\/\/nueva2.huertatropical.com\/wp-content\/uploads\/2024\/08\/mermelada-artesana-de-nispero.jpg","datePublished":"2025-03-22T11:34:58+00:00","dateModified":"2025-03-22T11:35:01+00:00","description":"La Mermelada de n\u00edspero es una joya frutal, una sinfon\u00eda dorada que cautiva tus sentidos. Cada cucharada te descubre la magia de la costa tropical.","breadcrumb":{"@id":"https:\/\/nueva2.huertatropical.com\/en\/tienda-comprar-fruta-tropical-de-temporada\/comprar-surtido-fruta-tropical\/mermelada-de-nispero\/#breadcrumb"},"inLanguage":"en-US","potentialAction":[{"@type":"ReadAction","target":["https:\/\/nueva2.huertatropical.com\/en\/tienda-comprar-fruta-tropical-de-temporada\/comprar-surtido-fruta-tropical\/mermelada-de-nispero\/"]}]},{"@type":"ImageObject","inLanguage":"en-US","@id":"https:\/\/nueva2.huertatropical.com\/en\/tienda-comprar-fruta-tropical-de-temporada\/comprar-surtido-fruta-tropical\/mermelada-de-nispero\/#primaryimage","url":"https:\/\/nueva2.huertatropical.com\/wp-content\/uploads\/2024\/08\/mermelada-artesana-de-nispero.jpg","contentUrl":"https:\/\/nueva2.huertatropical.com\/wp-content\/uploads\/2024\/08\/mermelada-artesana-de-nispero.jpg","width":800,"height":800},{"@type":"BreadcrumbList","@id":"https:\/\/nueva2.huertatropical.com\/en\/tienda-comprar-fruta-tropical-de-temporada\/comprar-surtido-fruta-tropical\/mermelada-de-nispero\/#breadcrumb","itemListElement":[{"@type":"ListItem","position":1,"name":"Portada","item":"https:\/\/nueva2.huertatropical.com\/en\/"},{"@type":"ListItem","position":2,"name":"Shop","item":"https:\/\/nueva2.huertatropical.com\/en\/shop\/"},{"@type":"ListItem","position":3,"name":"Mermelada de n\u00edspero"}]},{"@type":"WebSite","@id":"https:\/\/nueva2.huertatropical.com\/en\/#website","url":"https:\/\/nueva2.huertatropical.com\/en\/","name":"Huerta Tropical","description":"Comprar online fruta tropical de Granada a domicilio","publisher":{"@id":"https:\/\/nueva2.huertatropical.com\/en\/#organization"},"potentialAction":[{"@type":"SearchAction","target":{"@type":"EntryPoint","urlTemplate":"https:\/\/nueva2.huertatropical.com\/en\/?s={search_term_string}"},"query-input":{"@type":"PropertyValueSpecification","valueRequired":true,"valueName":"search_term_string"}}],"inLanguage":"en-US"},{"@type":"Organization","@id":"https:\/\/nueva2.huertatropical.com\/en\/#organization","name":"Huerta Tropical","url":"https:\/\/nueva2.huertatropical.com\/en\/","logo":{"@type":"ImageObject","inLanguage":"en-US","@id":"https:\/\/nueva2.huertatropical.com\/en\/#\/schema\/logo\/image\/","url":"https:\/\/i2.wp.com\/huertatropical.com\/wp-content\/uploads\/2016\/03\/icono-web-sitio.jpg?fit=510%2C510&ssl=1","contentUrl":"https:\/\/i2.wp.com\/huertatropical.com\/wp-content\/uploads\/2016\/03\/icono-web-sitio.jpg?fit=510%2C510&ssl=1","width":510,"height":510,"caption":"Huerta Tropical"},"image":{"@id":"https:\/\/nueva2.huertatropical.com\/en\/#\/schema\/logo\/image\/"},"sameAs":["https:\/\/es-es.facebook.com\/HuertaTropical\/","https:\/\/x.com\/HuertaTropical","https:\/\/www.instagram.com\/huertatropical\/","https:\/\/www.linkedin.com\/company\/huerta-tropical\/","https:\/\/www.pinterest.es\/huertatropical\/","https:\/\/www.youtube.com\/channel\/UCT44zfBbAxjNKNUGZhRt6CA"]}]}},"_links":{"self":[{"href":"https:\/\/nueva2.huertatropical.com\/en\/wp-json\/wp\/v2\/product\/20975","targetHints":{"allow":["GET"]}}],"collection":[{"href":"https:\/\/nueva2.huertatropical.com\/en\/wp-json\/wp\/v2\/product"}],"about":[{"href":"https:\/\/nueva2.huertatropical.com\/en\/wp-json\/wp\/v2\/types\/product"}],"replies":[{"embeddable":true,"href":"https:\/\/nueva2.huertatropical.com\/en\/wp-json\/wp\/v2\/comments?post=20975"}],"version-history":[{"count":1,"href":"https:\/\/nueva2.huertatropical.com\/en\/wp-json\/wp\/v2\/product\/20975\/revisions"}],"predecessor-version":[{"id":20994,"href":"https:\/\/nueva2.huertatropical.com\/en\/wp-json\/wp\/v2\/product\/20975\/revisions\/20994"}],"wp:featuredmedia":[{"embeddable":true,"href":"https:\/\/nueva2.huertatropical.com\/en\/wp-json\/wp\/v2\/media\/19394"}],"wp:attachment":[{"href":"https:\/\/nueva2.huertatropical.com\/en\/wp-json\/wp\/v2\/media?parent=20975"}],"wp:term":[{"taxonomy":"product_brand","embeddable":true,"href":"https:\/\/nueva2.huertatropical.com\/en\/wp-json\/wp\/v2\/product_brand?post=20975"},{"taxonomy":"product_cat","embeddable":true,"href":"https:\/\/nueva2.huertatropical.com\/en\/wp-json\/wp\/v2\/product_cat?post=20975"},{"taxonomy":"product_tag","embeddable":true,"href":"https:\/\/nueva2.huertatropical.com\/en\/wp-json\/wp\/v2\/product_tag?post=20975"}],"curies":[{"name":"wp","href":"https:\/\/api.w.org\/{rel}","templated":true}]}}