{"id":20973,"date":"2025-03-22T12:34:57","date_gmt":"2025-03-22T11:34:57","guid":{"rendered":"https:\/\/nueva2.huertatropical.com\/?post_type=product&#038;p=20973"},"modified":"2025-03-22T12:34:59","modified_gmt":"2025-03-22T11:34:59","slug":"salsa-de-kumquat-con-curry","status":"publish","type":"product","link":"https:\/\/nueva2.huertatropical.com\/en\/tienda-comprar-fruta-tropical-de-temporada\/comprar-surtido-fruta-tropical\/salsa-de-kumquat-con-curry\/","title":{"rendered":"Salsa de Kumquat con Curry"},"content":{"rendered":"<p>[vc_row][vc_column][vc_column_text]El resultado de la combinaci\u00f3n de kumquat y curry es el aporte de sabores agridulces, especiados y ligeramente picantes que se complementan muy bien con el sabor c\u00edtrico de los kumquats.<\/p>\n<p>El chutney de kumquat con curry tiene una armoniosa fusi\u00f3n de sabores agridulces y especiados que pueden variar en intensidad y matices seg\u00fan la receta y los ingredientes utilizados.<\/p>\n<p>&nbsp;<\/p>\n<p>Es posible que te interese ver algunas de nuestras<a href=\"https:\/\/huertatropical.com\/tienda-comprar-fruta-tropical-de-temporada\/\">\u00a0frutas de temporada<\/a>\u00a0que tenemos a tu disposici\u00f3n.<\/p>\n<p>Si quieres estar atento a las \u00faltimas novedades de nuestra web, nuevas frutas de temporada,\u00a0 como por ejemplo cuando comprar kiwano, ofertas y promociones, s\u00edguenos en nuestras redes sociales. Aqu\u00ed te dejamos nuestros\u00a0<a href=\"https:\/\/es-es.facebook.com\/HuertaTropical\/\" target=\"_blank\" rel=\"noopener noreferrer\">Facebook<\/a>\u00a0e\u00a0<a href=\"https:\/\/www.instagram.com\/huertatropical\" target=\"_blank\" rel=\"noopener noreferrer\">Instagram<\/a>.[\/vc_column_text][\/vc_column][\/vc_row]<\/p>\n","protected":false},"excerpt":{"rendered":"<p>El <span style=\"color: #ff6600;\"><strong>chutney de kumquat con curry<\/strong><\/span> tiene un sabor sorprendente que combina los kumquats, el curry y el resto de ingredientes<\/p>\n<p>El sabor predominante es el agridulce de los kumquats, que se mezcla con el dulzor del az\u00facar y el toque \u00e1cido del vinagre. La presencia del curry aporta un aroma y sabor especiado que puede incluir notas de c\u00farcuma, comino, cilantro, entre otras especias t\u00edpicas del curry.<\/p>\n<p><span style=\"color: #ff0000;\"><strong>Cantidad 1 tarro de 300grs<\/strong><\/span><\/p>\n<p>&nbsp;<\/p>\n","protected":false},"featured_media":19381,"comment_status":"closed","ping_status":"closed","template":"","meta":[],"product_brand":[],"product_cat":[209,208,203],"product_tag":[],"class_list":{"0":"post-20973","1":"product","2":"type-product","3":"status-publish","4":"has-post-thumbnail","6":"product_cat-comprar-fruta-ecologica","7":"product_cat-la-despensa","8":"product_cat-comprar-surtido-fruta-tropical","10":"first","11":"outofstock","12":"taxable","13":"shipping-taxable","14":"purchasable","15":"product-type-simple"},"yoast_head":"<!-- This site is optimized with the Yoast SEO plugin v24.7 - https:\/\/yoast.com\/wordpress\/plugins\/seo\/ -->\n<title>Comprar Salsa de Kumquat con Curry<\/title>\n<meta name=\"robots\" content=\"noindex, follow, max-snippet:-1, max-image-preview:large, max-video-preview:-1\" \/>\n<meta property=\"og:locale\" content=\"en_US\" \/>\n<meta property=\"og:type\" content=\"article\" \/>\n<meta property=\"og:title\" content=\"Comprar Salsa de Kumquat con Curry\" \/>\n<meta property=\"og:description\" content=\"El chutney de kumquat con curry tiene un sabor sorprendente que combina los kumquats, el curry y el resto de ingredientes  El sabor predominante es el agridulce de los kumquats, que se mezcla con el dulzor del az\u00facar y el toque \u00e1cido del vinagre. La presencia del curry aporta un aroma y sabor especiado que puede incluir notas de c\u00farcuma, comino, cilantro, entre otras especias t\u00edpicas del curry.  Cantidad 1 tarro de 300grs  &nbsp;\" \/>\n<meta property=\"og:url\" content=\"https:\/\/nueva2.huertatropical.com\/en\/tienda-comprar-fruta-tropical-de-temporada\/comprar-surtido-fruta-tropical\/salsa-de-kumquat-con-curry\/\" \/>\n<meta property=\"og:site_name\" content=\"Huerta Tropical\" \/>\n<meta property=\"article:publisher\" content=\"https:\/\/es-es.facebook.com\/HuertaTropical\/\" \/>\n<meta property=\"article:modified_time\" content=\"2025-03-22T11:34:59+00:00\" \/>\n<meta property=\"og:image\" content=\"https:\/\/nueva2.huertatropical.com\/wp-content\/uploads\/2024\/08\/comprar-salsa-o-chutney-de-kumquat-con-curry.jpg\" \/>\n\t<meta property=\"og:image:width\" content=\"800\" \/>\n\t<meta property=\"og:image:height\" content=\"800\" \/>\n\t<meta property=\"og:image:type\" content=\"image\/jpeg\" \/>\n<meta name=\"twitter:card\" content=\"summary_large_image\" \/>\n<meta name=\"twitter:site\" content=\"@HuertaTropical\" \/>\n<meta name=\"twitter:label1\" content=\"Est. reading time\" \/>\n\t<meta name=\"twitter:data1\" content=\"1 minute\" \/>\n<script type=\"application\/ld+json\" class=\"yoast-schema-graph\">{\"@context\":\"https:\/\/schema.org\",\"@graph\":[{\"@type\":\"WebPage\",\"@id\":\"https:\/\/nueva2.huertatropical.com\/en\/tienda-comprar-fruta-tropical-de-temporada\/comprar-surtido-fruta-tropical\/salsa-de-kumquat-con-curry\/\",\"url\":\"https:\/\/nueva2.huertatropical.com\/en\/tienda-comprar-fruta-tropical-de-temporada\/comprar-surtido-fruta-tropical\/salsa-de-kumquat-con-curry\/\",\"name\":\"Comprar Salsa de Kumquat con Curry\",\"isPartOf\":{\"@id\":\"https:\/\/nueva2.huertatropical.com\/en\/#website\"},\"primaryImageOfPage\":{\"@id\":\"https:\/\/nueva2.huertatropical.com\/en\/tienda-comprar-fruta-tropical-de-temporada\/comprar-surtido-fruta-tropical\/salsa-de-kumquat-con-curry\/#primaryimage\"},\"image\":{\"@id\":\"https:\/\/nueva2.huertatropical.com\/en\/tienda-comprar-fruta-tropical-de-temporada\/comprar-surtido-fruta-tropical\/salsa-de-kumquat-con-curry\/#primaryimage\"},\"thumbnailUrl\":\"https:\/\/nueva2.huertatropical.com\/wp-content\/uploads\/2024\/08\/comprar-salsa-o-chutney-de-kumquat-con-curry.jpg\",\"datePublished\":\"2025-03-22T11:34:57+00:00\",\"dateModified\":\"2025-03-22T11:34:59+00:00\",\"breadcrumb\":{\"@id\":\"https:\/\/nueva2.huertatropical.com\/en\/tienda-comprar-fruta-tropical-de-temporada\/comprar-surtido-fruta-tropical\/salsa-de-kumquat-con-curry\/#breadcrumb\"},\"inLanguage\":\"en-US\",\"potentialAction\":[{\"@type\":\"ReadAction\",\"target\":[\"https:\/\/nueva2.huertatropical.com\/en\/tienda-comprar-fruta-tropical-de-temporada\/comprar-surtido-fruta-tropical\/salsa-de-kumquat-con-curry\/\"]}]},{\"@type\":\"ImageObject\",\"inLanguage\":\"en-US\",\"@id\":\"https:\/\/nueva2.huertatropical.com\/en\/tienda-comprar-fruta-tropical-de-temporada\/comprar-surtido-fruta-tropical\/salsa-de-kumquat-con-curry\/#primaryimage\",\"url\":\"https:\/\/nueva2.huertatropical.com\/wp-content\/uploads\/2024\/08\/comprar-salsa-o-chutney-de-kumquat-con-curry.jpg\",\"contentUrl\":\"https:\/\/nueva2.huertatropical.com\/wp-content\/uploads\/2024\/08\/comprar-salsa-o-chutney-de-kumquat-con-curry.jpg\",\"width\":800,\"height\":800},{\"@type\":\"BreadcrumbList\",\"@id\":\"https:\/\/nueva2.huertatropical.com\/en\/tienda-comprar-fruta-tropical-de-temporada\/comprar-surtido-fruta-tropical\/salsa-de-kumquat-con-curry\/#breadcrumb\",\"itemListElement\":[{\"@type\":\"ListItem\",\"position\":1,\"name\":\"Portada\",\"item\":\"https:\/\/nueva2.huertatropical.com\/en\/\"},{\"@type\":\"ListItem\",\"position\":2,\"name\":\"Shop\",\"item\":\"https:\/\/nueva2.huertatropical.com\/en\/shop\/\"},{\"@type\":\"ListItem\",\"position\":3,\"name\":\"Salsa de Kumquat con Curry\"}]},{\"@type\":\"WebSite\",\"@id\":\"https:\/\/nueva2.huertatropical.com\/en\/#website\",\"url\":\"https:\/\/nueva2.huertatropical.com\/en\/\",\"name\":\"Huerta Tropical\",\"description\":\"Comprar online fruta tropical de Granada a domicilio\",\"publisher\":{\"@id\":\"https:\/\/nueva2.huertatropical.com\/en\/#organization\"},\"potentialAction\":[{\"@type\":\"SearchAction\",\"target\":{\"@type\":\"EntryPoint\",\"urlTemplate\":\"https:\/\/nueva2.huertatropical.com\/en\/?s={search_term_string}\"},\"query-input\":{\"@type\":\"PropertyValueSpecification\",\"valueRequired\":true,\"valueName\":\"search_term_string\"}}],\"inLanguage\":\"en-US\"},{\"@type\":\"Organization\",\"@id\":\"https:\/\/nueva2.huertatropical.com\/en\/#organization\",\"name\":\"Huerta Tropical\",\"url\":\"https:\/\/nueva2.huertatropical.com\/en\/\",\"logo\":{\"@type\":\"ImageObject\",\"inLanguage\":\"en-US\",\"@id\":\"https:\/\/nueva2.huertatropical.com\/en\/#\/schema\/logo\/image\/\",\"url\":\"https:\/\/i2.wp.com\/huertatropical.com\/wp-content\/uploads\/2016\/03\/icono-web-sitio.jpg?fit=510%2C510&ssl=1\",\"contentUrl\":\"https:\/\/i2.wp.com\/huertatropical.com\/wp-content\/uploads\/2016\/03\/icono-web-sitio.jpg?fit=510%2C510&ssl=1\",\"width\":510,\"height\":510,\"caption\":\"Huerta Tropical\"},\"image\":{\"@id\":\"https:\/\/nueva2.huertatropical.com\/en\/#\/schema\/logo\/image\/\"},\"sameAs\":[\"https:\/\/es-es.facebook.com\/HuertaTropical\/\",\"https:\/\/x.com\/HuertaTropical\",\"https:\/\/www.instagram.com\/huertatropical\/\",\"https:\/\/www.linkedin.com\/company\/huerta-tropical\/\",\"https:\/\/www.pinterest.es\/huertatropical\/\",\"https:\/\/www.youtube.com\/channel\/UCT44zfBbAxjNKNUGZhRt6CA\"]}]}<\/script>\n<!-- \/ Yoast SEO plugin. -->","yoast_head_json":{"title":"Comprar Salsa de Kumquat con Curry","robots":{"index":"noindex","follow":"follow","max-snippet":"max-snippet:-1","max-image-preview":"max-image-preview:large","max-video-preview":"max-video-preview:-1"},"og_locale":"en_US","og_type":"article","og_title":"Comprar Salsa de Kumquat con Curry","og_description":"El chutney de kumquat con curry tiene un sabor sorprendente que combina los kumquats, el curry y el resto de ingredientes  El sabor predominante es el agridulce de los kumquats, que se mezcla con el dulzor del az\u00facar y el toque \u00e1cido del vinagre. La presencia del curry aporta un aroma y sabor especiado que puede incluir notas de c\u00farcuma, comino, cilantro, entre otras especias t\u00edpicas del curry.  Cantidad 1 tarro de 300grs  &nbsp;","og_url":"https:\/\/nueva2.huertatropical.com\/en\/tienda-comprar-fruta-tropical-de-temporada\/comprar-surtido-fruta-tropical\/salsa-de-kumquat-con-curry\/","og_site_name":"Huerta Tropical","article_publisher":"https:\/\/es-es.facebook.com\/HuertaTropical\/","article_modified_time":"2025-03-22T11:34:59+00:00","og_image":[{"width":800,"height":800,"url":"https:\/\/nueva2.huertatropical.com\/wp-content\/uploads\/2024\/08\/comprar-salsa-o-chutney-de-kumquat-con-curry.jpg","type":"image\/jpeg"}],"twitter_card":"summary_large_image","twitter_site":"@HuertaTropical","twitter_misc":{"Est. reading time":"1 minute"},"schema":{"@context":"https:\/\/schema.org","@graph":[{"@type":"WebPage","@id":"https:\/\/nueva2.huertatropical.com\/en\/tienda-comprar-fruta-tropical-de-temporada\/comprar-surtido-fruta-tropical\/salsa-de-kumquat-con-curry\/","url":"https:\/\/nueva2.huertatropical.com\/en\/tienda-comprar-fruta-tropical-de-temporada\/comprar-surtido-fruta-tropical\/salsa-de-kumquat-con-curry\/","name":"Comprar Salsa de Kumquat con Curry","isPartOf":{"@id":"https:\/\/nueva2.huertatropical.com\/en\/#website"},"primaryImageOfPage":{"@id":"https:\/\/nueva2.huertatropical.com\/en\/tienda-comprar-fruta-tropical-de-temporada\/comprar-surtido-fruta-tropical\/salsa-de-kumquat-con-curry\/#primaryimage"},"image":{"@id":"https:\/\/nueva2.huertatropical.com\/en\/tienda-comprar-fruta-tropical-de-temporada\/comprar-surtido-fruta-tropical\/salsa-de-kumquat-con-curry\/#primaryimage"},"thumbnailUrl":"https:\/\/nueva2.huertatropical.com\/wp-content\/uploads\/2024\/08\/comprar-salsa-o-chutney-de-kumquat-con-curry.jpg","datePublished":"2025-03-22T11:34:57+00:00","dateModified":"2025-03-22T11:34:59+00:00","breadcrumb":{"@id":"https:\/\/nueva2.huertatropical.com\/en\/tienda-comprar-fruta-tropical-de-temporada\/comprar-surtido-fruta-tropical\/salsa-de-kumquat-con-curry\/#breadcrumb"},"inLanguage":"en-US","potentialAction":[{"@type":"ReadAction","target":["https:\/\/nueva2.huertatropical.com\/en\/tienda-comprar-fruta-tropical-de-temporada\/comprar-surtido-fruta-tropical\/salsa-de-kumquat-con-curry\/"]}]},{"@type":"ImageObject","inLanguage":"en-US","@id":"https:\/\/nueva2.huertatropical.com\/en\/tienda-comprar-fruta-tropical-de-temporada\/comprar-surtido-fruta-tropical\/salsa-de-kumquat-con-curry\/#primaryimage","url":"https:\/\/nueva2.huertatropical.com\/wp-content\/uploads\/2024\/08\/comprar-salsa-o-chutney-de-kumquat-con-curry.jpg","contentUrl":"https:\/\/nueva2.huertatropical.com\/wp-content\/uploads\/2024\/08\/comprar-salsa-o-chutney-de-kumquat-con-curry.jpg","width":800,"height":800},{"@type":"BreadcrumbList","@id":"https:\/\/nueva2.huertatropical.com\/en\/tienda-comprar-fruta-tropical-de-temporada\/comprar-surtido-fruta-tropical\/salsa-de-kumquat-con-curry\/#breadcrumb","itemListElement":[{"@type":"ListItem","position":1,"name":"Portada","item":"https:\/\/nueva2.huertatropical.com\/en\/"},{"@type":"ListItem","position":2,"name":"Shop","item":"https:\/\/nueva2.huertatropical.com\/en\/shop\/"},{"@type":"ListItem","position":3,"name":"Salsa de Kumquat con Curry"}]},{"@type":"WebSite","@id":"https:\/\/nueva2.huertatropical.com\/en\/#website","url":"https:\/\/nueva2.huertatropical.com\/en\/","name":"Huerta Tropical","description":"Comprar online fruta tropical de Granada a domicilio","publisher":{"@id":"https:\/\/nueva2.huertatropical.com\/en\/#organization"},"potentialAction":[{"@type":"SearchAction","target":{"@type":"EntryPoint","urlTemplate":"https:\/\/nueva2.huertatropical.com\/en\/?s={search_term_string}"},"query-input":{"@type":"PropertyValueSpecification","valueRequired":true,"valueName":"search_term_string"}}],"inLanguage":"en-US"},{"@type":"Organization","@id":"https:\/\/nueva2.huertatropical.com\/en\/#organization","name":"Huerta Tropical","url":"https:\/\/nueva2.huertatropical.com\/en\/","logo":{"@type":"ImageObject","inLanguage":"en-US","@id":"https:\/\/nueva2.huertatropical.com\/en\/#\/schema\/logo\/image\/","url":"https:\/\/i2.wp.com\/huertatropical.com\/wp-content\/uploads\/2016\/03\/icono-web-sitio.jpg?fit=510%2C510&ssl=1","contentUrl":"https:\/\/i2.wp.com\/huertatropical.com\/wp-content\/uploads\/2016\/03\/icono-web-sitio.jpg?fit=510%2C510&ssl=1","width":510,"height":510,"caption":"Huerta Tropical"},"image":{"@id":"https:\/\/nueva2.huertatropical.com\/en\/#\/schema\/logo\/image\/"},"sameAs":["https:\/\/es-es.facebook.com\/HuertaTropical\/","https:\/\/x.com\/HuertaTropical","https:\/\/www.instagram.com\/huertatropical\/","https:\/\/www.linkedin.com\/company\/huerta-tropical\/","https:\/\/www.pinterest.es\/huertatropical\/","https:\/\/www.youtube.com\/channel\/UCT44zfBbAxjNKNUGZhRt6CA"]}]}},"_links":{"self":[{"href":"https:\/\/nueva2.huertatropical.com\/en\/wp-json\/wp\/v2\/product\/20973","targetHints":{"allow":["GET"]}}],"collection":[{"href":"https:\/\/nueva2.huertatropical.com\/en\/wp-json\/wp\/v2\/product"}],"about":[{"href":"https:\/\/nueva2.huertatropical.com\/en\/wp-json\/wp\/v2\/types\/product"}],"replies":[{"embeddable":true,"href":"https:\/\/nueva2.huertatropical.com\/en\/wp-json\/wp\/v2\/comments?post=20973"}],"version-history":[{"count":1,"href":"https:\/\/nueva2.huertatropical.com\/en\/wp-json\/wp\/v2\/product\/20973\/revisions"}],"predecessor-version":[{"id":20988,"href":"https:\/\/nueva2.huertatropical.com\/en\/wp-json\/wp\/v2\/product\/20973\/revisions\/20988"}],"wp:featuredmedia":[{"embeddable":true,"href":"https:\/\/nueva2.huertatropical.com\/en\/wp-json\/wp\/v2\/media\/19381"}],"wp:attachment":[{"href":"https:\/\/nueva2.huertatropical.com\/en\/wp-json\/wp\/v2\/media?parent=20973"}],"wp:term":[{"taxonomy":"product_brand","embeddable":true,"href":"https:\/\/nueva2.huertatropical.com\/en\/wp-json\/wp\/v2\/product_brand?post=20973"},{"taxonomy":"product_cat","embeddable":true,"href":"https:\/\/nueva2.huertatropical.com\/en\/wp-json\/wp\/v2\/product_cat?post=20973"},{"taxonomy":"product_tag","embeddable":true,"href":"https:\/\/nueva2.huertatropical.com\/en\/wp-json\/wp\/v2\/product_tag?post=20973"}],"curies":[{"name":"wp","href":"https:\/\/api.w.org\/{rel}","templated":true}]}}