{"id":20946,"date":"2025-03-22T12:33:04","date_gmt":"2025-03-22T11:33:04","guid":{"rendered":"https:\/\/nueva2.huertatropical.com\/?post_type=product&#038;p=20946"},"modified":"2025-03-22T12:33:14","modified_gmt":"2025-03-22T11:33:14","slug":"fruta-italiana","status":"publish","type":"product","link":"https:\/\/nueva2.huertatropical.com\/en\/tienda-comprar-fruta-tropical-de-temporada\/comprar-surtido-fruta-tropical\/fruta-italiana\/","title":{"rendered":"Fruta Italiana"},"content":{"rendered":"<p class=\"p1\"><span class=\"s1\">La\u00a0<span style=\"color: #ff6600;\"><strong>fruta italiana<\/strong><\/span> son golosinas o gominolas naturales de alt\u00edsima calidad por tratarse de un producto natural realizado a partir de pectina de fruta.<\/span><\/p>\n<p><span class=\"s1\">Su excelente calidad se basa en que no contienen colorantes artificiales ni aditivos.<\/span><\/p>\n<p><span class=\"s1\">La receta tradicional de las golosinas se mantiene desde su origen. La fruta italiana se elabora a partir de zumos naturales de frutas frescas.<\/span><\/p>\n<p>Cuando pruebas una golosina natural puedes saborear la fruta con la que est\u00e1 realizada.<\/p>\n<p>Al tratarse de una golosina natural <span style=\"color: #ff0000;\"><strong>no tiene gluten<\/strong><\/span> por lo que su consumo est\u00e1 recomendado en personas celiacas.<\/p>\n<p><span class=\"s2\">Con la fruta italiana puedes disfrutar de 7<\/span><span class=\"s2\"> variedades de sabores y probar chucher\u00edas de lim\u00f3n, <a href=\"https:\/\/huertatropical.com\/tienda-comprar-fruta-tropical-de-temporada\/comprar-surtido-fruta-tropical\/naranjas\/\" target=\"_blank\" rel=\"noopener\">naranja<\/a>, mandarina, fresa, mora, pera amarilla y pera verde.<\/span><\/p>\n<p>Estas deliciosas golosinas naturales son aptas para <span style=\"color: #008000;\"><strong>veganos y vegetarianos<\/strong><\/span>\u00a0ya que no est\u00e1n realizadas con ninguna grasa de origen animal, solo fruta natural.<\/p>\n<p>Este delicioso dulce adem\u00e1s de ser ideal para ni\u00f1os ya que son naturales tambi\u00e9n encajan muy bien con un p\u00fablico de mediana edad.<\/p>\n<p>Tambi\u00e9n esta recomendado para todo tipo de adultos. Personas que no quieren dejar disfrutar de los peque\u00f1os momentos de comer gominolas pero que a su vez se preocupa por su salud y alimentaci\u00f3n.<\/p>\n<div class=\"product-information-extended-description\">\n<p>Para comprobar el porqu\u00e9 de su reconocimiento de la chucher\u00eda m\u00e1s saludable el listado de ingredientes incluye az\u00facar, jarabe de glucosa, agua, pectina, \u00e1cido c\u00edtrico, aromas y extractos vegetales colorantes como la manzana, el hibisco, la zanahoria, el c\u00e1rtamo, el lim\u00f3n, la calabaza, las espinacas y la ortiga).<\/p>\n<p>No dejes de probar las aut\u00e9nticas y originales frutas italianas de <a href=\"https:\/\/www.fidacandies.it\/bonelle\/\" target=\"_blank\" rel=\"noopener\">FIDA<\/a>, la f\u00e1brica italiana m\u00e1s reputada y reconocida por elaborar sus productos con pectinas naturales siguiendo la receta tradicional.<\/p>\n<\/div>\n","protected":false},"excerpt":{"rendered":"<p>La conocida como <span style=\"color: #ff6600;\"><strong>fruta italiana<\/strong><\/span> es una golosina natural con sabor a frutas elaborada con pectina de fruta y sin colorantes artificiales a\u00f1adidos.<\/p>\n<p>Estas golosinas naturales poseen una textura agradable y blanda cubierta por una capa de az\u00facar. Podemos disfrutar de siete variedades con sabores, colores y formas diferentes como son Naranja, Lim\u00f3n, Fresa, Mandarina, Pera verde, Pera amarilla y Mora.<\/p>\n<p>Una de las grandes ventajas que presenta es que <strong>no contiene gluten<\/strong> por lo que es <strong>apta para celiacos<\/strong>.<\/p>\n","protected":false},"featured_media":19350,"comment_status":"closed","ping_status":"closed","template":"","meta":[],"product_brand":[],"product_cat":[208,203],"product_tag":[],"class_list":{"0":"post-20946","1":"product","2":"type-product","3":"status-publish","4":"has-post-thumbnail","6":"product_cat-la-despensa","7":"product_cat-comprar-surtido-fruta-tropical","9":"first","10":"outofstock","11":"taxable","12":"shipping-taxable","13":"purchasable","14":"product-type-variable"},"yoast_head":"<!-- This site is optimized with the Yoast SEO plugin v24.7 - https:\/\/yoast.com\/wordpress\/plugins\/seo\/ -->\n<title>Comprar Fruta Italiana online a domicilio - Solo pectina de Fruta<\/title>\n<meta name=\"description\" content=\"La\u00a0fruta italiana son golosinas o gominolas naturales de alt\u00edsima calidad por tratarse de un producto natural realizado a partir de pectina de fruta.\" \/>\n<meta name=\"robots\" content=\"noindex, follow, max-snippet:-1, max-image-preview:large, max-video-preview:-1\" \/>\n<meta property=\"og:locale\" content=\"en_US\" \/>\n<meta property=\"og:type\" content=\"article\" \/>\n<meta property=\"og:title\" content=\"Comprar Fruta Italiana online a domicilio - Solo pectina de Fruta\" \/>\n<meta property=\"og:description\" content=\"La\u00a0fruta italiana son golosinas o gominolas naturales de alt\u00edsima calidad por tratarse de un producto natural realizado a partir de pectina de fruta.\" \/>\n<meta property=\"og:url\" content=\"https:\/\/nueva2.huertatropical.com\/en\/tienda-comprar-fruta-tropical-de-temporada\/comprar-surtido-fruta-tropical\/fruta-italiana\/\" \/>\n<meta property=\"og:site_name\" content=\"Huerta Tropical\" \/>\n<meta property=\"article:publisher\" content=\"https:\/\/es-es.facebook.com\/HuertaTropical\/\" \/>\n<meta property=\"article:modified_time\" content=\"2025-03-22T11:33:14+00:00\" \/>\n<meta property=\"og:image\" content=\"https:\/\/nueva2.huertatropical.com\/wp-content\/uploads\/2024\/08\/comprar-gominolas-naturales-de-frutas-150x150@2x.jpg.webp\" \/>\n\t<meta property=\"og:image:width\" content=\"300\" \/>\n\t<meta property=\"og:image:height\" content=\"300\" \/>\n\t<meta property=\"og:image:type\" content=\"image\/webp\" \/>\n<meta name=\"twitter:card\" content=\"summary_large_image\" \/>\n<meta name=\"twitter:site\" content=\"@HuertaTropical\" \/>\n<meta name=\"twitter:label1\" content=\"Est. reading time\" \/>\n\t<meta name=\"twitter:data1\" content=\"2 minutes\" \/>\n<script type=\"application\/ld+json\" class=\"yoast-schema-graph\">{\"@context\":\"https:\/\/schema.org\",\"@graph\":[{\"@type\":\"WebPage\",\"@id\":\"https:\/\/nueva2.huertatropical.com\/en\/tienda-comprar-fruta-tropical-de-temporada\/comprar-surtido-fruta-tropical\/fruta-italiana\/\",\"url\":\"https:\/\/nueva2.huertatropical.com\/en\/tienda-comprar-fruta-tropical-de-temporada\/comprar-surtido-fruta-tropical\/fruta-italiana\/\",\"name\":\"Comprar Fruta Italiana online a domicilio - Solo pectina de Fruta\",\"isPartOf\":{\"@id\":\"https:\/\/nueva2.huertatropical.com\/en\/#website\"},\"primaryImageOfPage\":{\"@id\":\"https:\/\/nueva2.huertatropical.com\/en\/tienda-comprar-fruta-tropical-de-temporada\/comprar-surtido-fruta-tropical\/fruta-italiana\/#primaryimage\"},\"image\":{\"@id\":\"https:\/\/nueva2.huertatropical.com\/en\/tienda-comprar-fruta-tropical-de-temporada\/comprar-surtido-fruta-tropical\/fruta-italiana\/#primaryimage\"},\"thumbnailUrl\":\"https:\/\/nueva2.huertatropical.com\/wp-content\/uploads\/2024\/08\/comprar-gominolas-naturales-de-frutas-150x150@2x.jpg.webp\",\"datePublished\":\"2025-03-22T11:33:04+00:00\",\"dateModified\":\"2025-03-22T11:33:14+00:00\",\"description\":\"La\u00a0fruta italiana son golosinas o gominolas naturales de alt\u00edsima calidad por tratarse de un producto natural realizado a partir de pectina de fruta.\",\"breadcrumb\":{\"@id\":\"https:\/\/nueva2.huertatropical.com\/en\/tienda-comprar-fruta-tropical-de-temporada\/comprar-surtido-fruta-tropical\/fruta-italiana\/#breadcrumb\"},\"inLanguage\":\"en-US\",\"potentialAction\":[{\"@type\":\"ReadAction\",\"target\":[\"https:\/\/nueva2.huertatropical.com\/en\/tienda-comprar-fruta-tropical-de-temporada\/comprar-surtido-fruta-tropical\/fruta-italiana\/\"]}]},{\"@type\":\"ImageObject\",\"inLanguage\":\"en-US\",\"@id\":\"https:\/\/nueva2.huertatropical.com\/en\/tienda-comprar-fruta-tropical-de-temporada\/comprar-surtido-fruta-tropical\/fruta-italiana\/#primaryimage\",\"url\":\"https:\/\/nueva2.huertatropical.com\/wp-content\/uploads\/2024\/08\/comprar-gominolas-naturales-de-frutas-150x150@2x.jpg.webp\",\"contentUrl\":\"https:\/\/nueva2.huertatropical.com\/wp-content\/uploads\/2024\/08\/comprar-gominolas-naturales-de-frutas-150x150@2x.jpg.webp\",\"width\":300,\"height\":300},{\"@type\":\"BreadcrumbList\",\"@id\":\"https:\/\/nueva2.huertatropical.com\/en\/tienda-comprar-fruta-tropical-de-temporada\/comprar-surtido-fruta-tropical\/fruta-italiana\/#breadcrumb\",\"itemListElement\":[{\"@type\":\"ListItem\",\"position\":1,\"name\":\"Portada\",\"item\":\"https:\/\/nueva2.huertatropical.com\/en\/\"},{\"@type\":\"ListItem\",\"position\":2,\"name\":\"Shop\",\"item\":\"https:\/\/nueva2.huertatropical.com\/en\/shop\/\"},{\"@type\":\"ListItem\",\"position\":3,\"name\":\"Fruta Italiana\"}]},{\"@type\":\"WebSite\",\"@id\":\"https:\/\/nueva2.huertatropical.com\/en\/#website\",\"url\":\"https:\/\/nueva2.huertatropical.com\/en\/\",\"name\":\"Huerta Tropical\",\"description\":\"Comprar online fruta tropical de Granada a domicilio\",\"publisher\":{\"@id\":\"https:\/\/nueva2.huertatropical.com\/en\/#organization\"},\"potentialAction\":[{\"@type\":\"SearchAction\",\"target\":{\"@type\":\"EntryPoint\",\"urlTemplate\":\"https:\/\/nueva2.huertatropical.com\/en\/?s={search_term_string}\"},\"query-input\":{\"@type\":\"PropertyValueSpecification\",\"valueRequired\":true,\"valueName\":\"search_term_string\"}}],\"inLanguage\":\"en-US\"},{\"@type\":\"Organization\",\"@id\":\"https:\/\/nueva2.huertatropical.com\/en\/#organization\",\"name\":\"Huerta Tropical\",\"url\":\"https:\/\/nueva2.huertatropical.com\/en\/\",\"logo\":{\"@type\":\"ImageObject\",\"inLanguage\":\"en-US\",\"@id\":\"https:\/\/nueva2.huertatropical.com\/en\/#\/schema\/logo\/image\/\",\"url\":\"https:\/\/i2.wp.com\/huertatropical.com\/wp-content\/uploads\/2016\/03\/icono-web-sitio.jpg?fit=510%2C510&ssl=1\",\"contentUrl\":\"https:\/\/i2.wp.com\/huertatropical.com\/wp-content\/uploads\/2016\/03\/icono-web-sitio.jpg?fit=510%2C510&ssl=1\",\"width\":510,\"height\":510,\"caption\":\"Huerta Tropical\"},\"image\":{\"@id\":\"https:\/\/nueva2.huertatropical.com\/en\/#\/schema\/logo\/image\/\"},\"sameAs\":[\"https:\/\/es-es.facebook.com\/HuertaTropical\/\",\"https:\/\/x.com\/HuertaTropical\",\"https:\/\/www.instagram.com\/huertatropical\/\",\"https:\/\/www.linkedin.com\/company\/huerta-tropical\/\",\"https:\/\/www.pinterest.es\/huertatropical\/\",\"https:\/\/www.youtube.com\/channel\/UCT44zfBbAxjNKNUGZhRt6CA\"]}]}<\/script>\n<!-- \/ Yoast SEO plugin. -->","yoast_head_json":{"title":"Comprar Fruta Italiana online a domicilio - Solo pectina de Fruta","description":"La\u00a0fruta italiana son golosinas o gominolas naturales de alt\u00edsima calidad por tratarse de un producto natural realizado a partir de pectina de fruta.","robots":{"index":"noindex","follow":"follow","max-snippet":"max-snippet:-1","max-image-preview":"max-image-preview:large","max-video-preview":"max-video-preview:-1"},"og_locale":"en_US","og_type":"article","og_title":"Comprar Fruta Italiana online a domicilio - Solo pectina de Fruta","og_description":"La\u00a0fruta italiana son golosinas o gominolas naturales de alt\u00edsima calidad por tratarse de un producto natural realizado a partir de pectina de fruta.","og_url":"https:\/\/nueva2.huertatropical.com\/en\/tienda-comprar-fruta-tropical-de-temporada\/comprar-surtido-fruta-tropical\/fruta-italiana\/","og_site_name":"Huerta Tropical","article_publisher":"https:\/\/es-es.facebook.com\/HuertaTropical\/","article_modified_time":"2025-03-22T11:33:14+00:00","og_image":[{"width":300,"height":300,"url":"https:\/\/nueva2.huertatropical.com\/wp-content\/uploads\/2024\/08\/comprar-gominolas-naturales-de-frutas-150x150@2x.jpg.webp","type":"image\/webp"}],"twitter_card":"summary_large_image","twitter_site":"@HuertaTropical","twitter_misc":{"Est. reading time":"2 minutes"},"schema":{"@context":"https:\/\/schema.org","@graph":[{"@type":"WebPage","@id":"https:\/\/nueva2.huertatropical.com\/en\/tienda-comprar-fruta-tropical-de-temporada\/comprar-surtido-fruta-tropical\/fruta-italiana\/","url":"https:\/\/nueva2.huertatropical.com\/en\/tienda-comprar-fruta-tropical-de-temporada\/comprar-surtido-fruta-tropical\/fruta-italiana\/","name":"Comprar Fruta Italiana online a domicilio - Solo pectina de Fruta","isPartOf":{"@id":"https:\/\/nueva2.huertatropical.com\/en\/#website"},"primaryImageOfPage":{"@id":"https:\/\/nueva2.huertatropical.com\/en\/tienda-comprar-fruta-tropical-de-temporada\/comprar-surtido-fruta-tropical\/fruta-italiana\/#primaryimage"},"image":{"@id":"https:\/\/nueva2.huertatropical.com\/en\/tienda-comprar-fruta-tropical-de-temporada\/comprar-surtido-fruta-tropical\/fruta-italiana\/#primaryimage"},"thumbnailUrl":"https:\/\/nueva2.huertatropical.com\/wp-content\/uploads\/2024\/08\/comprar-gominolas-naturales-de-frutas-150x150@2x.jpg.webp","datePublished":"2025-03-22T11:33:04+00:00","dateModified":"2025-03-22T11:33:14+00:00","description":"La\u00a0fruta italiana son golosinas o gominolas naturales de alt\u00edsima calidad por tratarse de un producto natural realizado a partir de pectina de fruta.","breadcrumb":{"@id":"https:\/\/nueva2.huertatropical.com\/en\/tienda-comprar-fruta-tropical-de-temporada\/comprar-surtido-fruta-tropical\/fruta-italiana\/#breadcrumb"},"inLanguage":"en-US","potentialAction":[{"@type":"ReadAction","target":["https:\/\/nueva2.huertatropical.com\/en\/tienda-comprar-fruta-tropical-de-temporada\/comprar-surtido-fruta-tropical\/fruta-italiana\/"]}]},{"@type":"ImageObject","inLanguage":"en-US","@id":"https:\/\/nueva2.huertatropical.com\/en\/tienda-comprar-fruta-tropical-de-temporada\/comprar-surtido-fruta-tropical\/fruta-italiana\/#primaryimage","url":"https:\/\/nueva2.huertatropical.com\/wp-content\/uploads\/2024\/08\/comprar-gominolas-naturales-de-frutas-150x150@2x.jpg.webp","contentUrl":"https:\/\/nueva2.huertatropical.com\/wp-content\/uploads\/2024\/08\/comprar-gominolas-naturales-de-frutas-150x150@2x.jpg.webp","width":300,"height":300},{"@type":"BreadcrumbList","@id":"https:\/\/nueva2.huertatropical.com\/en\/tienda-comprar-fruta-tropical-de-temporada\/comprar-surtido-fruta-tropical\/fruta-italiana\/#breadcrumb","itemListElement":[{"@type":"ListItem","position":1,"name":"Portada","item":"https:\/\/nueva2.huertatropical.com\/en\/"},{"@type":"ListItem","position":2,"name":"Shop","item":"https:\/\/nueva2.huertatropical.com\/en\/shop\/"},{"@type":"ListItem","position":3,"name":"Fruta Italiana"}]},{"@type":"WebSite","@id":"https:\/\/nueva2.huertatropical.com\/en\/#website","url":"https:\/\/nueva2.huertatropical.com\/en\/","name":"Huerta Tropical","description":"Comprar online fruta tropical de Granada a domicilio","publisher":{"@id":"https:\/\/nueva2.huertatropical.com\/en\/#organization"},"potentialAction":[{"@type":"SearchAction","target":{"@type":"EntryPoint","urlTemplate":"https:\/\/nueva2.huertatropical.com\/en\/?s={search_term_string}"},"query-input":{"@type":"PropertyValueSpecification","valueRequired":true,"valueName":"search_term_string"}}],"inLanguage":"en-US"},{"@type":"Organization","@id":"https:\/\/nueva2.huertatropical.com\/en\/#organization","name":"Huerta Tropical","url":"https:\/\/nueva2.huertatropical.com\/en\/","logo":{"@type":"ImageObject","inLanguage":"en-US","@id":"https:\/\/nueva2.huertatropical.com\/en\/#\/schema\/logo\/image\/","url":"https:\/\/i2.wp.com\/huertatropical.com\/wp-content\/uploads\/2016\/03\/icono-web-sitio.jpg?fit=510%2C510&ssl=1","contentUrl":"https:\/\/i2.wp.com\/huertatropical.com\/wp-content\/uploads\/2016\/03\/icono-web-sitio.jpg?fit=510%2C510&ssl=1","width":510,"height":510,"caption":"Huerta Tropical"},"image":{"@id":"https:\/\/nueva2.huertatropical.com\/en\/#\/schema\/logo\/image\/"},"sameAs":["https:\/\/es-es.facebook.com\/HuertaTropical\/","https:\/\/x.com\/HuertaTropical","https:\/\/www.instagram.com\/huertatropical\/","https:\/\/www.linkedin.com\/company\/huerta-tropical\/","https:\/\/www.pinterest.es\/huertatropical\/","https:\/\/www.youtube.com\/channel\/UCT44zfBbAxjNKNUGZhRt6CA"]}]}},"_links":{"self":[{"href":"https:\/\/nueva2.huertatropical.com\/en\/wp-json\/wp\/v2\/product\/20946","targetHints":{"allow":["GET"]}}],"collection":[{"href":"https:\/\/nueva2.huertatropical.com\/en\/wp-json\/wp\/v2\/product"}],"about":[{"href":"https:\/\/nueva2.huertatropical.com\/en\/wp-json\/wp\/v2\/types\/product"}],"replies":[{"embeddable":true,"href":"https:\/\/nueva2.huertatropical.com\/en\/wp-json\/wp\/v2\/comments?post=20946"}],"version-history":[{"count":1,"href":"https:\/\/nueva2.huertatropical.com\/en\/wp-json\/wp\/v2\/product\/20946\/revisions"}],"predecessor-version":[{"id":20966,"href":"https:\/\/nueva2.huertatropical.com\/en\/wp-json\/wp\/v2\/product\/20946\/revisions\/20966"}],"wp:featuredmedia":[{"embeddable":true,"href":"https:\/\/nueva2.huertatropical.com\/en\/wp-json\/wp\/v2\/media\/19350"}],"wp:attachment":[{"href":"https:\/\/nueva2.huertatropical.com\/en\/wp-json\/wp\/v2\/media?parent=20946"}],"wp:term":[{"taxonomy":"product_brand","embeddable":true,"href":"https:\/\/nueva2.huertatropical.com\/en\/wp-json\/wp\/v2\/product_brand?post=20946"},{"taxonomy":"product_cat","embeddable":true,"href":"https:\/\/nueva2.huertatropical.com\/en\/wp-json\/wp\/v2\/product_cat?post=20946"},{"taxonomy":"product_tag","embeddable":true,"href":"https:\/\/nueva2.huertatropical.com\/en\/wp-json\/wp\/v2\/product_tag?post=20946"}],"curies":[{"name":"wp","href":"https:\/\/api.w.org\/{rel}","templated":true}]}}