{"id":20942,"date":"2025-03-22T12:33:04","date_gmt":"2025-03-22T11:33:04","guid":{"rendered":"https:\/\/nueva2.huertatropical.com\/?post_type=product&#038;p=20942"},"modified":"2025-03-22T12:33:09","modified_gmt":"2025-03-22T11:33:09","slug":"feijoa","status":"publish","type":"product","link":"https:\/\/nueva2.huertatropical.com\/en\/tienda-comprar-fruta-tropical-de-temporada\/comprar-surtido-fruta-tropical\/feijoa\/","title":{"rendered":"Feijoa"},"content":{"rendered":"<p>[vc_row][vc_column][vc_column_text]<strong>La feijoa o guayaba del Brasil<\/strong> es una fruta\u00a0 tropical de color verde oscuro y aspecto rugoso, de tama\u00f1o m\u00e1s peque\u00f1o que un huevo.<\/p>\n<p>Es una variedad t\u00edpica de Oto\u00f1o como las guayabas rojas o las guayabas blancas y su pulpa tiene unas caracter\u00edsticas morfol\u00f3gicas similares, con una piel exterior m\u00e1s consistente y una pulpa interior gelatinosa con peque\u00f1as pepitas o semillas con un sabor agridulce con ligeros matices a pi\u00f1a y toque final a regaliz.<\/p>\n<p>Su maduraci\u00f3n para conseguir el punto de consumo no comienza hasta que no ha caido del arbusto, este proceso para conseguir este punto de consumo dura varios d\u00edas.<\/p>\n<p>Esta fruta es muy apreciada como sus hermanas las guayabas por la infinidad de propiedades saludables que aporta a nuestra alimentaci\u00f3n. <strong>La Feijoa<\/strong> nos aporta <strong>yodo<\/strong>, <strong>vitaminas B1, B2, B3, B6, B9,<\/strong>\u00a0y\u00a0<strong>C ,<\/strong>\u00a0<strong>minerales\u00a0<\/strong>como el\u00a0<strong>calcio<\/strong>,\u00a0<strong>magnesio<\/strong>,\u00a0<strong>sodio<\/strong>,\u00a0<strong>zinc<\/strong>,\u00a0<strong>f\u00f3sforo\u00a0<\/strong>y\u00a0<strong>potasio, <\/strong>es un excelente tonificante del organismo en diversos aspectos, ayuda a nuestro organismo con la mejora en las funciones renales, ayuda a aumentar la producci\u00f3n de gl\u00f3bulos rojos y ayuda a prevenir la anemia, son ricas en antioxidantes y facilitan la digesti\u00f3n de otros alimentos<\/p>\n<p>En nuestro pa\u00eds, las mejores feijoas se cultivan exclusivamente en la costa tropical de Granada, y por supuesto, de ah\u00ed es de donde vienen las que nosotros te ofrecemos.<\/p>\n<p>Si est\u00e1s interesado en otra fruta similar, tambi\u00e9n puedes comprar <a href=\"https:\/\/huertatropical.com\/tienda-comprar-fruta-tropical-de-temporada\/comprar-surtido-fruta-tropical\/guayabas\/\">guayabas<\/a> por kilos u otras clases de frutas tropicales como <a href=\"https:\/\/huertatropical.com\/categoria-producto\/comprar-aguacate-costa-tropical-granada\/\">aguacates<\/a> de las distintas variedades que se cultivan en Granada y en M\u00e1laga. Puedes ver todos nuestros productos en la <a href=\"https:\/\/huertatropical.com\/tienda-comprar-fruta-tropical-de-temporada\/\">tienda online<\/a>.<\/p>\n<p>Si quieres estar atento a las \u00faltimas novedades de nuestra web, nuevas frutas de temporada, ofertas y promociones, s\u00edguenos en nuestras redes sociales. Aqu\u00ed te dejamos nuestros <a href=\"https:\/\/es-es.facebook.com\/HuertaTropical\/\" target=\"_blank\" rel=\"noopener noreferrer\">Facebook<\/a> e <a href=\"https:\/\/www.instagram.com\/huertatropical\" target=\"_blank\" rel=\"noopener noreferrer\">Instagram<\/a>.[\/vc_column_text][\/vc_column][\/vc_row][vc_row][vc_column][vc_btn title=&#8221;Descubre los Beneficios para la Salud, m\u00e9todos de Conservaci\u00f3n y trucos para consumir Guayabas&#8221; style=&#8221;3d&#8221; shape=&#8221;round&#8221; color=&#8221;success&#8221; size=&#8221;lg&#8221; align=&#8221;center&#8221; button_block=&#8221;true&#8221; link=&#8221;url:https%3A%2F%2Fhuertatropical.com%2Fbeneficios-y-propiedades-guayaba%2F||&#8221;][\/vc_column][\/vc_row]<\/p>\n","protected":false},"excerpt":{"rendered":"<p><span style=\"color: #99cc00;\"><strong>Cantidad aprox. de 1Kg\u00a0<\/strong><\/span><\/p>\n<p>A la hora de comprar <strong><span style=\"color: #99cc00;\">feijoa<\/span><\/strong>, debes de tener en cuenta que es\u00a0 una fruta tropical que recuerda a la guayaba, de peque\u00f1o tama\u00f1o y aspecto ovalado, con una piel de color verde oscura y un interior gelatinoso blanco amarillento.<\/p>\n<p>Su pulpa con peque\u00f1as semillas comestibles, se ablanda y gana en dulzor a medida que madura. Su sabor peculiar recuerda a una curiosa combinaci\u00f3n de sabores dulces y \u00e1cidos. El gusto a guayaba y pi\u00f1a se ve culminado con un toque que recuerda a regaliz.<\/p>\n<p><strong>Compra feijoas cultivadas en Espa\u00f1a<\/strong>, en la Costa Tropical de Granada y descubre una explosiva combinaci\u00f3n de sabores y matices tropicales que los m\u00e1s curiosos no pueden dejar de probar.<\/p>\n<p>Su temporada oscila desde <span style=\"color: #99cc00;\">Octubre<\/span> hasta <span style=\"color: #99cc00;\">Febrero<\/span>.<\/p>\n","protected":false},"featured_media":19339,"comment_status":"closed","ping_status":"closed","template":"","meta":[],"product_brand":[],"product_cat":[203],"product_tag":[],"class_list":{"0":"post-20942","1":"product","2":"type-product","3":"status-publish","4":"has-post-thumbnail","6":"product_cat-comprar-surtido-fruta-tropical","8":"first","9":"outofstock","10":"taxable","11":"shipping-taxable","12":"purchasable","13":"product-type-simple"},"yoast_head":"<!-- This site is optimized with the Yoast SEO plugin v24.7 - https:\/\/yoast.com\/wordpress\/plugins\/seo\/ -->\n<title>Feijoa a domicilio en 24h\/48 - Directa del \u00e1rbol a tu domicilio<\/title>\n<meta name=\"description\" content=\"Esta fruta es muy apreciada, tanto como las guayabas por la infinidad de propiedades saludables que aporta a nuestra alimentaci\u00f3n y nuestro organismo\" \/>\n<meta name=\"robots\" content=\"noindex, follow, max-snippet:-1, max-image-preview:large, max-video-preview:-1\" \/>\n<meta property=\"og:locale\" content=\"en_US\" \/>\n<meta property=\"og:type\" content=\"article\" \/>\n<meta property=\"og:title\" content=\"Feijoa a domicilio en 24h\/48 - Directa del \u00e1rbol a tu domicilio\" \/>\n<meta property=\"og:description\" content=\"Esta fruta es muy apreciada, tanto como las guayabas por la infinidad de propiedades saludables que aporta a nuestra alimentaci\u00f3n y nuestro organismo\" \/>\n<meta property=\"og:url\" content=\"https:\/\/nueva2.huertatropical.com\/en\/tienda-comprar-fruta-tropical-de-temporada\/comprar-surtido-fruta-tropical\/feijoa\/\" \/>\n<meta property=\"og:site_name\" content=\"Huerta Tropical\" \/>\n<meta property=\"article:publisher\" content=\"https:\/\/es-es.facebook.com\/HuertaTropical\/\" \/>\n<meta property=\"article:modified_time\" content=\"2025-03-22T11:33:09+00:00\" \/>\n<meta property=\"og:image\" content=\"https:\/\/nueva2.huertatropical.com\/wp-content\/uploads\/2024\/08\/comprar-feijoa-huerta-tropical-1-1.jpg\" \/>\n\t<meta property=\"og:image:width\" content=\"800\" \/>\n\t<meta property=\"og:image:height\" content=\"800\" \/>\n\t<meta property=\"og:image:type\" content=\"image\/jpeg\" \/>\n<meta name=\"twitter:card\" content=\"summary_large_image\" \/>\n<meta name=\"twitter:site\" content=\"@HuertaTropical\" \/>\n<meta name=\"twitter:label1\" content=\"Est. reading time\" \/>\n\t<meta name=\"twitter:data1\" content=\"2 minutes\" \/>\n<script type=\"application\/ld+json\" class=\"yoast-schema-graph\">{\"@context\":\"https:\/\/schema.org\",\"@graph\":[{\"@type\":\"WebPage\",\"@id\":\"https:\/\/nueva2.huertatropical.com\/en\/tienda-comprar-fruta-tropical-de-temporada\/comprar-surtido-fruta-tropical\/feijoa\/\",\"url\":\"https:\/\/nueva2.huertatropical.com\/en\/tienda-comprar-fruta-tropical-de-temporada\/comprar-surtido-fruta-tropical\/feijoa\/\",\"name\":\"Feijoa a domicilio en 24h\/48 - Directa del \u00e1rbol a tu domicilio\",\"isPartOf\":{\"@id\":\"https:\/\/nueva2.huertatropical.com\/en\/#website\"},\"primaryImageOfPage\":{\"@id\":\"https:\/\/nueva2.huertatropical.com\/en\/tienda-comprar-fruta-tropical-de-temporada\/comprar-surtido-fruta-tropical\/feijoa\/#primaryimage\"},\"image\":{\"@id\":\"https:\/\/nueva2.huertatropical.com\/en\/tienda-comprar-fruta-tropical-de-temporada\/comprar-surtido-fruta-tropical\/feijoa\/#primaryimage\"},\"thumbnailUrl\":\"https:\/\/nueva2.huertatropical.com\/wp-content\/uploads\/2024\/08\/comprar-feijoa-huerta-tropical-1-1.jpg\",\"datePublished\":\"2025-03-22T11:33:04+00:00\",\"dateModified\":\"2025-03-22T11:33:09+00:00\",\"description\":\"Esta fruta es muy apreciada, tanto como las guayabas por la infinidad de propiedades saludables que aporta a nuestra alimentaci\u00f3n y nuestro organismo\",\"breadcrumb\":{\"@id\":\"https:\/\/nueva2.huertatropical.com\/en\/tienda-comprar-fruta-tropical-de-temporada\/comprar-surtido-fruta-tropical\/feijoa\/#breadcrumb\"},\"inLanguage\":\"en-US\",\"potentialAction\":[{\"@type\":\"ReadAction\",\"target\":[\"https:\/\/nueva2.huertatropical.com\/en\/tienda-comprar-fruta-tropical-de-temporada\/comprar-surtido-fruta-tropical\/feijoa\/\"]}]},{\"@type\":\"ImageObject\",\"inLanguage\":\"en-US\",\"@id\":\"https:\/\/nueva2.huertatropical.com\/en\/tienda-comprar-fruta-tropical-de-temporada\/comprar-surtido-fruta-tropical\/feijoa\/#primaryimage\",\"url\":\"https:\/\/nueva2.huertatropical.com\/wp-content\/uploads\/2024\/08\/comprar-feijoa-huerta-tropical-1-1.jpg\",\"contentUrl\":\"https:\/\/nueva2.huertatropical.com\/wp-content\/uploads\/2024\/08\/comprar-feijoa-huerta-tropical-1-1.jpg\",\"width\":800,\"height\":800},{\"@type\":\"BreadcrumbList\",\"@id\":\"https:\/\/nueva2.huertatropical.com\/en\/tienda-comprar-fruta-tropical-de-temporada\/comprar-surtido-fruta-tropical\/feijoa\/#breadcrumb\",\"itemListElement\":[{\"@type\":\"ListItem\",\"position\":1,\"name\":\"Portada\",\"item\":\"https:\/\/nueva2.huertatropical.com\/en\/\"},{\"@type\":\"ListItem\",\"position\":2,\"name\":\"Shop\",\"item\":\"https:\/\/nueva2.huertatropical.com\/en\/shop\/\"},{\"@type\":\"ListItem\",\"position\":3,\"name\":\"Feijoa\"}]},{\"@type\":\"WebSite\",\"@id\":\"https:\/\/nueva2.huertatropical.com\/en\/#website\",\"url\":\"https:\/\/nueva2.huertatropical.com\/en\/\",\"name\":\"Huerta Tropical\",\"description\":\"Comprar online fruta tropical de Granada a domicilio\",\"publisher\":{\"@id\":\"https:\/\/nueva2.huertatropical.com\/en\/#organization\"},\"potentialAction\":[{\"@type\":\"SearchAction\",\"target\":{\"@type\":\"EntryPoint\",\"urlTemplate\":\"https:\/\/nueva2.huertatropical.com\/en\/?s={search_term_string}\"},\"query-input\":{\"@type\":\"PropertyValueSpecification\",\"valueRequired\":true,\"valueName\":\"search_term_string\"}}],\"inLanguage\":\"en-US\"},{\"@type\":\"Organization\",\"@id\":\"https:\/\/nueva2.huertatropical.com\/en\/#organization\",\"name\":\"Huerta Tropical\",\"url\":\"https:\/\/nueva2.huertatropical.com\/en\/\",\"logo\":{\"@type\":\"ImageObject\",\"inLanguage\":\"en-US\",\"@id\":\"https:\/\/nueva2.huertatropical.com\/en\/#\/schema\/logo\/image\/\",\"url\":\"https:\/\/i2.wp.com\/huertatropical.com\/wp-content\/uploads\/2016\/03\/icono-web-sitio.jpg?fit=510%2C510&ssl=1\",\"contentUrl\":\"https:\/\/i2.wp.com\/huertatropical.com\/wp-content\/uploads\/2016\/03\/icono-web-sitio.jpg?fit=510%2C510&ssl=1\",\"width\":510,\"height\":510,\"caption\":\"Huerta Tropical\"},\"image\":{\"@id\":\"https:\/\/nueva2.huertatropical.com\/en\/#\/schema\/logo\/image\/\"},\"sameAs\":[\"https:\/\/es-es.facebook.com\/HuertaTropical\/\",\"https:\/\/x.com\/HuertaTropical\",\"https:\/\/www.instagram.com\/huertatropical\/\",\"https:\/\/www.linkedin.com\/company\/huerta-tropical\/\",\"https:\/\/www.pinterest.es\/huertatropical\/\",\"https:\/\/www.youtube.com\/channel\/UCT44zfBbAxjNKNUGZhRt6CA\"]}]}<\/script>\n<!-- \/ Yoast SEO plugin. -->","yoast_head_json":{"title":"Feijoa a domicilio en 24h\/48 - Directa del \u00e1rbol a tu domicilio","description":"Esta fruta es muy apreciada, tanto como las guayabas por la infinidad de propiedades saludables que aporta a nuestra alimentaci\u00f3n y nuestro organismo","robots":{"index":"noindex","follow":"follow","max-snippet":"max-snippet:-1","max-image-preview":"max-image-preview:large","max-video-preview":"max-video-preview:-1"},"og_locale":"en_US","og_type":"article","og_title":"Feijoa a domicilio en 24h\/48 - Directa del \u00e1rbol a tu domicilio","og_description":"Esta fruta es muy apreciada, tanto como las guayabas por la infinidad de propiedades saludables que aporta a nuestra alimentaci\u00f3n y nuestro organismo","og_url":"https:\/\/nueva2.huertatropical.com\/en\/tienda-comprar-fruta-tropical-de-temporada\/comprar-surtido-fruta-tropical\/feijoa\/","og_site_name":"Huerta Tropical","article_publisher":"https:\/\/es-es.facebook.com\/HuertaTropical\/","article_modified_time":"2025-03-22T11:33:09+00:00","og_image":[{"width":800,"height":800,"url":"https:\/\/nueva2.huertatropical.com\/wp-content\/uploads\/2024\/08\/comprar-feijoa-huerta-tropical-1-1.jpg","type":"image\/jpeg"}],"twitter_card":"summary_large_image","twitter_site":"@HuertaTropical","twitter_misc":{"Est. reading time":"2 minutes"},"schema":{"@context":"https:\/\/schema.org","@graph":[{"@type":"WebPage","@id":"https:\/\/nueva2.huertatropical.com\/en\/tienda-comprar-fruta-tropical-de-temporada\/comprar-surtido-fruta-tropical\/feijoa\/","url":"https:\/\/nueva2.huertatropical.com\/en\/tienda-comprar-fruta-tropical-de-temporada\/comprar-surtido-fruta-tropical\/feijoa\/","name":"Feijoa a domicilio en 24h\/48 - Directa del \u00e1rbol a tu domicilio","isPartOf":{"@id":"https:\/\/nueva2.huertatropical.com\/en\/#website"},"primaryImageOfPage":{"@id":"https:\/\/nueva2.huertatropical.com\/en\/tienda-comprar-fruta-tropical-de-temporada\/comprar-surtido-fruta-tropical\/feijoa\/#primaryimage"},"image":{"@id":"https:\/\/nueva2.huertatropical.com\/en\/tienda-comprar-fruta-tropical-de-temporada\/comprar-surtido-fruta-tropical\/feijoa\/#primaryimage"},"thumbnailUrl":"https:\/\/nueva2.huertatropical.com\/wp-content\/uploads\/2024\/08\/comprar-feijoa-huerta-tropical-1-1.jpg","datePublished":"2025-03-22T11:33:04+00:00","dateModified":"2025-03-22T11:33:09+00:00","description":"Esta fruta es muy apreciada, tanto como las guayabas por la infinidad de propiedades saludables que aporta a nuestra alimentaci\u00f3n y nuestro organismo","breadcrumb":{"@id":"https:\/\/nueva2.huertatropical.com\/en\/tienda-comprar-fruta-tropical-de-temporada\/comprar-surtido-fruta-tropical\/feijoa\/#breadcrumb"},"inLanguage":"en-US","potentialAction":[{"@type":"ReadAction","target":["https:\/\/nueva2.huertatropical.com\/en\/tienda-comprar-fruta-tropical-de-temporada\/comprar-surtido-fruta-tropical\/feijoa\/"]}]},{"@type":"ImageObject","inLanguage":"en-US","@id":"https:\/\/nueva2.huertatropical.com\/en\/tienda-comprar-fruta-tropical-de-temporada\/comprar-surtido-fruta-tropical\/feijoa\/#primaryimage","url":"https:\/\/nueva2.huertatropical.com\/wp-content\/uploads\/2024\/08\/comprar-feijoa-huerta-tropical-1-1.jpg","contentUrl":"https:\/\/nueva2.huertatropical.com\/wp-content\/uploads\/2024\/08\/comprar-feijoa-huerta-tropical-1-1.jpg","width":800,"height":800},{"@type":"BreadcrumbList","@id":"https:\/\/nueva2.huertatropical.com\/en\/tienda-comprar-fruta-tropical-de-temporada\/comprar-surtido-fruta-tropical\/feijoa\/#breadcrumb","itemListElement":[{"@type":"ListItem","position":1,"name":"Portada","item":"https:\/\/nueva2.huertatropical.com\/en\/"},{"@type":"ListItem","position":2,"name":"Shop","item":"https:\/\/nueva2.huertatropical.com\/en\/shop\/"},{"@type":"ListItem","position":3,"name":"Feijoa"}]},{"@type":"WebSite","@id":"https:\/\/nueva2.huertatropical.com\/en\/#website","url":"https:\/\/nueva2.huertatropical.com\/en\/","name":"Huerta Tropical","description":"Comprar online fruta tropical de Granada a domicilio","publisher":{"@id":"https:\/\/nueva2.huertatropical.com\/en\/#organization"},"potentialAction":[{"@type":"SearchAction","target":{"@type":"EntryPoint","urlTemplate":"https:\/\/nueva2.huertatropical.com\/en\/?s={search_term_string}"},"query-input":{"@type":"PropertyValueSpecification","valueRequired":true,"valueName":"search_term_string"}}],"inLanguage":"en-US"},{"@type":"Organization","@id":"https:\/\/nueva2.huertatropical.com\/en\/#organization","name":"Huerta Tropical","url":"https:\/\/nueva2.huertatropical.com\/en\/","logo":{"@type":"ImageObject","inLanguage":"en-US","@id":"https:\/\/nueva2.huertatropical.com\/en\/#\/schema\/logo\/image\/","url":"https:\/\/i2.wp.com\/huertatropical.com\/wp-content\/uploads\/2016\/03\/icono-web-sitio.jpg?fit=510%2C510&ssl=1","contentUrl":"https:\/\/i2.wp.com\/huertatropical.com\/wp-content\/uploads\/2016\/03\/icono-web-sitio.jpg?fit=510%2C510&ssl=1","width":510,"height":510,"caption":"Huerta Tropical"},"image":{"@id":"https:\/\/nueva2.huertatropical.com\/en\/#\/schema\/logo\/image\/"},"sameAs":["https:\/\/es-es.facebook.com\/HuertaTropical\/","https:\/\/x.com\/HuertaTropical","https:\/\/www.instagram.com\/huertatropical\/","https:\/\/www.linkedin.com\/company\/huerta-tropical\/","https:\/\/www.pinterest.es\/huertatropical\/","https:\/\/www.youtube.com\/channel\/UCT44zfBbAxjNKNUGZhRt6CA"]}]}},"_links":{"self":[{"href":"https:\/\/nueva2.huertatropical.com\/en\/wp-json\/wp\/v2\/product\/20942","targetHints":{"allow":["GET"]}}],"collection":[{"href":"https:\/\/nueva2.huertatropical.com\/en\/wp-json\/wp\/v2\/product"}],"about":[{"href":"https:\/\/nueva2.huertatropical.com\/en\/wp-json\/wp\/v2\/types\/product"}],"replies":[{"embeddable":true,"href":"https:\/\/nueva2.huertatropical.com\/en\/wp-json\/wp\/v2\/comments?post=20942"}],"version-history":[{"count":1,"href":"https:\/\/nueva2.huertatropical.com\/en\/wp-json\/wp\/v2\/product\/20942\/revisions"}],"predecessor-version":[{"id":20960,"href":"https:\/\/nueva2.huertatropical.com\/en\/wp-json\/wp\/v2\/product\/20942\/revisions\/20960"}],"wp:featuredmedia":[{"embeddable":true,"href":"https:\/\/nueva2.huertatropical.com\/en\/wp-json\/wp\/v2\/media\/19339"}],"wp:attachment":[{"href":"https:\/\/nueva2.huertatropical.com\/en\/wp-json\/wp\/v2\/media?parent=20942"}],"wp:term":[{"taxonomy":"product_brand","embeddable":true,"href":"https:\/\/nueva2.huertatropical.com\/en\/wp-json\/wp\/v2\/product_brand?post=20942"},{"taxonomy":"product_cat","embeddable":true,"href":"https:\/\/nueva2.huertatropical.com\/en\/wp-json\/wp\/v2\/product_cat?post=20942"},{"taxonomy":"product_tag","embeddable":true,"href":"https:\/\/nueva2.huertatropical.com\/en\/wp-json\/wp\/v2\/product_tag?post=20942"}],"curies":[{"name":"wp","href":"https:\/\/api.w.org\/{rel}","templated":true}]}}