{"id":20939,"date":"2025-03-22T12:33:04","date_gmt":"2025-03-22T11:33:04","guid":{"rendered":"https:\/\/nueva2.huertatropical.com\/?post_type=product&#038;p=20939"},"modified":"2025-03-22T12:33:09","modified_gmt":"2025-03-22T11:33:09","slug":"granadas-2kg","status":"publish","type":"product","link":"https:\/\/nueva2.huertatropical.com\/en\/tienda-comprar-fruta-tropical-de-temporada\/comprar-surtido-fruta-tropical\/granadas-2kg\/","title":{"rendered":"Granadas (2kg)"},"content":{"rendered":"<p>[vc_row][vc_column][vc_column_text]Por la temporalidad en la recogida, puede pasar que no tengamos stock, o a lo mejor te apetece disfrutar de otras <a href=\"https:\/\/huertatropical.com\/tienda-comprar-fruta-tropical-de-temporada\/\">variedades<\/a>\u00a0 de frutas que tenemos a tu disposici\u00f3n.[\/vc_column_text][\/vc_column][\/vc_row][vc_row][vc_column][vc_column_text]<\/p>\n<p>Si quieres estar atento a las \u00faltimas novedades de nuestra web, nuevas frutas de temporada, ofertas y promociones, s\u00edguenos en nuestras redes sociales. Aqu\u00ed te dejamos nuestros\u00a0<a href=\"https:\/\/es-es.facebook.com\/HuertaTropical\/\" target=\"_blank\" rel=\"noopener noreferrer\">Facebook<\/a>\u00a0e\u00a0<a href=\"https:\/\/www.instagram.com\/huertatropical\" target=\"_blank\" rel=\"noopener noreferrer\">Instagram<\/a>.[\/vc_column_text][\/vc_column][\/vc_row]<\/p>\n","protected":false},"excerpt":{"rendered":"<p><strong><span style=\"color: #ff6600;\">Cantidad: 2kg aprox. de peso<\/span>\u00a0<\/strong><\/p>\n<p>La <strong>fruta de la granada<\/strong> es muy t\u00edpica del oto\u00f1o mediterr\u00e1neo y adem\u00e1s es considerada como una superfruta por la cantidad de aportes saludables proporciona a nuestro nuestro organismo.<\/p>\n<p>En su apariencia exterior, las granadas est\u00e1n compuestas por una piel que debe estar dura, brillante y tersa con un color vivo rojizo con matices marrones o tonos beiges y su interior formado por semillas o granos de color rojo intenso. Es una fruta de muy bajo valor cal\u00f3rico por su escaso contenido de hidratos de carbono y con innumerables aportes beneficiosos para nuestro cuerpo. El potasio, los polifen\u00f3les, el omega 5 y sus propiedades antioxidantes y antiinflamatorias hacen de esta fruta que sea una de las preferidas en esta temporada oto\u00f1al para consumir de distintas maneras como combin\u00e1ndola en ensaladas, zumos y\u00a0 como toppin en postres adem\u00e1s de por solsa<\/p>\n<p>El tama\u00f1o es uno de los m\u00e1s peque\u00f1os que podemos encontrar, con un peso medio de 300 grs.<\/p>\n<p>Es una de las variedades m\u00e1s tempranas y podemos disfrutarlo desde finales de <strong><span style=\"color: #ff9900;\">Septiembre<\/span><\/strong>\u00a0hasta <strong><span style=\"color: #ff9900;\">Enero<\/span><\/strong>.<\/p>\n<p>&nbsp;<\/p>\n","protected":false},"featured_media":19336,"comment_status":"closed","ping_status":"closed","template":"","meta":[],"product_brand":[],"product_cat":[203],"product_tag":[],"class_list":{"0":"post-20939","1":"product","2":"type-product","3":"status-publish","4":"has-post-thumbnail","6":"product_cat-comprar-surtido-fruta-tropical","8":"first","9":"outofstock","10":"taxable","11":"shipping-taxable","12":"purchasable","13":"product-type-simple"},"yoast_head":"<!-- This site is optimized with the Yoast SEO plugin v24.7 - https:\/\/yoast.com\/wordpress\/plugins\/seo\/ -->\n<title>Comprar granadas rojas online - Fruta a Domicilio en 24h<\/title>\n<meta name=\"description\" content=\"Las granadas son unas grandes aliadas para mantener una buena salud, aportan antioxidantes y minerales y ademas tiene propiedades antiinflamatorias\" \/>\n<meta name=\"robots\" content=\"noindex, follow, max-snippet:-1, max-image-preview:large, max-video-preview:-1\" \/>\n<meta property=\"og:locale\" content=\"en_US\" \/>\n<meta property=\"og:type\" content=\"article\" \/>\n<meta property=\"og:title\" content=\"Comprar granadas rojas online - Fruta a Domicilio en 24h\" \/>\n<meta property=\"og:description\" content=\"Las granadas son unas grandes aliadas para mantener una buena salud, aportan antioxidantes y minerales y ademas tiene propiedades antiinflamatorias\" \/>\n<meta property=\"og:url\" content=\"https:\/\/nueva2.huertatropical.com\/en\/tienda-comprar-fruta-tropical-de-temporada\/comprar-surtido-fruta-tropical\/granadas-2kg\/\" \/>\n<meta property=\"og:site_name\" content=\"Huerta Tropical\" \/>\n<meta property=\"article:publisher\" content=\"https:\/\/es-es.facebook.com\/HuertaTropical\/\" \/>\n<meta property=\"article:modified_time\" content=\"2025-03-22T11:33:09+00:00\" \/>\n<meta property=\"og:image\" content=\"https:\/\/nueva2.huertatropical.com\/wp-content\/uploads\/2024\/08\/granada_test.jpeg\" \/>\n\t<meta property=\"og:image:width\" content=\"800\" \/>\n\t<meta property=\"og:image:height\" content=\"800\" \/>\n\t<meta property=\"og:image:type\" content=\"image\/jpeg\" \/>\n<meta name=\"twitter:card\" content=\"summary_large_image\" \/>\n<meta name=\"twitter:site\" content=\"@HuertaTropical\" \/>\n<meta name=\"twitter:label1\" content=\"Est. reading time\" \/>\n\t<meta name=\"twitter:data1\" content=\"1 minute\" \/>\n<script type=\"application\/ld+json\" class=\"yoast-schema-graph\">{\"@context\":\"https:\/\/schema.org\",\"@graph\":[{\"@type\":\"WebPage\",\"@id\":\"https:\/\/nueva2.huertatropical.com\/en\/tienda-comprar-fruta-tropical-de-temporada\/comprar-surtido-fruta-tropical\/granadas-2kg\/\",\"url\":\"https:\/\/nueva2.huertatropical.com\/en\/tienda-comprar-fruta-tropical-de-temporada\/comprar-surtido-fruta-tropical\/granadas-2kg\/\",\"name\":\"Comprar granadas rojas online - Fruta a Domicilio en 24h\",\"isPartOf\":{\"@id\":\"https:\/\/nueva2.huertatropical.com\/en\/#website\"},\"primaryImageOfPage\":{\"@id\":\"https:\/\/nueva2.huertatropical.com\/en\/tienda-comprar-fruta-tropical-de-temporada\/comprar-surtido-fruta-tropical\/granadas-2kg\/#primaryimage\"},\"image\":{\"@id\":\"https:\/\/nueva2.huertatropical.com\/en\/tienda-comprar-fruta-tropical-de-temporada\/comprar-surtido-fruta-tropical\/granadas-2kg\/#primaryimage\"},\"thumbnailUrl\":\"https:\/\/nueva2.huertatropical.com\/wp-content\/uploads\/2024\/08\/granada_test.jpeg\",\"datePublished\":\"2025-03-22T11:33:04+00:00\",\"dateModified\":\"2025-03-22T11:33:09+00:00\",\"description\":\"Las granadas son unas grandes aliadas para mantener una buena salud, aportan antioxidantes y minerales y ademas tiene propiedades antiinflamatorias\",\"breadcrumb\":{\"@id\":\"https:\/\/nueva2.huertatropical.com\/en\/tienda-comprar-fruta-tropical-de-temporada\/comprar-surtido-fruta-tropical\/granadas-2kg\/#breadcrumb\"},\"inLanguage\":\"en-US\",\"potentialAction\":[{\"@type\":\"ReadAction\",\"target\":[\"https:\/\/nueva2.huertatropical.com\/en\/tienda-comprar-fruta-tropical-de-temporada\/comprar-surtido-fruta-tropical\/granadas-2kg\/\"]}]},{\"@type\":\"ImageObject\",\"inLanguage\":\"en-US\",\"@id\":\"https:\/\/nueva2.huertatropical.com\/en\/tienda-comprar-fruta-tropical-de-temporada\/comprar-surtido-fruta-tropical\/granadas-2kg\/#primaryimage\",\"url\":\"https:\/\/nueva2.huertatropical.com\/wp-content\/uploads\/2024\/08\/granada_test.jpeg\",\"contentUrl\":\"https:\/\/nueva2.huertatropical.com\/wp-content\/uploads\/2024\/08\/granada_test.jpeg\",\"width\":800,\"height\":800},{\"@type\":\"BreadcrumbList\",\"@id\":\"https:\/\/nueva2.huertatropical.com\/en\/tienda-comprar-fruta-tropical-de-temporada\/comprar-surtido-fruta-tropical\/granadas-2kg\/#breadcrumb\",\"itemListElement\":[{\"@type\":\"ListItem\",\"position\":1,\"name\":\"Portada\",\"item\":\"https:\/\/nueva2.huertatropical.com\/en\/\"},{\"@type\":\"ListItem\",\"position\":2,\"name\":\"Shop\",\"item\":\"https:\/\/nueva2.huertatropical.com\/en\/shop\/\"},{\"@type\":\"ListItem\",\"position\":3,\"name\":\"Granadas (2kg)\"}]},{\"@type\":\"WebSite\",\"@id\":\"https:\/\/nueva2.huertatropical.com\/en\/#website\",\"url\":\"https:\/\/nueva2.huertatropical.com\/en\/\",\"name\":\"Huerta Tropical\",\"description\":\"Comprar online fruta tropical de Granada a domicilio\",\"publisher\":{\"@id\":\"https:\/\/nueva2.huertatropical.com\/en\/#organization\"},\"potentialAction\":[{\"@type\":\"SearchAction\",\"target\":{\"@type\":\"EntryPoint\",\"urlTemplate\":\"https:\/\/nueva2.huertatropical.com\/en\/?s={search_term_string}\"},\"query-input\":{\"@type\":\"PropertyValueSpecification\",\"valueRequired\":true,\"valueName\":\"search_term_string\"}}],\"inLanguage\":\"en-US\"},{\"@type\":\"Organization\",\"@id\":\"https:\/\/nueva2.huertatropical.com\/en\/#organization\",\"name\":\"Huerta Tropical\",\"url\":\"https:\/\/nueva2.huertatropical.com\/en\/\",\"logo\":{\"@type\":\"ImageObject\",\"inLanguage\":\"en-US\",\"@id\":\"https:\/\/nueva2.huertatropical.com\/en\/#\/schema\/logo\/image\/\",\"url\":\"https:\/\/i2.wp.com\/huertatropical.com\/wp-content\/uploads\/2016\/03\/icono-web-sitio.jpg?fit=510%2C510&ssl=1\",\"contentUrl\":\"https:\/\/i2.wp.com\/huertatropical.com\/wp-content\/uploads\/2016\/03\/icono-web-sitio.jpg?fit=510%2C510&ssl=1\",\"width\":510,\"height\":510,\"caption\":\"Huerta Tropical\"},\"image\":{\"@id\":\"https:\/\/nueva2.huertatropical.com\/en\/#\/schema\/logo\/image\/\"},\"sameAs\":[\"https:\/\/es-es.facebook.com\/HuertaTropical\/\",\"https:\/\/x.com\/HuertaTropical\",\"https:\/\/www.instagram.com\/huertatropical\/\",\"https:\/\/www.linkedin.com\/company\/huerta-tropical\/\",\"https:\/\/www.pinterest.es\/huertatropical\/\",\"https:\/\/www.youtube.com\/channel\/UCT44zfBbAxjNKNUGZhRt6CA\"]}]}<\/script>\n<!-- \/ Yoast SEO plugin. -->","yoast_head_json":{"title":"Comprar granadas rojas online - Fruta a Domicilio en 24h","description":"Las granadas son unas grandes aliadas para mantener una buena salud, aportan antioxidantes y minerales y ademas tiene propiedades antiinflamatorias","robots":{"index":"noindex","follow":"follow","max-snippet":"max-snippet:-1","max-image-preview":"max-image-preview:large","max-video-preview":"max-video-preview:-1"},"og_locale":"en_US","og_type":"article","og_title":"Comprar granadas rojas online - Fruta a Domicilio en 24h","og_description":"Las granadas son unas grandes aliadas para mantener una buena salud, aportan antioxidantes y minerales y ademas tiene propiedades antiinflamatorias","og_url":"https:\/\/nueva2.huertatropical.com\/en\/tienda-comprar-fruta-tropical-de-temporada\/comprar-surtido-fruta-tropical\/granadas-2kg\/","og_site_name":"Huerta Tropical","article_publisher":"https:\/\/es-es.facebook.com\/HuertaTropical\/","article_modified_time":"2025-03-22T11:33:09+00:00","og_image":[{"width":800,"height":800,"url":"https:\/\/nueva2.huertatropical.com\/wp-content\/uploads\/2024\/08\/granada_test.jpeg","type":"image\/jpeg"}],"twitter_card":"summary_large_image","twitter_site":"@HuertaTropical","twitter_misc":{"Est. reading time":"1 minute"},"schema":{"@context":"https:\/\/schema.org","@graph":[{"@type":"WebPage","@id":"https:\/\/nueva2.huertatropical.com\/en\/tienda-comprar-fruta-tropical-de-temporada\/comprar-surtido-fruta-tropical\/granadas-2kg\/","url":"https:\/\/nueva2.huertatropical.com\/en\/tienda-comprar-fruta-tropical-de-temporada\/comprar-surtido-fruta-tropical\/granadas-2kg\/","name":"Comprar granadas rojas online - Fruta a Domicilio en 24h","isPartOf":{"@id":"https:\/\/nueva2.huertatropical.com\/en\/#website"},"primaryImageOfPage":{"@id":"https:\/\/nueva2.huertatropical.com\/en\/tienda-comprar-fruta-tropical-de-temporada\/comprar-surtido-fruta-tropical\/granadas-2kg\/#primaryimage"},"image":{"@id":"https:\/\/nueva2.huertatropical.com\/en\/tienda-comprar-fruta-tropical-de-temporada\/comprar-surtido-fruta-tropical\/granadas-2kg\/#primaryimage"},"thumbnailUrl":"https:\/\/nueva2.huertatropical.com\/wp-content\/uploads\/2024\/08\/granada_test.jpeg","datePublished":"2025-03-22T11:33:04+00:00","dateModified":"2025-03-22T11:33:09+00:00","description":"Las granadas son unas grandes aliadas para mantener una buena salud, aportan antioxidantes y minerales y ademas tiene propiedades antiinflamatorias","breadcrumb":{"@id":"https:\/\/nueva2.huertatropical.com\/en\/tienda-comprar-fruta-tropical-de-temporada\/comprar-surtido-fruta-tropical\/granadas-2kg\/#breadcrumb"},"inLanguage":"en-US","potentialAction":[{"@type":"ReadAction","target":["https:\/\/nueva2.huertatropical.com\/en\/tienda-comprar-fruta-tropical-de-temporada\/comprar-surtido-fruta-tropical\/granadas-2kg\/"]}]},{"@type":"ImageObject","inLanguage":"en-US","@id":"https:\/\/nueva2.huertatropical.com\/en\/tienda-comprar-fruta-tropical-de-temporada\/comprar-surtido-fruta-tropical\/granadas-2kg\/#primaryimage","url":"https:\/\/nueva2.huertatropical.com\/wp-content\/uploads\/2024\/08\/granada_test.jpeg","contentUrl":"https:\/\/nueva2.huertatropical.com\/wp-content\/uploads\/2024\/08\/granada_test.jpeg","width":800,"height":800},{"@type":"BreadcrumbList","@id":"https:\/\/nueva2.huertatropical.com\/en\/tienda-comprar-fruta-tropical-de-temporada\/comprar-surtido-fruta-tropical\/granadas-2kg\/#breadcrumb","itemListElement":[{"@type":"ListItem","position":1,"name":"Portada","item":"https:\/\/nueva2.huertatropical.com\/en\/"},{"@type":"ListItem","position":2,"name":"Shop","item":"https:\/\/nueva2.huertatropical.com\/en\/shop\/"},{"@type":"ListItem","position":3,"name":"Granadas (2kg)"}]},{"@type":"WebSite","@id":"https:\/\/nueva2.huertatropical.com\/en\/#website","url":"https:\/\/nueva2.huertatropical.com\/en\/","name":"Huerta Tropical","description":"Comprar online fruta tropical de Granada a domicilio","publisher":{"@id":"https:\/\/nueva2.huertatropical.com\/en\/#organization"},"potentialAction":[{"@type":"SearchAction","target":{"@type":"EntryPoint","urlTemplate":"https:\/\/nueva2.huertatropical.com\/en\/?s={search_term_string}"},"query-input":{"@type":"PropertyValueSpecification","valueRequired":true,"valueName":"search_term_string"}}],"inLanguage":"en-US"},{"@type":"Organization","@id":"https:\/\/nueva2.huertatropical.com\/en\/#organization","name":"Huerta Tropical","url":"https:\/\/nueva2.huertatropical.com\/en\/","logo":{"@type":"ImageObject","inLanguage":"en-US","@id":"https:\/\/nueva2.huertatropical.com\/en\/#\/schema\/logo\/image\/","url":"https:\/\/i2.wp.com\/huertatropical.com\/wp-content\/uploads\/2016\/03\/icono-web-sitio.jpg?fit=510%2C510&ssl=1","contentUrl":"https:\/\/i2.wp.com\/huertatropical.com\/wp-content\/uploads\/2016\/03\/icono-web-sitio.jpg?fit=510%2C510&ssl=1","width":510,"height":510,"caption":"Huerta Tropical"},"image":{"@id":"https:\/\/nueva2.huertatropical.com\/en\/#\/schema\/logo\/image\/"},"sameAs":["https:\/\/es-es.facebook.com\/HuertaTropical\/","https:\/\/x.com\/HuertaTropical","https:\/\/www.instagram.com\/huertatropical\/","https:\/\/www.linkedin.com\/company\/huerta-tropical\/","https:\/\/www.pinterest.es\/huertatropical\/","https:\/\/www.youtube.com\/channel\/UCT44zfBbAxjNKNUGZhRt6CA"]}]}},"_links":{"self":[{"href":"https:\/\/nueva2.huertatropical.com\/en\/wp-json\/wp\/v2\/product\/20939","targetHints":{"allow":["GET"]}}],"collection":[{"href":"https:\/\/nueva2.huertatropical.com\/en\/wp-json\/wp\/v2\/product"}],"about":[{"href":"https:\/\/nueva2.huertatropical.com\/en\/wp-json\/wp\/v2\/types\/product"}],"replies":[{"embeddable":true,"href":"https:\/\/nueva2.huertatropical.com\/en\/wp-json\/wp\/v2\/comments?post=20939"}],"version-history":[{"count":1,"href":"https:\/\/nueva2.huertatropical.com\/en\/wp-json\/wp\/v2\/product\/20939\/revisions"}],"predecessor-version":[{"id":20958,"href":"https:\/\/nueva2.huertatropical.com\/en\/wp-json\/wp\/v2\/product\/20939\/revisions\/20958"}],"wp:featuredmedia":[{"embeddable":true,"href":"https:\/\/nueva2.huertatropical.com\/en\/wp-json\/wp\/v2\/media\/19336"}],"wp:attachment":[{"href":"https:\/\/nueva2.huertatropical.com\/en\/wp-json\/wp\/v2\/media?parent=20939"}],"wp:term":[{"taxonomy":"product_brand","embeddable":true,"href":"https:\/\/nueva2.huertatropical.com\/en\/wp-json\/wp\/v2\/product_brand?post=20939"},{"taxonomy":"product_cat","embeddable":true,"href":"https:\/\/nueva2.huertatropical.com\/en\/wp-json\/wp\/v2\/product_cat?post=20939"},{"taxonomy":"product_tag","embeddable":true,"href":"https:\/\/nueva2.huertatropical.com\/en\/wp-json\/wp\/v2\/product_tag?post=20939"}],"curies":[{"name":"wp","href":"https:\/\/api.w.org\/{rel}","templated":true}]}}