{"id":20910,"date":"2025-03-22T12:32:47","date_gmt":"2025-03-22T11:32:47","guid":{"rendered":"https:\/\/nueva2.huertatropical.com\/?post_type=product&#038;p=20910"},"modified":"2025-03-22T12:32:57","modified_gmt":"2025-03-22T11:32:57","slug":"mango-keitt-bio","status":"publish","type":"product","link":"https:\/\/nueva2.huertatropical.com\/en\/tienda-comprar-fruta-tropical-de-temporada\/comprar-surtido-fruta-tropical\/mango-keitt-bio\/","title":{"rendered":"Mango Keitt bio"},"content":{"rendered":"<p>[vc_row][vc_column][vc_column_text]Si este producto no tiene stock, es posible que te interese ver otros tipos de<a href=\"https:\/\/huertatropical.com\/categoria-producto\/comprar-mangos-costa-tropical\/\">\u00a0mango<\/a>\u00a0que tenemos a tu disposici\u00f3n.[\/vc_column_text][vc_btn title=&#8221;Descubre los Beneficios para la Salud, m\u00e9todos de Conservaci\u00f3n y trucos para consumir el Mango&#8221; style=&#8221;3d&#8221; shape=&#8221;round&#8221; color=&#8221;orange&#8221; size=&#8221;lg&#8221; align=&#8221;center&#8221; button_block=&#8221;true&#8221; link=&#8221;url:https%3A%2F%2Fhuertatropical.com%2Fbeneficios-y-propiedades-conservar-pelar-y-cortar-mango%2F||&#8221;][vc_column_text]Si quieres estar atento a las \u00faltimas novedades de nuestra web, nuevas frutas de temporada, ofertas y promociones, s\u00edguenos en nuestras redes sociales. Aqu\u00ed te dejamos nuestro\u00a0<a href=\"https:\/\/es-es.facebook.com\/HuertaTropical\/\" target=\"_blank\" rel=\"noopener noreferrer\">Facebook<\/a>\u00a0e\u00a0<a href=\"https:\/\/www.instagram.com\/huertatropical\" target=\"_blank\" rel=\"noopener noreferrer\">Instagram<\/a>.[\/vc_column_text][\/vc_column][\/vc_row]<\/p>\n","protected":false},"excerpt":{"rendered":"<p>&nbsp;<\/p>\n<p><span style=\"color: #ff6600;\"><strong>Cantidad 1 Caja de aprox. 2kg y 4kg de peso<\/strong><strong> \u00a0<\/strong><\/span><\/p>\n<p>La variedad Keitt ecol\u00f3gico tiene forma ovoide-oblonga, o lo que es lo mismo, de huevo alargado<\/p>\n<p>El\u00a0mango <span style=\"color: #ff9900;\"><strong>Keitt bio\u00a0<\/strong><\/span> posee un caracter\u00edstico sabor y aroma ligeramente \u00e1cido, ya que tiene menos az\u00facar que otras variedades de la Costa Tropical.\u00a0La pulpa, de color amarillo anaranjado, no tiene pr\u00e1cticamente fibras y presenta una textura jugosa y firme, con un sabor \u00e1cido y refrescante. En su interior encontramos una semilla peque\u00f1a. La piel, gruesa y perfecta para proteger el fruto en el transporte, es de color rosado.<\/p>\n<p>El peso de \u00e9sta variedad suele superar los 500 grs hasta los 700 grs.<\/p>\n<p>El mango Keitt bio, uno de los m\u00e1s tard\u00edos, puede disfrutarse desde finales de <span style=\"color: #ff9900;\"><strong>Octubre<\/strong><\/span>\u00a0hasta mediados <strong><span style=\"color: #ff9900;\">Diciembre<\/span><\/strong>.<\/p>\n","protected":false},"featured_media":19325,"comment_status":"closed","ping_status":"closed","template":"","meta":[],"product_brand":[],"product_cat":[209,206,203],"product_tag":[60],"class_list":{"0":"post-20910","1":"product","2":"type-product","3":"status-publish","4":"has-post-thumbnail","6":"product_cat-comprar-fruta-ecologica","7":"product_cat-comprar-mangos-costa-tropical","8":"product_cat-comprar-surtido-fruta-tropical","9":"product_tag-mango-costa-tropical","11":"first","12":"outofstock","13":"taxable","14":"shipping-taxable","15":"purchasable","16":"product-type-variable"},"yoast_head":"<!-- This site is optimized with the Yoast SEO plugin v24.7 - https:\/\/yoast.com\/wordpress\/plugins\/seo\/ -->\n<title>Comprar mango keitt ecol\u00f3gico a domicilio - Huerta Tropical<\/title>\n<meta name=\"description\" content=\"El mango Keitt bio posee un caracter\u00edstico sabor y aroma ligeramente \u00e1cido, ya que tiene menos az\u00facar que otras variedades de Costa Tropical.\" \/>\n<meta name=\"robots\" content=\"noindex, follow, max-snippet:-1, max-image-preview:large, max-video-preview:-1\" \/>\n<meta property=\"og:locale\" content=\"en_US\" \/>\n<meta property=\"og:type\" content=\"article\" \/>\n<meta property=\"og:title\" content=\"Comprar mango keitt ecol\u00f3gico a domicilio - Huerta Tropical\" \/>\n<meta property=\"og:description\" content=\"El mango Keitt bio posee un caracter\u00edstico sabor y aroma ligeramente \u00e1cido, ya que tiene menos az\u00facar que otras variedades de Costa Tropical.\" \/>\n<meta property=\"og:url\" content=\"https:\/\/nueva2.huertatropical.com\/en\/tienda-comprar-fruta-tropical-de-temporada\/comprar-surtido-fruta-tropical\/mango-keitt-bio\/\" \/>\n<meta property=\"og:site_name\" content=\"Huerta Tropical\" \/>\n<meta property=\"article:publisher\" content=\"https:\/\/es-es.facebook.com\/HuertaTropical\/\" \/>\n<meta property=\"article:modified_time\" content=\"2025-03-22T11:32:57+00:00\" \/>\n<meta property=\"og:image\" content=\"https:\/\/nueva2.huertatropical.com\/wp-content\/uploads\/2024\/08\/comprar-mango-ecologico-keitt.jpg\" \/>\n\t<meta property=\"og:image:width\" content=\"800\" \/>\n\t<meta property=\"og:image:height\" content=\"800\" \/>\n\t<meta property=\"og:image:type\" content=\"image\/jpeg\" \/>\n<meta name=\"twitter:card\" content=\"summary_large_image\" \/>\n<meta name=\"twitter:site\" content=\"@HuertaTropical\" \/>\n<meta name=\"twitter:label1\" content=\"Est. reading time\" \/>\n\t<meta name=\"twitter:data1\" content=\"1 minute\" \/>\n<script type=\"application\/ld+json\" class=\"yoast-schema-graph\">{\"@context\":\"https:\/\/schema.org\",\"@graph\":[{\"@type\":\"WebPage\",\"@id\":\"https:\/\/nueva2.huertatropical.com\/en\/tienda-comprar-fruta-tropical-de-temporada\/comprar-surtido-fruta-tropical\/mango-keitt-bio\/\",\"url\":\"https:\/\/nueva2.huertatropical.com\/en\/tienda-comprar-fruta-tropical-de-temporada\/comprar-surtido-fruta-tropical\/mango-keitt-bio\/\",\"name\":\"Comprar mango keitt ecol\u00f3gico a domicilio - Huerta Tropical\",\"isPartOf\":{\"@id\":\"https:\/\/nueva2.huertatropical.com\/en\/#website\"},\"primaryImageOfPage\":{\"@id\":\"https:\/\/nueva2.huertatropical.com\/en\/tienda-comprar-fruta-tropical-de-temporada\/comprar-surtido-fruta-tropical\/mango-keitt-bio\/#primaryimage\"},\"image\":{\"@id\":\"https:\/\/nueva2.huertatropical.com\/en\/tienda-comprar-fruta-tropical-de-temporada\/comprar-surtido-fruta-tropical\/mango-keitt-bio\/#primaryimage\"},\"thumbnailUrl\":\"https:\/\/nueva2.huertatropical.com\/wp-content\/uploads\/2024\/08\/comprar-mango-ecologico-keitt.jpg\",\"datePublished\":\"2025-03-22T11:32:47+00:00\",\"dateModified\":\"2025-03-22T11:32:57+00:00\",\"description\":\"El mango Keitt bio posee un caracter\u00edstico sabor y aroma ligeramente \u00e1cido, ya que tiene menos az\u00facar que otras variedades de Costa Tropical.\",\"breadcrumb\":{\"@id\":\"https:\/\/nueva2.huertatropical.com\/en\/tienda-comprar-fruta-tropical-de-temporada\/comprar-surtido-fruta-tropical\/mango-keitt-bio\/#breadcrumb\"},\"inLanguage\":\"en-US\",\"potentialAction\":[{\"@type\":\"ReadAction\",\"target\":[\"https:\/\/nueva2.huertatropical.com\/en\/tienda-comprar-fruta-tropical-de-temporada\/comprar-surtido-fruta-tropical\/mango-keitt-bio\/\"]}]},{\"@type\":\"ImageObject\",\"inLanguage\":\"en-US\",\"@id\":\"https:\/\/nueva2.huertatropical.com\/en\/tienda-comprar-fruta-tropical-de-temporada\/comprar-surtido-fruta-tropical\/mango-keitt-bio\/#primaryimage\",\"url\":\"https:\/\/nueva2.huertatropical.com\/wp-content\/uploads\/2024\/08\/comprar-mango-ecologico-keitt.jpg\",\"contentUrl\":\"https:\/\/nueva2.huertatropical.com\/wp-content\/uploads\/2024\/08\/comprar-mango-ecologico-keitt.jpg\",\"width\":800,\"height\":800},{\"@type\":\"BreadcrumbList\",\"@id\":\"https:\/\/nueva2.huertatropical.com\/en\/tienda-comprar-fruta-tropical-de-temporada\/comprar-surtido-fruta-tropical\/mango-keitt-bio\/#breadcrumb\",\"itemListElement\":[{\"@type\":\"ListItem\",\"position\":1,\"name\":\"Portada\",\"item\":\"https:\/\/nueva2.huertatropical.com\/en\/\"},{\"@type\":\"ListItem\",\"position\":2,\"name\":\"Shop\",\"item\":\"https:\/\/nueva2.huertatropical.com\/en\/shop\/\"},{\"@type\":\"ListItem\",\"position\":3,\"name\":\"Mango Keitt bio\"}]},{\"@type\":\"WebSite\",\"@id\":\"https:\/\/nueva2.huertatropical.com\/en\/#website\",\"url\":\"https:\/\/nueva2.huertatropical.com\/en\/\",\"name\":\"Huerta Tropical\",\"description\":\"Comprar online fruta tropical de Granada a domicilio\",\"publisher\":{\"@id\":\"https:\/\/nueva2.huertatropical.com\/en\/#organization\"},\"potentialAction\":[{\"@type\":\"SearchAction\",\"target\":{\"@type\":\"EntryPoint\",\"urlTemplate\":\"https:\/\/nueva2.huertatropical.com\/en\/?s={search_term_string}\"},\"query-input\":{\"@type\":\"PropertyValueSpecification\",\"valueRequired\":true,\"valueName\":\"search_term_string\"}}],\"inLanguage\":\"en-US\"},{\"@type\":\"Organization\",\"@id\":\"https:\/\/nueva2.huertatropical.com\/en\/#organization\",\"name\":\"Huerta Tropical\",\"url\":\"https:\/\/nueva2.huertatropical.com\/en\/\",\"logo\":{\"@type\":\"ImageObject\",\"inLanguage\":\"en-US\",\"@id\":\"https:\/\/nueva2.huertatropical.com\/en\/#\/schema\/logo\/image\/\",\"url\":\"https:\/\/i2.wp.com\/huertatropical.com\/wp-content\/uploads\/2016\/03\/icono-web-sitio.jpg?fit=510%2C510&ssl=1\",\"contentUrl\":\"https:\/\/i2.wp.com\/huertatropical.com\/wp-content\/uploads\/2016\/03\/icono-web-sitio.jpg?fit=510%2C510&ssl=1\",\"width\":510,\"height\":510,\"caption\":\"Huerta Tropical\"},\"image\":{\"@id\":\"https:\/\/nueva2.huertatropical.com\/en\/#\/schema\/logo\/image\/\"},\"sameAs\":[\"https:\/\/es-es.facebook.com\/HuertaTropical\/\",\"https:\/\/x.com\/HuertaTropical\",\"https:\/\/www.instagram.com\/huertatropical\/\",\"https:\/\/www.linkedin.com\/company\/huerta-tropical\/\",\"https:\/\/www.pinterest.es\/huertatropical\/\",\"https:\/\/www.youtube.com\/channel\/UCT44zfBbAxjNKNUGZhRt6CA\"]}]}<\/script>\n<!-- \/ Yoast SEO plugin. -->","yoast_head_json":{"title":"Comprar mango keitt ecol\u00f3gico a domicilio - Huerta Tropical","description":"El mango Keitt bio posee un caracter\u00edstico sabor y aroma ligeramente \u00e1cido, ya que tiene menos az\u00facar que otras variedades de Costa Tropical.","robots":{"index":"noindex","follow":"follow","max-snippet":"max-snippet:-1","max-image-preview":"max-image-preview:large","max-video-preview":"max-video-preview:-1"},"og_locale":"en_US","og_type":"article","og_title":"Comprar mango keitt ecol\u00f3gico a domicilio - Huerta Tropical","og_description":"El mango Keitt bio posee un caracter\u00edstico sabor y aroma ligeramente \u00e1cido, ya que tiene menos az\u00facar que otras variedades de Costa Tropical.","og_url":"https:\/\/nueva2.huertatropical.com\/en\/tienda-comprar-fruta-tropical-de-temporada\/comprar-surtido-fruta-tropical\/mango-keitt-bio\/","og_site_name":"Huerta Tropical","article_publisher":"https:\/\/es-es.facebook.com\/HuertaTropical\/","article_modified_time":"2025-03-22T11:32:57+00:00","og_image":[{"width":800,"height":800,"url":"https:\/\/nueva2.huertatropical.com\/wp-content\/uploads\/2024\/08\/comprar-mango-ecologico-keitt.jpg","type":"image\/jpeg"}],"twitter_card":"summary_large_image","twitter_site":"@HuertaTropical","twitter_misc":{"Est. reading time":"1 minute"},"schema":{"@context":"https:\/\/schema.org","@graph":[{"@type":"WebPage","@id":"https:\/\/nueva2.huertatropical.com\/en\/tienda-comprar-fruta-tropical-de-temporada\/comprar-surtido-fruta-tropical\/mango-keitt-bio\/","url":"https:\/\/nueva2.huertatropical.com\/en\/tienda-comprar-fruta-tropical-de-temporada\/comprar-surtido-fruta-tropical\/mango-keitt-bio\/","name":"Comprar mango keitt ecol\u00f3gico a domicilio - Huerta Tropical","isPartOf":{"@id":"https:\/\/nueva2.huertatropical.com\/en\/#website"},"primaryImageOfPage":{"@id":"https:\/\/nueva2.huertatropical.com\/en\/tienda-comprar-fruta-tropical-de-temporada\/comprar-surtido-fruta-tropical\/mango-keitt-bio\/#primaryimage"},"image":{"@id":"https:\/\/nueva2.huertatropical.com\/en\/tienda-comprar-fruta-tropical-de-temporada\/comprar-surtido-fruta-tropical\/mango-keitt-bio\/#primaryimage"},"thumbnailUrl":"https:\/\/nueva2.huertatropical.com\/wp-content\/uploads\/2024\/08\/comprar-mango-ecologico-keitt.jpg","datePublished":"2025-03-22T11:32:47+00:00","dateModified":"2025-03-22T11:32:57+00:00","description":"El mango Keitt bio posee un caracter\u00edstico sabor y aroma ligeramente \u00e1cido, ya que tiene menos az\u00facar que otras variedades de Costa Tropical.","breadcrumb":{"@id":"https:\/\/nueva2.huertatropical.com\/en\/tienda-comprar-fruta-tropical-de-temporada\/comprar-surtido-fruta-tropical\/mango-keitt-bio\/#breadcrumb"},"inLanguage":"en-US","potentialAction":[{"@type":"ReadAction","target":["https:\/\/nueva2.huertatropical.com\/en\/tienda-comprar-fruta-tropical-de-temporada\/comprar-surtido-fruta-tropical\/mango-keitt-bio\/"]}]},{"@type":"ImageObject","inLanguage":"en-US","@id":"https:\/\/nueva2.huertatropical.com\/en\/tienda-comprar-fruta-tropical-de-temporada\/comprar-surtido-fruta-tropical\/mango-keitt-bio\/#primaryimage","url":"https:\/\/nueva2.huertatropical.com\/wp-content\/uploads\/2024\/08\/comprar-mango-ecologico-keitt.jpg","contentUrl":"https:\/\/nueva2.huertatropical.com\/wp-content\/uploads\/2024\/08\/comprar-mango-ecologico-keitt.jpg","width":800,"height":800},{"@type":"BreadcrumbList","@id":"https:\/\/nueva2.huertatropical.com\/en\/tienda-comprar-fruta-tropical-de-temporada\/comprar-surtido-fruta-tropical\/mango-keitt-bio\/#breadcrumb","itemListElement":[{"@type":"ListItem","position":1,"name":"Portada","item":"https:\/\/nueva2.huertatropical.com\/en\/"},{"@type":"ListItem","position":2,"name":"Shop","item":"https:\/\/nueva2.huertatropical.com\/en\/shop\/"},{"@type":"ListItem","position":3,"name":"Mango Keitt bio"}]},{"@type":"WebSite","@id":"https:\/\/nueva2.huertatropical.com\/en\/#website","url":"https:\/\/nueva2.huertatropical.com\/en\/","name":"Huerta Tropical","description":"Comprar online fruta tropical de Granada a domicilio","publisher":{"@id":"https:\/\/nueva2.huertatropical.com\/en\/#organization"},"potentialAction":[{"@type":"SearchAction","target":{"@type":"EntryPoint","urlTemplate":"https:\/\/nueva2.huertatropical.com\/en\/?s={search_term_string}"},"query-input":{"@type":"PropertyValueSpecification","valueRequired":true,"valueName":"search_term_string"}}],"inLanguage":"en-US"},{"@type":"Organization","@id":"https:\/\/nueva2.huertatropical.com\/en\/#organization","name":"Huerta Tropical","url":"https:\/\/nueva2.huertatropical.com\/en\/","logo":{"@type":"ImageObject","inLanguage":"en-US","@id":"https:\/\/nueva2.huertatropical.com\/en\/#\/schema\/logo\/image\/","url":"https:\/\/i2.wp.com\/huertatropical.com\/wp-content\/uploads\/2016\/03\/icono-web-sitio.jpg?fit=510%2C510&ssl=1","contentUrl":"https:\/\/i2.wp.com\/huertatropical.com\/wp-content\/uploads\/2016\/03\/icono-web-sitio.jpg?fit=510%2C510&ssl=1","width":510,"height":510,"caption":"Huerta Tropical"},"image":{"@id":"https:\/\/nueva2.huertatropical.com\/en\/#\/schema\/logo\/image\/"},"sameAs":["https:\/\/es-es.facebook.com\/HuertaTropical\/","https:\/\/x.com\/HuertaTropical","https:\/\/www.instagram.com\/huertatropical\/","https:\/\/www.linkedin.com\/company\/huerta-tropical\/","https:\/\/www.pinterest.es\/huertatropical\/","https:\/\/www.youtube.com\/channel\/UCT44zfBbAxjNKNUGZhRt6CA"]}]}},"_links":{"self":[{"href":"https:\/\/nueva2.huertatropical.com\/en\/wp-json\/wp\/v2\/product\/20910","targetHints":{"allow":["GET"]}}],"collection":[{"href":"https:\/\/nueva2.huertatropical.com\/en\/wp-json\/wp\/v2\/product"}],"about":[{"href":"https:\/\/nueva2.huertatropical.com\/en\/wp-json\/wp\/v2\/types\/product"}],"replies":[{"embeddable":true,"href":"https:\/\/nueva2.huertatropical.com\/en\/wp-json\/wp\/v2\/comments?post=20910"}],"version-history":[{"count":1,"href":"https:\/\/nueva2.huertatropical.com\/en\/wp-json\/wp\/v2\/product\/20910\/revisions"}],"predecessor-version":[{"id":20926,"href":"https:\/\/nueva2.huertatropical.com\/en\/wp-json\/wp\/v2\/product\/20910\/revisions\/20926"}],"wp:featuredmedia":[{"embeddable":true,"href":"https:\/\/nueva2.huertatropical.com\/en\/wp-json\/wp\/v2\/media\/19325"}],"wp:attachment":[{"href":"https:\/\/nueva2.huertatropical.com\/en\/wp-json\/wp\/v2\/media?parent=20910"}],"wp:term":[{"taxonomy":"product_brand","embeddable":true,"href":"https:\/\/nueva2.huertatropical.com\/en\/wp-json\/wp\/v2\/product_brand?post=20910"},{"taxonomy":"product_cat","embeddable":true,"href":"https:\/\/nueva2.huertatropical.com\/en\/wp-json\/wp\/v2\/product_cat?post=20910"},{"taxonomy":"product_tag","embeddable":true,"href":"https:\/\/nueva2.huertatropical.com\/en\/wp-json\/wp\/v2\/product_tag?post=20910"}],"curies":[{"name":"wp","href":"https:\/\/api.w.org\/{rel}","templated":true}]}}