{"id":20902,"date":"2025-03-22T12:32:47","date_gmt":"2025-03-22T11:32:47","guid":{"rendered":"https:\/\/nueva2.huertatropical.com\/?post_type=product&#038;p=20902"},"modified":"2025-03-22T12:32:57","modified_gmt":"2025-03-22T11:32:57","slug":"mango-osteen-bio","status":"publish","type":"product","link":"https:\/\/nueva2.huertatropical.com\/en\/tienda-comprar-fruta-tropical-de-temporada\/comprar-surtido-fruta-tropical\/mango-osteen-bio\/","title":{"rendered":"Mango Osteen Bio"},"content":{"rendered":"<p>[vc_row][vc_column][vc_column_text]Si este producto no tiene stock, es posible que te interese ver otros tipos de<a href=\"https:\/\/huertatropical.com\/categoria-producto\/comprar-mangos-costa-tropical\/\">\u00a0mango<\/a> que tenemos a tu disposici\u00f3n, entre ellos el <a href=\"https:\/\/huertatropical.com\/tienda-comprar-fruta-tropical-de-temporada\/comprar-surtido-fruta-tropical\/comprar-mango-osteen-online\/\">Mango Osteen<\/a>, igual de exquisito que este. Nuestras frutas son de temporada y cultivadas en Espa\u00f1a, en la Huerta Tropical de Granada, lo que las convierten en frutas de gran calidad y temporalidad, por eso es posible que ocasionalmente no tengamos stock.[\/vc_column_text][vc_btn title=&#8221;Descubre los Beneficios para la Salud, m\u00e9todos de Conservaci\u00f3n y trucos para consumir el Mango&#8221; style=&#8221;3d&#8221; shape=&#8221;round&#8221; color=&#8221;orange&#8221; size=&#8221;lg&#8221; align=&#8221;center&#8221; button_block=&#8221;true&#8221; link=&#8221;url:https%3A%2F%2Fhuertatropical.com%2Fbeneficios-y-propiedades-conservar-pelar-y-cortar-mango%2F||&#8221;][vc_column_text]Si quieres estar atento a las \u00faltimas novedades de nuestra web, nuevas frutas de temporada, ofertas y promociones, s\u00edguenos en nuestras redes sociales. Aqu\u00ed te dejamos nuestro\u00a0<a href=\"https:\/\/es-es.facebook.com\/HuertaTropical\/\" target=\"_blank\" rel=\"noopener noreferrer\">Facebook<\/a>\u00a0e\u00a0<a href=\"https:\/\/www.instagram.com\/huertatropical\" target=\"_blank\" rel=\"noopener noreferrer\">Instagram<\/a>.[\/vc_column_text][\/vc_column][\/vc_row]<\/p>\n","protected":false},"excerpt":{"rendered":"<p><span style=\"color: #ff9900;\"><strong>Cantidad: 1 Caja de aprox. 4 kg y 2kg de peso<\/strong><\/span><strong> \u00a0<\/strong><\/p>\n<p>La variedad\u00a0Osteen se caracteriza por tener forma de huevo alargado.<\/p>\n<p>El mango <span style=\"color: #ff9900;\"><strong>Osteen<\/strong><\/span>, posee un sabor dulce con ligeros toques \u00e1cidos y refrescantes.\u00a0La pulpa de la variedad Osteen, de color naranja intenso, sin presencia de fibras, caracter\u00edstico de los mangos de la Costa Tropical, adem\u00e1s de tener una semilla de tama\u00f1o peque\u00f1o. La piel es bastante gruesa, ideal para que no sufra en el transporte y de color rojo p\u00farpura, en la que aparecen zonas naranjas, verdes y amarillas a medida que madura.<\/p>\n<p>El peso medio de \u00e9sta variedad oscila entre los 400 grs y 600 grs.<\/p>\n<p>La temporada en que se recoge la variedad de mango Osteen es entre <strong><span style=\"color: #ff9900;\">Septiembre<\/span><\/strong> y <strong><span style=\"color: #ff9900;\">Noviembre<\/span><\/strong>.<\/p>\n","protected":false},"featured_media":19285,"comment_status":"closed","ping_status":"closed","template":"","meta":[],"product_brand":[],"product_cat":[209,206,203],"product_tag":[60],"class_list":{"0":"post-20902","1":"product","2":"type-product","3":"status-publish","4":"has-post-thumbnail","6":"product_cat-comprar-fruta-ecologica","7":"product_cat-comprar-mangos-costa-tropical","8":"product_cat-comprar-surtido-fruta-tropical","9":"product_tag-mango-costa-tropical","10":"product_shipping_class-tarifa-hasta-15kg","12":"first","13":"outofstock","14":"taxable","15":"shipping-taxable","16":"purchasable","17":"product-type-variable","18":"has-default-attributes"},"yoast_head":"<!-- This site is optimized with the Yoast SEO plugin v24.7 - https:\/\/yoast.com\/wordpress\/plugins\/seo\/ -->\n<title>Comprar mangos Osteen Bio - Huerta Tropical - Fruta Tropical online<\/title>\n<meta name=\"description\" content=\"El mango Osteen es de sabor dulce y ligeros toques \u00e1cidos y refrescantes. La pulpa de esta variedad, de color naranja intenso y de poca fibra\" \/>\n<meta name=\"robots\" content=\"noindex, follow, max-snippet:-1, max-image-preview:large, max-video-preview:-1\" \/>\n<meta property=\"og:locale\" content=\"en_US\" \/>\n<meta property=\"og:type\" content=\"article\" \/>\n<meta property=\"og:title\" content=\"Comprar mangos Osteen Bio - Huerta Tropical - Fruta Tropical online\" \/>\n<meta property=\"og:description\" content=\"El mango Osteen es de sabor dulce y ligeros toques \u00e1cidos y refrescantes. La pulpa de esta variedad, de color naranja intenso y de poca fibra\" \/>\n<meta property=\"og:url\" content=\"https:\/\/nueva2.huertatropical.com\/en\/tienda-comprar-fruta-tropical-de-temporada\/comprar-surtido-fruta-tropical\/mango-osteen-bio\/\" \/>\n<meta property=\"og:site_name\" content=\"Huerta Tropical\" \/>\n<meta property=\"article:publisher\" content=\"https:\/\/es-es.facebook.com\/HuertaTropical\/\" \/>\n<meta property=\"article:modified_time\" content=\"2025-03-22T11:32:57+00:00\" \/>\n<meta property=\"og:image\" content=\"https:\/\/nueva2.huertatropical.com\/wp-content\/uploads\/2024\/08\/comprar-mango-ecologico-.jpg\" \/>\n\t<meta property=\"og:image:width\" content=\"800\" \/>\n\t<meta property=\"og:image:height\" content=\"800\" \/>\n\t<meta property=\"og:image:type\" content=\"image\/jpeg\" \/>\n<meta name=\"twitter:card\" content=\"summary_large_image\" \/>\n<meta name=\"twitter:site\" content=\"@HuertaTropical\" \/>\n<meta name=\"twitter:label1\" content=\"Est. reading time\" \/>\n\t<meta name=\"twitter:data1\" content=\"1 minute\" \/>\n<script type=\"application\/ld+json\" class=\"yoast-schema-graph\">{\"@context\":\"https:\/\/schema.org\",\"@graph\":[{\"@type\":\"WebPage\",\"@id\":\"https:\/\/nueva2.huertatropical.com\/en\/tienda-comprar-fruta-tropical-de-temporada\/comprar-surtido-fruta-tropical\/mango-osteen-bio\/\",\"url\":\"https:\/\/nueva2.huertatropical.com\/en\/tienda-comprar-fruta-tropical-de-temporada\/comprar-surtido-fruta-tropical\/mango-osteen-bio\/\",\"name\":\"Comprar mangos Osteen Bio - Huerta Tropical - Fruta Tropical online\",\"isPartOf\":{\"@id\":\"https:\/\/nueva2.huertatropical.com\/en\/#website\"},\"primaryImageOfPage\":{\"@id\":\"https:\/\/nueva2.huertatropical.com\/en\/tienda-comprar-fruta-tropical-de-temporada\/comprar-surtido-fruta-tropical\/mango-osteen-bio\/#primaryimage\"},\"image\":{\"@id\":\"https:\/\/nueva2.huertatropical.com\/en\/tienda-comprar-fruta-tropical-de-temporada\/comprar-surtido-fruta-tropical\/mango-osteen-bio\/#primaryimage\"},\"thumbnailUrl\":\"https:\/\/nueva2.huertatropical.com\/wp-content\/uploads\/2024\/08\/comprar-mango-ecologico-.jpg\",\"datePublished\":\"2025-03-22T11:32:47+00:00\",\"dateModified\":\"2025-03-22T11:32:57+00:00\",\"description\":\"El mango Osteen es de sabor dulce y ligeros toques \u00e1cidos y refrescantes. La pulpa de esta variedad, de color naranja intenso y de poca fibra\",\"breadcrumb\":{\"@id\":\"https:\/\/nueva2.huertatropical.com\/en\/tienda-comprar-fruta-tropical-de-temporada\/comprar-surtido-fruta-tropical\/mango-osteen-bio\/#breadcrumb\"},\"inLanguage\":\"en-US\",\"potentialAction\":[{\"@type\":\"ReadAction\",\"target\":[\"https:\/\/nueva2.huertatropical.com\/en\/tienda-comprar-fruta-tropical-de-temporada\/comprar-surtido-fruta-tropical\/mango-osteen-bio\/\"]}]},{\"@type\":\"ImageObject\",\"inLanguage\":\"en-US\",\"@id\":\"https:\/\/nueva2.huertatropical.com\/en\/tienda-comprar-fruta-tropical-de-temporada\/comprar-surtido-fruta-tropical\/mango-osteen-bio\/#primaryimage\",\"url\":\"https:\/\/nueva2.huertatropical.com\/wp-content\/uploads\/2024\/08\/comprar-mango-ecologico-.jpg\",\"contentUrl\":\"https:\/\/nueva2.huertatropical.com\/wp-content\/uploads\/2024\/08\/comprar-mango-ecologico-.jpg\",\"width\":800,\"height\":800},{\"@type\":\"BreadcrumbList\",\"@id\":\"https:\/\/nueva2.huertatropical.com\/en\/tienda-comprar-fruta-tropical-de-temporada\/comprar-surtido-fruta-tropical\/mango-osteen-bio\/#breadcrumb\",\"itemListElement\":[{\"@type\":\"ListItem\",\"position\":1,\"name\":\"Portada\",\"item\":\"https:\/\/nueva2.huertatropical.com\/en\/\"},{\"@type\":\"ListItem\",\"position\":2,\"name\":\"Shop\",\"item\":\"https:\/\/nueva2.huertatropical.com\/en\/shop\/\"},{\"@type\":\"ListItem\",\"position\":3,\"name\":\"Mango Osteen Bio\"}]},{\"@type\":\"WebSite\",\"@id\":\"https:\/\/nueva2.huertatropical.com\/en\/#website\",\"url\":\"https:\/\/nueva2.huertatropical.com\/en\/\",\"name\":\"Huerta Tropical\",\"description\":\"Comprar online fruta tropical de Granada a domicilio\",\"publisher\":{\"@id\":\"https:\/\/nueva2.huertatropical.com\/en\/#organization\"},\"potentialAction\":[{\"@type\":\"SearchAction\",\"target\":{\"@type\":\"EntryPoint\",\"urlTemplate\":\"https:\/\/nueva2.huertatropical.com\/en\/?s={search_term_string}\"},\"query-input\":{\"@type\":\"PropertyValueSpecification\",\"valueRequired\":true,\"valueName\":\"search_term_string\"}}],\"inLanguage\":\"en-US\"},{\"@type\":\"Organization\",\"@id\":\"https:\/\/nueva2.huertatropical.com\/en\/#organization\",\"name\":\"Huerta Tropical\",\"url\":\"https:\/\/nueva2.huertatropical.com\/en\/\",\"logo\":{\"@type\":\"ImageObject\",\"inLanguage\":\"en-US\",\"@id\":\"https:\/\/nueva2.huertatropical.com\/en\/#\/schema\/logo\/image\/\",\"url\":\"https:\/\/i2.wp.com\/huertatropical.com\/wp-content\/uploads\/2016\/03\/icono-web-sitio.jpg?fit=510%2C510&ssl=1\",\"contentUrl\":\"https:\/\/i2.wp.com\/huertatropical.com\/wp-content\/uploads\/2016\/03\/icono-web-sitio.jpg?fit=510%2C510&ssl=1\",\"width\":510,\"height\":510,\"caption\":\"Huerta Tropical\"},\"image\":{\"@id\":\"https:\/\/nueva2.huertatropical.com\/en\/#\/schema\/logo\/image\/\"},\"sameAs\":[\"https:\/\/es-es.facebook.com\/HuertaTropical\/\",\"https:\/\/x.com\/HuertaTropical\",\"https:\/\/www.instagram.com\/huertatropical\/\",\"https:\/\/www.linkedin.com\/company\/huerta-tropical\/\",\"https:\/\/www.pinterest.es\/huertatropical\/\",\"https:\/\/www.youtube.com\/channel\/UCT44zfBbAxjNKNUGZhRt6CA\"]}]}<\/script>\n<!-- \/ Yoast SEO plugin. -->","yoast_head_json":{"title":"Comprar mangos Osteen Bio - Huerta Tropical - Fruta Tropical online","description":"El mango Osteen es de sabor dulce y ligeros toques \u00e1cidos y refrescantes. La pulpa de esta variedad, de color naranja intenso y de poca fibra","robots":{"index":"noindex","follow":"follow","max-snippet":"max-snippet:-1","max-image-preview":"max-image-preview:large","max-video-preview":"max-video-preview:-1"},"og_locale":"en_US","og_type":"article","og_title":"Comprar mangos Osteen Bio - Huerta Tropical - Fruta Tropical online","og_description":"El mango Osteen es de sabor dulce y ligeros toques \u00e1cidos y refrescantes. La pulpa de esta variedad, de color naranja intenso y de poca fibra","og_url":"https:\/\/nueva2.huertatropical.com\/en\/tienda-comprar-fruta-tropical-de-temporada\/comprar-surtido-fruta-tropical\/mango-osteen-bio\/","og_site_name":"Huerta Tropical","article_publisher":"https:\/\/es-es.facebook.com\/HuertaTropical\/","article_modified_time":"2025-03-22T11:32:57+00:00","og_image":[{"width":800,"height":800,"url":"https:\/\/nueva2.huertatropical.com\/wp-content\/uploads\/2024\/08\/comprar-mango-ecologico-.jpg","type":"image\/jpeg"}],"twitter_card":"summary_large_image","twitter_site":"@HuertaTropical","twitter_misc":{"Est. reading time":"1 minute"},"schema":{"@context":"https:\/\/schema.org","@graph":[{"@type":"WebPage","@id":"https:\/\/nueva2.huertatropical.com\/en\/tienda-comprar-fruta-tropical-de-temporada\/comprar-surtido-fruta-tropical\/mango-osteen-bio\/","url":"https:\/\/nueva2.huertatropical.com\/en\/tienda-comprar-fruta-tropical-de-temporada\/comprar-surtido-fruta-tropical\/mango-osteen-bio\/","name":"Comprar mangos Osteen Bio - Huerta Tropical - Fruta Tropical online","isPartOf":{"@id":"https:\/\/nueva2.huertatropical.com\/en\/#website"},"primaryImageOfPage":{"@id":"https:\/\/nueva2.huertatropical.com\/en\/tienda-comprar-fruta-tropical-de-temporada\/comprar-surtido-fruta-tropical\/mango-osteen-bio\/#primaryimage"},"image":{"@id":"https:\/\/nueva2.huertatropical.com\/en\/tienda-comprar-fruta-tropical-de-temporada\/comprar-surtido-fruta-tropical\/mango-osteen-bio\/#primaryimage"},"thumbnailUrl":"https:\/\/nueva2.huertatropical.com\/wp-content\/uploads\/2024\/08\/comprar-mango-ecologico-.jpg","datePublished":"2025-03-22T11:32:47+00:00","dateModified":"2025-03-22T11:32:57+00:00","description":"El mango Osteen es de sabor dulce y ligeros toques \u00e1cidos y refrescantes. La pulpa de esta variedad, de color naranja intenso y de poca fibra","breadcrumb":{"@id":"https:\/\/nueva2.huertatropical.com\/en\/tienda-comprar-fruta-tropical-de-temporada\/comprar-surtido-fruta-tropical\/mango-osteen-bio\/#breadcrumb"},"inLanguage":"en-US","potentialAction":[{"@type":"ReadAction","target":["https:\/\/nueva2.huertatropical.com\/en\/tienda-comprar-fruta-tropical-de-temporada\/comprar-surtido-fruta-tropical\/mango-osteen-bio\/"]}]},{"@type":"ImageObject","inLanguage":"en-US","@id":"https:\/\/nueva2.huertatropical.com\/en\/tienda-comprar-fruta-tropical-de-temporada\/comprar-surtido-fruta-tropical\/mango-osteen-bio\/#primaryimage","url":"https:\/\/nueva2.huertatropical.com\/wp-content\/uploads\/2024\/08\/comprar-mango-ecologico-.jpg","contentUrl":"https:\/\/nueva2.huertatropical.com\/wp-content\/uploads\/2024\/08\/comprar-mango-ecologico-.jpg","width":800,"height":800},{"@type":"BreadcrumbList","@id":"https:\/\/nueva2.huertatropical.com\/en\/tienda-comprar-fruta-tropical-de-temporada\/comprar-surtido-fruta-tropical\/mango-osteen-bio\/#breadcrumb","itemListElement":[{"@type":"ListItem","position":1,"name":"Portada","item":"https:\/\/nueva2.huertatropical.com\/en\/"},{"@type":"ListItem","position":2,"name":"Shop","item":"https:\/\/nueva2.huertatropical.com\/en\/shop\/"},{"@type":"ListItem","position":3,"name":"Mango Osteen Bio"}]},{"@type":"WebSite","@id":"https:\/\/nueva2.huertatropical.com\/en\/#website","url":"https:\/\/nueva2.huertatropical.com\/en\/","name":"Huerta Tropical","description":"Comprar online fruta tropical de Granada a domicilio","publisher":{"@id":"https:\/\/nueva2.huertatropical.com\/en\/#organization"},"potentialAction":[{"@type":"SearchAction","target":{"@type":"EntryPoint","urlTemplate":"https:\/\/nueva2.huertatropical.com\/en\/?s={search_term_string}"},"query-input":{"@type":"PropertyValueSpecification","valueRequired":true,"valueName":"search_term_string"}}],"inLanguage":"en-US"},{"@type":"Organization","@id":"https:\/\/nueva2.huertatropical.com\/en\/#organization","name":"Huerta Tropical","url":"https:\/\/nueva2.huertatropical.com\/en\/","logo":{"@type":"ImageObject","inLanguage":"en-US","@id":"https:\/\/nueva2.huertatropical.com\/en\/#\/schema\/logo\/image\/","url":"https:\/\/i2.wp.com\/huertatropical.com\/wp-content\/uploads\/2016\/03\/icono-web-sitio.jpg?fit=510%2C510&ssl=1","contentUrl":"https:\/\/i2.wp.com\/huertatropical.com\/wp-content\/uploads\/2016\/03\/icono-web-sitio.jpg?fit=510%2C510&ssl=1","width":510,"height":510,"caption":"Huerta Tropical"},"image":{"@id":"https:\/\/nueva2.huertatropical.com\/en\/#\/schema\/logo\/image\/"},"sameAs":["https:\/\/es-es.facebook.com\/HuertaTropical\/","https:\/\/x.com\/HuertaTropical","https:\/\/www.instagram.com\/huertatropical\/","https:\/\/www.linkedin.com\/company\/huerta-tropical\/","https:\/\/www.pinterest.es\/huertatropical\/","https:\/\/www.youtube.com\/channel\/UCT44zfBbAxjNKNUGZhRt6CA"]}]}},"_links":{"self":[{"href":"https:\/\/nueva2.huertatropical.com\/en\/wp-json\/wp\/v2\/product\/20902","targetHints":{"allow":["GET"]}}],"collection":[{"href":"https:\/\/nueva2.huertatropical.com\/en\/wp-json\/wp\/v2\/product"}],"about":[{"href":"https:\/\/nueva2.huertatropical.com\/en\/wp-json\/wp\/v2\/types\/product"}],"replies":[{"embeddable":true,"href":"https:\/\/nueva2.huertatropical.com\/en\/wp-json\/wp\/v2\/comments?post=20902"}],"version-history":[{"count":1,"href":"https:\/\/nueva2.huertatropical.com\/en\/wp-json\/wp\/v2\/product\/20902\/revisions"}],"predecessor-version":[{"id":20921,"href":"https:\/\/nueva2.huertatropical.com\/en\/wp-json\/wp\/v2\/product\/20902\/revisions\/20921"}],"wp:featuredmedia":[{"embeddable":true,"href":"https:\/\/nueva2.huertatropical.com\/en\/wp-json\/wp\/v2\/media\/19285"}],"wp:attachment":[{"href":"https:\/\/nueva2.huertatropical.com\/en\/wp-json\/wp\/v2\/media?parent=20902"}],"wp:term":[{"taxonomy":"product_brand","embeddable":true,"href":"https:\/\/nueva2.huertatropical.com\/en\/wp-json\/wp\/v2\/product_brand?post=20902"},{"taxonomy":"product_cat","embeddable":true,"href":"https:\/\/nueva2.huertatropical.com\/en\/wp-json\/wp\/v2\/product_cat?post=20902"},{"taxonomy":"product_tag","embeddable":true,"href":"https:\/\/nueva2.huertatropical.com\/en\/wp-json\/wp\/v2\/product_tag?post=20902"}],"curies":[{"name":"wp","href":"https:\/\/api.w.org\/{rel}","templated":true}]}}