{"id":20807,"date":"2025-03-22T12:32:17","date_gmt":"2025-03-22T11:32:17","guid":{"rendered":"https:\/\/nueva2.huertatropical.com\/?post_type=product&#038;p=20807"},"modified":"2025-03-22T12:32:26","modified_gmt":"2025-03-22T11:32:26","slug":"caja-de-papayas-bio","status":"publish","type":"product","link":"https:\/\/nueva2.huertatropical.com\/en\/tienda-comprar-fruta-tropical-de-temporada\/comprar-fruta-ecologica\/caja-de-papayas-bio\/","title":{"rendered":"Caja de Papayas BIO"},"content":{"rendered":"<p>[vc_row][vc_column][vc_column_text]Si est\u00e1s interesado en <a href=\"https:\/\/huertatropical.com\/tienda-comprar-fruta-tropical-de-temporada\/comprar-surtido-fruta-tropical\/comprar-papaya\/\">comprar papaya<\/a> entra en el producto del enlace y disfrutaras de una maravillosa fruta en 24 horas[\/vc_column_text][vc_btn title=&#8221;Descubre los Beneficios para la Salud, m\u00e9todos de Conservaci\u00f3n y trucos para consumir Papaya&#8221; style=&#8221;3d&#8221; shape=&#8221;round&#8221; color=&#8221;warning&#8221; size=&#8221;lg&#8221; align=&#8221;center&#8221; button_block=&#8221;true&#8221; link=&#8221;url:https%3A%2F%2Fhuertatropical.com%2Fbeneficios-y-propiedades-papaya%2F||&#8221;][vc_column_text]Si quieres estar atento a las \u00faltimas novedades de nuestra web, nuevas frutas de temporada, ofertas y promociones, s\u00edguenos en nuestras redes sociales. Aqu\u00ed te dejamos nuestro\u00a0<a href=\"https:\/\/es-es.facebook.com\/HuertaTropical\/\" target=\"_blank\" rel=\"noopener noreferrer\">Facebook<\/a>\u00a0e\u00a0<a href=\"https:\/\/www.instagram.com\/huertatropical\" target=\"_blank\" rel=\"noopener noreferrer\">Instagram<\/a>.[\/vc_column_text][\/vc_column][\/vc_row]<\/p>\n","protected":false},"excerpt":{"rendered":"<p><span style=\"color: #00c0f0;\"><strong>\u00a1DisFruta de un 5% de DESCUENTO en tus Papayas al comprar m\u00e1s de <span style=\"font-size: 16px;\">1 Caja<\/span><\/strong><strong>!<\/strong><\/span><\/p>\n<p>La <span style=\"color: #ff9900;\"><strong>Papaya<\/strong> <strong><b>BIO Ecol\u00f3gica <\/b><\/strong><\/span>es una fruta tropical de forma el\u00edptica, con una pulpa jugosa y sabrosa de color anaranjado. Su sabor es ligeramente dulce con toques ex\u00f3ticos, convirti\u00e9ndola en ideal para elaborar batidos.\u00a0 Si el fruto procede de una flor hembra, tendr\u00e1 en su interior unas semillas muy caracter\u00edsticas negras. En cambio si el fruto se ha desarrollado a partir de una flor macho, la fruta no presentar\u00e1 estas semillas y el sabor ser\u00e1 algo m\u00e1s ins\u00edpido.<\/p>\n<p>La papaya posee una piel muy fina y f\u00e1cil de retirar para su consumo. Es de color amarillo que va entornando a naranja seg\u00fan va madurando.<\/p>\n<p>Fruta originaria de Centroam\u00e9rica, que en Espa\u00f1a se cultiva tanto en las Islas Canarias como en la Costa Tropical de la pen\u00ednsula, en la provincia de Granada.<\/p>\n<p>Su temporada en Espa\u00f1a va desde el mes de <span style=\"color: #ff9900;\">Septiembre<\/span> hasta el mes de <span style=\"color: #ff9900;\">Junio<\/span>.<\/p>\n<hr \/>\n<p><span style=\"color: #ff9900;\"><strong>Cantidad 1 Caja de aprox. 2kg y 4kg de peso<\/strong><\/span><strong> \u00a0<a href=\"https:\/\/huertatropical.com\/wp-content\/uploads\/2016\/07\/CAJA-CON-MANGOS-4kg-e1497293117152.png\"><img decoding=\"async\" class=\"alignnone wp-image-2528\" src=\"https:\/\/huertatropical.com\/wp-content\/uploads\/2016\/07\/CAJA-CON-MANGOS-4kg-e1497293117152.png\" alt=\"caja de cuatro kilogramos de mangos\" width=\"77\" height=\"62\" srcset=\"https:\/\/nueva2.huertatropical.com\/wp-content\/uploads\/2016\/07\/CAJA-CON-MANGOS-4kg-e1497293117152.png 709w, https:\/\/nueva2.huertatropical.com\/wp-content\/uploads\/2016\/07\/CAJA-CON-MANGOS-4kg-e1497293117152-430x348.png 430w, https:\/\/nueva2.huertatropical.com\/wp-content\/uploads\/2016\/07\/CAJA-CON-MANGOS-4kg-e1497293117152-150x121.png 150w, https:\/\/nueva2.huertatropical.com\/wp-content\/uploads\/2016\/07\/CAJA-CON-MANGOS-4kg-e1497293117152-700x567.png 700w, https:\/\/nueva2.huertatropical.com\/wp-content\/uploads\/2016\/07\/CAJA-CON-MANGOS-4kg-e1497293117152-300x243.png 300w\" sizes=\"(max-width: 77px) 100vw, 77px\" \/><\/a><\/strong><\/p>\n","protected":false},"featured_media":19171,"comment_status":"closed","ping_status":"closed","template":"","meta":[],"product_brand":[],"product_cat":[209],"product_tag":[],"class_list":{"0":"post-20807","1":"product","2":"type-product","3":"status-publish","4":"has-post-thumbnail","6":"product_cat-comprar-fruta-ecologica","8":"first","9":"outofstock","10":"taxable","11":"shipping-taxable","12":"purchasable","13":"product-type-variable","14":"has-default-attributes"},"yoast_head":"<!-- This site is optimized with the Yoast SEO plugin v24.7 - https:\/\/yoast.com\/wordpress\/plugins\/seo\/ -->\n<title>Comprar papaya ecol\u00f3gica a domicilio - Huerta Tropical<\/title>\n<meta name=\"description\" content=\"La Papaya Bio cultivada de forma ecol\u00f3gica, es una fruta tropical con una pulpa jugosa y sabrosa de color anaranjado. Dulce con toque ex\u00f3tico\" \/>\n<meta name=\"robots\" content=\"noindex, follow, max-snippet:-1, max-image-preview:large, max-video-preview:-1\" \/>\n<meta property=\"og:locale\" content=\"en_US\" \/>\n<meta property=\"og:type\" content=\"article\" \/>\n<meta property=\"og:title\" content=\"Comprar papaya ecol\u00f3gica a domicilio - Huerta Tropical\" \/>\n<meta property=\"og:description\" content=\"La Papaya Bio cultivada de forma ecol\u00f3gica, es una fruta tropical con una pulpa jugosa y sabrosa de color anaranjado. Dulce con toque ex\u00f3tico\" \/>\n<meta property=\"og:url\" content=\"https:\/\/nueva2.huertatropical.com\/en\/tienda-comprar-fruta-tropical-de-temporada\/comprar-fruta-ecologica\/caja-de-papayas-bio\/\" \/>\n<meta property=\"og:site_name\" content=\"Huerta Tropical\" \/>\n<meta property=\"article:publisher\" content=\"https:\/\/es-es.facebook.com\/HuertaTropical\/\" \/>\n<meta property=\"article:modified_time\" content=\"2025-03-22T11:32:26+00:00\" \/>\n<meta property=\"og:image\" content=\"https:\/\/nueva2.huertatropical.com\/wp-content\/uploads\/2024\/08\/Caja-de-Papaya-Ecologica-Bio.jpg\" \/>\n\t<meta property=\"og:image:width\" content=\"800\" \/>\n\t<meta property=\"og:image:height\" content=\"800\" \/>\n\t<meta property=\"og:image:type\" content=\"image\/jpeg\" \/>\n<meta name=\"twitter:card\" content=\"summary_large_image\" \/>\n<meta name=\"twitter:site\" content=\"@HuertaTropical\" \/>\n<meta name=\"twitter:label1\" content=\"Est. reading time\" \/>\n\t<meta name=\"twitter:data1\" content=\"1 minute\" \/>\n<script type=\"application\/ld+json\" class=\"yoast-schema-graph\">{\"@context\":\"https:\/\/schema.org\",\"@graph\":[{\"@type\":\"WebPage\",\"@id\":\"https:\/\/nueva2.huertatropical.com\/en\/tienda-comprar-fruta-tropical-de-temporada\/comprar-fruta-ecologica\/caja-de-papayas-bio\/\",\"url\":\"https:\/\/nueva2.huertatropical.com\/en\/tienda-comprar-fruta-tropical-de-temporada\/comprar-fruta-ecologica\/caja-de-papayas-bio\/\",\"name\":\"Comprar papaya ecol\u00f3gica a domicilio - Huerta Tropical\",\"isPartOf\":{\"@id\":\"https:\/\/nueva2.huertatropical.com\/en\/#website\"},\"primaryImageOfPage\":{\"@id\":\"https:\/\/nueva2.huertatropical.com\/en\/tienda-comprar-fruta-tropical-de-temporada\/comprar-fruta-ecologica\/caja-de-papayas-bio\/#primaryimage\"},\"image\":{\"@id\":\"https:\/\/nueva2.huertatropical.com\/en\/tienda-comprar-fruta-tropical-de-temporada\/comprar-fruta-ecologica\/caja-de-papayas-bio\/#primaryimage\"},\"thumbnailUrl\":\"https:\/\/nueva2.huertatropical.com\/wp-content\/uploads\/2024\/08\/Caja-de-Papaya-Ecologica-Bio.jpg\",\"datePublished\":\"2025-03-22T11:32:17+00:00\",\"dateModified\":\"2025-03-22T11:32:26+00:00\",\"description\":\"La Papaya Bio cultivada de forma ecol\u00f3gica, es una fruta tropical con una pulpa jugosa y sabrosa de color anaranjado. Dulce con toque ex\u00f3tico\",\"breadcrumb\":{\"@id\":\"https:\/\/nueva2.huertatropical.com\/en\/tienda-comprar-fruta-tropical-de-temporada\/comprar-fruta-ecologica\/caja-de-papayas-bio\/#breadcrumb\"},\"inLanguage\":\"en-US\",\"potentialAction\":[{\"@type\":\"ReadAction\",\"target\":[\"https:\/\/nueva2.huertatropical.com\/en\/tienda-comprar-fruta-tropical-de-temporada\/comprar-fruta-ecologica\/caja-de-papayas-bio\/\"]}]},{\"@type\":\"ImageObject\",\"inLanguage\":\"en-US\",\"@id\":\"https:\/\/nueva2.huertatropical.com\/en\/tienda-comprar-fruta-tropical-de-temporada\/comprar-fruta-ecologica\/caja-de-papayas-bio\/#primaryimage\",\"url\":\"https:\/\/nueva2.huertatropical.com\/wp-content\/uploads\/2024\/08\/Caja-de-Papaya-Ecologica-Bio.jpg\",\"contentUrl\":\"https:\/\/nueva2.huertatropical.com\/wp-content\/uploads\/2024\/08\/Caja-de-Papaya-Ecologica-Bio.jpg\",\"width\":800,\"height\":800},{\"@type\":\"BreadcrumbList\",\"@id\":\"https:\/\/nueva2.huertatropical.com\/en\/tienda-comprar-fruta-tropical-de-temporada\/comprar-fruta-ecologica\/caja-de-papayas-bio\/#breadcrumb\",\"itemListElement\":[{\"@type\":\"ListItem\",\"position\":1,\"name\":\"Portada\",\"item\":\"https:\/\/nueva2.huertatropical.com\/en\/\"},{\"@type\":\"ListItem\",\"position\":2,\"name\":\"Shop\",\"item\":\"https:\/\/nueva2.huertatropical.com\/en\/shop\/\"},{\"@type\":\"ListItem\",\"position\":3,\"name\":\"Caja de Papayas BIO\"}]},{\"@type\":\"WebSite\",\"@id\":\"https:\/\/nueva2.huertatropical.com\/en\/#website\",\"url\":\"https:\/\/nueva2.huertatropical.com\/en\/\",\"name\":\"Huerta Tropical\",\"description\":\"Comprar online fruta tropical de Granada a domicilio\",\"publisher\":{\"@id\":\"https:\/\/nueva2.huertatropical.com\/en\/#organization\"},\"potentialAction\":[{\"@type\":\"SearchAction\",\"target\":{\"@type\":\"EntryPoint\",\"urlTemplate\":\"https:\/\/nueva2.huertatropical.com\/en\/?s={search_term_string}\"},\"query-input\":{\"@type\":\"PropertyValueSpecification\",\"valueRequired\":true,\"valueName\":\"search_term_string\"}}],\"inLanguage\":\"en-US\"},{\"@type\":\"Organization\",\"@id\":\"https:\/\/nueva2.huertatropical.com\/en\/#organization\",\"name\":\"Huerta Tropical\",\"url\":\"https:\/\/nueva2.huertatropical.com\/en\/\",\"logo\":{\"@type\":\"ImageObject\",\"inLanguage\":\"en-US\",\"@id\":\"https:\/\/nueva2.huertatropical.com\/en\/#\/schema\/logo\/image\/\",\"url\":\"https:\/\/i2.wp.com\/huertatropical.com\/wp-content\/uploads\/2016\/03\/icono-web-sitio.jpg?fit=510%2C510&ssl=1\",\"contentUrl\":\"https:\/\/i2.wp.com\/huertatropical.com\/wp-content\/uploads\/2016\/03\/icono-web-sitio.jpg?fit=510%2C510&ssl=1\",\"width\":510,\"height\":510,\"caption\":\"Huerta Tropical\"},\"image\":{\"@id\":\"https:\/\/nueva2.huertatropical.com\/en\/#\/schema\/logo\/image\/\"},\"sameAs\":[\"https:\/\/es-es.facebook.com\/HuertaTropical\/\",\"https:\/\/x.com\/HuertaTropical\",\"https:\/\/www.instagram.com\/huertatropical\/\",\"https:\/\/www.linkedin.com\/company\/huerta-tropical\/\",\"https:\/\/www.pinterest.es\/huertatropical\/\",\"https:\/\/www.youtube.com\/channel\/UCT44zfBbAxjNKNUGZhRt6CA\"]}]}<\/script>\n<!-- \/ Yoast SEO plugin. -->","yoast_head_json":{"title":"Comprar papaya ecol\u00f3gica a domicilio - Huerta Tropical","description":"La Papaya Bio cultivada de forma ecol\u00f3gica, es una fruta tropical con una pulpa jugosa y sabrosa de color anaranjado. Dulce con toque ex\u00f3tico","robots":{"index":"noindex","follow":"follow","max-snippet":"max-snippet:-1","max-image-preview":"max-image-preview:large","max-video-preview":"max-video-preview:-1"},"og_locale":"en_US","og_type":"article","og_title":"Comprar papaya ecol\u00f3gica a domicilio - Huerta Tropical","og_description":"La Papaya Bio cultivada de forma ecol\u00f3gica, es una fruta tropical con una pulpa jugosa y sabrosa de color anaranjado. Dulce con toque ex\u00f3tico","og_url":"https:\/\/nueva2.huertatropical.com\/en\/tienda-comprar-fruta-tropical-de-temporada\/comprar-fruta-ecologica\/caja-de-papayas-bio\/","og_site_name":"Huerta Tropical","article_publisher":"https:\/\/es-es.facebook.com\/HuertaTropical\/","article_modified_time":"2025-03-22T11:32:26+00:00","og_image":[{"width":800,"height":800,"url":"https:\/\/nueva2.huertatropical.com\/wp-content\/uploads\/2024\/08\/Caja-de-Papaya-Ecologica-Bio.jpg","type":"image\/jpeg"}],"twitter_card":"summary_large_image","twitter_site":"@HuertaTropical","twitter_misc":{"Est. reading time":"1 minute"},"schema":{"@context":"https:\/\/schema.org","@graph":[{"@type":"WebPage","@id":"https:\/\/nueva2.huertatropical.com\/en\/tienda-comprar-fruta-tropical-de-temporada\/comprar-fruta-ecologica\/caja-de-papayas-bio\/","url":"https:\/\/nueva2.huertatropical.com\/en\/tienda-comprar-fruta-tropical-de-temporada\/comprar-fruta-ecologica\/caja-de-papayas-bio\/","name":"Comprar papaya ecol\u00f3gica a domicilio - Huerta Tropical","isPartOf":{"@id":"https:\/\/nueva2.huertatropical.com\/en\/#website"},"primaryImageOfPage":{"@id":"https:\/\/nueva2.huertatropical.com\/en\/tienda-comprar-fruta-tropical-de-temporada\/comprar-fruta-ecologica\/caja-de-papayas-bio\/#primaryimage"},"image":{"@id":"https:\/\/nueva2.huertatropical.com\/en\/tienda-comprar-fruta-tropical-de-temporada\/comprar-fruta-ecologica\/caja-de-papayas-bio\/#primaryimage"},"thumbnailUrl":"https:\/\/nueva2.huertatropical.com\/wp-content\/uploads\/2024\/08\/Caja-de-Papaya-Ecologica-Bio.jpg","datePublished":"2025-03-22T11:32:17+00:00","dateModified":"2025-03-22T11:32:26+00:00","description":"La Papaya Bio cultivada de forma ecol\u00f3gica, es una fruta tropical con una pulpa jugosa y sabrosa de color anaranjado. Dulce con toque ex\u00f3tico","breadcrumb":{"@id":"https:\/\/nueva2.huertatropical.com\/en\/tienda-comprar-fruta-tropical-de-temporada\/comprar-fruta-ecologica\/caja-de-papayas-bio\/#breadcrumb"},"inLanguage":"en-US","potentialAction":[{"@type":"ReadAction","target":["https:\/\/nueva2.huertatropical.com\/en\/tienda-comprar-fruta-tropical-de-temporada\/comprar-fruta-ecologica\/caja-de-papayas-bio\/"]}]},{"@type":"ImageObject","inLanguage":"en-US","@id":"https:\/\/nueva2.huertatropical.com\/en\/tienda-comprar-fruta-tropical-de-temporada\/comprar-fruta-ecologica\/caja-de-papayas-bio\/#primaryimage","url":"https:\/\/nueva2.huertatropical.com\/wp-content\/uploads\/2024\/08\/Caja-de-Papaya-Ecologica-Bio.jpg","contentUrl":"https:\/\/nueva2.huertatropical.com\/wp-content\/uploads\/2024\/08\/Caja-de-Papaya-Ecologica-Bio.jpg","width":800,"height":800},{"@type":"BreadcrumbList","@id":"https:\/\/nueva2.huertatropical.com\/en\/tienda-comprar-fruta-tropical-de-temporada\/comprar-fruta-ecologica\/caja-de-papayas-bio\/#breadcrumb","itemListElement":[{"@type":"ListItem","position":1,"name":"Portada","item":"https:\/\/nueva2.huertatropical.com\/en\/"},{"@type":"ListItem","position":2,"name":"Shop","item":"https:\/\/nueva2.huertatropical.com\/en\/shop\/"},{"@type":"ListItem","position":3,"name":"Caja de Papayas BIO"}]},{"@type":"WebSite","@id":"https:\/\/nueva2.huertatropical.com\/en\/#website","url":"https:\/\/nueva2.huertatropical.com\/en\/","name":"Huerta Tropical","description":"Comprar online fruta tropical de Granada a domicilio","publisher":{"@id":"https:\/\/nueva2.huertatropical.com\/en\/#organization"},"potentialAction":[{"@type":"SearchAction","target":{"@type":"EntryPoint","urlTemplate":"https:\/\/nueva2.huertatropical.com\/en\/?s={search_term_string}"},"query-input":{"@type":"PropertyValueSpecification","valueRequired":true,"valueName":"search_term_string"}}],"inLanguage":"en-US"},{"@type":"Organization","@id":"https:\/\/nueva2.huertatropical.com\/en\/#organization","name":"Huerta Tropical","url":"https:\/\/nueva2.huertatropical.com\/en\/","logo":{"@type":"ImageObject","inLanguage":"en-US","@id":"https:\/\/nueva2.huertatropical.com\/en\/#\/schema\/logo\/image\/","url":"https:\/\/i2.wp.com\/huertatropical.com\/wp-content\/uploads\/2016\/03\/icono-web-sitio.jpg?fit=510%2C510&ssl=1","contentUrl":"https:\/\/i2.wp.com\/huertatropical.com\/wp-content\/uploads\/2016\/03\/icono-web-sitio.jpg?fit=510%2C510&ssl=1","width":510,"height":510,"caption":"Huerta Tropical"},"image":{"@id":"https:\/\/nueva2.huertatropical.com\/en\/#\/schema\/logo\/image\/"},"sameAs":["https:\/\/es-es.facebook.com\/HuertaTropical\/","https:\/\/x.com\/HuertaTropical","https:\/\/www.instagram.com\/huertatropical\/","https:\/\/www.linkedin.com\/company\/huerta-tropical\/","https:\/\/www.pinterest.es\/huertatropical\/","https:\/\/www.youtube.com\/channel\/UCT44zfBbAxjNKNUGZhRt6CA"]}]}},"_links":{"self":[{"href":"https:\/\/nueva2.huertatropical.com\/en\/wp-json\/wp\/v2\/product\/20807","targetHints":{"allow":["GET"]}}],"collection":[{"href":"https:\/\/nueva2.huertatropical.com\/en\/wp-json\/wp\/v2\/product"}],"about":[{"href":"https:\/\/nueva2.huertatropical.com\/en\/wp-json\/wp\/v2\/types\/product"}],"replies":[{"embeddable":true,"href":"https:\/\/nueva2.huertatropical.com\/en\/wp-json\/wp\/v2\/comments?post=20807"}],"version-history":[{"count":1,"href":"https:\/\/nueva2.huertatropical.com\/en\/wp-json\/wp\/v2\/product\/20807\/revisions"}],"predecessor-version":[{"id":20834,"href":"https:\/\/nueva2.huertatropical.com\/en\/wp-json\/wp\/v2\/product\/20807\/revisions\/20834"}],"wp:featuredmedia":[{"embeddable":true,"href":"https:\/\/nueva2.huertatropical.com\/en\/wp-json\/wp\/v2\/media\/19171"}],"wp:attachment":[{"href":"https:\/\/nueva2.huertatropical.com\/en\/wp-json\/wp\/v2\/media?parent=20807"}],"wp:term":[{"taxonomy":"product_brand","embeddable":true,"href":"https:\/\/nueva2.huertatropical.com\/en\/wp-json\/wp\/v2\/product_brand?post=20807"},{"taxonomy":"product_cat","embeddable":true,"href":"https:\/\/nueva2.huertatropical.com\/en\/wp-json\/wp\/v2\/product_cat?post=20807"},{"taxonomy":"product_tag","embeddable":true,"href":"https:\/\/nueva2.huertatropical.com\/en\/wp-json\/wp\/v2\/product_tag?post=20807"}],"curies":[{"name":"wp","href":"https:\/\/api.w.org\/{rel}","templated":true}]}}