{"id":20761,"date":"2025-03-22T12:31:55","date_gmt":"2025-03-22T11:31:55","guid":{"rendered":"https:\/\/nueva2.huertatropical.com\/?post_type=product&#038;p=20761"},"modified":"2025-03-22T12:32:03","modified_gmt":"2025-03-22T11:32:03","slug":"fruta-de-la-pasion-bio","status":"publish","type":"product","link":"https:\/\/nueva2.huertatropical.com\/en\/tienda-comprar-fruta-tropical-de-temporada\/comprar-fruta-ecologica\/fruta-de-la-pasion-bio\/","title":{"rendered":"Fruta de la Pasi\u00f3n BIO"},"content":{"rendered":"<p>[vc_row][vc_column][vc_btn title=&#8221;Descubre los Beneficios para la Salud, m\u00e9todos de Conservaci\u00f3n y trucos para consumir Fruta de la Pasi\u00f3n&#8221; style=&#8221;3d&#8221; shape=&#8221;round&#8221; color=&#8221;purple&#8221; size=&#8221;lg&#8221; align=&#8221;center&#8221; button_block=&#8221;true&#8221; link=&#8221;url:https%3A%2F%2Fhuertatropical.com%2Fbeneficios-y-propiedades-fruta-de-la-pasion%2F||&#8221;][\/vc_column][\/vc_row]<\/p>\n","protected":false},"excerpt":{"rendered":"<p><span style=\"color: #00c0f0;\"><strong>\u00a1DisFruta de un 5% de DESCUENTO en tu Fruta de la Pasi\u00f3n al comprar m\u00e1s de 1Kg<\/strong><strong>!<\/strong><\/span><\/p>\n<p><strong> \u00a0<\/strong>El<span style=\"color: #ff00ff;\"><strong> Maracuy\u00e1<\/strong> o <strong>Fruta de la Pasi\u00f3n<\/strong> <b>BIO Ecol\u00f3gica <\/b><\/span>es una fruta tropical tambi\u00e9n conocida como granadilla.<\/p>\n<p>La Fruta de la Pasi\u00f3n, es originaria de Brasil y Paraguay, un fruto redondeado, perfectamente torneado que puede presentarse de color amarillo o morado seg\u00fan su variedad y en Espa\u00f1a se produce en Canarias y Andaluc\u00eda.<\/p>\n<p>En su interior nos encontramos con una pulpa de sabor dulce y \u00e1cido a la vez y muy refrescante. Contiene semillas, tambi\u00e9n comestibles. El maracuy\u00e1 posee una aroma intenso y muy tropical.<\/p>\n<p><span style=\"color: #cc00a0;\">Sabremos cuando consumir el Maracuy\u00e1 o Fruta de la Pasi\u00f3n, <strong>cuando su piel y su forma redondeada se arrugue<\/strong>, esto ser\u00e1 un indicativo de que la pulpa est\u00e1 con el punto de az\u00facar ideal reflejando\u00a0que est\u00e1 madura y que ha sufrido una peque\u00f1a p\u00e9rdida de humedad.\u00a0<\/span><\/p>\n<p>Su temporada en Espa\u00f1a va desde <span style=\"color: #cc00a0;\">Agosto<\/span> hasta <span style=\"color: #cc00a0;\">Mayo<\/span>.<\/p>\n<hr \/>\n<p><span style=\"color: #99cc00;\"><strong>Cantidad aprox. de<\/strong><strong> 1kg de peso<\/strong><\/span><\/p>\n","protected":false},"featured_media":19144,"comment_status":"closed","ping_status":"closed","template":"","meta":[],"product_brand":[],"product_cat":[209],"product_tag":[],"class_list":{"0":"post-20761","1":"product","2":"type-product","3":"status-publish","4":"has-post-thumbnail","6":"product_cat-comprar-fruta-ecologica","8":"first","9":"outofstock","10":"taxable","11":"shipping-taxable","12":"purchasable","13":"product-type-simple"},"yoast_head":"<!-- This site is optimized with the Yoast SEO plugin v24.7 - https:\/\/yoast.com\/wordpress\/plugins\/seo\/ -->\n<title>Comprar maracuy\u00e1 o Fruta de la Pasi\u00f3n BIO - Huerta Tropical<\/title>\n<meta name=\"description\" content=\"La Fruta de la Pasi\u00f3n ecol\u00f3gica tiene en su interior una pulpa de sabor dulce y \u00e1cido a la vez y muy refrescante. De aroma y sabor intenso.\" \/>\n<meta name=\"robots\" content=\"noindex, follow, max-snippet:-1, max-image-preview:large, max-video-preview:-1\" \/>\n<meta property=\"og:locale\" content=\"en_US\" \/>\n<meta property=\"og:type\" content=\"article\" \/>\n<meta property=\"og:title\" content=\"Comprar maracuy\u00e1 o Fruta de la Pasi\u00f3n BIO - Huerta Tropical\" \/>\n<meta property=\"og:description\" content=\"La Fruta de la Pasi\u00f3n ecol\u00f3gica tiene en su interior una pulpa de sabor dulce y \u00e1cido a la vez y muy refrescante. De aroma y sabor intenso.\" \/>\n<meta property=\"og:url\" content=\"https:\/\/nueva2.huertatropical.com\/en\/tienda-comprar-fruta-tropical-de-temporada\/comprar-fruta-ecologica\/fruta-de-la-pasion-bio\/\" \/>\n<meta property=\"og:site_name\" content=\"Huerta Tropical\" \/>\n<meta property=\"article:publisher\" content=\"https:\/\/es-es.facebook.com\/HuertaTropical\/\" \/>\n<meta property=\"article:modified_time\" content=\"2025-03-22T11:32:03+00:00\" \/>\n<meta property=\"og:image\" content=\"https:\/\/nueva2.huertatropical.com\/wp-content\/uploads\/2024\/08\/comprar-fruta-de-la-pasion-ecologica-online-a-domicilio.jpg\" \/>\n\t<meta property=\"og:image:width\" content=\"800\" \/>\n\t<meta property=\"og:image:height\" content=\"800\" \/>\n\t<meta property=\"og:image:type\" content=\"image\/jpeg\" \/>\n<meta name=\"twitter:card\" content=\"summary_large_image\" \/>\n<meta name=\"twitter:site\" content=\"@HuertaTropical\" \/>\n<script type=\"application\/ld+json\" class=\"yoast-schema-graph\">{\"@context\":\"https:\/\/schema.org\",\"@graph\":[{\"@type\":\"WebPage\",\"@id\":\"https:\/\/nueva2.huertatropical.com\/en\/tienda-comprar-fruta-tropical-de-temporada\/comprar-fruta-ecologica\/fruta-de-la-pasion-bio\/\",\"url\":\"https:\/\/nueva2.huertatropical.com\/en\/tienda-comprar-fruta-tropical-de-temporada\/comprar-fruta-ecologica\/fruta-de-la-pasion-bio\/\",\"name\":\"Comprar maracuy\u00e1 o Fruta de la Pasi\u00f3n BIO - Huerta Tropical\",\"isPartOf\":{\"@id\":\"https:\/\/nueva2.huertatropical.com\/en\/#website\"},\"primaryImageOfPage\":{\"@id\":\"https:\/\/nueva2.huertatropical.com\/en\/tienda-comprar-fruta-tropical-de-temporada\/comprar-fruta-ecologica\/fruta-de-la-pasion-bio\/#primaryimage\"},\"image\":{\"@id\":\"https:\/\/nueva2.huertatropical.com\/en\/tienda-comprar-fruta-tropical-de-temporada\/comprar-fruta-ecologica\/fruta-de-la-pasion-bio\/#primaryimage\"},\"thumbnailUrl\":\"https:\/\/nueva2.huertatropical.com\/wp-content\/uploads\/2024\/08\/comprar-fruta-de-la-pasion-ecologica-online-a-domicilio.jpg\",\"datePublished\":\"2025-03-22T11:31:55+00:00\",\"dateModified\":\"2025-03-22T11:32:03+00:00\",\"description\":\"La Fruta de la Pasi\u00f3n ecol\u00f3gica tiene en su interior una pulpa de sabor dulce y \u00e1cido a la vez y muy refrescante. De aroma y sabor intenso.\",\"breadcrumb\":{\"@id\":\"https:\/\/nueva2.huertatropical.com\/en\/tienda-comprar-fruta-tropical-de-temporada\/comprar-fruta-ecologica\/fruta-de-la-pasion-bio\/#breadcrumb\"},\"inLanguage\":\"en-US\",\"potentialAction\":[{\"@type\":\"ReadAction\",\"target\":[\"https:\/\/nueva2.huertatropical.com\/en\/tienda-comprar-fruta-tropical-de-temporada\/comprar-fruta-ecologica\/fruta-de-la-pasion-bio\/\"]}]},{\"@type\":\"ImageObject\",\"inLanguage\":\"en-US\",\"@id\":\"https:\/\/nueva2.huertatropical.com\/en\/tienda-comprar-fruta-tropical-de-temporada\/comprar-fruta-ecologica\/fruta-de-la-pasion-bio\/#primaryimage\",\"url\":\"https:\/\/nueva2.huertatropical.com\/wp-content\/uploads\/2024\/08\/comprar-fruta-de-la-pasion-ecologica-online-a-domicilio.jpg\",\"contentUrl\":\"https:\/\/nueva2.huertatropical.com\/wp-content\/uploads\/2024\/08\/comprar-fruta-de-la-pasion-ecologica-online-a-domicilio.jpg\",\"width\":800,\"height\":800},{\"@type\":\"BreadcrumbList\",\"@id\":\"https:\/\/nueva2.huertatropical.com\/en\/tienda-comprar-fruta-tropical-de-temporada\/comprar-fruta-ecologica\/fruta-de-la-pasion-bio\/#breadcrumb\",\"itemListElement\":[{\"@type\":\"ListItem\",\"position\":1,\"name\":\"Portada\",\"item\":\"https:\/\/nueva2.huertatropical.com\/en\/\"},{\"@type\":\"ListItem\",\"position\":2,\"name\":\"Shop\",\"item\":\"https:\/\/nueva2.huertatropical.com\/en\/shop\/\"},{\"@type\":\"ListItem\",\"position\":3,\"name\":\"Fruta de la Pasi\u00f3n BIO\"}]},{\"@type\":\"WebSite\",\"@id\":\"https:\/\/nueva2.huertatropical.com\/en\/#website\",\"url\":\"https:\/\/nueva2.huertatropical.com\/en\/\",\"name\":\"Huerta Tropical\",\"description\":\"Comprar online fruta tropical de Granada a domicilio\",\"publisher\":{\"@id\":\"https:\/\/nueva2.huertatropical.com\/en\/#organization\"},\"potentialAction\":[{\"@type\":\"SearchAction\",\"target\":{\"@type\":\"EntryPoint\",\"urlTemplate\":\"https:\/\/nueva2.huertatropical.com\/en\/?s={search_term_string}\"},\"query-input\":{\"@type\":\"PropertyValueSpecification\",\"valueRequired\":true,\"valueName\":\"search_term_string\"}}],\"inLanguage\":\"en-US\"},{\"@type\":\"Organization\",\"@id\":\"https:\/\/nueva2.huertatropical.com\/en\/#organization\",\"name\":\"Huerta Tropical\",\"url\":\"https:\/\/nueva2.huertatropical.com\/en\/\",\"logo\":{\"@type\":\"ImageObject\",\"inLanguage\":\"en-US\",\"@id\":\"https:\/\/nueva2.huertatropical.com\/en\/#\/schema\/logo\/image\/\",\"url\":\"https:\/\/i2.wp.com\/huertatropical.com\/wp-content\/uploads\/2016\/03\/icono-web-sitio.jpg?fit=510%2C510&ssl=1\",\"contentUrl\":\"https:\/\/i2.wp.com\/huertatropical.com\/wp-content\/uploads\/2016\/03\/icono-web-sitio.jpg?fit=510%2C510&ssl=1\",\"width\":510,\"height\":510,\"caption\":\"Huerta Tropical\"},\"image\":{\"@id\":\"https:\/\/nueva2.huertatropical.com\/en\/#\/schema\/logo\/image\/\"},\"sameAs\":[\"https:\/\/es-es.facebook.com\/HuertaTropical\/\",\"https:\/\/x.com\/HuertaTropical\",\"https:\/\/www.instagram.com\/huertatropical\/\",\"https:\/\/www.linkedin.com\/company\/huerta-tropical\/\",\"https:\/\/www.pinterest.es\/huertatropical\/\",\"https:\/\/www.youtube.com\/channel\/UCT44zfBbAxjNKNUGZhRt6CA\"]}]}<\/script>\n<!-- \/ Yoast SEO plugin. -->","yoast_head_json":{"title":"Comprar maracuy\u00e1 o Fruta de la Pasi\u00f3n BIO - Huerta Tropical","description":"La Fruta de la Pasi\u00f3n ecol\u00f3gica tiene en su interior una pulpa de sabor dulce y \u00e1cido a la vez y muy refrescante. De aroma y sabor intenso.","robots":{"index":"noindex","follow":"follow","max-snippet":"max-snippet:-1","max-image-preview":"max-image-preview:large","max-video-preview":"max-video-preview:-1"},"og_locale":"en_US","og_type":"article","og_title":"Comprar maracuy\u00e1 o Fruta de la Pasi\u00f3n BIO - Huerta Tropical","og_description":"La Fruta de la Pasi\u00f3n ecol\u00f3gica tiene en su interior una pulpa de sabor dulce y \u00e1cido a la vez y muy refrescante. De aroma y sabor intenso.","og_url":"https:\/\/nueva2.huertatropical.com\/en\/tienda-comprar-fruta-tropical-de-temporada\/comprar-fruta-ecologica\/fruta-de-la-pasion-bio\/","og_site_name":"Huerta Tropical","article_publisher":"https:\/\/es-es.facebook.com\/HuertaTropical\/","article_modified_time":"2025-03-22T11:32:03+00:00","og_image":[{"width":800,"height":800,"url":"https:\/\/nueva2.huertatropical.com\/wp-content\/uploads\/2024\/08\/comprar-fruta-de-la-pasion-ecologica-online-a-domicilio.jpg","type":"image\/jpeg"}],"twitter_card":"summary_large_image","twitter_site":"@HuertaTropical","schema":{"@context":"https:\/\/schema.org","@graph":[{"@type":"WebPage","@id":"https:\/\/nueva2.huertatropical.com\/en\/tienda-comprar-fruta-tropical-de-temporada\/comprar-fruta-ecologica\/fruta-de-la-pasion-bio\/","url":"https:\/\/nueva2.huertatropical.com\/en\/tienda-comprar-fruta-tropical-de-temporada\/comprar-fruta-ecologica\/fruta-de-la-pasion-bio\/","name":"Comprar maracuy\u00e1 o Fruta de la Pasi\u00f3n BIO - Huerta Tropical","isPartOf":{"@id":"https:\/\/nueva2.huertatropical.com\/en\/#website"},"primaryImageOfPage":{"@id":"https:\/\/nueva2.huertatropical.com\/en\/tienda-comprar-fruta-tropical-de-temporada\/comprar-fruta-ecologica\/fruta-de-la-pasion-bio\/#primaryimage"},"image":{"@id":"https:\/\/nueva2.huertatropical.com\/en\/tienda-comprar-fruta-tropical-de-temporada\/comprar-fruta-ecologica\/fruta-de-la-pasion-bio\/#primaryimage"},"thumbnailUrl":"https:\/\/nueva2.huertatropical.com\/wp-content\/uploads\/2024\/08\/comprar-fruta-de-la-pasion-ecologica-online-a-domicilio.jpg","datePublished":"2025-03-22T11:31:55+00:00","dateModified":"2025-03-22T11:32:03+00:00","description":"La Fruta de la Pasi\u00f3n ecol\u00f3gica tiene en su interior una pulpa de sabor dulce y \u00e1cido a la vez y muy refrescante. De aroma y sabor intenso.","breadcrumb":{"@id":"https:\/\/nueva2.huertatropical.com\/en\/tienda-comprar-fruta-tropical-de-temporada\/comprar-fruta-ecologica\/fruta-de-la-pasion-bio\/#breadcrumb"},"inLanguage":"en-US","potentialAction":[{"@type":"ReadAction","target":["https:\/\/nueva2.huertatropical.com\/en\/tienda-comprar-fruta-tropical-de-temporada\/comprar-fruta-ecologica\/fruta-de-la-pasion-bio\/"]}]},{"@type":"ImageObject","inLanguage":"en-US","@id":"https:\/\/nueva2.huertatropical.com\/en\/tienda-comprar-fruta-tropical-de-temporada\/comprar-fruta-ecologica\/fruta-de-la-pasion-bio\/#primaryimage","url":"https:\/\/nueva2.huertatropical.com\/wp-content\/uploads\/2024\/08\/comprar-fruta-de-la-pasion-ecologica-online-a-domicilio.jpg","contentUrl":"https:\/\/nueva2.huertatropical.com\/wp-content\/uploads\/2024\/08\/comprar-fruta-de-la-pasion-ecologica-online-a-domicilio.jpg","width":800,"height":800},{"@type":"BreadcrumbList","@id":"https:\/\/nueva2.huertatropical.com\/en\/tienda-comprar-fruta-tropical-de-temporada\/comprar-fruta-ecologica\/fruta-de-la-pasion-bio\/#breadcrumb","itemListElement":[{"@type":"ListItem","position":1,"name":"Portada","item":"https:\/\/nueva2.huertatropical.com\/en\/"},{"@type":"ListItem","position":2,"name":"Shop","item":"https:\/\/nueva2.huertatropical.com\/en\/shop\/"},{"@type":"ListItem","position":3,"name":"Fruta de la Pasi\u00f3n BIO"}]},{"@type":"WebSite","@id":"https:\/\/nueva2.huertatropical.com\/en\/#website","url":"https:\/\/nueva2.huertatropical.com\/en\/","name":"Huerta Tropical","description":"Comprar online fruta tropical de Granada a domicilio","publisher":{"@id":"https:\/\/nueva2.huertatropical.com\/en\/#organization"},"potentialAction":[{"@type":"SearchAction","target":{"@type":"EntryPoint","urlTemplate":"https:\/\/nueva2.huertatropical.com\/en\/?s={search_term_string}"},"query-input":{"@type":"PropertyValueSpecification","valueRequired":true,"valueName":"search_term_string"}}],"inLanguage":"en-US"},{"@type":"Organization","@id":"https:\/\/nueva2.huertatropical.com\/en\/#organization","name":"Huerta Tropical","url":"https:\/\/nueva2.huertatropical.com\/en\/","logo":{"@type":"ImageObject","inLanguage":"en-US","@id":"https:\/\/nueva2.huertatropical.com\/en\/#\/schema\/logo\/image\/","url":"https:\/\/i2.wp.com\/huertatropical.com\/wp-content\/uploads\/2016\/03\/icono-web-sitio.jpg?fit=510%2C510&ssl=1","contentUrl":"https:\/\/i2.wp.com\/huertatropical.com\/wp-content\/uploads\/2016\/03\/icono-web-sitio.jpg?fit=510%2C510&ssl=1","width":510,"height":510,"caption":"Huerta Tropical"},"image":{"@id":"https:\/\/nueva2.huertatropical.com\/en\/#\/schema\/logo\/image\/"},"sameAs":["https:\/\/es-es.facebook.com\/HuertaTropical\/","https:\/\/x.com\/HuertaTropical","https:\/\/www.instagram.com\/huertatropical\/","https:\/\/www.linkedin.com\/company\/huerta-tropical\/","https:\/\/www.pinterest.es\/huertatropical\/","https:\/\/www.youtube.com\/channel\/UCT44zfBbAxjNKNUGZhRt6CA"]}]}},"_links":{"self":[{"href":"https:\/\/nueva2.huertatropical.com\/en\/wp-json\/wp\/v2\/product\/20761","targetHints":{"allow":["GET"]}}],"collection":[{"href":"https:\/\/nueva2.huertatropical.com\/en\/wp-json\/wp\/v2\/product"}],"about":[{"href":"https:\/\/nueva2.huertatropical.com\/en\/wp-json\/wp\/v2\/types\/product"}],"replies":[{"embeddable":true,"href":"https:\/\/nueva2.huertatropical.com\/en\/wp-json\/wp\/v2\/comments?post=20761"}],"version-history":[{"count":1,"href":"https:\/\/nueva2.huertatropical.com\/en\/wp-json\/wp\/v2\/product\/20761\/revisions"}],"predecessor-version":[{"id":20789,"href":"https:\/\/nueva2.huertatropical.com\/en\/wp-json\/wp\/v2\/product\/20761\/revisions\/20789"}],"wp:featuredmedia":[{"embeddable":true,"href":"https:\/\/nueva2.huertatropical.com\/en\/wp-json\/wp\/v2\/media\/19144"}],"wp:attachment":[{"href":"https:\/\/nueva2.huertatropical.com\/en\/wp-json\/wp\/v2\/media?parent=20761"}],"wp:term":[{"taxonomy":"product_brand","embeddable":true,"href":"https:\/\/nueva2.huertatropical.com\/en\/wp-json\/wp\/v2\/product_brand?post=20761"},{"taxonomy":"product_cat","embeddable":true,"href":"https:\/\/nueva2.huertatropical.com\/en\/wp-json\/wp\/v2\/product_cat?post=20761"},{"taxonomy":"product_tag","embeddable":true,"href":"https:\/\/nueva2.huertatropical.com\/en\/wp-json\/wp\/v2\/product_tag?post=20761"}],"curies":[{"name":"wp","href":"https:\/\/api.w.org\/{rel}","templated":true}]}}