{"id":20746,"date":"2025-03-22T12:31:53","date_gmt":"2025-03-22T11:31:53","guid":{"rendered":"https:\/\/nueva2.huertatropical.com\/?post_type=product&#038;p=20746"},"modified":"2025-03-22T12:31:58","modified_gmt":"2025-03-22T11:31:58","slug":"aguacate-baby-hass-mini-kg","status":"publish","type":"product","link":"https:\/\/nueva2.huertatropical.com\/en\/tienda-comprar-fruta-tropical-de-temporada\/comprar-surtido-fruta-tropical\/aguacate-baby-hass-mini-kg\/","title":{"rendered":"Aguacate Baby Hass Mini Kg"},"content":{"rendered":"<p>[vc_row][vc_column][vc_column_text]<\/p>\n<h3 class=\"shortcode_title title_1778590786 main_font vc_custom_1529636139555\"><span style=\"color: #008000;\">Mini aguacates Baby Hass &#8211; <\/span><span style=\"color: #008000;\">Beneficios para la salud y propiedades<\/span><\/h3>\n<p>El contenido de agua de los Mini Aguacates o Baby Hass, es inferior a otras frutas, por lo que su <strong>aporte cal\u00f3rico <\/strong>es ligeramente mayor aportando en el caso de cada mini aguacate 167cal.<\/p>\n<p>La presencia de <strong>grasas monoinsaturadas, <\/strong>ayudan a reducir el conocido como colesterol malo, el colesterol LDL, el llamado colesterol \u2018\u2019malo\u2019\u2019 y a aumentar el colesterol \u2019bueno\u2019\u2019 el HDL. As\u00ed que es considerado un alimento cardio saludable.<\/p>\n<p>Aporta <strong>vitaminas A<\/strong>\u00a0y<strong> C, <\/strong><strong>vitamina B12 <\/strong>y altos niveles de<strong>Vitamina E.\u00a0<\/strong>Lo que le confiere propiedades antioxidantes naturales que ayudan a combatir los radicales libres.<\/p>\n<p>Cada de mini aguacate nos aportar\u00e1 pieza 3 gr de <strong>fibra<\/strong>, ideal para empezar el d\u00eda con un tr\u00e1nsito intestinal correcto.<\/p>\n<h3><\/h3>\n<h3><span style=\"color: #008000;\">Como conservar y madurar <\/span><span style=\"color: #008000;\">Mini aguacates Baby Hass<\/span><\/h3>\n<div class=\"col-sm-8 content\">\n<div class=\"field field-name-body field-type-text-with-summary field-label-hidden\">\n<div class=\"field-items\">\n<div class=\"field-item even\">\n<p>Al tratarse de la variedad hass sabremos que el aguacate est\u00e1 maduro cuando ceda a la presi\u00f3n de los dedos y su piel se haya vuelto marr\u00f3n o negra.<\/p>\n<p>&nbsp;<\/p>\n<p><a href=\"https:\/\/huertatropical.com\/wp-content\/uploads\/2016\/02\/fases-madurez-aguacate.png\"><img fetchpriority=\"high\" decoding=\"async\" class=\"size-large wp-image-2720 aligncenter\" src=\"https:\/\/huertatropical.com\/wp-content\/uploads\/2016\/02\/fases-madurez-aguacate-1024x195.png\" alt=\"Fases y punto de madurez del aguacate\" width=\"640\" height=\"122\" srcset=\"https:\/\/nueva2.huertatropical.com\/wp-content\/uploads\/2016\/02\/fases-madurez-aguacate-1024x195.png 1024w, https:\/\/nueva2.huertatropical.com\/wp-content\/uploads\/2016\/02\/fases-madurez-aguacate-430x82.png 430w, https:\/\/nueva2.huertatropical.com\/wp-content\/uploads\/2016\/02\/fases-madurez-aguacate-150x29.png 150w, https:\/\/nueva2.huertatropical.com\/wp-content\/uploads\/2016\/02\/fases-madurez-aguacate-700x133.png 700w, https:\/\/nueva2.huertatropical.com\/wp-content\/uploads\/2016\/02\/fases-madurez-aguacate-300x57.png 300w, https:\/\/nueva2.huertatropical.com\/wp-content\/uploads\/2016\/02\/fases-madurez-aguacate-768x146.png 768w, https:\/\/nueva2.huertatropical.com\/wp-content\/uploads\/2016\/02\/fases-madurez-aguacate.png 1134w\" sizes=\"(max-width: 640px) 100vw, 640px\" \/><\/a><\/p>\n<p>Nuestros aguacates no pasan por c\u00e1maras de maduraci\u00f3n por lo que para mantener su sabor, lo ideal es que madure y se conserva a temperatura ambiente. Si lo que deseamos es <strong>acelerar el proceso de maduraci\u00f3n<\/strong> podemos meter el aguacate en una bolsa de papel con manzanas o pl\u00e1tanos.<\/p>\n<p>Para detener el proceso de maduraci\u00f3n y conservarlos durante m\u00e1s tiempo, se pueden guardar enteros en la nevera.<\/p>\n<p>&nbsp;<\/p>\n<h3><span style=\"color: #008000;\">C\u00f3mo preparar y comer mini aguacates Hass<\/span><\/h3>\n<\/div>\n<\/div>\n<\/div>\n<\/div>\n<p>El peque\u00f1o tama\u00f1o de este aguacate lo convierten en ideal para consumir una pieza diaria en cada desayuno. Si esperamos a que est\u00e1 bien maduro, untarlo en una tostada puede ser la soluci\u00f3n m\u00e1s saludable para empezar el d\u00eda.<\/p>\n<p>Si quieres estar atento a las \u00faltimas novedades de nuestra web, nuevas frutas de temporada, ofertas y promociones, s\u00edguenos en nuestras redes sociales. Aqu\u00ed te dejamos nuestros <a href=\"https:\/\/es-es.facebook.com\/HuertaTropical\/\" target=\"_blank\" rel=\"noopener noreferrer\">Facebook<\/a> e <a href=\"https:\/\/www.instagram.com\/huertatropical\" target=\"_blank\" rel=\"noopener noreferrer\">Instagram<\/a>.[\/vc_column_text][\/vc_column][\/vc_row][vc_row][vc_column][vc_btn title=&#8221;Descubre los Beneficios para la Salud, m\u00e9todos de Conservaci\u00f3n y trucos para consumir Aguacate&#8221; style=&#8221;3d&#8221; shape=&#8221;round&#8221; color=&#8221;success&#8221; size=&#8221;lg&#8221; align=&#8221;center&#8221; button_block=&#8221;true&#8221; link=&#8221;url:https%3A%2F%2Fhuertatropical.com%2Fbeneficios-y-propiedades-aguacate%2F||&#8221;][\/vc_column][\/vc_row]<\/p>\n","protected":false},"excerpt":{"rendered":"<p><span style=\"color: #ff6600;\"><strong>Mini Aguacates Baby Hass Cantidad aprox. 1kg de peso (8\/10\/12 unidades)<\/strong><\/span><\/p>\n<p><span style=\"color: #ff0000;\"><strong>*Producto nacional, de la Costa Tropical de Motril<\/strong><\/span><\/p>\n<p>Los Mini Aguacates o Baby Hass, est\u00e1n considerados la cantidad diaria ideal para una persona.<\/p>\n<p>Tiene el mismo sabor, la misma grasa&#8230; pero concentrado en una fruto m\u00e1s peque\u00f1o. Su semilla tambi\u00e9n es peque\u00f1a, como una pipa de calabaza, proporcional al aguacate, as\u00ed que el contenido de pulpa es equivalente al que tienen las piezas m\u00e1s grandes.<\/p>\n<p>La variedad Hass es la m\u00e1s reconocida entre los aguacates por su piel verde rugosa que se vuelve negra a medida que madura y su pulpa amarilla que tiene un intenso sabor a frutos secos.<\/p>\n<p>El tama\u00f1o peque\u00f1o, entre 70 grs y 130 grs, lo hace ideal para consumir entero en una tostada, sin tener que guardar una mitad como ocurre con los aguacates de tama\u00f1o considerable.<\/p>\n<p>La temporada para disfrutar del <strong><span style=\"color: #339966;\">aguacate Baby Hass<\/span><\/strong> va desde <strong><span style=\"color: #339966;\">Diciembre<\/span><\/strong> a <span style=\"color: #339966;\"><strong>Julio.<\/strong><\/span><\/p>\n","protected":false},"featured_media":19090,"comment_status":"closed","ping_status":"closed","template":"","meta":[],"product_brand":[],"product_cat":[205,203],"product_tag":[57],"class_list":{"0":"post-20746","1":"product","2":"type-product","3":"status-publish","4":"has-post-thumbnail","6":"product_cat-comprar-aguacate-costa-tropical-granada","7":"product_cat-comprar-surtido-fruta-tropical","8":"product_tag-aguacate-costa-tropical","10":"first","11":"outofstock","12":"featured","13":"taxable","14":"shipping-taxable","15":"purchasable","16":"product-type-simple"},"yoast_head":"<!-- This site is optimized with the Yoast SEO plugin v24.7 - https:\/\/yoast.com\/wordpress\/plugins\/seo\/ -->\n<title>Mini Aguacates Baby hass Compra mini aguacate tostada<\/title>\n<meta name=\"description\" content=\"Mini Aguacates Baby Hass. Posee un exquisito sabor a frutos secos. El contenido de pulpa es equivalente al que tienen las piezas m\u00e1s grandes.\" \/>\n<meta name=\"robots\" content=\"noindex, follow, max-snippet:-1, max-image-preview:large, max-video-preview:-1\" \/>\n<meta property=\"og:locale\" content=\"en_US\" \/>\n<meta property=\"og:type\" content=\"article\" \/>\n<meta property=\"og:title\" content=\"Mini Aguacates Baby hass Compra mini aguacate tostada\" \/>\n<meta property=\"og:description\" content=\"Mini Aguacates Baby Hass. Posee un exquisito sabor a frutos secos. El contenido de pulpa es equivalente al que tienen las piezas m\u00e1s grandes.\" \/>\n<meta property=\"og:url\" content=\"https:\/\/nueva2.huertatropical.com\/en\/tienda-comprar-fruta-tropical-de-temporada\/comprar-surtido-fruta-tropical\/aguacate-baby-hass-mini-kg\/\" \/>\n<meta property=\"og:site_name\" content=\"Huerta Tropical\" \/>\n<meta property=\"article:publisher\" content=\"https:\/\/es-es.facebook.com\/HuertaTropical\/\" \/>\n<meta property=\"article:modified_time\" content=\"2025-03-22T11:31:58+00:00\" \/>\n<meta property=\"og:image\" content=\"https:\/\/nueva2.huertatropical.com\/wp-content\/uploads\/2024\/08\/mini-hass-baby.jpg\" \/>\n\t<meta property=\"og:image:width\" content=\"800\" \/>\n\t<meta property=\"og:image:height\" content=\"800\" \/>\n\t<meta property=\"og:image:type\" content=\"image\/jpeg\" \/>\n<meta name=\"twitter:card\" content=\"summary_large_image\" \/>\n<meta name=\"twitter:site\" content=\"@HuertaTropical\" \/>\n<meta name=\"twitter:label1\" content=\"Est. reading time\" \/>\n\t<meta name=\"twitter:data1\" content=\"2 minutes\" \/>\n<script type=\"application\/ld+json\" class=\"yoast-schema-graph\">{\"@context\":\"https:\/\/schema.org\",\"@graph\":[{\"@type\":\"WebPage\",\"@id\":\"https:\/\/nueva2.huertatropical.com\/en\/tienda-comprar-fruta-tropical-de-temporada\/comprar-surtido-fruta-tropical\/aguacate-baby-hass-mini-kg\/\",\"url\":\"https:\/\/nueva2.huertatropical.com\/en\/tienda-comprar-fruta-tropical-de-temporada\/comprar-surtido-fruta-tropical\/aguacate-baby-hass-mini-kg\/\",\"name\":\"Mini Aguacates Baby hass Compra mini aguacate tostada\",\"isPartOf\":{\"@id\":\"https:\/\/nueva2.huertatropical.com\/en\/#website\"},\"primaryImageOfPage\":{\"@id\":\"https:\/\/nueva2.huertatropical.com\/en\/tienda-comprar-fruta-tropical-de-temporada\/comprar-surtido-fruta-tropical\/aguacate-baby-hass-mini-kg\/#primaryimage\"},\"image\":{\"@id\":\"https:\/\/nueva2.huertatropical.com\/en\/tienda-comprar-fruta-tropical-de-temporada\/comprar-surtido-fruta-tropical\/aguacate-baby-hass-mini-kg\/#primaryimage\"},\"thumbnailUrl\":\"https:\/\/nueva2.huertatropical.com\/wp-content\/uploads\/2024\/08\/mini-hass-baby.jpg\",\"datePublished\":\"2025-03-22T11:31:53+00:00\",\"dateModified\":\"2025-03-22T11:31:58+00:00\",\"description\":\"Mini Aguacates Baby Hass. Posee un exquisito sabor a frutos secos. El contenido de pulpa es equivalente al que tienen las piezas m\u00e1s grandes.\",\"breadcrumb\":{\"@id\":\"https:\/\/nueva2.huertatropical.com\/en\/tienda-comprar-fruta-tropical-de-temporada\/comprar-surtido-fruta-tropical\/aguacate-baby-hass-mini-kg\/#breadcrumb\"},\"inLanguage\":\"en-US\",\"potentialAction\":[{\"@type\":\"ReadAction\",\"target\":[\"https:\/\/nueva2.huertatropical.com\/en\/tienda-comprar-fruta-tropical-de-temporada\/comprar-surtido-fruta-tropical\/aguacate-baby-hass-mini-kg\/\"]}]},{\"@type\":\"ImageObject\",\"inLanguage\":\"en-US\",\"@id\":\"https:\/\/nueva2.huertatropical.com\/en\/tienda-comprar-fruta-tropical-de-temporada\/comprar-surtido-fruta-tropical\/aguacate-baby-hass-mini-kg\/#primaryimage\",\"url\":\"https:\/\/nueva2.huertatropical.com\/wp-content\/uploads\/2024\/08\/mini-hass-baby.jpg\",\"contentUrl\":\"https:\/\/nueva2.huertatropical.com\/wp-content\/uploads\/2024\/08\/mini-hass-baby.jpg\",\"width\":800,\"height\":800},{\"@type\":\"BreadcrumbList\",\"@id\":\"https:\/\/nueva2.huertatropical.com\/en\/tienda-comprar-fruta-tropical-de-temporada\/comprar-surtido-fruta-tropical\/aguacate-baby-hass-mini-kg\/#breadcrumb\",\"itemListElement\":[{\"@type\":\"ListItem\",\"position\":1,\"name\":\"Portada\",\"item\":\"https:\/\/nueva2.huertatropical.com\/en\/\"},{\"@type\":\"ListItem\",\"position\":2,\"name\":\"Shop\",\"item\":\"https:\/\/nueva2.huertatropical.com\/en\/shop\/\"},{\"@type\":\"ListItem\",\"position\":3,\"name\":\"Aguacate Baby Hass Mini Kg\"}]},{\"@type\":\"WebSite\",\"@id\":\"https:\/\/nueva2.huertatropical.com\/en\/#website\",\"url\":\"https:\/\/nueva2.huertatropical.com\/en\/\",\"name\":\"Huerta Tropical\",\"description\":\"Comprar online fruta tropical de Granada a domicilio\",\"publisher\":{\"@id\":\"https:\/\/nueva2.huertatropical.com\/en\/#organization\"},\"potentialAction\":[{\"@type\":\"SearchAction\",\"target\":{\"@type\":\"EntryPoint\",\"urlTemplate\":\"https:\/\/nueva2.huertatropical.com\/en\/?s={search_term_string}\"},\"query-input\":{\"@type\":\"PropertyValueSpecification\",\"valueRequired\":true,\"valueName\":\"search_term_string\"}}],\"inLanguage\":\"en-US\"},{\"@type\":\"Organization\",\"@id\":\"https:\/\/nueva2.huertatropical.com\/en\/#organization\",\"name\":\"Huerta Tropical\",\"url\":\"https:\/\/nueva2.huertatropical.com\/en\/\",\"logo\":{\"@type\":\"ImageObject\",\"inLanguage\":\"en-US\",\"@id\":\"https:\/\/nueva2.huertatropical.com\/en\/#\/schema\/logo\/image\/\",\"url\":\"https:\/\/i2.wp.com\/huertatropical.com\/wp-content\/uploads\/2016\/03\/icono-web-sitio.jpg?fit=510%2C510&ssl=1\",\"contentUrl\":\"https:\/\/i2.wp.com\/huertatropical.com\/wp-content\/uploads\/2016\/03\/icono-web-sitio.jpg?fit=510%2C510&ssl=1\",\"width\":510,\"height\":510,\"caption\":\"Huerta Tropical\"},\"image\":{\"@id\":\"https:\/\/nueva2.huertatropical.com\/en\/#\/schema\/logo\/image\/\"},\"sameAs\":[\"https:\/\/es-es.facebook.com\/HuertaTropical\/\",\"https:\/\/x.com\/HuertaTropical\",\"https:\/\/www.instagram.com\/huertatropical\/\",\"https:\/\/www.linkedin.com\/company\/huerta-tropical\/\",\"https:\/\/www.pinterest.es\/huertatropical\/\",\"https:\/\/www.youtube.com\/channel\/UCT44zfBbAxjNKNUGZhRt6CA\"]}]}<\/script>\n<!-- \/ Yoast SEO plugin. -->","yoast_head_json":{"title":"Mini Aguacates Baby hass Compra mini aguacate tostada","description":"Mini Aguacates Baby Hass. Posee un exquisito sabor a frutos secos. El contenido de pulpa es equivalente al que tienen las piezas m\u00e1s grandes.","robots":{"index":"noindex","follow":"follow","max-snippet":"max-snippet:-1","max-image-preview":"max-image-preview:large","max-video-preview":"max-video-preview:-1"},"og_locale":"en_US","og_type":"article","og_title":"Mini Aguacates Baby hass Compra mini aguacate tostada","og_description":"Mini Aguacates Baby Hass. Posee un exquisito sabor a frutos secos. El contenido de pulpa es equivalente al que tienen las piezas m\u00e1s grandes.","og_url":"https:\/\/nueva2.huertatropical.com\/en\/tienda-comprar-fruta-tropical-de-temporada\/comprar-surtido-fruta-tropical\/aguacate-baby-hass-mini-kg\/","og_site_name":"Huerta Tropical","article_publisher":"https:\/\/es-es.facebook.com\/HuertaTropical\/","article_modified_time":"2025-03-22T11:31:58+00:00","og_image":[{"width":800,"height":800,"url":"https:\/\/nueva2.huertatropical.com\/wp-content\/uploads\/2024\/08\/mini-hass-baby.jpg","type":"image\/jpeg"}],"twitter_card":"summary_large_image","twitter_site":"@HuertaTropical","twitter_misc":{"Est. reading time":"2 minutes"},"schema":{"@context":"https:\/\/schema.org","@graph":[{"@type":"WebPage","@id":"https:\/\/nueva2.huertatropical.com\/en\/tienda-comprar-fruta-tropical-de-temporada\/comprar-surtido-fruta-tropical\/aguacate-baby-hass-mini-kg\/","url":"https:\/\/nueva2.huertatropical.com\/en\/tienda-comprar-fruta-tropical-de-temporada\/comprar-surtido-fruta-tropical\/aguacate-baby-hass-mini-kg\/","name":"Mini Aguacates Baby hass Compra mini aguacate tostada","isPartOf":{"@id":"https:\/\/nueva2.huertatropical.com\/en\/#website"},"primaryImageOfPage":{"@id":"https:\/\/nueva2.huertatropical.com\/en\/tienda-comprar-fruta-tropical-de-temporada\/comprar-surtido-fruta-tropical\/aguacate-baby-hass-mini-kg\/#primaryimage"},"image":{"@id":"https:\/\/nueva2.huertatropical.com\/en\/tienda-comprar-fruta-tropical-de-temporada\/comprar-surtido-fruta-tropical\/aguacate-baby-hass-mini-kg\/#primaryimage"},"thumbnailUrl":"https:\/\/nueva2.huertatropical.com\/wp-content\/uploads\/2024\/08\/mini-hass-baby.jpg","datePublished":"2025-03-22T11:31:53+00:00","dateModified":"2025-03-22T11:31:58+00:00","description":"Mini Aguacates Baby Hass. Posee un exquisito sabor a frutos secos. El contenido de pulpa es equivalente al que tienen las piezas m\u00e1s grandes.","breadcrumb":{"@id":"https:\/\/nueva2.huertatropical.com\/en\/tienda-comprar-fruta-tropical-de-temporada\/comprar-surtido-fruta-tropical\/aguacate-baby-hass-mini-kg\/#breadcrumb"},"inLanguage":"en-US","potentialAction":[{"@type":"ReadAction","target":["https:\/\/nueva2.huertatropical.com\/en\/tienda-comprar-fruta-tropical-de-temporada\/comprar-surtido-fruta-tropical\/aguacate-baby-hass-mini-kg\/"]}]},{"@type":"ImageObject","inLanguage":"en-US","@id":"https:\/\/nueva2.huertatropical.com\/en\/tienda-comprar-fruta-tropical-de-temporada\/comprar-surtido-fruta-tropical\/aguacate-baby-hass-mini-kg\/#primaryimage","url":"https:\/\/nueva2.huertatropical.com\/wp-content\/uploads\/2024\/08\/mini-hass-baby.jpg","contentUrl":"https:\/\/nueva2.huertatropical.com\/wp-content\/uploads\/2024\/08\/mini-hass-baby.jpg","width":800,"height":800},{"@type":"BreadcrumbList","@id":"https:\/\/nueva2.huertatropical.com\/en\/tienda-comprar-fruta-tropical-de-temporada\/comprar-surtido-fruta-tropical\/aguacate-baby-hass-mini-kg\/#breadcrumb","itemListElement":[{"@type":"ListItem","position":1,"name":"Portada","item":"https:\/\/nueva2.huertatropical.com\/en\/"},{"@type":"ListItem","position":2,"name":"Shop","item":"https:\/\/nueva2.huertatropical.com\/en\/shop\/"},{"@type":"ListItem","position":3,"name":"Aguacate Baby Hass Mini Kg"}]},{"@type":"WebSite","@id":"https:\/\/nueva2.huertatropical.com\/en\/#website","url":"https:\/\/nueva2.huertatropical.com\/en\/","name":"Huerta Tropical","description":"Comprar online fruta tropical de Granada a domicilio","publisher":{"@id":"https:\/\/nueva2.huertatropical.com\/en\/#organization"},"potentialAction":[{"@type":"SearchAction","target":{"@type":"EntryPoint","urlTemplate":"https:\/\/nueva2.huertatropical.com\/en\/?s={search_term_string}"},"query-input":{"@type":"PropertyValueSpecification","valueRequired":true,"valueName":"search_term_string"}}],"inLanguage":"en-US"},{"@type":"Organization","@id":"https:\/\/nueva2.huertatropical.com\/en\/#organization","name":"Huerta Tropical","url":"https:\/\/nueva2.huertatropical.com\/en\/","logo":{"@type":"ImageObject","inLanguage":"en-US","@id":"https:\/\/nueva2.huertatropical.com\/en\/#\/schema\/logo\/image\/","url":"https:\/\/i2.wp.com\/huertatropical.com\/wp-content\/uploads\/2016\/03\/icono-web-sitio.jpg?fit=510%2C510&ssl=1","contentUrl":"https:\/\/i2.wp.com\/huertatropical.com\/wp-content\/uploads\/2016\/03\/icono-web-sitio.jpg?fit=510%2C510&ssl=1","width":510,"height":510,"caption":"Huerta Tropical"},"image":{"@id":"https:\/\/nueva2.huertatropical.com\/en\/#\/schema\/logo\/image\/"},"sameAs":["https:\/\/es-es.facebook.com\/HuertaTropical\/","https:\/\/x.com\/HuertaTropical","https:\/\/www.instagram.com\/huertatropical\/","https:\/\/www.linkedin.com\/company\/huerta-tropical\/","https:\/\/www.pinterest.es\/huertatropical\/","https:\/\/www.youtube.com\/channel\/UCT44zfBbAxjNKNUGZhRt6CA"]}]}},"_links":{"self":[{"href":"https:\/\/nueva2.huertatropical.com\/en\/wp-json\/wp\/v2\/product\/20746","targetHints":{"allow":["GET"]}}],"collection":[{"href":"https:\/\/nueva2.huertatropical.com\/en\/wp-json\/wp\/v2\/product"}],"about":[{"href":"https:\/\/nueva2.huertatropical.com\/en\/wp-json\/wp\/v2\/types\/product"}],"replies":[{"embeddable":true,"href":"https:\/\/nueva2.huertatropical.com\/en\/wp-json\/wp\/v2\/comments?post=20746"}],"version-history":[{"count":1,"href":"https:\/\/nueva2.huertatropical.com\/en\/wp-json\/wp\/v2\/product\/20746\/revisions"}],"predecessor-version":[{"id":20773,"href":"https:\/\/nueva2.huertatropical.com\/en\/wp-json\/wp\/v2\/product\/20746\/revisions\/20773"}],"wp:featuredmedia":[{"embeddable":true,"href":"https:\/\/nueva2.huertatropical.com\/en\/wp-json\/wp\/v2\/media\/19090"}],"wp:attachment":[{"href":"https:\/\/nueva2.huertatropical.com\/en\/wp-json\/wp\/v2\/media?parent=20746"}],"wp:term":[{"taxonomy":"product_brand","embeddable":true,"href":"https:\/\/nueva2.huertatropical.com\/en\/wp-json\/wp\/v2\/product_brand?post=20746"},{"taxonomy":"product_cat","embeddable":true,"href":"https:\/\/nueva2.huertatropical.com\/en\/wp-json\/wp\/v2\/product_cat?post=20746"},{"taxonomy":"product_tag","embeddable":true,"href":"https:\/\/nueva2.huertatropical.com\/en\/wp-json\/wp\/v2\/product_tag?post=20746"}],"curies":[{"name":"wp","href":"https:\/\/api.w.org\/{rel}","templated":true}]}}