{"id":20745,"date":"2025-03-22T12:31:53","date_gmt":"2025-03-22T11:31:53","guid":{"rendered":"https:\/\/nueva2.huertatropical.com\/?post_type=product&#038;p=20745"},"modified":"2025-03-22T12:31:58","modified_gmt":"2025-03-22T11:31:58","slug":"aguacate-cocktail-o-datil","status":"publish","type":"product","link":"https:\/\/nueva2.huertatropical.com\/en\/tienda-comprar-fruta-tropical-de-temporada\/comprar-surtido-fruta-tropical\/aguacate-cocktail-o-datil\/","title":{"rendered":"Aguacate Cocktail o D\u00e1til"},"content":{"rendered":"<p>[vc_row][vc_column][vc_column_text]<\/p>\n<h3 class=\"shortcode_title title_1778590786 main_font vc_custom_1529636139555\"><span style=\"color: #008000;\">Beneficios para la salud y propiedades del <\/span><span style=\"color: #008000;\">aguacate cocktail, d\u00e1til o sin hueso.<\/span><\/h3>\n<p>El <strong>aporte cal\u00f3rico <\/strong>del aguacate cocktail es superior al de otras frutas, aportando m\u00e1s de 100cal.<\/p>\n<p>Destaca su alto nivel en <strong>grasas monoinsaturadas, <\/strong>que les confieren su peculiar textura mantecosa.<\/p>\n<p>En cuanto al aporte de minerales destacan sus niveles de<strong>\u00a0f\u00f3sforo, <\/strong><strong>hierro magnesio y potasio.<\/strong><\/p>\n<p>Gracias al aporte de <strong>fitosteroles<\/strong>\u00a0y<strong> glutationan, <\/strong>recientes estudios relacionan el consumo de aguacate con la prevenci\u00f3n de ciertos tipos de c\u00e1ncer como como faringe y pulm\u00f3n.<\/p>\n<p>&nbsp;<\/p>\n<h3><span style=\"color: #008000;\">\u00bf C\u00f3mo conservar y madurar un <\/span><span style=\"color: #008000;\">aguacate cocktail, d\u00e1til o sin hueso ?<\/span><\/h3>\n<div class=\"col-sm-8 content\">\n<div class=\"field field-name-body field-type-text-with-summary field-label-hidden\">\n<div class=\"field-items\">\n<div class=\"field-item even\">\n<p>Al tratarse de la variedad de aguacate fuerte, no nos podemos fijar en el color de la piel para saber si est\u00e1n maduros, ya que esta permanece verde.<\/p>\n<p>El aguacate cocktail, d\u00e1til o sin hueso necesita madurar mucho y tener una textura muy muy blanda y mantecosa para disfrutar de todo su potencial. Debe de ceder mucho a la presi\u00f3n de los dedos y no solo fiarnos de que sea maleable ya que esto ocurrir\u00e1 a los pocos d\u00edas por tratarse de un aguacate sin hueso.<\/p>\n<p>Para madurarlos debemos de conservarlos a temperatura ambiente o <strong>acelerar el proceso de maduraci\u00f3n<\/strong> envolvi\u00e9ndolos en papel con manzanas o pl\u00e1tanos.<\/p>\n<p>&nbsp;<\/p>\n<h3><span style=\"color: #008000;\">\u00bf C\u00f3mo preparar y comer un aguacate cocktail, d\u00e1til o sin hueso ?<\/span><\/h3>\n<\/div>\n<\/div>\n<\/div>\n<\/div>\n<p>El peque\u00f1o tama\u00f1o y textura mantecosa hacen de este aguacate, un ingrediente perfecto para peque\u00f1os platos como canap\u00e9s o tostadas.<\/p>\n<p>Al ser un aguacate sin hueso, basta con abrirlo a la mitad y retirar su pulpa.<\/p>\n<p>Puede que por motivos de temporalidad, no tengamos en alg\u00fan momento de a\u00f1o aguacate coktail, pero es posible que te interesen otra <a href=\"https:\/\/huertatropical.com\/tienda-comprar-fruta-tropical-de-temporada\/\">fruta tropical de temporada<\/a> que tenemos en nuestra tienda.<\/p>\n<p>Si quieres estar atento a las \u00faltimas novedades de nuestra web, nuevas frutas de temporada, ofertas y promociones, s\u00edguenos en nuestras redes sociales. Aqu\u00ed te dejamos nuestro\u00a0<a href=\"https:\/\/es-es.facebook.com\/HuertaTropical\/\" target=\"_blank\" rel=\"noopener noreferrer\">Facebook<\/a>\u00a0e\u00a0<a href=\"https:\/\/www.instagram.com\/huertatropical\" target=\"_blank\" rel=\"noopener noreferrer\">Instagram<\/a>.[\/vc_column_text][\/vc_column][\/vc_row][vc_row][vc_column][vc_btn title=&#8221;Descubre los Beneficios para la Salud, m\u00e9todos de Conservaci\u00f3n y trucos para consumir Aguacate&#8221; style=&#8221;3d&#8221; shape=&#8221;round&#8221; color=&#8221;success&#8221; size=&#8221;lg&#8221; align=&#8221;center&#8221; button_block=&#8221;true&#8221; link=&#8221;url:https%3A%2F%2Fhuertatropical.com%2Fbeneficios-y-propiedades-aguacate%2F||&#8221;][\/vc_column][\/vc_row]<\/p>\n","protected":false},"excerpt":{"rendered":"<p><span style=\"color: #ff6600;\"><strong>Cantidad aprox. de 1kg de peso<\/strong><\/span><\/p>\n<p>El <span style=\"color: #008000;\"><strong>aguacate <span style=\"font-family: Times;\">d\u00e1ti<\/span><span style=\"font-family: Times;\">l o cocktail<\/span><\/strong><\/span> es un peque\u00f1o aguacate de forma alargada, con forma de dedo, que mide 5cm de longitud y cuya principal caracter\u00edstica es que no tiene hueso o semilla.<\/p>\n<p>Tiene una piel muy fina lisa, suave y de color verde que no cambia de color al madurar.<\/p>\n<p>Su pulpa, en su punto de madurez, es muy mantecosa y sabrosa, de color amarillo intenso tiene un sabroso y delicioso sabor a pistacho.<\/p>\n<p>No se trata de una variedad poco frecuente, sino de un capricho de la naturaleza, un aborto de aguacate habitualmente de la variedad Fuerte, causado por la falta de polinizaci\u00f3n de las flores.<\/p>\n<p>Su delicado sabor y textura, convierte al aguacate d\u00e1til en un manjar cada vez m\u00e1s cotizado por la alta cocina.<\/p>\n<p>El aguacate crema\u2026 la crema de todos los aguacates.<\/p>\n<p>El calendario en el que podemos encontrar este exclusivo aguacate es de <strong><span style=\"font-family: Times; color: #339966;\">Octubre<\/span><\/strong> a <strong><span style=\"font-family: Times; color: #339966;\">Marzo<\/span><\/strong>.<\/p>\n","protected":false},"featured_media":19088,"comment_status":"closed","ping_status":"closed","template":"","meta":[],"product_brand":[],"product_cat":[205,203],"product_tag":[57],"class_list":{"0":"post-20745","1":"product","2":"type-product","3":"status-publish","4":"has-post-thumbnail","6":"product_cat-comprar-aguacate-costa-tropical-granada","7":"product_cat-comprar-surtido-fruta-tropical","8":"product_tag-aguacate-costa-tropical","10":"first","11":"outofstock","12":"taxable","13":"shipping-taxable","14":"purchasable","15":"product-type-simple"},"yoast_head":"<!-- This site is optimized with the Yoast SEO plugin v24.7 - https:\/\/yoast.com\/wordpress\/plugins\/seo\/ -->\n<title>Comprar aguacate cocktail o d\u00e1til online a domicilio- Huerta Tropical<\/title>\n<meta name=\"description\" content=\"El aguacate d\u00e1til o cocktail es un peque\u00f1o aguacate de sabor intenso, forma alargada de 5cm de longitud, cuya caracter\u00edstica es que no tiene hueso o semilla\" \/>\n<meta name=\"robots\" content=\"noindex, follow, max-snippet:-1, max-image-preview:large, max-video-preview:-1\" \/>\n<meta property=\"og:locale\" content=\"en_US\" \/>\n<meta property=\"og:type\" content=\"article\" \/>\n<meta property=\"og:title\" content=\"Comprar aguacate cocktail o d\u00e1til online a domicilio- Huerta Tropical\" \/>\n<meta property=\"og:description\" content=\"El aguacate d\u00e1til o cocktail es un peque\u00f1o aguacate de sabor intenso, forma alargada de 5cm de longitud, cuya caracter\u00edstica es que no tiene hueso o semilla\" \/>\n<meta property=\"og:url\" content=\"https:\/\/nueva2.huertatropical.com\/en\/tienda-comprar-fruta-tropical-de-temporada\/comprar-surtido-fruta-tropical\/aguacate-cocktail-o-datil\/\" \/>\n<meta property=\"og:site_name\" content=\"Huerta Tropical\" \/>\n<meta property=\"article:publisher\" content=\"https:\/\/es-es.facebook.com\/HuertaTropical\/\" \/>\n<meta property=\"article:modified_time\" content=\"2025-03-22T11:31:58+00:00\" \/>\n<meta property=\"og:image\" content=\"https:\/\/nueva2.huertatropical.com\/wp-content\/uploads\/2024\/08\/aguacate-cocktail-datil-o-aborto-de-aguacate.webp\" \/>\n\t<meta property=\"og:image:width\" content=\"800\" \/>\n\t<meta property=\"og:image:height\" content=\"800\" \/>\n\t<meta property=\"og:image:type\" content=\"image\/webp\" \/>\n<meta name=\"twitter:card\" content=\"summary_large_image\" \/>\n<meta name=\"twitter:site\" content=\"@HuertaTropical\" \/>\n<meta name=\"twitter:label1\" content=\"Est. reading time\" \/>\n\t<meta name=\"twitter:data1\" content=\"2 minutes\" \/>\n<script type=\"application\/ld+json\" class=\"yoast-schema-graph\">{\"@context\":\"https:\/\/schema.org\",\"@graph\":[{\"@type\":\"WebPage\",\"@id\":\"https:\/\/nueva2.huertatropical.com\/en\/tienda-comprar-fruta-tropical-de-temporada\/comprar-surtido-fruta-tropical\/aguacate-cocktail-o-datil\/\",\"url\":\"https:\/\/nueva2.huertatropical.com\/en\/tienda-comprar-fruta-tropical-de-temporada\/comprar-surtido-fruta-tropical\/aguacate-cocktail-o-datil\/\",\"name\":\"Comprar aguacate cocktail o d\u00e1til online a domicilio- Huerta Tropical\",\"isPartOf\":{\"@id\":\"https:\/\/nueva2.huertatropical.com\/en\/#website\"},\"primaryImageOfPage\":{\"@id\":\"https:\/\/nueva2.huertatropical.com\/en\/tienda-comprar-fruta-tropical-de-temporada\/comprar-surtido-fruta-tropical\/aguacate-cocktail-o-datil\/#primaryimage\"},\"image\":{\"@id\":\"https:\/\/nueva2.huertatropical.com\/en\/tienda-comprar-fruta-tropical-de-temporada\/comprar-surtido-fruta-tropical\/aguacate-cocktail-o-datil\/#primaryimage\"},\"thumbnailUrl\":\"https:\/\/nueva2.huertatropical.com\/wp-content\/uploads\/2024\/08\/aguacate-cocktail-datil-o-aborto-de-aguacate.webp\",\"datePublished\":\"2025-03-22T11:31:53+00:00\",\"dateModified\":\"2025-03-22T11:31:58+00:00\",\"description\":\"El aguacate d\u00e1til o cocktail es un peque\u00f1o aguacate de sabor intenso, forma alargada de 5cm de longitud, cuya caracter\u00edstica es que no tiene hueso o semilla\",\"breadcrumb\":{\"@id\":\"https:\/\/nueva2.huertatropical.com\/en\/tienda-comprar-fruta-tropical-de-temporada\/comprar-surtido-fruta-tropical\/aguacate-cocktail-o-datil\/#breadcrumb\"},\"inLanguage\":\"en-US\",\"potentialAction\":[{\"@type\":\"ReadAction\",\"target\":[\"https:\/\/nueva2.huertatropical.com\/en\/tienda-comprar-fruta-tropical-de-temporada\/comprar-surtido-fruta-tropical\/aguacate-cocktail-o-datil\/\"]}]},{\"@type\":\"ImageObject\",\"inLanguage\":\"en-US\",\"@id\":\"https:\/\/nueva2.huertatropical.com\/en\/tienda-comprar-fruta-tropical-de-temporada\/comprar-surtido-fruta-tropical\/aguacate-cocktail-o-datil\/#primaryimage\",\"url\":\"https:\/\/nueva2.huertatropical.com\/wp-content\/uploads\/2024\/08\/aguacate-cocktail-datil-o-aborto-de-aguacate.webp\",\"contentUrl\":\"https:\/\/nueva2.huertatropical.com\/wp-content\/uploads\/2024\/08\/aguacate-cocktail-datil-o-aborto-de-aguacate.webp\",\"width\":800,\"height\":800},{\"@type\":\"BreadcrumbList\",\"@id\":\"https:\/\/nueva2.huertatropical.com\/en\/tienda-comprar-fruta-tropical-de-temporada\/comprar-surtido-fruta-tropical\/aguacate-cocktail-o-datil\/#breadcrumb\",\"itemListElement\":[{\"@type\":\"ListItem\",\"position\":1,\"name\":\"Portada\",\"item\":\"https:\/\/nueva2.huertatropical.com\/en\/\"},{\"@type\":\"ListItem\",\"position\":2,\"name\":\"Shop\",\"item\":\"https:\/\/nueva2.huertatropical.com\/en\/shop\/\"},{\"@type\":\"ListItem\",\"position\":3,\"name\":\"Aguacate Cocktail o D\u00e1til\"}]},{\"@type\":\"WebSite\",\"@id\":\"https:\/\/nueva2.huertatropical.com\/en\/#website\",\"url\":\"https:\/\/nueva2.huertatropical.com\/en\/\",\"name\":\"Huerta Tropical\",\"description\":\"Comprar online fruta tropical de Granada a domicilio\",\"publisher\":{\"@id\":\"https:\/\/nueva2.huertatropical.com\/en\/#organization\"},\"potentialAction\":[{\"@type\":\"SearchAction\",\"target\":{\"@type\":\"EntryPoint\",\"urlTemplate\":\"https:\/\/nueva2.huertatropical.com\/en\/?s={search_term_string}\"},\"query-input\":{\"@type\":\"PropertyValueSpecification\",\"valueRequired\":true,\"valueName\":\"search_term_string\"}}],\"inLanguage\":\"en-US\"},{\"@type\":\"Organization\",\"@id\":\"https:\/\/nueva2.huertatropical.com\/en\/#organization\",\"name\":\"Huerta Tropical\",\"url\":\"https:\/\/nueva2.huertatropical.com\/en\/\",\"logo\":{\"@type\":\"ImageObject\",\"inLanguage\":\"en-US\",\"@id\":\"https:\/\/nueva2.huertatropical.com\/en\/#\/schema\/logo\/image\/\",\"url\":\"https:\/\/i2.wp.com\/huertatropical.com\/wp-content\/uploads\/2016\/03\/icono-web-sitio.jpg?fit=510%2C510&ssl=1\",\"contentUrl\":\"https:\/\/i2.wp.com\/huertatropical.com\/wp-content\/uploads\/2016\/03\/icono-web-sitio.jpg?fit=510%2C510&ssl=1\",\"width\":510,\"height\":510,\"caption\":\"Huerta Tropical\"},\"image\":{\"@id\":\"https:\/\/nueva2.huertatropical.com\/en\/#\/schema\/logo\/image\/\"},\"sameAs\":[\"https:\/\/es-es.facebook.com\/HuertaTropical\/\",\"https:\/\/x.com\/HuertaTropical\",\"https:\/\/www.instagram.com\/huertatropical\/\",\"https:\/\/www.linkedin.com\/company\/huerta-tropical\/\",\"https:\/\/www.pinterest.es\/huertatropical\/\",\"https:\/\/www.youtube.com\/channel\/UCT44zfBbAxjNKNUGZhRt6CA\"]}]}<\/script>\n<!-- \/ Yoast SEO plugin. -->","yoast_head_json":{"title":"Comprar aguacate cocktail o d\u00e1til online a domicilio- Huerta Tropical","description":"El aguacate d\u00e1til o cocktail es un peque\u00f1o aguacate de sabor intenso, forma alargada de 5cm de longitud, cuya caracter\u00edstica es que no tiene hueso o semilla","robots":{"index":"noindex","follow":"follow","max-snippet":"max-snippet:-1","max-image-preview":"max-image-preview:large","max-video-preview":"max-video-preview:-1"},"og_locale":"en_US","og_type":"article","og_title":"Comprar aguacate cocktail o d\u00e1til online a domicilio- Huerta Tropical","og_description":"El aguacate d\u00e1til o cocktail es un peque\u00f1o aguacate de sabor intenso, forma alargada de 5cm de longitud, cuya caracter\u00edstica es que no tiene hueso o semilla","og_url":"https:\/\/nueva2.huertatropical.com\/en\/tienda-comprar-fruta-tropical-de-temporada\/comprar-surtido-fruta-tropical\/aguacate-cocktail-o-datil\/","og_site_name":"Huerta Tropical","article_publisher":"https:\/\/es-es.facebook.com\/HuertaTropical\/","article_modified_time":"2025-03-22T11:31:58+00:00","og_image":[{"width":800,"height":800,"url":"https:\/\/nueva2.huertatropical.com\/wp-content\/uploads\/2024\/08\/aguacate-cocktail-datil-o-aborto-de-aguacate.webp","type":"image\/webp"}],"twitter_card":"summary_large_image","twitter_site":"@HuertaTropical","twitter_misc":{"Est. reading time":"2 minutes"},"schema":{"@context":"https:\/\/schema.org","@graph":[{"@type":"WebPage","@id":"https:\/\/nueva2.huertatropical.com\/en\/tienda-comprar-fruta-tropical-de-temporada\/comprar-surtido-fruta-tropical\/aguacate-cocktail-o-datil\/","url":"https:\/\/nueva2.huertatropical.com\/en\/tienda-comprar-fruta-tropical-de-temporada\/comprar-surtido-fruta-tropical\/aguacate-cocktail-o-datil\/","name":"Comprar aguacate cocktail o d\u00e1til online a domicilio- Huerta Tropical","isPartOf":{"@id":"https:\/\/nueva2.huertatropical.com\/en\/#website"},"primaryImageOfPage":{"@id":"https:\/\/nueva2.huertatropical.com\/en\/tienda-comprar-fruta-tropical-de-temporada\/comprar-surtido-fruta-tropical\/aguacate-cocktail-o-datil\/#primaryimage"},"image":{"@id":"https:\/\/nueva2.huertatropical.com\/en\/tienda-comprar-fruta-tropical-de-temporada\/comprar-surtido-fruta-tropical\/aguacate-cocktail-o-datil\/#primaryimage"},"thumbnailUrl":"https:\/\/nueva2.huertatropical.com\/wp-content\/uploads\/2024\/08\/aguacate-cocktail-datil-o-aborto-de-aguacate.webp","datePublished":"2025-03-22T11:31:53+00:00","dateModified":"2025-03-22T11:31:58+00:00","description":"El aguacate d\u00e1til o cocktail es un peque\u00f1o aguacate de sabor intenso, forma alargada de 5cm de longitud, cuya caracter\u00edstica es que no tiene hueso o semilla","breadcrumb":{"@id":"https:\/\/nueva2.huertatropical.com\/en\/tienda-comprar-fruta-tropical-de-temporada\/comprar-surtido-fruta-tropical\/aguacate-cocktail-o-datil\/#breadcrumb"},"inLanguage":"en-US","potentialAction":[{"@type":"ReadAction","target":["https:\/\/nueva2.huertatropical.com\/en\/tienda-comprar-fruta-tropical-de-temporada\/comprar-surtido-fruta-tropical\/aguacate-cocktail-o-datil\/"]}]},{"@type":"ImageObject","inLanguage":"en-US","@id":"https:\/\/nueva2.huertatropical.com\/en\/tienda-comprar-fruta-tropical-de-temporada\/comprar-surtido-fruta-tropical\/aguacate-cocktail-o-datil\/#primaryimage","url":"https:\/\/nueva2.huertatropical.com\/wp-content\/uploads\/2024\/08\/aguacate-cocktail-datil-o-aborto-de-aguacate.webp","contentUrl":"https:\/\/nueva2.huertatropical.com\/wp-content\/uploads\/2024\/08\/aguacate-cocktail-datil-o-aborto-de-aguacate.webp","width":800,"height":800},{"@type":"BreadcrumbList","@id":"https:\/\/nueva2.huertatropical.com\/en\/tienda-comprar-fruta-tropical-de-temporada\/comprar-surtido-fruta-tropical\/aguacate-cocktail-o-datil\/#breadcrumb","itemListElement":[{"@type":"ListItem","position":1,"name":"Portada","item":"https:\/\/nueva2.huertatropical.com\/en\/"},{"@type":"ListItem","position":2,"name":"Shop","item":"https:\/\/nueva2.huertatropical.com\/en\/shop\/"},{"@type":"ListItem","position":3,"name":"Aguacate Cocktail o D\u00e1til"}]},{"@type":"WebSite","@id":"https:\/\/nueva2.huertatropical.com\/en\/#website","url":"https:\/\/nueva2.huertatropical.com\/en\/","name":"Huerta Tropical","description":"Comprar online fruta tropical de Granada a domicilio","publisher":{"@id":"https:\/\/nueva2.huertatropical.com\/en\/#organization"},"potentialAction":[{"@type":"SearchAction","target":{"@type":"EntryPoint","urlTemplate":"https:\/\/nueva2.huertatropical.com\/en\/?s={search_term_string}"},"query-input":{"@type":"PropertyValueSpecification","valueRequired":true,"valueName":"search_term_string"}}],"inLanguage":"en-US"},{"@type":"Organization","@id":"https:\/\/nueva2.huertatropical.com\/en\/#organization","name":"Huerta Tropical","url":"https:\/\/nueva2.huertatropical.com\/en\/","logo":{"@type":"ImageObject","inLanguage":"en-US","@id":"https:\/\/nueva2.huertatropical.com\/en\/#\/schema\/logo\/image\/","url":"https:\/\/i2.wp.com\/huertatropical.com\/wp-content\/uploads\/2016\/03\/icono-web-sitio.jpg?fit=510%2C510&ssl=1","contentUrl":"https:\/\/i2.wp.com\/huertatropical.com\/wp-content\/uploads\/2016\/03\/icono-web-sitio.jpg?fit=510%2C510&ssl=1","width":510,"height":510,"caption":"Huerta Tropical"},"image":{"@id":"https:\/\/nueva2.huertatropical.com\/en\/#\/schema\/logo\/image\/"},"sameAs":["https:\/\/es-es.facebook.com\/HuertaTropical\/","https:\/\/x.com\/HuertaTropical","https:\/\/www.instagram.com\/huertatropical\/","https:\/\/www.linkedin.com\/company\/huerta-tropical\/","https:\/\/www.pinterest.es\/huertatropical\/","https:\/\/www.youtube.com\/channel\/UCT44zfBbAxjNKNUGZhRt6CA"]}]}},"_links":{"self":[{"href":"https:\/\/nueva2.huertatropical.com\/en\/wp-json\/wp\/v2\/product\/20745","targetHints":{"allow":["GET"]}}],"collection":[{"href":"https:\/\/nueva2.huertatropical.com\/en\/wp-json\/wp\/v2\/product"}],"about":[{"href":"https:\/\/nueva2.huertatropical.com\/en\/wp-json\/wp\/v2\/types\/product"}],"replies":[{"embeddable":true,"href":"https:\/\/nueva2.huertatropical.com\/en\/wp-json\/wp\/v2\/comments?post=20745"}],"version-history":[{"count":1,"href":"https:\/\/nueva2.huertatropical.com\/en\/wp-json\/wp\/v2\/product\/20745\/revisions"}],"predecessor-version":[{"id":20772,"href":"https:\/\/nueva2.huertatropical.com\/en\/wp-json\/wp\/v2\/product\/20745\/revisions\/20772"}],"wp:featuredmedia":[{"embeddable":true,"href":"https:\/\/nueva2.huertatropical.com\/en\/wp-json\/wp\/v2\/media\/19088"}],"wp:attachment":[{"href":"https:\/\/nueva2.huertatropical.com\/en\/wp-json\/wp\/v2\/media?parent=20745"}],"wp:term":[{"taxonomy":"product_brand","embeddable":true,"href":"https:\/\/nueva2.huertatropical.com\/en\/wp-json\/wp\/v2\/product_brand?post=20745"},{"taxonomy":"product_cat","embeddable":true,"href":"https:\/\/nueva2.huertatropical.com\/en\/wp-json\/wp\/v2\/product_cat?post=20745"},{"taxonomy":"product_tag","embeddable":true,"href":"https:\/\/nueva2.huertatropical.com\/en\/wp-json\/wp\/v2\/product_tag?post=20745"}],"curies":[{"name":"wp","href":"https:\/\/api.w.org\/{rel}","templated":true}]}}