{"id":20744,"date":"2025-03-22T12:31:53","date_gmt":"2025-03-22T11:31:53","guid":{"rendered":"https:\/\/nueva2.huertatropical.com\/?post_type=product&#038;p=20744"},"modified":"2025-03-22T12:31:58","modified_gmt":"2025-03-22T11:31:58","slug":"platano-orinoco-o-del-terreno","status":"publish","type":"product","link":"https:\/\/nueva2.huertatropical.com\/en\/tienda-comprar-fruta-tropical-de-temporada\/comprar-surtido-fruta-tropical\/platano-orinoco-o-del-terreno\/","title":{"rendered":"Pl\u00e1tano Orinoco o del Terreno"},"content":{"rendered":"<p>Por la temporalidad en la recogida, puede pasar que no tengamos stock, pero es posible que te interese ver otros tipos de<a href=\"https:\/\/huertatropical.com\/tienda-comprar-fruta-tropical-de-temporada\/\">\u00a0fruta de temporada<\/a>\u00a0que tenemos a tu disposici\u00f3n.<\/p>\n<h3 class=\"shortcode_title title_1778590786 main_font vc_custom_1529636139555\"><span style=\"color: #99cc00;\">Beneficios para la salud y propiedades del Pl\u00e1tano Orinoco<\/span><\/h3>\n<p>El Pl\u00e1tano Orinoco es una gran fuente de <strong>potasio<\/strong> y por el contrario aporta bajos niveles de sodio, por lo que regula la presi\u00f3n arterial y es muy beneficioso para las personas que sufren hipertensi\u00f3n arterial y tienen riesgo de padecer accidentes cardiovasculares.<\/p>\n<p>Adem\u00e1s de su aporte de potasio, destacan sus niveles de <strong>magnesio y f\u00f3sforo<\/strong> que combinados favorecen la\u00a0recuperaci\u00f3n muscular\u00a0y los\u00a0impulsos nerviosos y junto a los az\u00facares funciona de isot\u00f3nico natural.<\/p>\n<p>Un nutriente destacable de los pl\u00e1tanos, es el <b>tript\u00f3fano,<\/b> que junto a la vitaminas B6 act\u00faa en el sistema nervioso y funciona como antidepresivo natural.<\/p>\n<p>Es una fruta menos cal\u00f3ricas de lo que se cree, por ejemplo tiene menos calor\u00edas que una manzana.<\/p>\n<p>Su alto contenido en <strong>fibra<\/strong> ayuda a regular el tr\u00e1nsito intestinal y a tener un buen funcionamiento gastrointestinal.<sup id=\"cite_ref-ref_duplicada_1_1-0\" class=\"reference separada\"><\/sup><\/p>\n<p>&nbsp;<\/p>\n<h3><span style=\"color: #99cc00;\">Como conservar y madurar <\/span><span style=\"color: #99cc00;\">Pl\u00e1tano Orinoco<\/span><\/h3>\n<div class=\"col-sm-8 content\">\n<div class=\"field field-name-body field-type-text-with-summary field-label-hidden\">\n<div class=\"field-items\">\n<div class=\"field-item even\">\n<p>El pl\u00e1tano Orinoco debe de madurar a temperatura ambiente y evitar el frigor\u00edfico.<\/p>\n<p>Ya que este tipo de pl\u00e1tano no llega a los grandes mercados, no tiene un consumo inmediato, por lo que a veces se recoge muy verde. Si queremos acelerar la maduraci\u00f3n lo ideal es guardarlos de forma tradicional en un saco de esparto, pero siempre podemos recurrir a una bolsa de papel con una manzana.<\/p>\n<p>Para disfrutar de todos los matices que esta variedad tan peculiar de pl\u00e1tano ofrece, debemos de esperar a que su piel tenga un aspecto mucho m\u00e1s oscuro que el tradicional. Si abrimos un pl\u00e1tano cuadrado con la piel todav\u00eda amarilla encontraremos su pulpa dura, sin embargo cuando esta empieza a coger tonos negros presenta una pulpa firme, blanca y blanda.<\/p>\n<p>&nbsp;<\/p>\n<h3><span style=\"color: #99cc00;\">Como preparar y comer <\/span><span style=\"color: #99cc00;\">Pl\u00e1tano Orinoco<\/span><\/h3>\n<\/div>\n<\/div>\n<\/div>\n<\/div>\n<p>La mejor manera de disfrutar de los matices de un tipo de pl\u00e1tano como el aut\u00f3ctono de la Costa Tropical, es en fresco, ya que podremos apreciar los distintos matices agridulces que posee y la suave textura que, cuando est\u00e1 bien madurado, lo diferencian del tradicional.<\/p>\n<p>Por su textura y dulzor, tambi\u00e9n es muy utilizado para realizar cremas, batidos y zumos.<\/p>\n<p>Si quieres estar atento a las \u00faltimas novedades de nuestra web, nuevas frutas de temporada, ofertas y promociones, s\u00edguenos en nuestras redes sociales. Aqu\u00ed te dejamos nuestro\u00a0<a href=\"https:\/\/es-es.facebook.com\/HuertaTropical\/\" target=\"_blank\" rel=\"noopener noreferrer\">Facebook<\/a>\u00a0e\u00a0<a href=\"https:\/\/www.instagram.com\/huertatropical\" target=\"_blank\" rel=\"noopener noreferrer\">Instagram<\/a>.<\/p>\n","protected":false},"excerpt":{"rendered":"<p>Aunque es conocido con muchos nombres como<span style=\"color: #99cc00;\"><strong> pl\u00e1tano &#8220;del Pa\u00eds&#8221;, pl\u00e1tano &#8220;del Terreno&#8221;, pl\u00e1tano &#8220;Orinoco&#8221;, pl\u00e1tano Burro, Cuadrado, Topocho, Guineo Chino<\/strong><\/span>&#8230; esta variedad que se cultiva ancestralmente en la Costa Tropical, la &#8220;Musa Orinoco&#8221;, dif\u00edcilmente se encuentra en los mercados.<\/p>\n<p>Este pl\u00e1tano cuadrado, con una forma caracter\u00edstica de 4 \u00e1ngulos o lados, es m\u00e1s grueso y menos curvo que el tradicional.<\/p>\n<p>Su gruesa piel de color verde en el \u00e1rbol, evoluciona a amarillo para finalmente tornarse con manchas negras para adquirir su caracter\u00edstico dulzor.<\/p>\n<p>Su pulpa es de textura m\u00e1s suave que el tradicional cuando dejamos que madure como debe. Tiene un sabor que recuerda a la manzana gracias a los toques c\u00edtricos \u00e1cidos que se mezclan con su dulzor y un aroma exquisito.<\/p>\n<p><span style=\"color: #99cc00;\"><strong>Cantidad aprox. 1kg de peso\u00a0\u00a0<\/strong><\/span><\/p>\n","protected":false},"featured_media":19086,"comment_status":"closed","ping_status":"closed","template":"","meta":[],"product_brand":[],"product_cat":[203],"product_tag":[],"class_list":{"0":"post-20744","1":"product","2":"type-product","3":"status-publish","4":"has-post-thumbnail","6":"product_cat-comprar-surtido-fruta-tropical","8":"first","9":"outofstock","10":"taxable","11":"shipping-taxable","12":"purchasable","13":"product-type-simple"},"yoast_head":"<!-- This site is optimized with the Yoast SEO plugin v24.7 - https:\/\/yoast.com\/wordpress\/plugins\/seo\/ -->\n<title>Comprar Pl\u00e1tano Orinoco online a domicilio - Huerta Tropical<\/title>\n<meta name=\"description\" content=\"Comprar pl\u00e1tano del Pa\u00eds, pl\u00e1tano del Terreno, pl\u00e1tano &quot;Orinoco&quot;, pl\u00e1tano Burro, Cuadrado, se cultiva ancestralmente en la Costa Tropical.\" \/>\n<meta name=\"robots\" content=\"noindex, follow, max-snippet:-1, max-image-preview:large, max-video-preview:-1\" \/>\n<meta property=\"og:locale\" content=\"en_US\" \/>\n<meta property=\"og:type\" content=\"article\" \/>\n<meta property=\"og:title\" content=\"Comprar Pl\u00e1tano Orinoco online a domicilio - Huerta Tropical\" \/>\n<meta property=\"og:description\" content=\"Comprar pl\u00e1tano del Pa\u00eds, pl\u00e1tano del Terreno, pl\u00e1tano &quot;Orinoco&quot;, pl\u00e1tano Burro, Cuadrado, se cultiva ancestralmente en la Costa Tropical.\" \/>\n<meta property=\"og:url\" content=\"https:\/\/nueva2.huertatropical.com\/en\/tienda-comprar-fruta-tropical-de-temporada\/comprar-surtido-fruta-tropical\/platano-orinoco-o-del-terreno\/\" \/>\n<meta property=\"og:site_name\" content=\"Huerta Tropical\" \/>\n<meta property=\"article:publisher\" content=\"https:\/\/es-es.facebook.com\/HuertaTropical\/\" \/>\n<meta property=\"article:modified_time\" content=\"2025-03-22T11:31:58+00:00\" \/>\n<meta property=\"og:image\" content=\"https:\/\/nueva2.huertatropical.com\/wp-content\/uploads\/2024\/08\/comprar-platano-de-motril-burro-orinoco-cuadrado.jpg\" \/>\n\t<meta property=\"og:image:width\" content=\"800\" \/>\n\t<meta property=\"og:image:height\" content=\"800\" \/>\n\t<meta property=\"og:image:type\" content=\"image\/jpeg\" \/>\n<meta name=\"twitter:card\" content=\"summary_large_image\" \/>\n<meta name=\"twitter:site\" content=\"@HuertaTropical\" \/>\n<meta name=\"twitter:label1\" content=\"Est. reading time\" \/>\n\t<meta name=\"twitter:data1\" content=\"3 minutes\" \/>\n<script type=\"application\/ld+json\" class=\"yoast-schema-graph\">{\"@context\":\"https:\/\/schema.org\",\"@graph\":[{\"@type\":\"WebPage\",\"@id\":\"https:\/\/nueva2.huertatropical.com\/en\/tienda-comprar-fruta-tropical-de-temporada\/comprar-surtido-fruta-tropical\/platano-orinoco-o-del-terreno\/\",\"url\":\"https:\/\/nueva2.huertatropical.com\/en\/tienda-comprar-fruta-tropical-de-temporada\/comprar-surtido-fruta-tropical\/platano-orinoco-o-del-terreno\/\",\"name\":\"Comprar Pl\u00e1tano Orinoco online a domicilio - Huerta Tropical\",\"isPartOf\":{\"@id\":\"https:\/\/nueva2.huertatropical.com\/en\/#website\"},\"primaryImageOfPage\":{\"@id\":\"https:\/\/nueva2.huertatropical.com\/en\/tienda-comprar-fruta-tropical-de-temporada\/comprar-surtido-fruta-tropical\/platano-orinoco-o-del-terreno\/#primaryimage\"},\"image\":{\"@id\":\"https:\/\/nueva2.huertatropical.com\/en\/tienda-comprar-fruta-tropical-de-temporada\/comprar-surtido-fruta-tropical\/platano-orinoco-o-del-terreno\/#primaryimage\"},\"thumbnailUrl\":\"https:\/\/nueva2.huertatropical.com\/wp-content\/uploads\/2024\/08\/comprar-platano-de-motril-burro-orinoco-cuadrado.jpg\",\"datePublished\":\"2025-03-22T11:31:53+00:00\",\"dateModified\":\"2025-03-22T11:31:58+00:00\",\"description\":\"Comprar pl\u00e1tano del Pa\u00eds, pl\u00e1tano del Terreno, pl\u00e1tano \\\"Orinoco\\\", pl\u00e1tano Burro, Cuadrado, se cultiva ancestralmente en la Costa Tropical.\",\"breadcrumb\":{\"@id\":\"https:\/\/nueva2.huertatropical.com\/en\/tienda-comprar-fruta-tropical-de-temporada\/comprar-surtido-fruta-tropical\/platano-orinoco-o-del-terreno\/#breadcrumb\"},\"inLanguage\":\"en-US\",\"potentialAction\":[{\"@type\":\"ReadAction\",\"target\":[\"https:\/\/nueva2.huertatropical.com\/en\/tienda-comprar-fruta-tropical-de-temporada\/comprar-surtido-fruta-tropical\/platano-orinoco-o-del-terreno\/\"]}]},{\"@type\":\"ImageObject\",\"inLanguage\":\"en-US\",\"@id\":\"https:\/\/nueva2.huertatropical.com\/en\/tienda-comprar-fruta-tropical-de-temporada\/comprar-surtido-fruta-tropical\/platano-orinoco-o-del-terreno\/#primaryimage\",\"url\":\"https:\/\/nueva2.huertatropical.com\/wp-content\/uploads\/2024\/08\/comprar-platano-de-motril-burro-orinoco-cuadrado.jpg\",\"contentUrl\":\"https:\/\/nueva2.huertatropical.com\/wp-content\/uploads\/2024\/08\/comprar-platano-de-motril-burro-orinoco-cuadrado.jpg\",\"width\":800,\"height\":800},{\"@type\":\"BreadcrumbList\",\"@id\":\"https:\/\/nueva2.huertatropical.com\/en\/tienda-comprar-fruta-tropical-de-temporada\/comprar-surtido-fruta-tropical\/platano-orinoco-o-del-terreno\/#breadcrumb\",\"itemListElement\":[{\"@type\":\"ListItem\",\"position\":1,\"name\":\"Portada\",\"item\":\"https:\/\/nueva2.huertatropical.com\/en\/\"},{\"@type\":\"ListItem\",\"position\":2,\"name\":\"Shop\",\"item\":\"https:\/\/nueva2.huertatropical.com\/en\/shop\/\"},{\"@type\":\"ListItem\",\"position\":3,\"name\":\"Pl\u00e1tano Orinoco o del Terreno\"}]},{\"@type\":\"WebSite\",\"@id\":\"https:\/\/nueva2.huertatropical.com\/en\/#website\",\"url\":\"https:\/\/nueva2.huertatropical.com\/en\/\",\"name\":\"Huerta Tropical\",\"description\":\"Comprar online fruta tropical de Granada a domicilio\",\"publisher\":{\"@id\":\"https:\/\/nueva2.huertatropical.com\/en\/#organization\"},\"potentialAction\":[{\"@type\":\"SearchAction\",\"target\":{\"@type\":\"EntryPoint\",\"urlTemplate\":\"https:\/\/nueva2.huertatropical.com\/en\/?s={search_term_string}\"},\"query-input\":{\"@type\":\"PropertyValueSpecification\",\"valueRequired\":true,\"valueName\":\"search_term_string\"}}],\"inLanguage\":\"en-US\"},{\"@type\":\"Organization\",\"@id\":\"https:\/\/nueva2.huertatropical.com\/en\/#organization\",\"name\":\"Huerta Tropical\",\"url\":\"https:\/\/nueva2.huertatropical.com\/en\/\",\"logo\":{\"@type\":\"ImageObject\",\"inLanguage\":\"en-US\",\"@id\":\"https:\/\/nueva2.huertatropical.com\/en\/#\/schema\/logo\/image\/\",\"url\":\"https:\/\/i2.wp.com\/huertatropical.com\/wp-content\/uploads\/2016\/03\/icono-web-sitio.jpg?fit=510%2C510&ssl=1\",\"contentUrl\":\"https:\/\/i2.wp.com\/huertatropical.com\/wp-content\/uploads\/2016\/03\/icono-web-sitio.jpg?fit=510%2C510&ssl=1\",\"width\":510,\"height\":510,\"caption\":\"Huerta Tropical\"},\"image\":{\"@id\":\"https:\/\/nueva2.huertatropical.com\/en\/#\/schema\/logo\/image\/\"},\"sameAs\":[\"https:\/\/es-es.facebook.com\/HuertaTropical\/\",\"https:\/\/x.com\/HuertaTropical\",\"https:\/\/www.instagram.com\/huertatropical\/\",\"https:\/\/www.linkedin.com\/company\/huerta-tropical\/\",\"https:\/\/www.pinterest.es\/huertatropical\/\",\"https:\/\/www.youtube.com\/channel\/UCT44zfBbAxjNKNUGZhRt6CA\"]}]}<\/script>\n<!-- \/ Yoast SEO plugin. -->","yoast_head_json":{"title":"Comprar Pl\u00e1tano Orinoco online a domicilio - Huerta Tropical","description":"Comprar pl\u00e1tano del Pa\u00eds, pl\u00e1tano del Terreno, pl\u00e1tano \"Orinoco\", pl\u00e1tano Burro, Cuadrado, se cultiva ancestralmente en la Costa Tropical.","robots":{"index":"noindex","follow":"follow","max-snippet":"max-snippet:-1","max-image-preview":"max-image-preview:large","max-video-preview":"max-video-preview:-1"},"og_locale":"en_US","og_type":"article","og_title":"Comprar Pl\u00e1tano Orinoco online a domicilio - Huerta Tropical","og_description":"Comprar pl\u00e1tano del Pa\u00eds, pl\u00e1tano del Terreno, pl\u00e1tano \"Orinoco\", pl\u00e1tano Burro, Cuadrado, se cultiva ancestralmente en la Costa Tropical.","og_url":"https:\/\/nueva2.huertatropical.com\/en\/tienda-comprar-fruta-tropical-de-temporada\/comprar-surtido-fruta-tropical\/platano-orinoco-o-del-terreno\/","og_site_name":"Huerta Tropical","article_publisher":"https:\/\/es-es.facebook.com\/HuertaTropical\/","article_modified_time":"2025-03-22T11:31:58+00:00","og_image":[{"width":800,"height":800,"url":"https:\/\/nueva2.huertatropical.com\/wp-content\/uploads\/2024\/08\/comprar-platano-de-motril-burro-orinoco-cuadrado.jpg","type":"image\/jpeg"}],"twitter_card":"summary_large_image","twitter_site":"@HuertaTropical","twitter_misc":{"Est. reading time":"3 minutes"},"schema":{"@context":"https:\/\/schema.org","@graph":[{"@type":"WebPage","@id":"https:\/\/nueva2.huertatropical.com\/en\/tienda-comprar-fruta-tropical-de-temporada\/comprar-surtido-fruta-tropical\/platano-orinoco-o-del-terreno\/","url":"https:\/\/nueva2.huertatropical.com\/en\/tienda-comprar-fruta-tropical-de-temporada\/comprar-surtido-fruta-tropical\/platano-orinoco-o-del-terreno\/","name":"Comprar Pl\u00e1tano Orinoco online a domicilio - Huerta Tropical","isPartOf":{"@id":"https:\/\/nueva2.huertatropical.com\/en\/#website"},"primaryImageOfPage":{"@id":"https:\/\/nueva2.huertatropical.com\/en\/tienda-comprar-fruta-tropical-de-temporada\/comprar-surtido-fruta-tropical\/platano-orinoco-o-del-terreno\/#primaryimage"},"image":{"@id":"https:\/\/nueva2.huertatropical.com\/en\/tienda-comprar-fruta-tropical-de-temporada\/comprar-surtido-fruta-tropical\/platano-orinoco-o-del-terreno\/#primaryimage"},"thumbnailUrl":"https:\/\/nueva2.huertatropical.com\/wp-content\/uploads\/2024\/08\/comprar-platano-de-motril-burro-orinoco-cuadrado.jpg","datePublished":"2025-03-22T11:31:53+00:00","dateModified":"2025-03-22T11:31:58+00:00","description":"Comprar pl\u00e1tano del Pa\u00eds, pl\u00e1tano del Terreno, pl\u00e1tano \"Orinoco\", pl\u00e1tano Burro, Cuadrado, se cultiva ancestralmente en la Costa Tropical.","breadcrumb":{"@id":"https:\/\/nueva2.huertatropical.com\/en\/tienda-comprar-fruta-tropical-de-temporada\/comprar-surtido-fruta-tropical\/platano-orinoco-o-del-terreno\/#breadcrumb"},"inLanguage":"en-US","potentialAction":[{"@type":"ReadAction","target":["https:\/\/nueva2.huertatropical.com\/en\/tienda-comprar-fruta-tropical-de-temporada\/comprar-surtido-fruta-tropical\/platano-orinoco-o-del-terreno\/"]}]},{"@type":"ImageObject","inLanguage":"en-US","@id":"https:\/\/nueva2.huertatropical.com\/en\/tienda-comprar-fruta-tropical-de-temporada\/comprar-surtido-fruta-tropical\/platano-orinoco-o-del-terreno\/#primaryimage","url":"https:\/\/nueva2.huertatropical.com\/wp-content\/uploads\/2024\/08\/comprar-platano-de-motril-burro-orinoco-cuadrado.jpg","contentUrl":"https:\/\/nueva2.huertatropical.com\/wp-content\/uploads\/2024\/08\/comprar-platano-de-motril-burro-orinoco-cuadrado.jpg","width":800,"height":800},{"@type":"BreadcrumbList","@id":"https:\/\/nueva2.huertatropical.com\/en\/tienda-comprar-fruta-tropical-de-temporada\/comprar-surtido-fruta-tropical\/platano-orinoco-o-del-terreno\/#breadcrumb","itemListElement":[{"@type":"ListItem","position":1,"name":"Portada","item":"https:\/\/nueva2.huertatropical.com\/en\/"},{"@type":"ListItem","position":2,"name":"Shop","item":"https:\/\/nueva2.huertatropical.com\/en\/shop\/"},{"@type":"ListItem","position":3,"name":"Pl\u00e1tano Orinoco o del Terreno"}]},{"@type":"WebSite","@id":"https:\/\/nueva2.huertatropical.com\/en\/#website","url":"https:\/\/nueva2.huertatropical.com\/en\/","name":"Huerta Tropical","description":"Comprar online fruta tropical de Granada a domicilio","publisher":{"@id":"https:\/\/nueva2.huertatropical.com\/en\/#organization"},"potentialAction":[{"@type":"SearchAction","target":{"@type":"EntryPoint","urlTemplate":"https:\/\/nueva2.huertatropical.com\/en\/?s={search_term_string}"},"query-input":{"@type":"PropertyValueSpecification","valueRequired":true,"valueName":"search_term_string"}}],"inLanguage":"en-US"},{"@type":"Organization","@id":"https:\/\/nueva2.huertatropical.com\/en\/#organization","name":"Huerta Tropical","url":"https:\/\/nueva2.huertatropical.com\/en\/","logo":{"@type":"ImageObject","inLanguage":"en-US","@id":"https:\/\/nueva2.huertatropical.com\/en\/#\/schema\/logo\/image\/","url":"https:\/\/i2.wp.com\/huertatropical.com\/wp-content\/uploads\/2016\/03\/icono-web-sitio.jpg?fit=510%2C510&ssl=1","contentUrl":"https:\/\/i2.wp.com\/huertatropical.com\/wp-content\/uploads\/2016\/03\/icono-web-sitio.jpg?fit=510%2C510&ssl=1","width":510,"height":510,"caption":"Huerta Tropical"},"image":{"@id":"https:\/\/nueva2.huertatropical.com\/en\/#\/schema\/logo\/image\/"},"sameAs":["https:\/\/es-es.facebook.com\/HuertaTropical\/","https:\/\/x.com\/HuertaTropical","https:\/\/www.instagram.com\/huertatropical\/","https:\/\/www.linkedin.com\/company\/huerta-tropical\/","https:\/\/www.pinterest.es\/huertatropical\/","https:\/\/www.youtube.com\/channel\/UCT44zfBbAxjNKNUGZhRt6CA"]}]}},"_links":{"self":[{"href":"https:\/\/nueva2.huertatropical.com\/en\/wp-json\/wp\/v2\/product\/20744","targetHints":{"allow":["GET"]}}],"collection":[{"href":"https:\/\/nueva2.huertatropical.com\/en\/wp-json\/wp\/v2\/product"}],"about":[{"href":"https:\/\/nueva2.huertatropical.com\/en\/wp-json\/wp\/v2\/types\/product"}],"replies":[{"embeddable":true,"href":"https:\/\/nueva2.huertatropical.com\/en\/wp-json\/wp\/v2\/comments?post=20744"}],"version-history":[{"count":1,"href":"https:\/\/nueva2.huertatropical.com\/en\/wp-json\/wp\/v2\/product\/20744\/revisions"}],"predecessor-version":[{"id":20771,"href":"https:\/\/nueva2.huertatropical.com\/en\/wp-json\/wp\/v2\/product\/20744\/revisions\/20771"}],"wp:featuredmedia":[{"embeddable":true,"href":"https:\/\/nueva2.huertatropical.com\/en\/wp-json\/wp\/v2\/media\/19086"}],"wp:attachment":[{"href":"https:\/\/nueva2.huertatropical.com\/en\/wp-json\/wp\/v2\/media?parent=20744"}],"wp:term":[{"taxonomy":"product_brand","embeddable":true,"href":"https:\/\/nueva2.huertatropical.com\/en\/wp-json\/wp\/v2\/product_brand?post=20744"},{"taxonomy":"product_cat","embeddable":true,"href":"https:\/\/nueva2.huertatropical.com\/en\/wp-json\/wp\/v2\/product_cat?post=20744"},{"taxonomy":"product_tag","embeddable":true,"href":"https:\/\/nueva2.huertatropical.com\/en\/wp-json\/wp\/v2\/product_tag?post=20744"}],"curies":[{"name":"wp","href":"https:\/\/api.w.org\/{rel}","templated":true}]}}