{"id":20739,"date":"2025-03-22T12:31:52","date_gmt":"2025-03-22T11:31:52","guid":{"rendered":"https:\/\/nueva2.huertatropical.com\/?post_type=product&#038;p=20739"},"modified":"2025-03-22T12:31:56","modified_gmt":"2025-03-22T11:31:56","slug":"jackfruit-o-yaca","status":"publish","type":"product","link":"https:\/\/nueva2.huertatropical.com\/en\/tienda-comprar-fruta-tropical-de-temporada\/comprar-surtido-fruta-tropical\/jackfruit-o-yaca\/","title":{"rendered":"JackFruit o Yaca"},"content":{"rendered":"<h2 class=\"shortcode_title title_1778590786 main_font vc_custom_1529636139555\"><span style=\"color: #e3b600;\">\u00bf Qu\u00e9 se debe de tener en cuenta a la hora de comprar JackFruit?<\/span><\/h2>\n<h3 class=\"shortcode_title title_1778590786 main_font vc_custom_1529636139555\"><span style=\"color: #e3b600;\">Beneficios para la salud y propiedades del JackFruit o Yaca<\/span><\/h3>\n<p>El aporte vitam\u00ednico de la JackFruit es muy destacado, aportando grandes cantidades de <strong>vitamina A<\/strong>, fundamental para la buena salud de los tejidos que componen la piel y los ojos.<\/p>\n<p>Otra Vitamina que destaca especialmente es la <strong>VitaminaC<\/strong>\u00a0 que combinada con su alto\u00a0 nivel de <strong>Calcio<\/strong> mejora su asimilaci\u00f3n por parte del organismo y potencia su poder antioxidante fortaleciendo el sistema inmunitario.<\/p>\n<p>Es una fuente importante de fibra, por lo que su consumo mejorar\u00e1 los \u00edndices de az\u00facar y grasa en la sangre, adem\u00e1s de mantener nuestro sistema digestivo.<\/p>\n<p>&nbsp;<\/p>\n<h3><span style=\"color: #e3b600;\">\u00bf C\u00f3mo conservar y madurar el JackFruit o Yaca ?<\/span><\/h3>\n<div class=\"col-sm-8 content\">\n<div class=\"field field-name-body field-type-text-with-summary field-label-hidden\">\n<div class=\"field-items\">\n<div class=\"field-item even\">\n<p>La c\u00e1scara de la JackFruit cambia de color verde a marr\u00f3n a medida que madura, momento en el que su textura es m\u00e1s blanda y cede a los dedos. Ya que en el frigor\u00edfico es dif\u00edcil que quepa, debemos elegir como queremos comer nuestra fruta, si verde con menos sabor, usado para cocina que sustituye a la carne, o m\u00e1s maduro y con ese m\u00faltiple sabor dulce.<\/p>\n<p>Se recomienda extraer los gajos y conservarlos envueltos en film transparente durante d\u00edas en el frigor\u00edfico o guardarlos en el congelador.<\/p>\n<p>&nbsp;<\/p>\n<h3><span style=\"color: #e3b600;\">\u00bf C\u00f3mo preparar y comer el JackFruit o Yaca ?<\/span><\/h3>\n<\/div>\n<\/div>\n<\/div>\n<\/div>\n<p>Se puede recurrir a su textura fibrosa y cocinarla cuando est\u00e1 todav\u00eda verde. Es habitual sustirtuir la carne con esta fruta ya que una vez cocinado, ya sea hervido, frito&#8230; adquiere una textura muy similar al pollo y al cerdo.<\/p>\n<p>Otra manera de consumirlo es cuando esperamos a que est\u00e9 maduro para disfrutar de su dulzor como si fuera una gominola.<\/p>\n<p>Es posible que por motivos de temporalidad, a lo largo del a\u00f1o, en algunos momentos, no puedas <strong>comprar jackfuit<\/strong>, por eso te recomendamos que veas otras <a href=\"https:\/\/huertatropical.com\/tienda-comprar-fruta-tropical-de-temporada\/\">frutas tropicales de temporada<\/a> que tenemos a tu disposici\u00f3n.<\/p>\n<p>Si quieres estar atento a las \u00faltimas novedades de nuestra web, nuevas frutas de temporada, como por ejemplo cuando <strong>comprar jackfruit<\/strong>, ofertas y promociones, s\u00edguenos en nuestras redes sociales. Aqu\u00ed te dejamos nuestros <a href=\"https:\/\/es-es.facebook.com\/HuertaTropical\/\" target=\"_blank\" rel=\"noopener noreferrer\">Facebook<\/a>\u00a0e\u00a0<a href=\"https:\/\/www.instagram.com\/huertatropical\" target=\"_blank\" rel=\"noopener noreferrer\">Instagram<\/a>.<\/p>\n","protected":false},"excerpt":{"rendered":"<p><span style=\"color: #00c0f0;\"><strong>\u00a1DisFruta de un 5% de DESCUENTO en tu JackFruit o Yaca al comprar m\u00e1s de 1 Pieza!<\/strong><\/span><\/p>\n<p><span style=\"color: #339966;\"><strong>JackFruit, Jaca, Yaca, Fruta del Jack<\/strong><\/span>&#8230; est\u00e1 considerada la fruta m\u00e1s grande del mundo porque puede llegar a pesar 40Kg aunque las piezas comercializadas suelen estar cerca de los 10Kg.<\/p>\n<p>Su c\u00e1scara verde rugosa con pinchos protege su espectacular pulpa en forma de gajos.<\/p>\n<p>Cada gajo, de la multitud que componen su pulpa, contiene una semilla en su interior y tiene un llamativo color entre amarillo y naranja y su textura recuerda a la carne.<\/p>\n<p>Posee un sabor especial dif\u00edcil de describir ya que es capaz de aglutinar multitud de sabores reconocibles de otras frutas como naranja y mango siendo descrita por quienes la prueban como una mezcla de estas, adem\u00e1s de pl\u00e1tano, pi\u00f1a, manzana, chirimoya&#8230; y siendo definida como <strong>&#8220;la fruta con el sabor de todas las frutas&#8221;<\/strong>.<\/p>\n<p>Su caracter\u00edstica textura fibrosa se asemeja a la carne de pollo o cerdo una vez cocinada, por lo que se utiliza cada vez m\u00e1s en la cocina vegetariana.<\/p>\n<p><span style=\"color: #339966;\"><strong>Cantidad aprox. de 9kg de peso<\/strong><\/span><\/p>\n<p>&nbsp;<\/p>\n","protected":false},"featured_media":19074,"comment_status":"closed","ping_status":"closed","template":"","meta":[],"product_brand":[],"product_cat":[203],"product_tag":[],"class_list":{"0":"post-20739","1":"product","2":"type-product","3":"status-publish","4":"has-post-thumbnail","6":"product_cat-comprar-surtido-fruta-tropical","7":"product_shipping_class-tarifa-hasta-15kg","9":"first","10":"outofstock","11":"taxable","12":"shipping-taxable","13":"purchasable","14":"product-type-simple"},"yoast_head":"<!-- This site is optimized with the Yoast SEO plugin v24.7 - https:\/\/yoast.com\/wordpress\/plugins\/seo\/ -->\n<title>Comprar JackFruit Yaca online a domicilio - Huerta Tropical<\/title>\n<meta name=\"description\" content=\"JackFruit, Jaca, Yaca, Fruta del Jack. Considerada la fruta m\u00e1s grande del mundo, puede llegar a 40Kg, las comercializadas suelen ser de 10Kg\" \/>\n<meta name=\"robots\" content=\"noindex, follow, max-snippet:-1, max-image-preview:large, max-video-preview:-1\" \/>\n<meta property=\"og:locale\" content=\"en_US\" \/>\n<meta property=\"og:type\" content=\"article\" \/>\n<meta property=\"og:title\" content=\"Comprar JackFruit Yaca online a domicilio - Huerta Tropical\" \/>\n<meta property=\"og:description\" content=\"JackFruit, Jaca, Yaca, Fruta del Jack. Considerada la fruta m\u00e1s grande del mundo, puede llegar a 40Kg, las comercializadas suelen ser de 10Kg\" \/>\n<meta property=\"og:url\" content=\"https:\/\/nueva2.huertatropical.com\/en\/tienda-comprar-fruta-tropical-de-temporada\/comprar-surtido-fruta-tropical\/jackfruit-o-yaca\/\" \/>\n<meta property=\"og:site_name\" content=\"Huerta Tropical\" \/>\n<meta property=\"article:publisher\" content=\"https:\/\/es-es.facebook.com\/HuertaTropical\/\" \/>\n<meta property=\"article:modified_time\" content=\"2025-03-22T11:31:56+00:00\" \/>\n<meta property=\"og:image\" content=\"https:\/\/nueva2.huertatropical.com\/wp-content\/uploads\/2024\/08\/comprar-yaca-jack-fruit-online.jpg\" \/>\n\t<meta property=\"og:image:width\" content=\"800\" \/>\n\t<meta property=\"og:image:height\" content=\"800\" \/>\n\t<meta property=\"og:image:type\" content=\"image\/jpeg\" \/>\n<meta name=\"twitter:card\" content=\"summary_large_image\" \/>\n<meta name=\"twitter:site\" content=\"@HuertaTropical\" \/>\n<meta name=\"twitter:label1\" content=\"Est. reading time\" \/>\n\t<meta name=\"twitter:data1\" content=\"2 minutes\" \/>\n<script type=\"application\/ld+json\" class=\"yoast-schema-graph\">{\"@context\":\"https:\/\/schema.org\",\"@graph\":[{\"@type\":\"WebPage\",\"@id\":\"https:\/\/nueva2.huertatropical.com\/en\/tienda-comprar-fruta-tropical-de-temporada\/comprar-surtido-fruta-tropical\/jackfruit-o-yaca\/\",\"url\":\"https:\/\/nueva2.huertatropical.com\/en\/tienda-comprar-fruta-tropical-de-temporada\/comprar-surtido-fruta-tropical\/jackfruit-o-yaca\/\",\"name\":\"Comprar JackFruit Yaca online a domicilio - Huerta Tropical\",\"isPartOf\":{\"@id\":\"https:\/\/nueva2.huertatropical.com\/en\/#website\"},\"primaryImageOfPage\":{\"@id\":\"https:\/\/nueva2.huertatropical.com\/en\/tienda-comprar-fruta-tropical-de-temporada\/comprar-surtido-fruta-tropical\/jackfruit-o-yaca\/#primaryimage\"},\"image\":{\"@id\":\"https:\/\/nueva2.huertatropical.com\/en\/tienda-comprar-fruta-tropical-de-temporada\/comprar-surtido-fruta-tropical\/jackfruit-o-yaca\/#primaryimage\"},\"thumbnailUrl\":\"https:\/\/nueva2.huertatropical.com\/wp-content\/uploads\/2024\/08\/comprar-yaca-jack-fruit-online.jpg\",\"datePublished\":\"2025-03-22T11:31:52+00:00\",\"dateModified\":\"2025-03-22T11:31:56+00:00\",\"description\":\"JackFruit, Jaca, Yaca, Fruta del Jack. Considerada la fruta m\u00e1s grande del mundo, puede llegar a 40Kg, las comercializadas suelen ser de 10Kg\",\"breadcrumb\":{\"@id\":\"https:\/\/nueva2.huertatropical.com\/en\/tienda-comprar-fruta-tropical-de-temporada\/comprar-surtido-fruta-tropical\/jackfruit-o-yaca\/#breadcrumb\"},\"inLanguage\":\"en-US\",\"potentialAction\":[{\"@type\":\"ReadAction\",\"target\":[\"https:\/\/nueva2.huertatropical.com\/en\/tienda-comprar-fruta-tropical-de-temporada\/comprar-surtido-fruta-tropical\/jackfruit-o-yaca\/\"]}]},{\"@type\":\"ImageObject\",\"inLanguage\":\"en-US\",\"@id\":\"https:\/\/nueva2.huertatropical.com\/en\/tienda-comprar-fruta-tropical-de-temporada\/comprar-surtido-fruta-tropical\/jackfruit-o-yaca\/#primaryimage\",\"url\":\"https:\/\/nueva2.huertatropical.com\/wp-content\/uploads\/2024\/08\/comprar-yaca-jack-fruit-online.jpg\",\"contentUrl\":\"https:\/\/nueva2.huertatropical.com\/wp-content\/uploads\/2024\/08\/comprar-yaca-jack-fruit-online.jpg\",\"width\":800,\"height\":800},{\"@type\":\"BreadcrumbList\",\"@id\":\"https:\/\/nueva2.huertatropical.com\/en\/tienda-comprar-fruta-tropical-de-temporada\/comprar-surtido-fruta-tropical\/jackfruit-o-yaca\/#breadcrumb\",\"itemListElement\":[{\"@type\":\"ListItem\",\"position\":1,\"name\":\"Portada\",\"item\":\"https:\/\/nueva2.huertatropical.com\/en\/\"},{\"@type\":\"ListItem\",\"position\":2,\"name\":\"Shop\",\"item\":\"https:\/\/nueva2.huertatropical.com\/en\/shop\/\"},{\"@type\":\"ListItem\",\"position\":3,\"name\":\"JackFruit o Yaca\"}]},{\"@type\":\"WebSite\",\"@id\":\"https:\/\/nueva2.huertatropical.com\/en\/#website\",\"url\":\"https:\/\/nueva2.huertatropical.com\/en\/\",\"name\":\"Huerta Tropical\",\"description\":\"Comprar online fruta tropical de Granada a domicilio\",\"publisher\":{\"@id\":\"https:\/\/nueva2.huertatropical.com\/en\/#organization\"},\"potentialAction\":[{\"@type\":\"SearchAction\",\"target\":{\"@type\":\"EntryPoint\",\"urlTemplate\":\"https:\/\/nueva2.huertatropical.com\/en\/?s={search_term_string}\"},\"query-input\":{\"@type\":\"PropertyValueSpecification\",\"valueRequired\":true,\"valueName\":\"search_term_string\"}}],\"inLanguage\":\"en-US\"},{\"@type\":\"Organization\",\"@id\":\"https:\/\/nueva2.huertatropical.com\/en\/#organization\",\"name\":\"Huerta Tropical\",\"url\":\"https:\/\/nueva2.huertatropical.com\/en\/\",\"logo\":{\"@type\":\"ImageObject\",\"inLanguage\":\"en-US\",\"@id\":\"https:\/\/nueva2.huertatropical.com\/en\/#\/schema\/logo\/image\/\",\"url\":\"https:\/\/i2.wp.com\/huertatropical.com\/wp-content\/uploads\/2016\/03\/icono-web-sitio.jpg?fit=510%2C510&ssl=1\",\"contentUrl\":\"https:\/\/i2.wp.com\/huertatropical.com\/wp-content\/uploads\/2016\/03\/icono-web-sitio.jpg?fit=510%2C510&ssl=1\",\"width\":510,\"height\":510,\"caption\":\"Huerta Tropical\"},\"image\":{\"@id\":\"https:\/\/nueva2.huertatropical.com\/en\/#\/schema\/logo\/image\/\"},\"sameAs\":[\"https:\/\/es-es.facebook.com\/HuertaTropical\/\",\"https:\/\/x.com\/HuertaTropical\",\"https:\/\/www.instagram.com\/huertatropical\/\",\"https:\/\/www.linkedin.com\/company\/huerta-tropical\/\",\"https:\/\/www.pinterest.es\/huertatropical\/\",\"https:\/\/www.youtube.com\/channel\/UCT44zfBbAxjNKNUGZhRt6CA\"]}]}<\/script>\n<!-- \/ Yoast SEO plugin. -->","yoast_head_json":{"title":"Comprar JackFruit Yaca online a domicilio - Huerta Tropical","description":"JackFruit, Jaca, Yaca, Fruta del Jack. Considerada la fruta m\u00e1s grande del mundo, puede llegar a 40Kg, las comercializadas suelen ser de 10Kg","robots":{"index":"noindex","follow":"follow","max-snippet":"max-snippet:-1","max-image-preview":"max-image-preview:large","max-video-preview":"max-video-preview:-1"},"og_locale":"en_US","og_type":"article","og_title":"Comprar JackFruit Yaca online a domicilio - Huerta Tropical","og_description":"JackFruit, Jaca, Yaca, Fruta del Jack. Considerada la fruta m\u00e1s grande del mundo, puede llegar a 40Kg, las comercializadas suelen ser de 10Kg","og_url":"https:\/\/nueva2.huertatropical.com\/en\/tienda-comprar-fruta-tropical-de-temporada\/comprar-surtido-fruta-tropical\/jackfruit-o-yaca\/","og_site_name":"Huerta Tropical","article_publisher":"https:\/\/es-es.facebook.com\/HuertaTropical\/","article_modified_time":"2025-03-22T11:31:56+00:00","og_image":[{"width":800,"height":800,"url":"https:\/\/nueva2.huertatropical.com\/wp-content\/uploads\/2024\/08\/comprar-yaca-jack-fruit-online.jpg","type":"image\/jpeg"}],"twitter_card":"summary_large_image","twitter_site":"@HuertaTropical","twitter_misc":{"Est. reading time":"2 minutes"},"schema":{"@context":"https:\/\/schema.org","@graph":[{"@type":"WebPage","@id":"https:\/\/nueva2.huertatropical.com\/en\/tienda-comprar-fruta-tropical-de-temporada\/comprar-surtido-fruta-tropical\/jackfruit-o-yaca\/","url":"https:\/\/nueva2.huertatropical.com\/en\/tienda-comprar-fruta-tropical-de-temporada\/comprar-surtido-fruta-tropical\/jackfruit-o-yaca\/","name":"Comprar JackFruit Yaca online a domicilio - Huerta Tropical","isPartOf":{"@id":"https:\/\/nueva2.huertatropical.com\/en\/#website"},"primaryImageOfPage":{"@id":"https:\/\/nueva2.huertatropical.com\/en\/tienda-comprar-fruta-tropical-de-temporada\/comprar-surtido-fruta-tropical\/jackfruit-o-yaca\/#primaryimage"},"image":{"@id":"https:\/\/nueva2.huertatropical.com\/en\/tienda-comprar-fruta-tropical-de-temporada\/comprar-surtido-fruta-tropical\/jackfruit-o-yaca\/#primaryimage"},"thumbnailUrl":"https:\/\/nueva2.huertatropical.com\/wp-content\/uploads\/2024\/08\/comprar-yaca-jack-fruit-online.jpg","datePublished":"2025-03-22T11:31:52+00:00","dateModified":"2025-03-22T11:31:56+00:00","description":"JackFruit, Jaca, Yaca, Fruta del Jack. Considerada la fruta m\u00e1s grande del mundo, puede llegar a 40Kg, las comercializadas suelen ser de 10Kg","breadcrumb":{"@id":"https:\/\/nueva2.huertatropical.com\/en\/tienda-comprar-fruta-tropical-de-temporada\/comprar-surtido-fruta-tropical\/jackfruit-o-yaca\/#breadcrumb"},"inLanguage":"en-US","potentialAction":[{"@type":"ReadAction","target":["https:\/\/nueva2.huertatropical.com\/en\/tienda-comprar-fruta-tropical-de-temporada\/comprar-surtido-fruta-tropical\/jackfruit-o-yaca\/"]}]},{"@type":"ImageObject","inLanguage":"en-US","@id":"https:\/\/nueva2.huertatropical.com\/en\/tienda-comprar-fruta-tropical-de-temporada\/comprar-surtido-fruta-tropical\/jackfruit-o-yaca\/#primaryimage","url":"https:\/\/nueva2.huertatropical.com\/wp-content\/uploads\/2024\/08\/comprar-yaca-jack-fruit-online.jpg","contentUrl":"https:\/\/nueva2.huertatropical.com\/wp-content\/uploads\/2024\/08\/comprar-yaca-jack-fruit-online.jpg","width":800,"height":800},{"@type":"BreadcrumbList","@id":"https:\/\/nueva2.huertatropical.com\/en\/tienda-comprar-fruta-tropical-de-temporada\/comprar-surtido-fruta-tropical\/jackfruit-o-yaca\/#breadcrumb","itemListElement":[{"@type":"ListItem","position":1,"name":"Portada","item":"https:\/\/nueva2.huertatropical.com\/en\/"},{"@type":"ListItem","position":2,"name":"Shop","item":"https:\/\/nueva2.huertatropical.com\/en\/shop\/"},{"@type":"ListItem","position":3,"name":"JackFruit o Yaca"}]},{"@type":"WebSite","@id":"https:\/\/nueva2.huertatropical.com\/en\/#website","url":"https:\/\/nueva2.huertatropical.com\/en\/","name":"Huerta Tropical","description":"Comprar online fruta tropical de Granada a domicilio","publisher":{"@id":"https:\/\/nueva2.huertatropical.com\/en\/#organization"},"potentialAction":[{"@type":"SearchAction","target":{"@type":"EntryPoint","urlTemplate":"https:\/\/nueva2.huertatropical.com\/en\/?s={search_term_string}"},"query-input":{"@type":"PropertyValueSpecification","valueRequired":true,"valueName":"search_term_string"}}],"inLanguage":"en-US"},{"@type":"Organization","@id":"https:\/\/nueva2.huertatropical.com\/en\/#organization","name":"Huerta Tropical","url":"https:\/\/nueva2.huertatropical.com\/en\/","logo":{"@type":"ImageObject","inLanguage":"en-US","@id":"https:\/\/nueva2.huertatropical.com\/en\/#\/schema\/logo\/image\/","url":"https:\/\/i2.wp.com\/huertatropical.com\/wp-content\/uploads\/2016\/03\/icono-web-sitio.jpg?fit=510%2C510&ssl=1","contentUrl":"https:\/\/i2.wp.com\/huertatropical.com\/wp-content\/uploads\/2016\/03\/icono-web-sitio.jpg?fit=510%2C510&ssl=1","width":510,"height":510,"caption":"Huerta Tropical"},"image":{"@id":"https:\/\/nueva2.huertatropical.com\/en\/#\/schema\/logo\/image\/"},"sameAs":["https:\/\/es-es.facebook.com\/HuertaTropical\/","https:\/\/x.com\/HuertaTropical","https:\/\/www.instagram.com\/huertatropical\/","https:\/\/www.linkedin.com\/company\/huerta-tropical\/","https:\/\/www.pinterest.es\/huertatropical\/","https:\/\/www.youtube.com\/channel\/UCT44zfBbAxjNKNUGZhRt6CA"]}]}},"_links":{"self":[{"href":"https:\/\/nueva2.huertatropical.com\/en\/wp-json\/wp\/v2\/product\/20739","targetHints":{"allow":["GET"]}}],"collection":[{"href":"https:\/\/nueva2.huertatropical.com\/en\/wp-json\/wp\/v2\/product"}],"about":[{"href":"https:\/\/nueva2.huertatropical.com\/en\/wp-json\/wp\/v2\/types\/product"}],"replies":[{"embeddable":true,"href":"https:\/\/nueva2.huertatropical.com\/en\/wp-json\/wp\/v2\/comments?post=20739"}],"version-history":[{"count":1,"href":"https:\/\/nueva2.huertatropical.com\/en\/wp-json\/wp\/v2\/product\/20739\/revisions"}],"predecessor-version":[{"id":20766,"href":"https:\/\/nueva2.huertatropical.com\/en\/wp-json\/wp\/v2\/product\/20739\/revisions\/20766"}],"wp:featuredmedia":[{"embeddable":true,"href":"https:\/\/nueva2.huertatropical.com\/en\/wp-json\/wp\/v2\/media\/19074"}],"wp:attachment":[{"href":"https:\/\/nueva2.huertatropical.com\/en\/wp-json\/wp\/v2\/media?parent=20739"}],"wp:term":[{"taxonomy":"product_brand","embeddable":true,"href":"https:\/\/nueva2.huertatropical.com\/en\/wp-json\/wp\/v2\/product_brand?post=20739"},{"taxonomy":"product_cat","embeddable":true,"href":"https:\/\/nueva2.huertatropical.com\/en\/wp-json\/wp\/v2\/product_cat?post=20739"},{"taxonomy":"product_tag","embeddable":true,"href":"https:\/\/nueva2.huertatropical.com\/en\/wp-json\/wp\/v2\/product_tag?post=20739"}],"curies":[{"name":"wp","href":"https:\/\/api.w.org\/{rel}","templated":true}]}}