{"id":20704,"date":"2025-03-22T12:31:33","date_gmt":"2025-03-22T11:31:33","guid":{"rendered":"https:\/\/nueva2.huertatropical.com\/?post_type=product&#038;p=20704"},"modified":"2025-03-22T12:31:57","modified_gmt":"2025-03-22T11:31:57","slug":"monstera-deliciosa-costilla-de-adan-filodendro","status":"publish","type":"product","link":"https:\/\/nueva2.huertatropical.com\/en\/tienda-comprar-fruta-tropical-de-temporada\/comprar-surtido-fruta-tropical\/monstera-deliciosa-costilla-de-adan-filodendro\/","title":{"rendered":"Monstera Deliciosa &#8211; Costilla de Ad\u00e1n &#8211; Filodendro"},"content":{"rendered":"<h3 class=\"shortcode_title title_1778590786 main_font vc_custom_1529636139555\"><span style=\"color: #99cc00;\">Beneficios para la salud y propiedades del Filodendro<\/span><\/h3>\n<p>En pa\u00edses de LatinoAm\u00e9rica se usa para tratar algunas afecciones cut\u00e1neas y en forma de infusi\u00f3n para aliviar dolores como los causados por enfermedades como la artritis.<\/p>\n<p>&nbsp;<\/p>\n<h3><span style=\"color: #99cc00;\">\u00bf C\u00f3mo conservar y madurar <\/span><span style=\"color: #99cc00;\">Filodendro ?<\/span><\/h3>\n<div class=\"col-sm-8 content\">\n<div class=\"field field-name-body field-type-text-with-summary field-label-hidden\">\n<div class=\"field-items\">\n<div class=\"field-item even\">\n<p>La maduraci\u00f3n de la Monstera Deliciosa &#8211; Costilla de Ad\u00e1n &#8211; Filodendro &#8211; Pi\u00f1anona es un aspecto clave de esta fruta. Pertenece a una familia de plantas t\u00f3xicas y mientras no est\u00e1 maduro tendr\u00e1 grandes niveles de \u00e1cido ox\u00e1lico que causa hinchaz\u00f3n, dolor, picor, irritaci\u00f3n&#8230;<\/p>\n<p>La fruta estar\u00e1 madura cuando\u00a0se le desprenden de forma natural y caen los hex\u00e1gonos verdes que conforman su corteza externa. No debemos tratar de retirar sus tapones hexagonales mientras est\u00e1 verde.<\/p>\n<p>&nbsp;<\/p>\n<h3><span style=\"color: #99cc00;\">\u00bf C\u00f3mo preparar y comer <\/span><span style=\"color: #99cc00;\">Filodendro ?<\/span><\/h3>\n<p>Para disfrutar del ex\u00f3tico sabor de esta peculiar fruta como fruta, debemos recordar que sus hex\u00e1gonos han debido de caerse y por tanto estar madura.<\/p>\n<p>Una de las maneras para disfrutar de nuestros filodendros es echar unos trozos en un yogurt. Tambi\u00e9n podemos cubrir la pulpa de esta fruta con leche condensada o acompa\u00f1ar una ensalada.<\/p>\n<\/div>\n<p>Si quieres estar atento a las \u00faltimas novedades de nuestra web, nuevas frutas de temporada, ofertas y promociones, s\u00edguenos en nuestras redes sociales. Aqu\u00ed te dejamos nuestros\u00a0<a href=\"https:\/\/es-es.facebook.com\/HuertaTropical\/\" target=\"_blank\" rel=\"noopener noreferrer\">Facebook<\/a>\u00a0e\u00a0<a href=\"https:\/\/www.instagram.com\/huertatropical\" target=\"_blank\" rel=\"noopener noreferrer\">Instagram<\/a>.<\/p>\n<p>&nbsp;<\/p>\n<\/div>\n<\/div>\n<\/div>\n","protected":false},"excerpt":{"rendered":"<p><span style=\"color: #99cc00;\"><strong>Cantidad: 2 piezas ( aprox. 1kg )<\/strong><\/span><\/p>\n<p>A la hora de comprar <span style=\"color: #99cc00;\">\u00a0<strong>Monstera Deliciosa &#8211; Costilla de Ad\u00e1n &#8211; Filodendro &#8211; Pi\u00f1anona<\/strong> <\/span>, ten en cuenta que es una fruta con forma peculiar de pepino o pi\u00f1a alargada y su piel tiene escamas en forma hexagonal y dentro tiene granos parecidos a los de ma\u00edz.<\/p>\n<p>Su sabor es una mezcla entre pi\u00f1a y guan\u00e1bana o chirimoya, de ah\u00ed que uno de sus nombres sea Pi\u00f1anona. Tambi\u00e9n podemos destacar matices a pl\u00e1tano e incluso a guayaba.<\/p>\n<p>La textura de su pulpa cuando est\u00e1 madura es parecida a la de la chirimoya, jugosa, blanda y dulce.<\/p>\n<p>Su particularidad es que mientras no est\u00e1 maduro resulta t\u00f3xico, por lo que para disfrutar de su ex\u00f3tico y especial sabor debemos esperar a que se desprendan sus tapones hexagonales.<\/p>\n<p>Suelen pesar aproximadamente 500 gramos y medir m\u00e1s de 30cm.<\/p>\n","protected":false},"featured_media":19084,"comment_status":"closed","ping_status":"closed","template":"","meta":[],"product_brand":[],"product_cat":[203],"product_tag":[],"class_list":{"0":"post-20704","1":"product","2":"type-product","3":"status-publish","4":"has-post-thumbnail","6":"product_cat-comprar-surtido-fruta-tropical","8":"first","9":"outofstock","10":"taxable","11":"shipping-taxable","12":"purchasable","13":"product-type-simple"},"yoast_head":"<!-- This site is optimized with the Yoast SEO plugin v24.7 - https:\/\/yoast.com\/wordpress\/plugins\/seo\/ -->\n<title>Comprar Monstera Deliciosa - Filodendro a domicilio - Fruta Online<\/title>\n<meta name=\"description\" content=\"Comprar Monstera Deliciosa, Costilla de Ad\u00e1n, Filodendro, Pi\u00f1anona es una fruta con forma peculiar de pepino alargado y su piel tiene escamas.\" \/>\n<meta name=\"robots\" content=\"noindex, follow, max-snippet:-1, max-image-preview:large, max-video-preview:-1\" \/>\n<meta property=\"og:locale\" content=\"en_US\" \/>\n<meta property=\"og:type\" content=\"article\" \/>\n<meta property=\"og:title\" content=\"Comprar Monstera Deliciosa - Filodendro a domicilio - Fruta Online\" \/>\n<meta property=\"og:description\" content=\"Comprar Monstera Deliciosa, Costilla de Ad\u00e1n, Filodendro, Pi\u00f1anona es una fruta con forma peculiar de pepino alargado y su piel tiene escamas.\" \/>\n<meta property=\"og:url\" content=\"https:\/\/nueva2.huertatropical.com\/en\/tienda-comprar-fruta-tropical-de-temporada\/comprar-surtido-fruta-tropical\/monstera-deliciosa-costilla-de-adan-filodendro\/\" \/>\n<meta property=\"og:site_name\" content=\"Huerta Tropical\" \/>\n<meta property=\"article:publisher\" content=\"https:\/\/es-es.facebook.com\/HuertaTropical\/\" \/>\n<meta property=\"article:modified_time\" content=\"2025-03-22T11:31:57+00:00\" \/>\n<meta property=\"og:image\" content=\"https:\/\/nueva2.huertatropical.com\/wp-content\/uploads\/2024\/08\/Comprar-Fruta-Monstera-Deliciosa-Costilla-de-Adan-Filodendro-Pinanona.webp\" \/>\n\t<meta property=\"og:image:width\" content=\"800\" \/>\n\t<meta property=\"og:image:height\" content=\"800\" \/>\n\t<meta property=\"og:image:type\" content=\"image\/webp\" \/>\n<meta name=\"twitter:card\" content=\"summary_large_image\" \/>\n<meta name=\"twitter:site\" content=\"@HuertaTropical\" \/>\n<meta name=\"twitter:label1\" content=\"Est. reading time\" \/>\n\t<meta name=\"twitter:data1\" content=\"2 minutes\" \/>\n<script type=\"application\/ld+json\" class=\"yoast-schema-graph\">{\"@context\":\"https:\/\/schema.org\",\"@graph\":[{\"@type\":\"WebPage\",\"@id\":\"https:\/\/nueva2.huertatropical.com\/en\/tienda-comprar-fruta-tropical-de-temporada\/comprar-surtido-fruta-tropical\/monstera-deliciosa-costilla-de-adan-filodendro\/\",\"url\":\"https:\/\/nueva2.huertatropical.com\/en\/tienda-comprar-fruta-tropical-de-temporada\/comprar-surtido-fruta-tropical\/monstera-deliciosa-costilla-de-adan-filodendro\/\",\"name\":\"Comprar Monstera Deliciosa - Filodendro a domicilio - Fruta Online\",\"isPartOf\":{\"@id\":\"https:\/\/nueva2.huertatropical.com\/en\/#website\"},\"primaryImageOfPage\":{\"@id\":\"https:\/\/nueva2.huertatropical.com\/en\/tienda-comprar-fruta-tropical-de-temporada\/comprar-surtido-fruta-tropical\/monstera-deliciosa-costilla-de-adan-filodendro\/#primaryimage\"},\"image\":{\"@id\":\"https:\/\/nueva2.huertatropical.com\/en\/tienda-comprar-fruta-tropical-de-temporada\/comprar-surtido-fruta-tropical\/monstera-deliciosa-costilla-de-adan-filodendro\/#primaryimage\"},\"thumbnailUrl\":\"https:\/\/nueva2.huertatropical.com\/wp-content\/uploads\/2024\/08\/Comprar-Fruta-Monstera-Deliciosa-Costilla-de-Adan-Filodendro-Pinanona.webp\",\"datePublished\":\"2025-03-22T11:31:33+00:00\",\"dateModified\":\"2025-03-22T11:31:57+00:00\",\"description\":\"Comprar Monstera Deliciosa, Costilla de Ad\u00e1n, Filodendro, Pi\u00f1anona es una fruta con forma peculiar de pepino alargado y su piel tiene escamas.\",\"breadcrumb\":{\"@id\":\"https:\/\/nueva2.huertatropical.com\/en\/tienda-comprar-fruta-tropical-de-temporada\/comprar-surtido-fruta-tropical\/monstera-deliciosa-costilla-de-adan-filodendro\/#breadcrumb\"},\"inLanguage\":\"en-US\",\"potentialAction\":[{\"@type\":\"ReadAction\",\"target\":[\"https:\/\/nueva2.huertatropical.com\/en\/tienda-comprar-fruta-tropical-de-temporada\/comprar-surtido-fruta-tropical\/monstera-deliciosa-costilla-de-adan-filodendro\/\"]}]},{\"@type\":\"ImageObject\",\"inLanguage\":\"en-US\",\"@id\":\"https:\/\/nueva2.huertatropical.com\/en\/tienda-comprar-fruta-tropical-de-temporada\/comprar-surtido-fruta-tropical\/monstera-deliciosa-costilla-de-adan-filodendro\/#primaryimage\",\"url\":\"https:\/\/nueva2.huertatropical.com\/wp-content\/uploads\/2024\/08\/Comprar-Fruta-Monstera-Deliciosa-Costilla-de-Adan-Filodendro-Pinanona.webp\",\"contentUrl\":\"https:\/\/nueva2.huertatropical.com\/wp-content\/uploads\/2024\/08\/Comprar-Fruta-Monstera-Deliciosa-Costilla-de-Adan-Filodendro-Pinanona.webp\",\"width\":800,\"height\":800},{\"@type\":\"BreadcrumbList\",\"@id\":\"https:\/\/nueva2.huertatropical.com\/en\/tienda-comprar-fruta-tropical-de-temporada\/comprar-surtido-fruta-tropical\/monstera-deliciosa-costilla-de-adan-filodendro\/#breadcrumb\",\"itemListElement\":[{\"@type\":\"ListItem\",\"position\":1,\"name\":\"Portada\",\"item\":\"https:\/\/nueva2.huertatropical.com\/en\/\"},{\"@type\":\"ListItem\",\"position\":2,\"name\":\"Shop\",\"item\":\"https:\/\/nueva2.huertatropical.com\/en\/shop\/\"},{\"@type\":\"ListItem\",\"position\":3,\"name\":\"Monstera Deliciosa &#8211; Costilla de Ad\u00e1n &#8211; Filodendro\"}]},{\"@type\":\"WebSite\",\"@id\":\"https:\/\/nueva2.huertatropical.com\/en\/#website\",\"url\":\"https:\/\/nueva2.huertatropical.com\/en\/\",\"name\":\"Huerta Tropical\",\"description\":\"Comprar online fruta tropical de Granada a domicilio\",\"publisher\":{\"@id\":\"https:\/\/nueva2.huertatropical.com\/en\/#organization\"},\"potentialAction\":[{\"@type\":\"SearchAction\",\"target\":{\"@type\":\"EntryPoint\",\"urlTemplate\":\"https:\/\/nueva2.huertatropical.com\/en\/?s={search_term_string}\"},\"query-input\":{\"@type\":\"PropertyValueSpecification\",\"valueRequired\":true,\"valueName\":\"search_term_string\"}}],\"inLanguage\":\"en-US\"},{\"@type\":\"Organization\",\"@id\":\"https:\/\/nueva2.huertatropical.com\/en\/#organization\",\"name\":\"Huerta Tropical\",\"url\":\"https:\/\/nueva2.huertatropical.com\/en\/\",\"logo\":{\"@type\":\"ImageObject\",\"inLanguage\":\"en-US\",\"@id\":\"https:\/\/nueva2.huertatropical.com\/en\/#\/schema\/logo\/image\/\",\"url\":\"https:\/\/i2.wp.com\/huertatropical.com\/wp-content\/uploads\/2016\/03\/icono-web-sitio.jpg?fit=510%2C510&ssl=1\",\"contentUrl\":\"https:\/\/i2.wp.com\/huertatropical.com\/wp-content\/uploads\/2016\/03\/icono-web-sitio.jpg?fit=510%2C510&ssl=1\",\"width\":510,\"height\":510,\"caption\":\"Huerta Tropical\"},\"image\":{\"@id\":\"https:\/\/nueva2.huertatropical.com\/en\/#\/schema\/logo\/image\/\"},\"sameAs\":[\"https:\/\/es-es.facebook.com\/HuertaTropical\/\",\"https:\/\/x.com\/HuertaTropical\",\"https:\/\/www.instagram.com\/huertatropical\/\",\"https:\/\/www.linkedin.com\/company\/huerta-tropical\/\",\"https:\/\/www.pinterest.es\/huertatropical\/\",\"https:\/\/www.youtube.com\/channel\/UCT44zfBbAxjNKNUGZhRt6CA\"]}]}<\/script>\n<!-- \/ Yoast SEO plugin. -->","yoast_head_json":{"title":"Comprar Monstera Deliciosa - Filodendro a domicilio - Fruta Online","description":"Comprar Monstera Deliciosa, Costilla de Ad\u00e1n, Filodendro, Pi\u00f1anona es una fruta con forma peculiar de pepino alargado y su piel tiene escamas.","robots":{"index":"noindex","follow":"follow","max-snippet":"max-snippet:-1","max-image-preview":"max-image-preview:large","max-video-preview":"max-video-preview:-1"},"og_locale":"en_US","og_type":"article","og_title":"Comprar Monstera Deliciosa - Filodendro a domicilio - Fruta Online","og_description":"Comprar Monstera Deliciosa, Costilla de Ad\u00e1n, Filodendro, Pi\u00f1anona es una fruta con forma peculiar de pepino alargado y su piel tiene escamas.","og_url":"https:\/\/nueva2.huertatropical.com\/en\/tienda-comprar-fruta-tropical-de-temporada\/comprar-surtido-fruta-tropical\/monstera-deliciosa-costilla-de-adan-filodendro\/","og_site_name":"Huerta Tropical","article_publisher":"https:\/\/es-es.facebook.com\/HuertaTropical\/","article_modified_time":"2025-03-22T11:31:57+00:00","og_image":[{"width":800,"height":800,"url":"https:\/\/nueva2.huertatropical.com\/wp-content\/uploads\/2024\/08\/Comprar-Fruta-Monstera-Deliciosa-Costilla-de-Adan-Filodendro-Pinanona.webp","type":"image\/webp"}],"twitter_card":"summary_large_image","twitter_site":"@HuertaTropical","twitter_misc":{"Est. reading time":"2 minutes"},"schema":{"@context":"https:\/\/schema.org","@graph":[{"@type":"WebPage","@id":"https:\/\/nueva2.huertatropical.com\/en\/tienda-comprar-fruta-tropical-de-temporada\/comprar-surtido-fruta-tropical\/monstera-deliciosa-costilla-de-adan-filodendro\/","url":"https:\/\/nueva2.huertatropical.com\/en\/tienda-comprar-fruta-tropical-de-temporada\/comprar-surtido-fruta-tropical\/monstera-deliciosa-costilla-de-adan-filodendro\/","name":"Comprar Monstera Deliciosa - Filodendro a domicilio - Fruta Online","isPartOf":{"@id":"https:\/\/nueva2.huertatropical.com\/en\/#website"},"primaryImageOfPage":{"@id":"https:\/\/nueva2.huertatropical.com\/en\/tienda-comprar-fruta-tropical-de-temporada\/comprar-surtido-fruta-tropical\/monstera-deliciosa-costilla-de-adan-filodendro\/#primaryimage"},"image":{"@id":"https:\/\/nueva2.huertatropical.com\/en\/tienda-comprar-fruta-tropical-de-temporada\/comprar-surtido-fruta-tropical\/monstera-deliciosa-costilla-de-adan-filodendro\/#primaryimage"},"thumbnailUrl":"https:\/\/nueva2.huertatropical.com\/wp-content\/uploads\/2024\/08\/Comprar-Fruta-Monstera-Deliciosa-Costilla-de-Adan-Filodendro-Pinanona.webp","datePublished":"2025-03-22T11:31:33+00:00","dateModified":"2025-03-22T11:31:57+00:00","description":"Comprar Monstera Deliciosa, Costilla de Ad\u00e1n, Filodendro, Pi\u00f1anona es una fruta con forma peculiar de pepino alargado y su piel tiene escamas.","breadcrumb":{"@id":"https:\/\/nueva2.huertatropical.com\/en\/tienda-comprar-fruta-tropical-de-temporada\/comprar-surtido-fruta-tropical\/monstera-deliciosa-costilla-de-adan-filodendro\/#breadcrumb"},"inLanguage":"en-US","potentialAction":[{"@type":"ReadAction","target":["https:\/\/nueva2.huertatropical.com\/en\/tienda-comprar-fruta-tropical-de-temporada\/comprar-surtido-fruta-tropical\/monstera-deliciosa-costilla-de-adan-filodendro\/"]}]},{"@type":"ImageObject","inLanguage":"en-US","@id":"https:\/\/nueva2.huertatropical.com\/en\/tienda-comprar-fruta-tropical-de-temporada\/comprar-surtido-fruta-tropical\/monstera-deliciosa-costilla-de-adan-filodendro\/#primaryimage","url":"https:\/\/nueva2.huertatropical.com\/wp-content\/uploads\/2024\/08\/Comprar-Fruta-Monstera-Deliciosa-Costilla-de-Adan-Filodendro-Pinanona.webp","contentUrl":"https:\/\/nueva2.huertatropical.com\/wp-content\/uploads\/2024\/08\/Comprar-Fruta-Monstera-Deliciosa-Costilla-de-Adan-Filodendro-Pinanona.webp","width":800,"height":800},{"@type":"BreadcrumbList","@id":"https:\/\/nueva2.huertatropical.com\/en\/tienda-comprar-fruta-tropical-de-temporada\/comprar-surtido-fruta-tropical\/monstera-deliciosa-costilla-de-adan-filodendro\/#breadcrumb","itemListElement":[{"@type":"ListItem","position":1,"name":"Portada","item":"https:\/\/nueva2.huertatropical.com\/en\/"},{"@type":"ListItem","position":2,"name":"Shop","item":"https:\/\/nueva2.huertatropical.com\/en\/shop\/"},{"@type":"ListItem","position":3,"name":"Monstera Deliciosa &#8211; Costilla de Ad\u00e1n &#8211; Filodendro"}]},{"@type":"WebSite","@id":"https:\/\/nueva2.huertatropical.com\/en\/#website","url":"https:\/\/nueva2.huertatropical.com\/en\/","name":"Huerta Tropical","description":"Comprar online fruta tropical de Granada a domicilio","publisher":{"@id":"https:\/\/nueva2.huertatropical.com\/en\/#organization"},"potentialAction":[{"@type":"SearchAction","target":{"@type":"EntryPoint","urlTemplate":"https:\/\/nueva2.huertatropical.com\/en\/?s={search_term_string}"},"query-input":{"@type":"PropertyValueSpecification","valueRequired":true,"valueName":"search_term_string"}}],"inLanguage":"en-US"},{"@type":"Organization","@id":"https:\/\/nueva2.huertatropical.com\/en\/#organization","name":"Huerta Tropical","url":"https:\/\/nueva2.huertatropical.com\/en\/","logo":{"@type":"ImageObject","inLanguage":"en-US","@id":"https:\/\/nueva2.huertatropical.com\/en\/#\/schema\/logo\/image\/","url":"https:\/\/i2.wp.com\/huertatropical.com\/wp-content\/uploads\/2016\/03\/icono-web-sitio.jpg?fit=510%2C510&ssl=1","contentUrl":"https:\/\/i2.wp.com\/huertatropical.com\/wp-content\/uploads\/2016\/03\/icono-web-sitio.jpg?fit=510%2C510&ssl=1","width":510,"height":510,"caption":"Huerta Tropical"},"image":{"@id":"https:\/\/nueva2.huertatropical.com\/en\/#\/schema\/logo\/image\/"},"sameAs":["https:\/\/es-es.facebook.com\/HuertaTropical\/","https:\/\/x.com\/HuertaTropical","https:\/\/www.instagram.com\/huertatropical\/","https:\/\/www.linkedin.com\/company\/huerta-tropical\/","https:\/\/www.pinterest.es\/huertatropical\/","https:\/\/www.youtube.com\/channel\/UCT44zfBbAxjNKNUGZhRt6CA"]}]}},"_links":{"self":[{"href":"https:\/\/nueva2.huertatropical.com\/en\/wp-json\/wp\/v2\/product\/20704","targetHints":{"allow":["GET"]}}],"collection":[{"href":"https:\/\/nueva2.huertatropical.com\/en\/wp-json\/wp\/v2\/product"}],"about":[{"href":"https:\/\/nueva2.huertatropical.com\/en\/wp-json\/wp\/v2\/types\/product"}],"replies":[{"embeddable":true,"href":"https:\/\/nueva2.huertatropical.com\/en\/wp-json\/wp\/v2\/comments?post=20704"}],"version-history":[{"count":1,"href":"https:\/\/nueva2.huertatropical.com\/en\/wp-json\/wp\/v2\/product\/20704\/revisions"}],"predecessor-version":[{"id":20770,"href":"https:\/\/nueva2.huertatropical.com\/en\/wp-json\/wp\/v2\/product\/20704\/revisions\/20770"}],"wp:featuredmedia":[{"embeddable":true,"href":"https:\/\/nueva2.huertatropical.com\/en\/wp-json\/wp\/v2\/media\/19084"}],"wp:attachment":[{"href":"https:\/\/nueva2.huertatropical.com\/en\/wp-json\/wp\/v2\/media?parent=20704"}],"wp:term":[{"taxonomy":"product_brand","embeddable":true,"href":"https:\/\/nueva2.huertatropical.com\/en\/wp-json\/wp\/v2\/product_brand?post=20704"},{"taxonomy":"product_cat","embeddable":true,"href":"https:\/\/nueva2.huertatropical.com\/en\/wp-json\/wp\/v2\/product_cat?post=20704"},{"taxonomy":"product_tag","embeddable":true,"href":"https:\/\/nueva2.huertatropical.com\/en\/wp-json\/wp\/v2\/product_tag?post=20704"}],"curies":[{"name":"wp","href":"https:\/\/api.w.org\/{rel}","templated":true}]}}