{"id":20703,"date":"2025-03-22T12:31:33","date_gmt":"2025-03-22T11:31:33","guid":{"rendered":"https:\/\/nueva2.huertatropical.com\/?post_type=product&#038;p=20703"},"modified":"2025-03-22T12:31:39","modified_gmt":"2025-03-22T11:31:39","slug":"guanabana","status":"publish","type":"product","link":"https:\/\/nueva2.huertatropical.com\/en\/tienda-comprar-fruta-tropical-de-temporada\/comprar-surtido-fruta-tropical\/guanabana\/","title":{"rendered":"Guan\u00e1bana"},"content":{"rendered":"<h3 class=\"shortcode_title title_1778590786 main_font vc_custom_1529636139555\"><span style=\"color: #e3b600;\">Beneficios para la salud y propiedades al comprar Guan\u00e1bana<\/span><\/h3>\n<p>La guan\u00e1bana es una fuente importante de<strong> vitamina C<\/strong> que en combinaci\u00f3n con su cantidad de hierro favorece la asimilaci\u00f3n de este mineral. Adem\u00e1s de fortalecer el sistema inmunol\u00f3gico, posee una capacidad antioxidante que favorece la eliminaci\u00f3n de los radicales libres y reduce el riesgo de padecer accidentes cardiovasculares.<\/p>\n<p>La guan\u00e1bana adem\u00e1s contiene importantes niveles de <strong>vitaminas B1<\/strong> tiamina, <strong>B2<\/strong> riboflavina,<strong> B3<\/strong> niacina, <strong>B5<\/strong> \u00e1cido pantot\u00e9nico y<strong> B6<\/strong> pridoxina.<\/p>\n<p>De la aportaci\u00f3n de minerales podemos destacar la de <strong>hierro<\/strong>, el <strong>magnesio<\/strong> y el <strong>potasio<\/strong>.<\/p>\n<p>La guan\u00e1bana\u00a0es muy rica en<strong> fibra<\/strong> por lo que su consumo contribuye al buen funcionamiento del sistema digestivo favoreciendo el tr\u00e1nsito intestinal.<\/p>\n<p>Se han extendido en Internet comentarios sobre la capacidad anticancer\u00edgena de la Guan\u00e1bana, con afirmaciones como que es hasta 100 veces m\u00e1s potente que la quimioterapia y hasta 10.000 veces m\u00e1s efectiva que los medicamentos, cuando de momento lo \u00fanico cierto y demostrable es que se est\u00e1n empleando algunas de sus propiedades en investigaciones de c\u00e9lulas cancer\u00edgenas.<\/p>\n<p>&nbsp;<\/p>\n<h3><span style=\"color: #e3b600;\">\u00bf C\u00f3mo conservar y madurar la Guan\u00e1bana ?<\/span><\/h3>\n<div class=\"col-sm-8 content\">\n<div class=\"field field-name-body field-type-text-with-summary field-label-hidden\">\n<div class=\"field-items\">\n<div class=\"field-item even\">\n<p>Lo ideal es dejar guan\u00e1bana madurando a temperatura ambiente y cuando est\u00e9 en su punto extraer la pulpa y guardarla en un recipiente tapado herm\u00e9ticamente. La pulpa podremos conservarla durante semanas en el frigor\u00edfico y meses si decidimos congelarla.<\/p>\n<p>Sabremos que la Guan\u00e1bana est\u00e1 madura cuando est\u00e9 blanda y ceda al tacto y sus &#8220;pinchos&#8221; hayan encogido.<\/p>\n<p>&nbsp;<\/p>\n<h3><span style=\"color: #e3b600;\">\u00bf C\u00f3mo preparar y comer la Guan\u00e1bana ?<\/span><\/h3>\n<\/div>\n<\/div>\n<\/div>\n<\/div>\n<p>La Guan\u00e1bana se puede consumir en fresco como la Chirimoya. Una vez madura se corta a la mitad y con una cuchara se come la pulpa, retirando el tallo central y evitando las pepitas.<\/p>\n<p>La cremosidad de su pulpa la convierten en ideal como base para hacer batidos con otras fruta y zumos.<\/p>\n<p>Otra manera de servirla es como postre con leche condensada, az\u00facar,\u00a0 leche o nata.<\/p>\n<p>Puede que por motivos de temporalidad no tengamos disponible para <strong>comprar guan\u00e1bana<\/strong>, pero es posible que te interesen otras de nuestras <a href=\"https:\/\/huertatropical.com\/tienda-comprar-fruta-tropical-de-temporada\/\">frutas tropicales de temporada<\/a>.<\/p>\n<p>Si quieres estar atento a las \u00faltimas novedades de nuestra web, nuevas frutas de temporada, ofertas y promociones, s\u00edguenos en nuestras redes sociales. Aqu\u00ed te dejamos nuestros\u00a0<a href=\"https:\/\/es-es.facebook.com\/HuertaTropical\/\" target=\"_blank\" rel=\"noopener noreferrer\">Facebook<\/a>\u00a0e\u00a0<a href=\"https:\/\/www.instagram.com\/huertatropical\" target=\"_blank\" rel=\"noopener noreferrer\">Instagram<\/a>.<\/p>\n","protected":false},"excerpt":{"rendered":"<p><span style=\"color: #00c0f0;\"><strong>\u00a1DisFruta de un 5% de DESCUENTO en tu Guan\u00e1bana al comprar m\u00e1s de 1 Pieza!<\/strong><\/span><\/p>\n<p>La <span style=\"color: #99cc00;\"><strong>Guan\u00e1bana<\/strong><\/span> o tambi\u00e9n llamada <span style=\"color: #99cc00;\"><strong>Graviola<\/strong><\/span> es un fruto parecido a una Chirimoya gigante con pinchos.<\/p>\n<p>Su peso habitual es de casi 3Kg y mide 4o cm.\u00a0 Tiene forma c\u00f3nica, curvada y hasta de coraz\u00f3n y su piel verde est\u00e1 cubierta de unas espinas suaves.<\/p>\n<p>La pulpa de la Guan\u00e1bana es muy similar en aspecto al de la chirimoya, de color blanca y textura jugosa con pepitas no comestibles su sabor es ligeramente dulce y un poco \u00e1cido.<\/p>\n<p>Desde hace tiempo en Andaluc\u00eda se avanza en el <a href=\"https:\/\/www.diariosur.es\/economia\/agroalimentacion\/guanabana-sello-producido-20200129180400-nt.html\" target=\"_blank\" rel=\"noopener noreferrer\">cultivo de la Guan\u00e1bana<\/a> y las investigaciones que realiza <a href=\"https:\/\/www.ihsm.uma-csic.es\/comunicacion\/630\" target=\"_blank\" rel=\"noopener noreferrer\">El Instituto de Hortofruticultura Subtropical y Mediterr\u00e1nea &#8220;La Mayora&#8221;<\/a> son una prueba del \u00e9xito de su implantaci\u00f3n en Granada y M\u00e1laga gracias a las especiales condiciones clim\u00e1ticas de esta zona.<\/p>\n<p><span style=\"color: #99cc00;\"><strong>Cantidad aprox. de 3kg de peso. <\/strong><\/span><\/p>\n<p><span style=\"color: #99cc00;\"><strong><span style=\"color: #00ccff;\">Se suministra bajo pedido. <\/span><\/strong><\/span><\/p>\n<p><span style=\"color: #99cc00;\"><strong><span style=\"color: #00ccff;\">Escr\u00edbenos a <em>hola@huertatropical.com<\/em><\/span><\/strong><\/span><\/p>\n","protected":false},"featured_media":19034,"comment_status":"closed","ping_status":"closed","template":"","meta":[],"product_brand":[],"product_cat":[203],"product_tag":[],"class_list":{"0":"post-20703","1":"product","2":"type-product","3":"status-publish","4":"has-post-thumbnail","6":"product_cat-comprar-surtido-fruta-tropical","7":"product_shipping_class-tarifa-hasta-15kg","9":"first","10":"outofstock","11":"taxable","12":"shipping-taxable","13":"purchasable","14":"product-type-simple"},"yoast_head":"<!-- This site is optimized with the Yoast SEO plugin v24.7 - https:\/\/yoast.com\/wordpress\/plugins\/seo\/ -->\n<title>Comprar Guan\u00e1bana online a domicilio - Huerta Tropical - 24 horas<\/title>\n<meta name=\"description\" content=\"Comprar Guan\u00e1bana online a domicilio. La Guan\u00e1bana o tambi\u00e9n llamada Graviola es un fruto parecido a una Chirimoya gigante con pinchos.\" \/>\n<meta name=\"robots\" content=\"noindex, follow, max-snippet:-1, max-image-preview:large, max-video-preview:-1\" \/>\n<meta property=\"og:locale\" content=\"en_US\" \/>\n<meta property=\"og:type\" content=\"article\" \/>\n<meta property=\"og:title\" content=\"Comprar Guan\u00e1bana online a domicilio - Huerta Tropical - 24 horas\" \/>\n<meta property=\"og:description\" content=\"Comprar Guan\u00e1bana online a domicilio. La Guan\u00e1bana o tambi\u00e9n llamada Graviola es un fruto parecido a una Chirimoya gigante con pinchos.\" \/>\n<meta property=\"og:url\" content=\"https:\/\/nueva2.huertatropical.com\/en\/tienda-comprar-fruta-tropical-de-temporada\/comprar-surtido-fruta-tropical\/guanabana\/\" \/>\n<meta property=\"og:site_name\" content=\"Huerta Tropical\" \/>\n<meta property=\"article:publisher\" content=\"https:\/\/es-es.facebook.com\/HuertaTropical\/\" \/>\n<meta property=\"article:modified_time\" content=\"2025-03-22T11:31:39+00:00\" \/>\n<meta property=\"og:image\" content=\"https:\/\/nueva2.huertatropical.com\/wp-content\/uploads\/2024\/08\/comprar-guanabana-online.jpg\" \/>\n\t<meta property=\"og:image:width\" content=\"800\" \/>\n\t<meta property=\"og:image:height\" content=\"800\" \/>\n\t<meta property=\"og:image:type\" content=\"image\/jpeg\" \/>\n<meta name=\"twitter:card\" content=\"summary_large_image\" \/>\n<meta name=\"twitter:site\" content=\"@HuertaTropical\" \/>\n<meta name=\"twitter:label1\" content=\"Est. reading time\" \/>\n\t<meta name=\"twitter:data1\" content=\"2 minutes\" \/>\n<script type=\"application\/ld+json\" class=\"yoast-schema-graph\">{\"@context\":\"https:\/\/schema.org\",\"@graph\":[{\"@type\":\"WebPage\",\"@id\":\"https:\/\/nueva2.huertatropical.com\/en\/tienda-comprar-fruta-tropical-de-temporada\/comprar-surtido-fruta-tropical\/guanabana\/\",\"url\":\"https:\/\/nueva2.huertatropical.com\/en\/tienda-comprar-fruta-tropical-de-temporada\/comprar-surtido-fruta-tropical\/guanabana\/\",\"name\":\"Comprar Guan\u00e1bana online a domicilio - Huerta Tropical - 24 horas\",\"isPartOf\":{\"@id\":\"https:\/\/nueva2.huertatropical.com\/en\/#website\"},\"primaryImageOfPage\":{\"@id\":\"https:\/\/nueva2.huertatropical.com\/en\/tienda-comprar-fruta-tropical-de-temporada\/comprar-surtido-fruta-tropical\/guanabana\/#primaryimage\"},\"image\":{\"@id\":\"https:\/\/nueva2.huertatropical.com\/en\/tienda-comprar-fruta-tropical-de-temporada\/comprar-surtido-fruta-tropical\/guanabana\/#primaryimage\"},\"thumbnailUrl\":\"https:\/\/nueva2.huertatropical.com\/wp-content\/uploads\/2024\/08\/comprar-guanabana-online.jpg\",\"datePublished\":\"2025-03-22T11:31:33+00:00\",\"dateModified\":\"2025-03-22T11:31:39+00:00\",\"description\":\"Comprar Guan\u00e1bana online a domicilio. La Guan\u00e1bana o tambi\u00e9n llamada Graviola es un fruto parecido a una Chirimoya gigante con pinchos.\",\"breadcrumb\":{\"@id\":\"https:\/\/nueva2.huertatropical.com\/en\/tienda-comprar-fruta-tropical-de-temporada\/comprar-surtido-fruta-tropical\/guanabana\/#breadcrumb\"},\"inLanguage\":\"en-US\",\"potentialAction\":[{\"@type\":\"ReadAction\",\"target\":[\"https:\/\/nueva2.huertatropical.com\/en\/tienda-comprar-fruta-tropical-de-temporada\/comprar-surtido-fruta-tropical\/guanabana\/\"]}]},{\"@type\":\"ImageObject\",\"inLanguage\":\"en-US\",\"@id\":\"https:\/\/nueva2.huertatropical.com\/en\/tienda-comprar-fruta-tropical-de-temporada\/comprar-surtido-fruta-tropical\/guanabana\/#primaryimage\",\"url\":\"https:\/\/nueva2.huertatropical.com\/wp-content\/uploads\/2024\/08\/comprar-guanabana-online.jpg\",\"contentUrl\":\"https:\/\/nueva2.huertatropical.com\/wp-content\/uploads\/2024\/08\/comprar-guanabana-online.jpg\",\"width\":800,\"height\":800},{\"@type\":\"BreadcrumbList\",\"@id\":\"https:\/\/nueva2.huertatropical.com\/en\/tienda-comprar-fruta-tropical-de-temporada\/comprar-surtido-fruta-tropical\/guanabana\/#breadcrumb\",\"itemListElement\":[{\"@type\":\"ListItem\",\"position\":1,\"name\":\"Portada\",\"item\":\"https:\/\/nueva2.huertatropical.com\/en\/\"},{\"@type\":\"ListItem\",\"position\":2,\"name\":\"Shop\",\"item\":\"https:\/\/nueva2.huertatropical.com\/en\/shop\/\"},{\"@type\":\"ListItem\",\"position\":3,\"name\":\"Guan\u00e1bana\"}]},{\"@type\":\"WebSite\",\"@id\":\"https:\/\/nueva2.huertatropical.com\/en\/#website\",\"url\":\"https:\/\/nueva2.huertatropical.com\/en\/\",\"name\":\"Huerta Tropical\",\"description\":\"Comprar online fruta tropical de Granada a domicilio\",\"publisher\":{\"@id\":\"https:\/\/nueva2.huertatropical.com\/en\/#organization\"},\"potentialAction\":[{\"@type\":\"SearchAction\",\"target\":{\"@type\":\"EntryPoint\",\"urlTemplate\":\"https:\/\/nueva2.huertatropical.com\/en\/?s={search_term_string}\"},\"query-input\":{\"@type\":\"PropertyValueSpecification\",\"valueRequired\":true,\"valueName\":\"search_term_string\"}}],\"inLanguage\":\"en-US\"},{\"@type\":\"Organization\",\"@id\":\"https:\/\/nueva2.huertatropical.com\/en\/#organization\",\"name\":\"Huerta Tropical\",\"url\":\"https:\/\/nueva2.huertatropical.com\/en\/\",\"logo\":{\"@type\":\"ImageObject\",\"inLanguage\":\"en-US\",\"@id\":\"https:\/\/nueva2.huertatropical.com\/en\/#\/schema\/logo\/image\/\",\"url\":\"https:\/\/i2.wp.com\/huertatropical.com\/wp-content\/uploads\/2016\/03\/icono-web-sitio.jpg?fit=510%2C510&ssl=1\",\"contentUrl\":\"https:\/\/i2.wp.com\/huertatropical.com\/wp-content\/uploads\/2016\/03\/icono-web-sitio.jpg?fit=510%2C510&ssl=1\",\"width\":510,\"height\":510,\"caption\":\"Huerta Tropical\"},\"image\":{\"@id\":\"https:\/\/nueva2.huertatropical.com\/en\/#\/schema\/logo\/image\/\"},\"sameAs\":[\"https:\/\/es-es.facebook.com\/HuertaTropical\/\",\"https:\/\/x.com\/HuertaTropical\",\"https:\/\/www.instagram.com\/huertatropical\/\",\"https:\/\/www.linkedin.com\/company\/huerta-tropical\/\",\"https:\/\/www.pinterest.es\/huertatropical\/\",\"https:\/\/www.youtube.com\/channel\/UCT44zfBbAxjNKNUGZhRt6CA\"]}]}<\/script>\n<!-- \/ Yoast SEO plugin. -->","yoast_head_json":{"title":"Comprar Guan\u00e1bana online a domicilio - Huerta Tropical - 24 horas","description":"Comprar Guan\u00e1bana online a domicilio. La Guan\u00e1bana o tambi\u00e9n llamada Graviola es un fruto parecido a una Chirimoya gigante con pinchos.","robots":{"index":"noindex","follow":"follow","max-snippet":"max-snippet:-1","max-image-preview":"max-image-preview:large","max-video-preview":"max-video-preview:-1"},"og_locale":"en_US","og_type":"article","og_title":"Comprar Guan\u00e1bana online a domicilio - Huerta Tropical - 24 horas","og_description":"Comprar Guan\u00e1bana online a domicilio. La Guan\u00e1bana o tambi\u00e9n llamada Graviola es un fruto parecido a una Chirimoya gigante con pinchos.","og_url":"https:\/\/nueva2.huertatropical.com\/en\/tienda-comprar-fruta-tropical-de-temporada\/comprar-surtido-fruta-tropical\/guanabana\/","og_site_name":"Huerta Tropical","article_publisher":"https:\/\/es-es.facebook.com\/HuertaTropical\/","article_modified_time":"2025-03-22T11:31:39+00:00","og_image":[{"width":800,"height":800,"url":"https:\/\/nueva2.huertatropical.com\/wp-content\/uploads\/2024\/08\/comprar-guanabana-online.jpg","type":"image\/jpeg"}],"twitter_card":"summary_large_image","twitter_site":"@HuertaTropical","twitter_misc":{"Est. reading time":"2 minutes"},"schema":{"@context":"https:\/\/schema.org","@graph":[{"@type":"WebPage","@id":"https:\/\/nueva2.huertatropical.com\/en\/tienda-comprar-fruta-tropical-de-temporada\/comprar-surtido-fruta-tropical\/guanabana\/","url":"https:\/\/nueva2.huertatropical.com\/en\/tienda-comprar-fruta-tropical-de-temporada\/comprar-surtido-fruta-tropical\/guanabana\/","name":"Comprar Guan\u00e1bana online a domicilio - Huerta Tropical - 24 horas","isPartOf":{"@id":"https:\/\/nueva2.huertatropical.com\/en\/#website"},"primaryImageOfPage":{"@id":"https:\/\/nueva2.huertatropical.com\/en\/tienda-comprar-fruta-tropical-de-temporada\/comprar-surtido-fruta-tropical\/guanabana\/#primaryimage"},"image":{"@id":"https:\/\/nueva2.huertatropical.com\/en\/tienda-comprar-fruta-tropical-de-temporada\/comprar-surtido-fruta-tropical\/guanabana\/#primaryimage"},"thumbnailUrl":"https:\/\/nueva2.huertatropical.com\/wp-content\/uploads\/2024\/08\/comprar-guanabana-online.jpg","datePublished":"2025-03-22T11:31:33+00:00","dateModified":"2025-03-22T11:31:39+00:00","description":"Comprar Guan\u00e1bana online a domicilio. La Guan\u00e1bana o tambi\u00e9n llamada Graviola es un fruto parecido a una Chirimoya gigante con pinchos.","breadcrumb":{"@id":"https:\/\/nueva2.huertatropical.com\/en\/tienda-comprar-fruta-tropical-de-temporada\/comprar-surtido-fruta-tropical\/guanabana\/#breadcrumb"},"inLanguage":"en-US","potentialAction":[{"@type":"ReadAction","target":["https:\/\/nueva2.huertatropical.com\/en\/tienda-comprar-fruta-tropical-de-temporada\/comprar-surtido-fruta-tropical\/guanabana\/"]}]},{"@type":"ImageObject","inLanguage":"en-US","@id":"https:\/\/nueva2.huertatropical.com\/en\/tienda-comprar-fruta-tropical-de-temporada\/comprar-surtido-fruta-tropical\/guanabana\/#primaryimage","url":"https:\/\/nueva2.huertatropical.com\/wp-content\/uploads\/2024\/08\/comprar-guanabana-online.jpg","contentUrl":"https:\/\/nueva2.huertatropical.com\/wp-content\/uploads\/2024\/08\/comprar-guanabana-online.jpg","width":800,"height":800},{"@type":"BreadcrumbList","@id":"https:\/\/nueva2.huertatropical.com\/en\/tienda-comprar-fruta-tropical-de-temporada\/comprar-surtido-fruta-tropical\/guanabana\/#breadcrumb","itemListElement":[{"@type":"ListItem","position":1,"name":"Portada","item":"https:\/\/nueva2.huertatropical.com\/en\/"},{"@type":"ListItem","position":2,"name":"Shop","item":"https:\/\/nueva2.huertatropical.com\/en\/shop\/"},{"@type":"ListItem","position":3,"name":"Guan\u00e1bana"}]},{"@type":"WebSite","@id":"https:\/\/nueva2.huertatropical.com\/en\/#website","url":"https:\/\/nueva2.huertatropical.com\/en\/","name":"Huerta Tropical","description":"Comprar online fruta tropical de Granada a domicilio","publisher":{"@id":"https:\/\/nueva2.huertatropical.com\/en\/#organization"},"potentialAction":[{"@type":"SearchAction","target":{"@type":"EntryPoint","urlTemplate":"https:\/\/nueva2.huertatropical.com\/en\/?s={search_term_string}"},"query-input":{"@type":"PropertyValueSpecification","valueRequired":true,"valueName":"search_term_string"}}],"inLanguage":"en-US"},{"@type":"Organization","@id":"https:\/\/nueva2.huertatropical.com\/en\/#organization","name":"Huerta Tropical","url":"https:\/\/nueva2.huertatropical.com\/en\/","logo":{"@type":"ImageObject","inLanguage":"en-US","@id":"https:\/\/nueva2.huertatropical.com\/en\/#\/schema\/logo\/image\/","url":"https:\/\/i2.wp.com\/huertatropical.com\/wp-content\/uploads\/2016\/03\/icono-web-sitio.jpg?fit=510%2C510&ssl=1","contentUrl":"https:\/\/i2.wp.com\/huertatropical.com\/wp-content\/uploads\/2016\/03\/icono-web-sitio.jpg?fit=510%2C510&ssl=1","width":510,"height":510,"caption":"Huerta Tropical"},"image":{"@id":"https:\/\/nueva2.huertatropical.com\/en\/#\/schema\/logo\/image\/"},"sameAs":["https:\/\/es-es.facebook.com\/HuertaTropical\/","https:\/\/x.com\/HuertaTropical","https:\/\/www.instagram.com\/huertatropical\/","https:\/\/www.linkedin.com\/company\/huerta-tropical\/","https:\/\/www.pinterest.es\/huertatropical\/","https:\/\/www.youtube.com\/channel\/UCT44zfBbAxjNKNUGZhRt6CA"]}]}},"_links":{"self":[{"href":"https:\/\/nueva2.huertatropical.com\/en\/wp-json\/wp\/v2\/product\/20703","targetHints":{"allow":["GET"]}}],"collection":[{"href":"https:\/\/nueva2.huertatropical.com\/en\/wp-json\/wp\/v2\/product"}],"about":[{"href":"https:\/\/nueva2.huertatropical.com\/en\/wp-json\/wp\/v2\/types\/product"}],"replies":[{"embeddable":true,"href":"https:\/\/nueva2.huertatropical.com\/en\/wp-json\/wp\/v2\/comments?post=20703"}],"version-history":[{"count":1,"href":"https:\/\/nueva2.huertatropical.com\/en\/wp-json\/wp\/v2\/product\/20703\/revisions"}],"predecessor-version":[{"id":20730,"href":"https:\/\/nueva2.huertatropical.com\/en\/wp-json\/wp\/v2\/product\/20703\/revisions\/20730"}],"wp:featuredmedia":[{"embeddable":true,"href":"https:\/\/nueva2.huertatropical.com\/en\/wp-json\/wp\/v2\/media\/19034"}],"wp:attachment":[{"href":"https:\/\/nueva2.huertatropical.com\/en\/wp-json\/wp\/v2\/media?parent=20703"}],"wp:term":[{"taxonomy":"product_brand","embeddable":true,"href":"https:\/\/nueva2.huertatropical.com\/en\/wp-json\/wp\/v2\/product_brand?post=20703"},{"taxonomy":"product_cat","embeddable":true,"href":"https:\/\/nueva2.huertatropical.com\/en\/wp-json\/wp\/v2\/product_cat?post=20703"},{"taxonomy":"product_tag","embeddable":true,"href":"https:\/\/nueva2.huertatropical.com\/en\/wp-json\/wp\/v2\/product_tag?post=20703"}],"curies":[{"name":"wp","href":"https:\/\/api.w.org\/{rel}","templated":true}]}}