{"id":20688,"date":"2025-03-22T12:31:31","date_gmt":"2025-03-22T11:31:31","guid":{"rendered":"https:\/\/nueva2.huertatropical.com\/?post_type=product&#038;p=20688"},"modified":"2025-03-22T12:32:57","modified_gmt":"2025-03-22T11:32:57","slug":"tamarillo-o-tomate-de-arbol","status":"publish","type":"product","link":"https:\/\/nueva2.huertatropical.com\/en\/tienda-comprar-fruta-tropical-de-temporada\/comprar-surtido-fruta-tropical\/tamarillo-o-tomate-de-arbol\/","title":{"rendered":"Tamarillo o Tomate de \u00e1rbol"},"content":{"rendered":"<h3 class=\"shortcode_title title_1778590786 main_font vc_custom_1529636139555\"><span style=\"color: #ff0000;\">Beneficios para las salud y propiedades del Tamarillo o Tomate de \u00e1rbol<\/span><\/h3>\n<p>Al <strong>comprar Tamarillo<\/strong> debes saber que es una fruta con muy bajo contenido en calor\u00edas, apenas 40cal en cada pieza.<\/p>\n<p>Por el contrario, el Tamarillo aporta gran cantidad de vitaminas como A y C, que contribuyen a reducir las enfermedades cardiovasculares favoreciendo en gran medida la absorci\u00f3n de hierro.<\/p>\n<p>Al igual que casi todas las frutas tropicales destaca su contenido en fibra que le confiere propiedades laxantes. La fibra mejora el tr\u00e1nsito intestinal y previene el estre\u00f1imiento.<\/p>\n<h3><\/h3>\n<h3 class=\"shortcode_title title_832704190 main_font vc_custom_1529636150049\"><span style=\"color: #ff0000;\">\u00bf C\u00f3mo conservar y madurar <strong>Tamarillo<\/strong> o <strong>Tomate de \u00e1rbol ?<\/strong><\/span><\/h3>\n<p>El tamarillo se conserva como un tomate. Podemos mantenerlo en el frigor\u00edfico unos d\u00edas para detener su maduraci\u00f3n y dejarlo a temperatura ambiente para que madure. Para saber que un tamarillo est\u00e1 en su punto para comer debe de ceder a la presi\u00f3n de los dedos y su sensible piel volverse de color rojo intenso casi p\u00farpura.<\/p>\n<h3><\/h3>\n<h3 class=\"shortcode_title title_906786368 main_font vc_custom_1529637808377\"><span style=\"color: #ff0000;\">\u00bf C\u00f3mo preparar y comer <\/span><span style=\"color: #ff0000;\"><strong>Tamarillo<\/strong> o <strong>Tomate de \u00e1rbol ?<\/strong><\/span><\/h3>\n<p>El Tamarillo, se debe consumir bien maduro.<\/p>\n<p>Una manera habitual es consumirlo como un kiwi, cortado por la mitad y con cuchara. Tambi\u00e9n como el tomate, se puede comer en ensalada pelado, cortado en gajos, rodajas o dados.<\/p>\n<p>Su pulpa es muy jugosa, lo que permite preparar zumos, retirando antes la piel si queremos evitar el sabor amargo.<\/p>\n<p>En Ocean\u00eda una manera de consumirlo en el desayuno es cortando la fruta por la mitad, sacando la pulpa y untando sobre una tostada.<\/p>\n<p>Puede que por motivos de temporalidad, en alg\u00fan momento del a\u00f1o, no puedas comprar tamarillo, pero es posible que te interesen otra <a href=\"https:\/\/huertatropical.com\/tienda-comprar-fruta-tropical-de-temporada\/\">fruta tropical de temporada<\/a>\u00a0que tenemos en nuestra tienda a tu disposici\u00f3n.<\/p>\n<p>Si quieres estar atento a las \u00faltimas novedades de nuestra web, nuevas frutas de temporada, ofertas y promociones, s\u00edguenos en nuestras redes sociales. Aqu\u00ed te dejamos nuestro\u00a0<a href=\"https:\/\/es-es.facebook.com\/HuertaTropical\/\" target=\"_blank\" rel=\"noopener noreferrer\">Facebook<\/a>\u00a0e\u00a0<a href=\"https:\/\/www.instagram.com\/huertatropical\" target=\"_blank\" rel=\"noopener noreferrer\">Instagram<\/a>.<\/p>\n","protected":false},"excerpt":{"rendered":"<p><span style=\"color: #ff6600;\"><strong>Cantidad aprox. de 0,5 kg y 1kg de peso Tamarillo<\/strong><\/span><\/p>\n<p>El <strong><span style=\"color: #ff0000;\">Tamarillo<\/span><\/strong> tambi\u00e9n es conocido con el nombre de <strong><span style=\"color: #ff0000;\">Tomate de \u00e1rbol,<\/span><\/strong> tiene su origen en Sudam\u00e9rica y su cultivo ya est\u00e1 extendido en Andaluc\u00eda en zonas como la Costa Tropical y la Axarqu\u00eda.<\/p>\n<p>El fruto es de forma ovoide y un tama\u00f1o de aproximadamente de 4 a 10 cent\u00edmetros. La piel var\u00eda de color seg\u00fan su punto de maduraci\u00f3n variando entre amarillo \/ naranja (menos maduro y \u00e1cido) a rojo y casi violeta (m\u00e1s maduro y dulce).<\/p>\n<p>La textura de la pulpa es\u00a0 firme con semillas grandes similares a las del, con un sabor que var\u00eda entre \u00e1cido y dulce con matices salados como los de los buenos tomates.<\/p>\n","protected":false},"featured_media":18985,"comment_status":"closed","ping_status":"closed","template":"","meta":[],"product_brand":[],"product_cat":[203],"product_tag":[],"class_list":{"0":"post-20688","1":"product","2":"type-product","3":"status-publish","4":"has-post-thumbnail","6":"product_cat-comprar-surtido-fruta-tropical","7":"product_shipping_class-tarifa-hasta-15kg","9":"first","10":"outofstock","11":"taxable","12":"shipping-taxable","13":"purchasable","14":"product-type-variable"},"yoast_head":"<!-- This site is optimized with the Yoast SEO plugin v24.7 - https:\/\/yoast.com\/wordpress\/plugins\/seo\/ -->\n<title>Tomate de \u00e1rbol o Tamarillo - Fruta a domicilio en 24h<\/title>\n<meta name=\"description\" content=\"El Tamarillo tambi\u00e9n conocido como Tomate de \u00e1rbol, es originario de Sudam\u00e9rica y su cultivo est\u00e1 extendido en Andaluc\u00eda en la Costa Tropical de Granada.\" \/>\n<meta name=\"robots\" content=\"noindex, follow, max-snippet:-1, max-image-preview:large, max-video-preview:-1\" \/>\n<meta property=\"og:locale\" content=\"en_US\" \/>\n<meta property=\"og:type\" content=\"article\" \/>\n<meta property=\"og:title\" content=\"Tomate de \u00e1rbol o Tamarillo - Fruta a domicilio en 24h\" \/>\n<meta property=\"og:description\" content=\"El Tamarillo tambi\u00e9n conocido como Tomate de \u00e1rbol, es originario de Sudam\u00e9rica y su cultivo est\u00e1 extendido en Andaluc\u00eda en la Costa Tropical de Granada.\" \/>\n<meta property=\"og:url\" content=\"https:\/\/nueva2.huertatropical.com\/en\/tienda-comprar-fruta-tropical-de-temporada\/comprar-surtido-fruta-tropical\/tamarillo-o-tomate-de-arbol\/\" \/>\n<meta property=\"og:site_name\" content=\"Huerta Tropical\" \/>\n<meta property=\"article:publisher\" content=\"https:\/\/es-es.facebook.com\/HuertaTropical\/\" \/>\n<meta property=\"article:modified_time\" content=\"2025-03-22T11:32:57+00:00\" \/>\n<meta property=\"og:image\" content=\"https:\/\/nueva2.huertatropical.com\/wp-content\/uploads\/2024\/08\/comprar-tamarillo.jpg\" \/>\n\t<meta property=\"og:image:width\" content=\"800\" \/>\n\t<meta property=\"og:image:height\" content=\"800\" \/>\n\t<meta property=\"og:image:type\" content=\"image\/jpeg\" \/>\n<meta name=\"twitter:card\" content=\"summary_large_image\" \/>\n<meta name=\"twitter:site\" content=\"@HuertaTropical\" \/>\n<meta name=\"twitter:label1\" content=\"Est. reading time\" \/>\n\t<meta name=\"twitter:data1\" content=\"2 minutes\" \/>\n<script type=\"application\/ld+json\" class=\"yoast-schema-graph\">{\"@context\":\"https:\/\/schema.org\",\"@graph\":[{\"@type\":\"WebPage\",\"@id\":\"https:\/\/nueva2.huertatropical.com\/en\/tienda-comprar-fruta-tropical-de-temporada\/comprar-surtido-fruta-tropical\/tamarillo-o-tomate-de-arbol\/\",\"url\":\"https:\/\/nueva2.huertatropical.com\/en\/tienda-comprar-fruta-tropical-de-temporada\/comprar-surtido-fruta-tropical\/tamarillo-o-tomate-de-arbol\/\",\"name\":\"Tomate de \u00e1rbol o Tamarillo - Fruta a domicilio en 24h\",\"isPartOf\":{\"@id\":\"https:\/\/nueva2.huertatropical.com\/en\/#website\"},\"primaryImageOfPage\":{\"@id\":\"https:\/\/nueva2.huertatropical.com\/en\/tienda-comprar-fruta-tropical-de-temporada\/comprar-surtido-fruta-tropical\/tamarillo-o-tomate-de-arbol\/#primaryimage\"},\"image\":{\"@id\":\"https:\/\/nueva2.huertatropical.com\/en\/tienda-comprar-fruta-tropical-de-temporada\/comprar-surtido-fruta-tropical\/tamarillo-o-tomate-de-arbol\/#primaryimage\"},\"thumbnailUrl\":\"https:\/\/nueva2.huertatropical.com\/wp-content\/uploads\/2024\/08\/comprar-tamarillo.jpg\",\"datePublished\":\"2025-03-22T11:31:31+00:00\",\"dateModified\":\"2025-03-22T11:32:57+00:00\",\"description\":\"El Tamarillo tambi\u00e9n conocido como Tomate de \u00e1rbol, es originario de Sudam\u00e9rica y su cultivo est\u00e1 extendido en Andaluc\u00eda en la Costa Tropical de Granada.\",\"breadcrumb\":{\"@id\":\"https:\/\/nueva2.huertatropical.com\/en\/tienda-comprar-fruta-tropical-de-temporada\/comprar-surtido-fruta-tropical\/tamarillo-o-tomate-de-arbol\/#breadcrumb\"},\"inLanguage\":\"en-US\",\"potentialAction\":[{\"@type\":\"ReadAction\",\"target\":[\"https:\/\/nueva2.huertatropical.com\/en\/tienda-comprar-fruta-tropical-de-temporada\/comprar-surtido-fruta-tropical\/tamarillo-o-tomate-de-arbol\/\"]}]},{\"@type\":\"ImageObject\",\"inLanguage\":\"en-US\",\"@id\":\"https:\/\/nueva2.huertatropical.com\/en\/tienda-comprar-fruta-tropical-de-temporada\/comprar-surtido-fruta-tropical\/tamarillo-o-tomate-de-arbol\/#primaryimage\",\"url\":\"https:\/\/nueva2.huertatropical.com\/wp-content\/uploads\/2024\/08\/comprar-tamarillo.jpg\",\"contentUrl\":\"https:\/\/nueva2.huertatropical.com\/wp-content\/uploads\/2024\/08\/comprar-tamarillo.jpg\",\"width\":800,\"height\":800},{\"@type\":\"BreadcrumbList\",\"@id\":\"https:\/\/nueva2.huertatropical.com\/en\/tienda-comprar-fruta-tropical-de-temporada\/comprar-surtido-fruta-tropical\/tamarillo-o-tomate-de-arbol\/#breadcrumb\",\"itemListElement\":[{\"@type\":\"ListItem\",\"position\":1,\"name\":\"Portada\",\"item\":\"https:\/\/nueva2.huertatropical.com\/en\/\"},{\"@type\":\"ListItem\",\"position\":2,\"name\":\"Shop\",\"item\":\"https:\/\/nueva2.huertatropical.com\/en\/shop\/\"},{\"@type\":\"ListItem\",\"position\":3,\"name\":\"Tamarillo o Tomate de \u00e1rbol\"}]},{\"@type\":\"WebSite\",\"@id\":\"https:\/\/nueva2.huertatropical.com\/en\/#website\",\"url\":\"https:\/\/nueva2.huertatropical.com\/en\/\",\"name\":\"Huerta Tropical\",\"description\":\"Comprar online fruta tropical de Granada a domicilio\",\"publisher\":{\"@id\":\"https:\/\/nueva2.huertatropical.com\/en\/#organization\"},\"potentialAction\":[{\"@type\":\"SearchAction\",\"target\":{\"@type\":\"EntryPoint\",\"urlTemplate\":\"https:\/\/nueva2.huertatropical.com\/en\/?s={search_term_string}\"},\"query-input\":{\"@type\":\"PropertyValueSpecification\",\"valueRequired\":true,\"valueName\":\"search_term_string\"}}],\"inLanguage\":\"en-US\"},{\"@type\":\"Organization\",\"@id\":\"https:\/\/nueva2.huertatropical.com\/en\/#organization\",\"name\":\"Huerta Tropical\",\"url\":\"https:\/\/nueva2.huertatropical.com\/en\/\",\"logo\":{\"@type\":\"ImageObject\",\"inLanguage\":\"en-US\",\"@id\":\"https:\/\/nueva2.huertatropical.com\/en\/#\/schema\/logo\/image\/\",\"url\":\"https:\/\/i2.wp.com\/huertatropical.com\/wp-content\/uploads\/2016\/03\/icono-web-sitio.jpg?fit=510%2C510&ssl=1\",\"contentUrl\":\"https:\/\/i2.wp.com\/huertatropical.com\/wp-content\/uploads\/2016\/03\/icono-web-sitio.jpg?fit=510%2C510&ssl=1\",\"width\":510,\"height\":510,\"caption\":\"Huerta Tropical\"},\"image\":{\"@id\":\"https:\/\/nueva2.huertatropical.com\/en\/#\/schema\/logo\/image\/\"},\"sameAs\":[\"https:\/\/es-es.facebook.com\/HuertaTropical\/\",\"https:\/\/x.com\/HuertaTropical\",\"https:\/\/www.instagram.com\/huertatropical\/\",\"https:\/\/www.linkedin.com\/company\/huerta-tropical\/\",\"https:\/\/www.pinterest.es\/huertatropical\/\",\"https:\/\/www.youtube.com\/channel\/UCT44zfBbAxjNKNUGZhRt6CA\"]}]}<\/script>\n<!-- \/ Yoast SEO plugin. -->","yoast_head_json":{"title":"Tomate de \u00e1rbol o Tamarillo - Fruta a domicilio en 24h","description":"El Tamarillo tambi\u00e9n conocido como Tomate de \u00e1rbol, es originario de Sudam\u00e9rica y su cultivo est\u00e1 extendido en Andaluc\u00eda en la Costa Tropical de Granada.","robots":{"index":"noindex","follow":"follow","max-snippet":"max-snippet:-1","max-image-preview":"max-image-preview:large","max-video-preview":"max-video-preview:-1"},"og_locale":"en_US","og_type":"article","og_title":"Tomate de \u00e1rbol o Tamarillo - Fruta a domicilio en 24h","og_description":"El Tamarillo tambi\u00e9n conocido como Tomate de \u00e1rbol, es originario de Sudam\u00e9rica y su cultivo est\u00e1 extendido en Andaluc\u00eda en la Costa Tropical de Granada.","og_url":"https:\/\/nueva2.huertatropical.com\/en\/tienda-comprar-fruta-tropical-de-temporada\/comprar-surtido-fruta-tropical\/tamarillo-o-tomate-de-arbol\/","og_site_name":"Huerta Tropical","article_publisher":"https:\/\/es-es.facebook.com\/HuertaTropical\/","article_modified_time":"2025-03-22T11:32:57+00:00","og_image":[{"width":800,"height":800,"url":"https:\/\/nueva2.huertatropical.com\/wp-content\/uploads\/2024\/08\/comprar-tamarillo.jpg","type":"image\/jpeg"}],"twitter_card":"summary_large_image","twitter_site":"@HuertaTropical","twitter_misc":{"Est. reading time":"2 minutes"},"schema":{"@context":"https:\/\/schema.org","@graph":[{"@type":"WebPage","@id":"https:\/\/nueva2.huertatropical.com\/en\/tienda-comprar-fruta-tropical-de-temporada\/comprar-surtido-fruta-tropical\/tamarillo-o-tomate-de-arbol\/","url":"https:\/\/nueva2.huertatropical.com\/en\/tienda-comprar-fruta-tropical-de-temporada\/comprar-surtido-fruta-tropical\/tamarillo-o-tomate-de-arbol\/","name":"Tomate de \u00e1rbol o Tamarillo - Fruta a domicilio en 24h","isPartOf":{"@id":"https:\/\/nueva2.huertatropical.com\/en\/#website"},"primaryImageOfPage":{"@id":"https:\/\/nueva2.huertatropical.com\/en\/tienda-comprar-fruta-tropical-de-temporada\/comprar-surtido-fruta-tropical\/tamarillo-o-tomate-de-arbol\/#primaryimage"},"image":{"@id":"https:\/\/nueva2.huertatropical.com\/en\/tienda-comprar-fruta-tropical-de-temporada\/comprar-surtido-fruta-tropical\/tamarillo-o-tomate-de-arbol\/#primaryimage"},"thumbnailUrl":"https:\/\/nueva2.huertatropical.com\/wp-content\/uploads\/2024\/08\/comprar-tamarillo.jpg","datePublished":"2025-03-22T11:31:31+00:00","dateModified":"2025-03-22T11:32:57+00:00","description":"El Tamarillo tambi\u00e9n conocido como Tomate de \u00e1rbol, es originario de Sudam\u00e9rica y su cultivo est\u00e1 extendido en Andaluc\u00eda en la Costa Tropical de Granada.","breadcrumb":{"@id":"https:\/\/nueva2.huertatropical.com\/en\/tienda-comprar-fruta-tropical-de-temporada\/comprar-surtido-fruta-tropical\/tamarillo-o-tomate-de-arbol\/#breadcrumb"},"inLanguage":"en-US","potentialAction":[{"@type":"ReadAction","target":["https:\/\/nueva2.huertatropical.com\/en\/tienda-comprar-fruta-tropical-de-temporada\/comprar-surtido-fruta-tropical\/tamarillo-o-tomate-de-arbol\/"]}]},{"@type":"ImageObject","inLanguage":"en-US","@id":"https:\/\/nueva2.huertatropical.com\/en\/tienda-comprar-fruta-tropical-de-temporada\/comprar-surtido-fruta-tropical\/tamarillo-o-tomate-de-arbol\/#primaryimage","url":"https:\/\/nueva2.huertatropical.com\/wp-content\/uploads\/2024\/08\/comprar-tamarillo.jpg","contentUrl":"https:\/\/nueva2.huertatropical.com\/wp-content\/uploads\/2024\/08\/comprar-tamarillo.jpg","width":800,"height":800},{"@type":"BreadcrumbList","@id":"https:\/\/nueva2.huertatropical.com\/en\/tienda-comprar-fruta-tropical-de-temporada\/comprar-surtido-fruta-tropical\/tamarillo-o-tomate-de-arbol\/#breadcrumb","itemListElement":[{"@type":"ListItem","position":1,"name":"Portada","item":"https:\/\/nueva2.huertatropical.com\/en\/"},{"@type":"ListItem","position":2,"name":"Shop","item":"https:\/\/nueva2.huertatropical.com\/en\/shop\/"},{"@type":"ListItem","position":3,"name":"Tamarillo o Tomate de \u00e1rbol"}]},{"@type":"WebSite","@id":"https:\/\/nueva2.huertatropical.com\/en\/#website","url":"https:\/\/nueva2.huertatropical.com\/en\/","name":"Huerta Tropical","description":"Comprar online fruta tropical de Granada a domicilio","publisher":{"@id":"https:\/\/nueva2.huertatropical.com\/en\/#organization"},"potentialAction":[{"@type":"SearchAction","target":{"@type":"EntryPoint","urlTemplate":"https:\/\/nueva2.huertatropical.com\/en\/?s={search_term_string}"},"query-input":{"@type":"PropertyValueSpecification","valueRequired":true,"valueName":"search_term_string"}}],"inLanguage":"en-US"},{"@type":"Organization","@id":"https:\/\/nueva2.huertatropical.com\/en\/#organization","name":"Huerta Tropical","url":"https:\/\/nueva2.huertatropical.com\/en\/","logo":{"@type":"ImageObject","inLanguage":"en-US","@id":"https:\/\/nueva2.huertatropical.com\/en\/#\/schema\/logo\/image\/","url":"https:\/\/i2.wp.com\/huertatropical.com\/wp-content\/uploads\/2016\/03\/icono-web-sitio.jpg?fit=510%2C510&ssl=1","contentUrl":"https:\/\/i2.wp.com\/huertatropical.com\/wp-content\/uploads\/2016\/03\/icono-web-sitio.jpg?fit=510%2C510&ssl=1","width":510,"height":510,"caption":"Huerta Tropical"},"image":{"@id":"https:\/\/nueva2.huertatropical.com\/en\/#\/schema\/logo\/image\/"},"sameAs":["https:\/\/es-es.facebook.com\/HuertaTropical\/","https:\/\/x.com\/HuertaTropical","https:\/\/www.instagram.com\/huertatropical\/","https:\/\/www.linkedin.com\/company\/huerta-tropical\/","https:\/\/www.pinterest.es\/huertatropical\/","https:\/\/www.youtube.com\/channel\/UCT44zfBbAxjNKNUGZhRt6CA"]}]}},"_links":{"self":[{"href":"https:\/\/nueva2.huertatropical.com\/en\/wp-json\/wp\/v2\/product\/20688","targetHints":{"allow":["GET"]}}],"collection":[{"href":"https:\/\/nueva2.huertatropical.com\/en\/wp-json\/wp\/v2\/product"}],"about":[{"href":"https:\/\/nueva2.huertatropical.com\/en\/wp-json\/wp\/v2\/types\/product"}],"replies":[{"embeddable":true,"href":"https:\/\/nueva2.huertatropical.com\/en\/wp-json\/wp\/v2\/comments?post=20688"}],"version-history":[{"count":1,"href":"https:\/\/nueva2.huertatropical.com\/en\/wp-json\/wp\/v2\/product\/20688\/revisions"}],"predecessor-version":[{"id":20716,"href":"https:\/\/nueva2.huertatropical.com\/en\/wp-json\/wp\/v2\/product\/20688\/revisions\/20716"}],"wp:featuredmedia":[{"embeddable":true,"href":"https:\/\/nueva2.huertatropical.com\/en\/wp-json\/wp\/v2\/media\/18985"}],"wp:attachment":[{"href":"https:\/\/nueva2.huertatropical.com\/en\/wp-json\/wp\/v2\/media?parent=20688"}],"wp:term":[{"taxonomy":"product_brand","embeddable":true,"href":"https:\/\/nueva2.huertatropical.com\/en\/wp-json\/wp\/v2\/product_brand?post=20688"},{"taxonomy":"product_cat","embeddable":true,"href":"https:\/\/nueva2.huertatropical.com\/en\/wp-json\/wp\/v2\/product_cat?post=20688"},{"taxonomy":"product_tag","embeddable":true,"href":"https:\/\/nueva2.huertatropical.com\/en\/wp-json\/wp\/v2\/product_tag?post=20688"}],"curies":[{"name":"wp","href":"https:\/\/api.w.org\/{rel}","templated":true}]}}