{"id":20686,"date":"2025-03-22T12:31:31","date_gmt":"2025-03-22T11:31:31","guid":{"rendered":"https:\/\/nueva2.huertatropical.com\/?post_type=product&#038;p=20686"},"modified":"2025-05-20T16:09:53","modified_gmt":"2025-05-20T15:09:53","slug":"aguacate-hass-kg","status":"publish","type":"product","link":"https:\/\/nueva2.huertatropical.com\/en\/tienda-comprar-fruta-tropical-de-temporada\/comprar-surtido-fruta-tropical\/aguacate-hass-kg\/","title":{"rendered":"Aguacate Hass Kg"},"content":{"rendered":"<p>[vc_row][vc_column][vc_column_text]Al comprar aguacate hass de la Costa Tropical de Granada, est\u00e1s consumiendo un <a href=\"https:\/\/asociaciondetropicales.net\/\" target=\"_blank\" rel=\"noopener\"><strong>producto nacional<\/strong><\/a> cultivado por agricultores de Granada y M\u00e1laga.<\/p>\n<p>A pesar de ser una fruta su sabor no es dulce, recuerda a los frutos secos, por lo que es tan utilizado en la cocina.<\/p>\n<p>La variedad hass tiene un exquisito sabor y aroma a frutos secos. Posee abundante pulpa, de color verde claro a amarilla y de excelente calidad con una semilla peque\u00f1a. La piel del Hass es fuerte, gruesa y rugosa, de color verde mientras permanece en el \u00e1rbol, se vuelve casi negro al madurar.<\/p>\n<p>Para madurar un aguacate hass y conserve al m\u00e1ximo sus espectaculares cualidades lo ideal es dejarlo a temperatura ambiente y que coja su punto de consumo de forma natural. Seg\u00fan nuestro gusto particular, debemos esperar a que su piel se vaya tornando a marr\u00f3n y comience a ceder al tacto.<\/p>\n<p>Otro truco para saber que nuestro aguacate hass va cogiendo el punto de consumo es fijarnos en su ped\u00fanculo y esperar a que evolucione de amarillo a marr\u00f3n, sin dejar que se ponga blanco y mohoso.<\/p>\n<p>El color de la pulpa var\u00eda tambi\u00e9n seg\u00fan la variedad desde amarillos a verdosos.<\/p>\n<p>El color de la piel varia seg\u00fan la variedad pudiendo ser verde claro a oscuro, marr\u00f3n, negro&#8230;<\/p>\n<p>El aguacate tambi\u00e9n conocido como <em>avocado o avocat, <\/em>es una fruta tropical delicada que no soporta bien el fr\u00edo y el calor extremo. Est\u00e1 considerada una de las frutas que m\u00e1s agua y humedad necesita para su cultivo despu\u00e9s del pl\u00e1tano.<\/p>\n<p>Si quieres, puedes <a href=\"https:\/\/huertatropical.com\/tienda-comprar-fruta-tropical-de-temporada\/comprar-surtido-fruta-tropical\/comprar-aguacate-hass-online\/\">comprar una caja de 4kg de aguacate hass<\/a> de nuestra huerta tropical.<\/p>\n<p>Si quieres estar atento a las \u00faltimas novedades de nuestra web o nuevas frutas de temporada s\u00edguenos en nuestras redes sociales. Aqu\u00ed te dejamos nuestro <a href=\"https:\/\/es-es.facebook.com\/HuertaTropical\/\" target=\"_blank\" rel=\"noopener noreferrer\">Facebook<\/a> e <a href=\"https:\/\/www.instagram.com\/huertatropical\" target=\"_blank\" rel=\"noopener noreferrer\">Instagram<\/a>.[\/vc_column_text][\/vc_column][\/vc_row][vc_row][vc_column][vc_btn title=&#8221;Descubre los Beneficios para la Salud, m\u00e9todos de Conservaci\u00f3n y trucos para consumir Aguacate&#8221; style=&#8221;3d&#8221; shape=&#8221;round&#8221; color=&#8221;success&#8221; size=&#8221;lg&#8221; align=&#8221;center&#8221; button_block=&#8221;true&#8221; link=&#8221;url:https%3A%2F%2Fhuertatropical.com%2Fbeneficios-y-propiedades-aguacate%2F||&#8221;][\/vc_column][\/vc_row]<\/p>\n","protected":false},"excerpt":{"rendered":"<p>La variedad de aguacate Hass es la m\u00e1s popular de todas y es f\u00e1cilmente reconocible por las arrugas de su piel.<\/p>\n<p>La variedad de <strong><span style=\"color: #339966;\">Aguacate Hass <\/span><\/strong><span style=\"color: #000000;\">est\u00e1 considerada por muchos como la mejor debido a su intenso sabor a pi\u00f1\u00f3n y textura cremosa.<\/span><\/p>\n<p>El aguacate hass que se cultiva en nuestra Costa Tropical tiene un intenso sabor debido al momento de recolecci\u00f3n y la ausencia de viajes mar\u00edtimos en contenedores refrigerados.<\/p>\n<p>El tama\u00f1o de esta variedad es peque\u00f1o a mediano y su peso puede oscilar entre \u00a0150 grs y los 200 grs<\/p>\n<p>La temporada para disfrutar del aguacate Hass va desde\u00a0<strong><span style=\"color: #339966;\">Diciembre<\/span><\/strong>\u00a0a <span style=\"color: #339966;\"><strong>Junio<\/strong><\/span><\/p>\n<p><span style=\"color: #008000;\"><strong>*Producto nacional, cultivado en la Costa Tropical de Motril<\/strong><\/span><\/p>\n<p><strong><span style=\"color: #ff6600;\">Son los \u00faltimos aguacates de la temporada y los aguacates son de tama\u00f1o mediano con un peso aprox. de 140 a 170 gramos<\/span><\/strong><\/p>\n<p><span style=\"color: #ff6600;\"><strong>Cantidad aprox. 1kg de peso \/ 6-7 piezas por kg<\/strong><\/span><\/p>\n","protected":false},"featured_media":18980,"comment_status":"closed","ping_status":"closed","template":"","meta":[],"product_brand":[],"product_cat":[205,203],"product_tag":[57],"class_list":{"0":"post-20686","1":"product","2":"type-product","3":"status-publish","4":"has-post-thumbnail","6":"product_cat-comprar-aguacate-costa-tropical-granada","7":"product_cat-comprar-surtido-fruta-tropical","8":"product_tag-aguacate-costa-tropical","10":"first","11":"instock","12":"taxable","13":"shipping-taxable","14":"purchasable","15":"product-type-simple"},"yoast_head":"<!-- This site is optimized with the Yoast SEO plugin v24.7 - https:\/\/yoast.com\/wordpress\/plugins\/seo\/ -->\n<title>Comprar aguacates hass online de la Costa Tropical de Granada<\/title>\n<meta name=\"description\" content=\"Comprar aguacate hass cultivado en Andaluc\u00eda y descubrir el intenso y exquisito sabor a frutos secos de un aguacate reci\u00e9n recogido del \u00e1rbol\" \/>\n<meta name=\"robots\" content=\"noindex, follow, max-snippet:-1, max-image-preview:large, max-video-preview:-1\" \/>\n<meta property=\"og:locale\" content=\"en_US\" \/>\n<meta property=\"og:type\" content=\"article\" \/>\n<meta property=\"og:title\" content=\"Comprar aguacates hass online de la Costa Tropical de Granada\" \/>\n<meta property=\"og:description\" content=\"Comprar aguacate hass cultivado en Andaluc\u00eda y descubrir el intenso y exquisito sabor a frutos secos de un aguacate reci\u00e9n recogido del \u00e1rbol\" \/>\n<meta property=\"og:url\" content=\"https:\/\/nueva2.huertatropical.com\/en\/tienda-comprar-fruta-tropical-de-temporada\/comprar-surtido-fruta-tropical\/aguacate-hass-kg\/\" \/>\n<meta property=\"og:site_name\" content=\"Huerta Tropical\" \/>\n<meta property=\"article:publisher\" content=\"https:\/\/es-es.facebook.com\/HuertaTropical\/\" \/>\n<meta property=\"article:modified_time\" content=\"2025-05-20T15:09:53+00:00\" \/>\n<meta property=\"og:image\" content=\"https:\/\/nueva2.huertatropical.com\/wp-content\/uploads\/2024\/08\/aguacate-hass-de-la-costa-tropical.jpg\" \/>\n\t<meta property=\"og:image:width\" content=\"800\" \/>\n\t<meta property=\"og:image:height\" content=\"800\" \/>\n\t<meta property=\"og:image:type\" content=\"image\/jpeg\" \/>\n<meta name=\"twitter:card\" content=\"summary_large_image\" \/>\n<meta name=\"twitter:site\" content=\"@HuertaTropical\" \/>\n<meta name=\"twitter:label1\" content=\"Est. reading time\" \/>\n\t<meta name=\"twitter:data1\" content=\"2 minutes\" \/>\n<script type=\"application\/ld+json\" class=\"yoast-schema-graph\">{\"@context\":\"https:\/\/schema.org\",\"@graph\":[{\"@type\":\"WebPage\",\"@id\":\"https:\/\/nueva2.huertatropical.com\/en\/tienda-comprar-fruta-tropical-de-temporada\/comprar-surtido-fruta-tropical\/aguacate-hass-kg\/\",\"url\":\"https:\/\/nueva2.huertatropical.com\/en\/tienda-comprar-fruta-tropical-de-temporada\/comprar-surtido-fruta-tropical\/aguacate-hass-kg\/\",\"name\":\"Comprar aguacates hass online de la Costa Tropical de Granada\",\"isPartOf\":{\"@id\":\"https:\/\/nueva2.huertatropical.com\/en\/#website\"},\"primaryImageOfPage\":{\"@id\":\"https:\/\/nueva2.huertatropical.com\/en\/tienda-comprar-fruta-tropical-de-temporada\/comprar-surtido-fruta-tropical\/aguacate-hass-kg\/#primaryimage\"},\"image\":{\"@id\":\"https:\/\/nueva2.huertatropical.com\/en\/tienda-comprar-fruta-tropical-de-temporada\/comprar-surtido-fruta-tropical\/aguacate-hass-kg\/#primaryimage\"},\"thumbnailUrl\":\"https:\/\/nueva2.huertatropical.com\/wp-content\/uploads\/2024\/08\/aguacate-hass-de-la-costa-tropical.jpg\",\"datePublished\":\"2025-03-22T11:31:31+00:00\",\"dateModified\":\"2025-05-20T15:09:53+00:00\",\"description\":\"Comprar aguacate hass cultivado en Andaluc\u00eda y descubrir el intenso y exquisito sabor a frutos secos de un aguacate reci\u00e9n recogido del \u00e1rbol\",\"breadcrumb\":{\"@id\":\"https:\/\/nueva2.huertatropical.com\/en\/tienda-comprar-fruta-tropical-de-temporada\/comprar-surtido-fruta-tropical\/aguacate-hass-kg\/#breadcrumb\"},\"inLanguage\":\"en-US\",\"potentialAction\":[{\"@type\":\"ReadAction\",\"target\":[\"https:\/\/nueva2.huertatropical.com\/en\/tienda-comprar-fruta-tropical-de-temporada\/comprar-surtido-fruta-tropical\/aguacate-hass-kg\/\"]}]},{\"@type\":\"ImageObject\",\"inLanguage\":\"en-US\",\"@id\":\"https:\/\/nueva2.huertatropical.com\/en\/tienda-comprar-fruta-tropical-de-temporada\/comprar-surtido-fruta-tropical\/aguacate-hass-kg\/#primaryimage\",\"url\":\"https:\/\/nueva2.huertatropical.com\/wp-content\/uploads\/2024\/08\/aguacate-hass-de-la-costa-tropical.jpg\",\"contentUrl\":\"https:\/\/nueva2.huertatropical.com\/wp-content\/uploads\/2024\/08\/aguacate-hass-de-la-costa-tropical.jpg\",\"width\":800,\"height\":800},{\"@type\":\"BreadcrumbList\",\"@id\":\"https:\/\/nueva2.huertatropical.com\/en\/tienda-comprar-fruta-tropical-de-temporada\/comprar-surtido-fruta-tropical\/aguacate-hass-kg\/#breadcrumb\",\"itemListElement\":[{\"@type\":\"ListItem\",\"position\":1,\"name\":\"Portada\",\"item\":\"https:\/\/nueva2.huertatropical.com\/en\/\"},{\"@type\":\"ListItem\",\"position\":2,\"name\":\"Shop\",\"item\":\"https:\/\/nueva2.huertatropical.com\/en\/shop\/\"},{\"@type\":\"ListItem\",\"position\":3,\"name\":\"Aguacate Hass Kg\"}]},{\"@type\":\"WebSite\",\"@id\":\"https:\/\/nueva2.huertatropical.com\/en\/#website\",\"url\":\"https:\/\/nueva2.huertatropical.com\/en\/\",\"name\":\"Huerta Tropical\",\"description\":\"Comprar online fruta tropical de Granada a domicilio\",\"publisher\":{\"@id\":\"https:\/\/nueva2.huertatropical.com\/en\/#organization\"},\"potentialAction\":[{\"@type\":\"SearchAction\",\"target\":{\"@type\":\"EntryPoint\",\"urlTemplate\":\"https:\/\/nueva2.huertatropical.com\/en\/?s={search_term_string}\"},\"query-input\":{\"@type\":\"PropertyValueSpecification\",\"valueRequired\":true,\"valueName\":\"search_term_string\"}}],\"inLanguage\":\"en-US\"},{\"@type\":\"Organization\",\"@id\":\"https:\/\/nueva2.huertatropical.com\/en\/#organization\",\"name\":\"Huerta Tropical\",\"url\":\"https:\/\/nueva2.huertatropical.com\/en\/\",\"logo\":{\"@type\":\"ImageObject\",\"inLanguage\":\"en-US\",\"@id\":\"https:\/\/nueva2.huertatropical.com\/en\/#\/schema\/logo\/image\/\",\"url\":\"https:\/\/i2.wp.com\/huertatropical.com\/wp-content\/uploads\/2016\/03\/icono-web-sitio.jpg?fit=510%2C510&ssl=1\",\"contentUrl\":\"https:\/\/i2.wp.com\/huertatropical.com\/wp-content\/uploads\/2016\/03\/icono-web-sitio.jpg?fit=510%2C510&ssl=1\",\"width\":510,\"height\":510,\"caption\":\"Huerta Tropical\"},\"image\":{\"@id\":\"https:\/\/nueva2.huertatropical.com\/en\/#\/schema\/logo\/image\/\"},\"sameAs\":[\"https:\/\/es-es.facebook.com\/HuertaTropical\/\",\"https:\/\/x.com\/HuertaTropical\",\"https:\/\/www.instagram.com\/huertatropical\/\",\"https:\/\/www.linkedin.com\/company\/huerta-tropical\/\",\"https:\/\/www.pinterest.es\/huertatropical\/\",\"https:\/\/www.youtube.com\/channel\/UCT44zfBbAxjNKNUGZhRt6CA\"]}]}<\/script>\n<!-- \/ Yoast SEO plugin. -->","yoast_head_json":{"title":"Comprar aguacates hass online de la Costa Tropical de Granada","description":"Comprar aguacate hass cultivado en Andaluc\u00eda y descubrir el intenso y exquisito sabor a frutos secos de un aguacate reci\u00e9n recogido del \u00e1rbol","robots":{"index":"noindex","follow":"follow","max-snippet":"max-snippet:-1","max-image-preview":"max-image-preview:large","max-video-preview":"max-video-preview:-1"},"og_locale":"en_US","og_type":"article","og_title":"Comprar aguacates hass online de la Costa Tropical de Granada","og_description":"Comprar aguacate hass cultivado en Andaluc\u00eda y descubrir el intenso y exquisito sabor a frutos secos de un aguacate reci\u00e9n recogido del \u00e1rbol","og_url":"https:\/\/nueva2.huertatropical.com\/en\/tienda-comprar-fruta-tropical-de-temporada\/comprar-surtido-fruta-tropical\/aguacate-hass-kg\/","og_site_name":"Huerta Tropical","article_publisher":"https:\/\/es-es.facebook.com\/HuertaTropical\/","article_modified_time":"2025-05-20T15:09:53+00:00","og_image":[{"width":800,"height":800,"url":"https:\/\/nueva2.huertatropical.com\/wp-content\/uploads\/2024\/08\/aguacate-hass-de-la-costa-tropical.jpg","type":"image\/jpeg"}],"twitter_card":"summary_large_image","twitter_site":"@HuertaTropical","twitter_misc":{"Est. reading time":"2 minutes"},"schema":{"@context":"https:\/\/schema.org","@graph":[{"@type":"WebPage","@id":"https:\/\/nueva2.huertatropical.com\/en\/tienda-comprar-fruta-tropical-de-temporada\/comprar-surtido-fruta-tropical\/aguacate-hass-kg\/","url":"https:\/\/nueva2.huertatropical.com\/en\/tienda-comprar-fruta-tropical-de-temporada\/comprar-surtido-fruta-tropical\/aguacate-hass-kg\/","name":"Comprar aguacates hass online de la Costa Tropical de Granada","isPartOf":{"@id":"https:\/\/nueva2.huertatropical.com\/en\/#website"},"primaryImageOfPage":{"@id":"https:\/\/nueva2.huertatropical.com\/en\/tienda-comprar-fruta-tropical-de-temporada\/comprar-surtido-fruta-tropical\/aguacate-hass-kg\/#primaryimage"},"image":{"@id":"https:\/\/nueva2.huertatropical.com\/en\/tienda-comprar-fruta-tropical-de-temporada\/comprar-surtido-fruta-tropical\/aguacate-hass-kg\/#primaryimage"},"thumbnailUrl":"https:\/\/nueva2.huertatropical.com\/wp-content\/uploads\/2024\/08\/aguacate-hass-de-la-costa-tropical.jpg","datePublished":"2025-03-22T11:31:31+00:00","dateModified":"2025-05-20T15:09:53+00:00","description":"Comprar aguacate hass cultivado en Andaluc\u00eda y descubrir el intenso y exquisito sabor a frutos secos de un aguacate reci\u00e9n recogido del \u00e1rbol","breadcrumb":{"@id":"https:\/\/nueva2.huertatropical.com\/en\/tienda-comprar-fruta-tropical-de-temporada\/comprar-surtido-fruta-tropical\/aguacate-hass-kg\/#breadcrumb"},"inLanguage":"en-US","potentialAction":[{"@type":"ReadAction","target":["https:\/\/nueva2.huertatropical.com\/en\/tienda-comprar-fruta-tropical-de-temporada\/comprar-surtido-fruta-tropical\/aguacate-hass-kg\/"]}]},{"@type":"ImageObject","inLanguage":"en-US","@id":"https:\/\/nueva2.huertatropical.com\/en\/tienda-comprar-fruta-tropical-de-temporada\/comprar-surtido-fruta-tropical\/aguacate-hass-kg\/#primaryimage","url":"https:\/\/nueva2.huertatropical.com\/wp-content\/uploads\/2024\/08\/aguacate-hass-de-la-costa-tropical.jpg","contentUrl":"https:\/\/nueva2.huertatropical.com\/wp-content\/uploads\/2024\/08\/aguacate-hass-de-la-costa-tropical.jpg","width":800,"height":800},{"@type":"BreadcrumbList","@id":"https:\/\/nueva2.huertatropical.com\/en\/tienda-comprar-fruta-tropical-de-temporada\/comprar-surtido-fruta-tropical\/aguacate-hass-kg\/#breadcrumb","itemListElement":[{"@type":"ListItem","position":1,"name":"Portada","item":"https:\/\/nueva2.huertatropical.com\/en\/"},{"@type":"ListItem","position":2,"name":"Shop","item":"https:\/\/nueva2.huertatropical.com\/en\/shop\/"},{"@type":"ListItem","position":3,"name":"Aguacate Hass Kg"}]},{"@type":"WebSite","@id":"https:\/\/nueva2.huertatropical.com\/en\/#website","url":"https:\/\/nueva2.huertatropical.com\/en\/","name":"Huerta Tropical","description":"Comprar online fruta tropical de Granada a domicilio","publisher":{"@id":"https:\/\/nueva2.huertatropical.com\/en\/#organization"},"potentialAction":[{"@type":"SearchAction","target":{"@type":"EntryPoint","urlTemplate":"https:\/\/nueva2.huertatropical.com\/en\/?s={search_term_string}"},"query-input":{"@type":"PropertyValueSpecification","valueRequired":true,"valueName":"search_term_string"}}],"inLanguage":"en-US"},{"@type":"Organization","@id":"https:\/\/nueva2.huertatropical.com\/en\/#organization","name":"Huerta Tropical","url":"https:\/\/nueva2.huertatropical.com\/en\/","logo":{"@type":"ImageObject","inLanguage":"en-US","@id":"https:\/\/nueva2.huertatropical.com\/en\/#\/schema\/logo\/image\/","url":"https:\/\/i2.wp.com\/huertatropical.com\/wp-content\/uploads\/2016\/03\/icono-web-sitio.jpg?fit=510%2C510&ssl=1","contentUrl":"https:\/\/i2.wp.com\/huertatropical.com\/wp-content\/uploads\/2016\/03\/icono-web-sitio.jpg?fit=510%2C510&ssl=1","width":510,"height":510,"caption":"Huerta Tropical"},"image":{"@id":"https:\/\/nueva2.huertatropical.com\/en\/#\/schema\/logo\/image\/"},"sameAs":["https:\/\/es-es.facebook.com\/HuertaTropical\/","https:\/\/x.com\/HuertaTropical","https:\/\/www.instagram.com\/huertatropical\/","https:\/\/www.linkedin.com\/company\/huerta-tropical\/","https:\/\/www.pinterest.es\/huertatropical\/","https:\/\/www.youtube.com\/channel\/UCT44zfBbAxjNKNUGZhRt6CA"]}]}},"_links":{"self":[{"href":"https:\/\/nueva2.huertatropical.com\/en\/wp-json\/wp\/v2\/product\/20686","targetHints":{"allow":["GET"]}}],"collection":[{"href":"https:\/\/nueva2.huertatropical.com\/en\/wp-json\/wp\/v2\/product"}],"about":[{"href":"https:\/\/nueva2.huertatropical.com\/en\/wp-json\/wp\/v2\/types\/product"}],"replies":[{"embeddable":true,"href":"https:\/\/nueva2.huertatropical.com\/en\/wp-json\/wp\/v2\/comments?post=20686"}],"version-history":[{"count":1,"href":"https:\/\/nueva2.huertatropical.com\/en\/wp-json\/wp\/v2\/product\/20686\/revisions"}],"predecessor-version":[{"id":20713,"href":"https:\/\/nueva2.huertatropical.com\/en\/wp-json\/wp\/v2\/product\/20686\/revisions\/20713"}],"wp:featuredmedia":[{"embeddable":true,"href":"https:\/\/nueva2.huertatropical.com\/en\/wp-json\/wp\/v2\/media\/18980"}],"wp:attachment":[{"href":"https:\/\/nueva2.huertatropical.com\/en\/wp-json\/wp\/v2\/media?parent=20686"}],"wp:term":[{"taxonomy":"product_brand","embeddable":true,"href":"https:\/\/nueva2.huertatropical.com\/en\/wp-json\/wp\/v2\/product_brand?post=20686"},{"taxonomy":"product_cat","embeddable":true,"href":"https:\/\/nueva2.huertatropical.com\/en\/wp-json\/wp\/v2\/product_cat?post=20686"},{"taxonomy":"product_tag","embeddable":true,"href":"https:\/\/nueva2.huertatropical.com\/en\/wp-json\/wp\/v2\/product_tag?post=20686"}],"curies":[{"name":"wp","href":"https:\/\/api.w.org\/{rel}","templated":true}]}}