{"id":20651,"date":"2025-03-22T12:31:15","date_gmt":"2025-03-22T11:31:15","guid":{"rendered":"https:\/\/nueva2.huertatropical.com\/?post_type=product&#038;p=20651"},"modified":"2025-03-22T12:31:56","modified_gmt":"2025-03-22T11:31:56","slug":"caviar-citrico","status":"publish","type":"product","link":"https:\/\/nueva2.huertatropical.com\/en\/tienda-comprar-fruta-tropical-de-temporada\/comprar-surtido-fruta-tropical\/caviar-citrico\/","title":{"rendered":"Caviar C\u00edtrico"},"content":{"rendered":"<h3 class=\"shortcode_title title_1778590786 main_font vc_custom_1529636139555\"><span style=\"color: #99cc00;\">Beneficios para la salud y propiedades del Caviar C\u00edtrico<\/span><\/h3>\n<p>El<strong> Caviar C\u00edtrico o Finger Lime, <\/strong>como otros c\u00edtricos presenta grandes beneficios para la salud, gracias al gran de aporte de <strong>vitamina C,<\/strong> que puede llegar a ser 5 veces superior al de una pieza de kiwi y la aportaci\u00f3n de <strong>polifenoles<\/strong>, ejercen un poder antioxidante que frena los radicales libres.<\/p>\n<p>Otros nutrientes que aporta y que destacan en este exclusivo c\u00edtrico son el<strong> \u00e1cido f\u00f3lico<\/strong> y la <strong>Vitamina E <\/strong>que gracias a sus propiedades antis\u00e9pticas resultan beneficiosas contra agentes externos.<\/p>\n<p>&nbsp;<\/p>\n<h3><span style=\"color: #99cc00;\">\u00bf C\u00f3mo conservar Caviar C\u00edtrico ?<\/span><\/h3>\n<p>El Caviar C\u00edtrico se puede conservar fuera de la nevera en un recipiente de cristal herm\u00e9tico durante unos d\u00edas en un lugar fresco y apartado de la luz solar. Si queremos guardarlos en la nevera, como otros c\u00edtricos mejor no amontonarlos y permitir que circule el aire por ellos.<\/p>\n<div class=\"col-sm-8 content\">\n<div class=\"field field-name-body field-type-text-with-summary field-label-hidden\">\n<div class=\"field-items\">\n<div class=\"field-item even\">\n<p>&nbsp;<\/p>\n<h3><span style=\"color: #99cc00;\">\u00bf C\u00f3mo preparar y comer Caviar C\u00edtrico ?<\/span><\/h3>\n<p>El Caviar C\u00edtrico nos permite dar el toque c\u00edtrico a los nuestros platos en el \u00faltimo momento, al masticarlo, por lo que los alimentos con los que lo combinamos no se maceran.<\/p>\n<p>Combina perfectamente con platos de marisco y pescado fr\u00edos, en lugar del habitual zumo de lim\u00f3n.<\/p>\n<p>En postres, coronando sorbetes o una mousse, aporta frescura y una textura efervescente.<\/p>\n<h3><span style=\"color: #99cc00;\">\u00bf Cuando comprar Caviar C\u00edtrico ?<\/span><\/h3>\n<p>En circunstancias normales, podr\u00e1s comprar Caviar C\u00edtrico de la Huerta Tropical de Granada desde <span style=\"color: #ff6600;\"><strong>Julio a Octubre.<\/strong><\/span><\/p>\n<p>La gran mayor\u00eda de nuestros producto son cultivados en Espa\u00f1a, en la Costa Tropical de Granada y M\u00e1laga. Por la temporalidad en la recogida, puede pasar que no tengamos stock, pero es posible que te interese ver otros tipos de<a href=\"https:\/\/huertatropical.com\/tienda-comprar-fruta-tropical-de-temporada\/\">\u00a0fruta de temporada<\/a>\u00a0que tenemos a tu disposici\u00f3n.<\/p>\n<p>\u00bfTe gusta lo c\u00edtrico? Si quieres <a href=\"https:\/\/huertatropical.com\/tienda-comprar-fruta-tropical-de-temporada\/comprar-surtido-fruta-tropical\/limones\/\">comprar limones<\/a>, esta es tu web.<\/p>\n<p>Si quieres estar atento a las \u00faltimas novedades de nuestra web, nuevas frutas de temporada, ofertas y promociones, s\u00edguenos en nuestras redes sociales. Aqu\u00ed te dejamos nuestros\u00a0<a style=\"background-color: #ffffff;\" href=\"https:\/\/es-es.facebook.com\/HuertaTropical\/\" target=\"_blank\" rel=\"noopener noreferrer\">Facebook<\/a>\u00a0e\u00a0<a style=\"background-color: #ffffff;\" href=\"https:\/\/www.instagram.com\/huertatropical\" target=\"_blank\" rel=\"noopener noreferrer\">Instagram<\/a>.<\/p>\n<\/div>\n<\/div>\n<\/div>\n<\/div>\n","protected":false},"excerpt":{"rendered":"<p><span style=\"color: #ff6600;\"><strong>Cantidad: 1 bandeja aprox. 100 grs ( 6\/7 piezas )<\/strong><\/span><\/p>\n<p>El <span style=\"color: #99cc00;\"><strong>Caviar C\u00edtrico<\/strong><\/span> tambi\u00e9n llamado <span style=\"color: #99cc00;\"><strong>Dedo de Lima<\/strong><\/span> o <span style=\"color: #99cc00;\"><strong>Finger Lime<\/strong><\/span>, son frutos de peque\u00f1o tama\u00f1o con aspecto de lima pero alargados cuya pulpa est\u00e1 formada por peque\u00f1as esferas transparentes, similares a las huevas de caviar, que al masticarlas explotan en la boca liberando un zumo efervescente.<\/p>\n<p>Este caviar vegetal que se presenta en perlas transparentes, es fuertemente arom\u00e1tico y tiene un fresco e intenso sabor agridulce y un poco picante a lima.<\/p>\n<p>Tanto su piel como sus perlas pueden varias de color seg\u00fan su variedad, pudiendo ser rosa, verde, rojo, negro&#8230;<\/p>\n<p>Es el perfecto aderezo de lim\u00f3n ya que el jugo no entra en contacto con el producto hasta que se mastica.<\/p>\n<p>Una peculiaridad es que el zumo no entra en contacto con el alimento hasta el momento del mordisco, por lo que los alimentos no se maceran ni cocinan como ocurre con el lim\u00f3n.<\/p>\n","protected":false},"featured_media":19078,"comment_status":"closed","ping_status":"closed","template":"","meta":[],"product_brand":[],"product_cat":[203],"product_tag":[],"class_list":{"0":"post-20651","1":"product","2":"type-product","3":"status-publish","4":"has-post-thumbnail","6":"product_cat-comprar-surtido-fruta-tropical","7":"product_shipping_class-tarifa-hasta-15kg","9":"first","10":"outofstock","11":"featured","12":"taxable","13":"shipping-taxable","14":"purchasable","15":"product-type-simple"},"yoast_head":"<!-- This site is optimized with the Yoast SEO plugin v24.7 - https:\/\/yoast.com\/wordpress\/plugins\/seo\/ -->\n<title>Comprar Caviar C\u00edtrico, Lima Caviar o Finger Lime por internet<\/title>\n<meta name=\"description\" content=\"Comprar online y recibe el Caviar C\u00edtrico, tambi\u00e9n llamado Dedo de Lima o Finger Lime, un fruto cuya pulpa est\u00e1 formada por peque\u00f1as esferas transparentes.\" \/>\n<meta name=\"robots\" content=\"noindex, follow, max-snippet:-1, max-image-preview:large, max-video-preview:-1\" \/>\n<meta property=\"og:locale\" content=\"en_US\" \/>\n<meta property=\"og:type\" content=\"article\" \/>\n<meta property=\"og:title\" content=\"Comprar Caviar C\u00edtrico, Lima Caviar o Finger Lime por internet\" \/>\n<meta property=\"og:description\" content=\"Comprar online y recibe el Caviar C\u00edtrico, tambi\u00e9n llamado Dedo de Lima o Finger Lime, un fruto cuya pulpa est\u00e1 formada por peque\u00f1as esferas transparentes.\" \/>\n<meta property=\"og:url\" content=\"https:\/\/nueva2.huertatropical.com\/en\/tienda-comprar-fruta-tropical-de-temporada\/comprar-surtido-fruta-tropical\/caviar-citrico\/\" \/>\n<meta property=\"og:site_name\" content=\"Huerta Tropical\" \/>\n<meta property=\"article:publisher\" content=\"https:\/\/es-es.facebook.com\/HuertaTropical\/\" \/>\n<meta property=\"article:modified_time\" content=\"2025-03-22T11:31:56+00:00\" \/>\n<meta property=\"og:image\" content=\"https:\/\/nueva2.huertatropical.com\/wp-content\/uploads\/2024\/08\/comprar-caviar-citrico.jpg\" \/>\n\t<meta property=\"og:image:width\" content=\"800\" \/>\n\t<meta property=\"og:image:height\" content=\"800\" \/>\n\t<meta property=\"og:image:type\" content=\"image\/jpeg\" \/>\n<meta name=\"twitter:card\" content=\"summary_large_image\" \/>\n<meta name=\"twitter:site\" content=\"@HuertaTropical\" \/>\n<meta name=\"twitter:label1\" content=\"Est. reading time\" \/>\n\t<meta name=\"twitter:data1\" content=\"2 minutes\" \/>\n<script type=\"application\/ld+json\" class=\"yoast-schema-graph\">{\"@context\":\"https:\/\/schema.org\",\"@graph\":[{\"@type\":\"WebPage\",\"@id\":\"https:\/\/nueva2.huertatropical.com\/en\/tienda-comprar-fruta-tropical-de-temporada\/comprar-surtido-fruta-tropical\/caviar-citrico\/\",\"url\":\"https:\/\/nueva2.huertatropical.com\/en\/tienda-comprar-fruta-tropical-de-temporada\/comprar-surtido-fruta-tropical\/caviar-citrico\/\",\"name\":\"Comprar Caviar C\u00edtrico, Lima Caviar o Finger Lime por internet\",\"isPartOf\":{\"@id\":\"https:\/\/nueva2.huertatropical.com\/en\/#website\"},\"primaryImageOfPage\":{\"@id\":\"https:\/\/nueva2.huertatropical.com\/en\/tienda-comprar-fruta-tropical-de-temporada\/comprar-surtido-fruta-tropical\/caviar-citrico\/#primaryimage\"},\"image\":{\"@id\":\"https:\/\/nueva2.huertatropical.com\/en\/tienda-comprar-fruta-tropical-de-temporada\/comprar-surtido-fruta-tropical\/caviar-citrico\/#primaryimage\"},\"thumbnailUrl\":\"https:\/\/nueva2.huertatropical.com\/wp-content\/uploads\/2024\/08\/comprar-caviar-citrico.jpg\",\"datePublished\":\"2025-03-22T11:31:15+00:00\",\"dateModified\":\"2025-03-22T11:31:56+00:00\",\"description\":\"Comprar online y recibe el Caviar C\u00edtrico, tambi\u00e9n llamado Dedo de Lima o Finger Lime, un fruto cuya pulpa est\u00e1 formada por peque\u00f1as esferas transparentes.\",\"breadcrumb\":{\"@id\":\"https:\/\/nueva2.huertatropical.com\/en\/tienda-comprar-fruta-tropical-de-temporada\/comprar-surtido-fruta-tropical\/caviar-citrico\/#breadcrumb\"},\"inLanguage\":\"en-US\",\"potentialAction\":[{\"@type\":\"ReadAction\",\"target\":[\"https:\/\/nueva2.huertatropical.com\/en\/tienda-comprar-fruta-tropical-de-temporada\/comprar-surtido-fruta-tropical\/caviar-citrico\/\"]}]},{\"@type\":\"ImageObject\",\"inLanguage\":\"en-US\",\"@id\":\"https:\/\/nueva2.huertatropical.com\/en\/tienda-comprar-fruta-tropical-de-temporada\/comprar-surtido-fruta-tropical\/caviar-citrico\/#primaryimage\",\"url\":\"https:\/\/nueva2.huertatropical.com\/wp-content\/uploads\/2024\/08\/comprar-caviar-citrico.jpg\",\"contentUrl\":\"https:\/\/nueva2.huertatropical.com\/wp-content\/uploads\/2024\/08\/comprar-caviar-citrico.jpg\",\"width\":800,\"height\":800},{\"@type\":\"BreadcrumbList\",\"@id\":\"https:\/\/nueva2.huertatropical.com\/en\/tienda-comprar-fruta-tropical-de-temporada\/comprar-surtido-fruta-tropical\/caviar-citrico\/#breadcrumb\",\"itemListElement\":[{\"@type\":\"ListItem\",\"position\":1,\"name\":\"Portada\",\"item\":\"https:\/\/nueva2.huertatropical.com\/en\/\"},{\"@type\":\"ListItem\",\"position\":2,\"name\":\"Shop\",\"item\":\"https:\/\/nueva2.huertatropical.com\/en\/shop\/\"},{\"@type\":\"ListItem\",\"position\":3,\"name\":\"Caviar C\u00edtrico\"}]},{\"@type\":\"WebSite\",\"@id\":\"https:\/\/nueva2.huertatropical.com\/en\/#website\",\"url\":\"https:\/\/nueva2.huertatropical.com\/en\/\",\"name\":\"Huerta Tropical\",\"description\":\"Comprar online fruta tropical de Granada a domicilio\",\"publisher\":{\"@id\":\"https:\/\/nueva2.huertatropical.com\/en\/#organization\"},\"potentialAction\":[{\"@type\":\"SearchAction\",\"target\":{\"@type\":\"EntryPoint\",\"urlTemplate\":\"https:\/\/nueva2.huertatropical.com\/en\/?s={search_term_string}\"},\"query-input\":{\"@type\":\"PropertyValueSpecification\",\"valueRequired\":true,\"valueName\":\"search_term_string\"}}],\"inLanguage\":\"en-US\"},{\"@type\":\"Organization\",\"@id\":\"https:\/\/nueva2.huertatropical.com\/en\/#organization\",\"name\":\"Huerta Tropical\",\"url\":\"https:\/\/nueva2.huertatropical.com\/en\/\",\"logo\":{\"@type\":\"ImageObject\",\"inLanguage\":\"en-US\",\"@id\":\"https:\/\/nueva2.huertatropical.com\/en\/#\/schema\/logo\/image\/\",\"url\":\"https:\/\/i2.wp.com\/huertatropical.com\/wp-content\/uploads\/2016\/03\/icono-web-sitio.jpg?fit=510%2C510&ssl=1\",\"contentUrl\":\"https:\/\/i2.wp.com\/huertatropical.com\/wp-content\/uploads\/2016\/03\/icono-web-sitio.jpg?fit=510%2C510&ssl=1\",\"width\":510,\"height\":510,\"caption\":\"Huerta Tropical\"},\"image\":{\"@id\":\"https:\/\/nueva2.huertatropical.com\/en\/#\/schema\/logo\/image\/\"},\"sameAs\":[\"https:\/\/es-es.facebook.com\/HuertaTropical\/\",\"https:\/\/x.com\/HuertaTropical\",\"https:\/\/www.instagram.com\/huertatropical\/\",\"https:\/\/www.linkedin.com\/company\/huerta-tropical\/\",\"https:\/\/www.pinterest.es\/huertatropical\/\",\"https:\/\/www.youtube.com\/channel\/UCT44zfBbAxjNKNUGZhRt6CA\"]}]}<\/script>\n<!-- \/ Yoast SEO plugin. -->","yoast_head_json":{"title":"Comprar Caviar C\u00edtrico, Lima Caviar o Finger Lime por internet","description":"Comprar online y recibe el Caviar C\u00edtrico, tambi\u00e9n llamado Dedo de Lima o Finger Lime, un fruto cuya pulpa est\u00e1 formada por peque\u00f1as esferas transparentes.","robots":{"index":"noindex","follow":"follow","max-snippet":"max-snippet:-1","max-image-preview":"max-image-preview:large","max-video-preview":"max-video-preview:-1"},"og_locale":"en_US","og_type":"article","og_title":"Comprar Caviar C\u00edtrico, Lima Caviar o Finger Lime por internet","og_description":"Comprar online y recibe el Caviar C\u00edtrico, tambi\u00e9n llamado Dedo de Lima o Finger Lime, un fruto cuya pulpa est\u00e1 formada por peque\u00f1as esferas transparentes.","og_url":"https:\/\/nueva2.huertatropical.com\/en\/tienda-comprar-fruta-tropical-de-temporada\/comprar-surtido-fruta-tropical\/caviar-citrico\/","og_site_name":"Huerta Tropical","article_publisher":"https:\/\/es-es.facebook.com\/HuertaTropical\/","article_modified_time":"2025-03-22T11:31:56+00:00","og_image":[{"width":800,"height":800,"url":"https:\/\/nueva2.huertatropical.com\/wp-content\/uploads\/2024\/08\/comprar-caviar-citrico.jpg","type":"image\/jpeg"}],"twitter_card":"summary_large_image","twitter_site":"@HuertaTropical","twitter_misc":{"Est. reading time":"2 minutes"},"schema":{"@context":"https:\/\/schema.org","@graph":[{"@type":"WebPage","@id":"https:\/\/nueva2.huertatropical.com\/en\/tienda-comprar-fruta-tropical-de-temporada\/comprar-surtido-fruta-tropical\/caviar-citrico\/","url":"https:\/\/nueva2.huertatropical.com\/en\/tienda-comprar-fruta-tropical-de-temporada\/comprar-surtido-fruta-tropical\/caviar-citrico\/","name":"Comprar Caviar C\u00edtrico, Lima Caviar o Finger Lime por internet","isPartOf":{"@id":"https:\/\/nueva2.huertatropical.com\/en\/#website"},"primaryImageOfPage":{"@id":"https:\/\/nueva2.huertatropical.com\/en\/tienda-comprar-fruta-tropical-de-temporada\/comprar-surtido-fruta-tropical\/caviar-citrico\/#primaryimage"},"image":{"@id":"https:\/\/nueva2.huertatropical.com\/en\/tienda-comprar-fruta-tropical-de-temporada\/comprar-surtido-fruta-tropical\/caviar-citrico\/#primaryimage"},"thumbnailUrl":"https:\/\/nueva2.huertatropical.com\/wp-content\/uploads\/2024\/08\/comprar-caviar-citrico.jpg","datePublished":"2025-03-22T11:31:15+00:00","dateModified":"2025-03-22T11:31:56+00:00","description":"Comprar online y recibe el Caviar C\u00edtrico, tambi\u00e9n llamado Dedo de Lima o Finger Lime, un fruto cuya pulpa est\u00e1 formada por peque\u00f1as esferas transparentes.","breadcrumb":{"@id":"https:\/\/nueva2.huertatropical.com\/en\/tienda-comprar-fruta-tropical-de-temporada\/comprar-surtido-fruta-tropical\/caviar-citrico\/#breadcrumb"},"inLanguage":"en-US","potentialAction":[{"@type":"ReadAction","target":["https:\/\/nueva2.huertatropical.com\/en\/tienda-comprar-fruta-tropical-de-temporada\/comprar-surtido-fruta-tropical\/caviar-citrico\/"]}]},{"@type":"ImageObject","inLanguage":"en-US","@id":"https:\/\/nueva2.huertatropical.com\/en\/tienda-comprar-fruta-tropical-de-temporada\/comprar-surtido-fruta-tropical\/caviar-citrico\/#primaryimage","url":"https:\/\/nueva2.huertatropical.com\/wp-content\/uploads\/2024\/08\/comprar-caviar-citrico.jpg","contentUrl":"https:\/\/nueva2.huertatropical.com\/wp-content\/uploads\/2024\/08\/comprar-caviar-citrico.jpg","width":800,"height":800},{"@type":"BreadcrumbList","@id":"https:\/\/nueva2.huertatropical.com\/en\/tienda-comprar-fruta-tropical-de-temporada\/comprar-surtido-fruta-tropical\/caviar-citrico\/#breadcrumb","itemListElement":[{"@type":"ListItem","position":1,"name":"Portada","item":"https:\/\/nueva2.huertatropical.com\/en\/"},{"@type":"ListItem","position":2,"name":"Shop","item":"https:\/\/nueva2.huertatropical.com\/en\/shop\/"},{"@type":"ListItem","position":3,"name":"Caviar C\u00edtrico"}]},{"@type":"WebSite","@id":"https:\/\/nueva2.huertatropical.com\/en\/#website","url":"https:\/\/nueva2.huertatropical.com\/en\/","name":"Huerta Tropical","description":"Comprar online fruta tropical de Granada a domicilio","publisher":{"@id":"https:\/\/nueva2.huertatropical.com\/en\/#organization"},"potentialAction":[{"@type":"SearchAction","target":{"@type":"EntryPoint","urlTemplate":"https:\/\/nueva2.huertatropical.com\/en\/?s={search_term_string}"},"query-input":{"@type":"PropertyValueSpecification","valueRequired":true,"valueName":"search_term_string"}}],"inLanguage":"en-US"},{"@type":"Organization","@id":"https:\/\/nueva2.huertatropical.com\/en\/#organization","name":"Huerta Tropical","url":"https:\/\/nueva2.huertatropical.com\/en\/","logo":{"@type":"ImageObject","inLanguage":"en-US","@id":"https:\/\/nueva2.huertatropical.com\/en\/#\/schema\/logo\/image\/","url":"https:\/\/i2.wp.com\/huertatropical.com\/wp-content\/uploads\/2016\/03\/icono-web-sitio.jpg?fit=510%2C510&ssl=1","contentUrl":"https:\/\/i2.wp.com\/huertatropical.com\/wp-content\/uploads\/2016\/03\/icono-web-sitio.jpg?fit=510%2C510&ssl=1","width":510,"height":510,"caption":"Huerta Tropical"},"image":{"@id":"https:\/\/nueva2.huertatropical.com\/en\/#\/schema\/logo\/image\/"},"sameAs":["https:\/\/es-es.facebook.com\/HuertaTropical\/","https:\/\/x.com\/HuertaTropical","https:\/\/www.instagram.com\/huertatropical\/","https:\/\/www.linkedin.com\/company\/huerta-tropical\/","https:\/\/www.pinterest.es\/huertatropical\/","https:\/\/www.youtube.com\/channel\/UCT44zfBbAxjNKNUGZhRt6CA"]}]}},"_links":{"self":[{"href":"https:\/\/nueva2.huertatropical.com\/en\/wp-json\/wp\/v2\/product\/20651","targetHints":{"allow":["GET"]}}],"collection":[{"href":"https:\/\/nueva2.huertatropical.com\/en\/wp-json\/wp\/v2\/product"}],"about":[{"href":"https:\/\/nueva2.huertatropical.com\/en\/wp-json\/wp\/v2\/types\/product"}],"replies":[{"embeddable":true,"href":"https:\/\/nueva2.huertatropical.com\/en\/wp-json\/wp\/v2\/comments?post=20651"}],"version-history":[{"count":1,"href":"https:\/\/nueva2.huertatropical.com\/en\/wp-json\/wp\/v2\/product\/20651\/revisions"}],"predecessor-version":[{"id":20768,"href":"https:\/\/nueva2.huertatropical.com\/en\/wp-json\/wp\/v2\/product\/20651\/revisions\/20768"}],"wp:featuredmedia":[{"embeddable":true,"href":"https:\/\/nueva2.huertatropical.com\/en\/wp-json\/wp\/v2\/media\/19078"}],"wp:attachment":[{"href":"https:\/\/nueva2.huertatropical.com\/en\/wp-json\/wp\/v2\/media?parent=20651"}],"wp:term":[{"taxonomy":"product_brand","embeddable":true,"href":"https:\/\/nueva2.huertatropical.com\/en\/wp-json\/wp\/v2\/product_brand?post=20651"},{"taxonomy":"product_cat","embeddable":true,"href":"https:\/\/nueva2.huertatropical.com\/en\/wp-json\/wp\/v2\/product_cat?post=20651"},{"taxonomy":"product_tag","embeddable":true,"href":"https:\/\/nueva2.huertatropical.com\/en\/wp-json\/wp\/v2\/product_tag?post=20651"}],"curies":[{"name":"wp","href":"https:\/\/api.w.org\/{rel}","templated":true}]}}