{"id":20631,"date":"2025-03-22T12:31:14","date_gmt":"2025-03-22T11:31:14","guid":{"rendered":"https:\/\/nueva2.huertatropical.com\/?post_type=product&#038;p=20631"},"modified":"2025-03-22T12:35:06","modified_gmt":"2025-03-22T11:35:06","slug":"caja-aguacates-y-tomate","status":"publish","type":"product","link":"https:\/\/nueva2.huertatropical.com\/en\/tienda-comprar-fruta-tropical-de-temporada\/comprar-surtido-fruta-tropical\/caja-aguacates-y-tomate\/","title":{"rendered":"Caja Aguacates y Tomate"},"content":{"rendered":"<p><span style=\"color: #008000;\"><strong>El Aguacate Fuerte<\/strong><\/span> tiene una caracter\u00edstica forma de pera alargada. La piel de la variedad Fuerte es lisa, suave y fina, de color color verde que no cambia en exceso de color al madurar. La variedad de aguacate\u00a0<strong>Fuerte<\/strong>\u00a0tiene un sabroso y delicioso sabor entre nuez y pistacho con un aroma a fruto seco. La pulpa, en su punto de madurez resulta mantecosa y sabrosa, de color amarillo y tonos verdes mientras que su semilla es de tama\u00f1o medio.<\/p>\n<p><span style=\"color: #008000;\"><strong>El Aguacate Hass <\/strong><\/span>posee un exquisito sabor y aroma a frutos secos.\u00a0Posee abundante pulpa, de color verde claro a amarilla y de excelente calidad con una semilla peque\u00f1a.\u00a0La piel del Hass es\u00a0fuerte, gruesa y rugosa, de color verde oscuro mientras permanece en el \u00e1rbol, se vuelve casi negro al madurar.<\/p>\n<p><strong><span style=\"color: #ff0000;\">El\u00a0Tomate Caramelo<\/span><\/strong> es un tomate negro asurcado, m\u00e1s dulce de lo que te puedas imaginar. Es un tomate carnoso con pocas semillas, muy dulce y sabroso,\u00a0cultivado en Granada supera los 8 grados Brix y es capaz de superar en \u00e9pocas los 10\u00ba Brix, siendo un aut\u00e9ntico caramelo.<\/p>\n<p>Si quieres estar atento a las \u00faltimas novedades de nuestra web, nuevas frutas de temporada, ofertas y promociones, s\u00edguenos en nuestras redes sociales. Aqu\u00ed te dejamos nuestros <a href=\"https:\/\/es-es.facebook.com\/HuertaTropical\/\" target=\"_blank\" rel=\"noopener noreferrer\">Facebook<\/a> e <a href=\"https:\/\/www.instagram.com\/huertatropical\" target=\"_blank\" rel=\"noopener noreferrer\">Instagram<\/a>.<\/p>\n","protected":false},"excerpt":{"rendered":"<p><span style=\"color: #ff0000;\"><strong>Cantidad 1 Caja de aprox. 4kg de peso.<\/strong><\/span><\/p>\n<p>La combinaci\u00f3n perfecta, una caja de <span style=\"color: #ff0000;\"><strong>Tomate Negro Asurcado<\/strong><\/span> y <span style=\"color: #008000;\"><strong>Aguacates Hass,<\/strong><\/span>\u00a0<span style=\"color: #008000;\"><strong>Aguacates Fuerte, Aguacates Bacon o Aguacates Pinkerton <\/strong><\/span>cultivados en La Costa tropical de Granada.<\/p>\n<p>Elige la combinaci\u00f3n con la variedad que m\u00e1s te guste y disfruta esta caja:<\/p>\n<p><span style=\"color: #ff6600;\"><strong>Opci\u00f3n 1 :<\/strong><\/span><span style=\"color: #008000;\"><strong> Aguacate Bacon 2kg + 2kg Tomate Negro Asurcado\u00a0<\/strong><\/span><\/p>\n<p><span style=\"color: #ff6600;\"><strong>Opci\u00f3n 2 :<\/strong><\/span><span style=\"color: #008000;\"><strong> Aguacate Fuerte 2kg + 2kg Tomate Negro Asurcado <img decoding=\"async\" class=\"alignnone size-full wp-image-5445\" src=\"https:\/\/huertatropical.com\/wp-content\/uploads\/2017\/10\/DISPONIBLE-e1535931597432.png\" alt=\"\" width=\"72\" height=\"23\" \/><\/strong><\/span><\/p>\n<p><strong><span style=\"color: #ff6600;\">Opci\u00f3n 3 :<\/span> <span style=\"color: #008000;\">Aguacate Hass 2kg + 2kg Tomate Negro Asurcado <img decoding=\"async\" class=\"alignnone size-full wp-image-5445\" src=\"https:\/\/huertatropical.com\/wp-content\/uploads\/2017\/10\/DISPONIBLE-e1535931597432.png\" alt=\"\" width=\"72\" height=\"23\" \/><\/span><\/strong><\/p>\n<p><span style=\"color: #ff6600;\"><strong>Opci\u00f3n 4 :<\/strong><\/span><span style=\"color: #008000;\"><strong> Aguacate Pinkerton 2kg + 2kg Tomate Negro Asurcado <img decoding=\"async\" class=\"alignnone size-full wp-image-5445\" src=\"https:\/\/huertatropical.com\/wp-content\/uploads\/2017\/10\/DISPONIBLE-e1535931597432.png\" alt=\"\" width=\"72\" height=\"23\" \/><\/strong><\/span><\/p>\n<p><strong><span style=\"color: #ff0000;\">\ud83c\udf45 Los pedidos que llevan tomate se enviar\u00e1n el Mi\u00e9rcoles 19<\/span><\/strong><\/p>\n","protected":false},"featured_media":19331,"comment_status":"closed","ping_status":"closed","template":"","meta":[],"product_brand":[],"product_cat":[205,203],"product_tag":[],"class_list":{"0":"post-20631","1":"product","2":"type-product","3":"status-publish","4":"has-post-thumbnail","6":"product_cat-comprar-aguacate-costa-tropical-granada","7":"product_cat-comprar-surtido-fruta-tropical","9":"first","10":"instock","11":"taxable","12":"shipping-taxable","13":"purchasable","14":"product-type-variable","15":"has-default-attributes"},"yoast_head":"<!-- This site is optimized with the Yoast SEO plugin v24.7 - https:\/\/yoast.com\/wordpress\/plugins\/seo\/ -->\n<title>Comprar caja de aguacates y tomates online - Fruta a Domicilio<\/title>\n<meta name=\"description\" content=\"Caja de 4kg de aguacates de la variedad hass, fuerte, bacon o pinkerton y tomates cultivados en la Costa Tropical de Granada y M\u00e1laga. Te lo llevamos a casa\" \/>\n<meta name=\"robots\" content=\"noindex, follow, max-snippet:-1, max-image-preview:large, max-video-preview:-1\" \/>\n<meta property=\"og:locale\" content=\"en_US\" \/>\n<meta property=\"og:type\" content=\"article\" \/>\n<meta property=\"og:title\" content=\"Comprar caja de aguacates y tomates online - Fruta a Domicilio\" \/>\n<meta property=\"og:description\" content=\"Caja de 4kg de aguacates de la variedad hass, fuerte, bacon o pinkerton y tomates cultivados en la Costa Tropical de Granada y M\u00e1laga. Te lo llevamos a casa\" \/>\n<meta property=\"og:url\" content=\"https:\/\/nueva2.huertatropical.com\/en\/tienda-comprar-fruta-tropical-de-temporada\/comprar-surtido-fruta-tropical\/caja-aguacates-y-tomate\/\" \/>\n<meta property=\"og:site_name\" content=\"Huerta Tropical\" \/>\n<meta property=\"article:publisher\" content=\"https:\/\/es-es.facebook.com\/HuertaTropical\/\" \/>\n<meta property=\"article:modified_time\" content=\"2025-03-22T11:35:06+00:00\" \/>\n<meta property=\"og:image\" content=\"https:\/\/nueva2.huertatropical.com\/wp-content\/uploads\/2024\/08\/aguacate-y-tomate-negro-asurcado-costa-tropical.jpg\" \/>\n\t<meta property=\"og:image:width\" content=\"800\" \/>\n\t<meta property=\"og:image:height\" content=\"800\" \/>\n\t<meta property=\"og:image:type\" content=\"image\/jpeg\" \/>\n<meta name=\"twitter:card\" content=\"summary_large_image\" \/>\n<meta name=\"twitter:site\" content=\"@HuertaTropical\" \/>\n<meta name=\"twitter:label1\" content=\"Est. reading time\" \/>\n\t<meta name=\"twitter:data1\" content=\"2 minutes\" \/>\n<script type=\"application\/ld+json\" class=\"yoast-schema-graph\">{\"@context\":\"https:\/\/schema.org\",\"@graph\":[{\"@type\":\"WebPage\",\"@id\":\"https:\/\/nueva2.huertatropical.com\/en\/tienda-comprar-fruta-tropical-de-temporada\/comprar-surtido-fruta-tropical\/caja-aguacates-y-tomate\/\",\"url\":\"https:\/\/nueva2.huertatropical.com\/en\/tienda-comprar-fruta-tropical-de-temporada\/comprar-surtido-fruta-tropical\/caja-aguacates-y-tomate\/\",\"name\":\"Comprar caja de aguacates y tomates online - Fruta a Domicilio\",\"isPartOf\":{\"@id\":\"https:\/\/nueva2.huertatropical.com\/en\/#website\"},\"primaryImageOfPage\":{\"@id\":\"https:\/\/nueva2.huertatropical.com\/en\/tienda-comprar-fruta-tropical-de-temporada\/comprar-surtido-fruta-tropical\/caja-aguacates-y-tomate\/#primaryimage\"},\"image\":{\"@id\":\"https:\/\/nueva2.huertatropical.com\/en\/tienda-comprar-fruta-tropical-de-temporada\/comprar-surtido-fruta-tropical\/caja-aguacates-y-tomate\/#primaryimage\"},\"thumbnailUrl\":\"https:\/\/nueva2.huertatropical.com\/wp-content\/uploads\/2024\/08\/aguacate-y-tomate-negro-asurcado-costa-tropical.jpg\",\"datePublished\":\"2025-03-22T11:31:14+00:00\",\"dateModified\":\"2025-03-22T11:35:06+00:00\",\"description\":\"Caja de 4kg de aguacates de la variedad hass, fuerte, bacon o pinkerton y tomates cultivados en la Costa Tropical de Granada y M\u00e1laga. Te lo llevamos a casa\",\"breadcrumb\":{\"@id\":\"https:\/\/nueva2.huertatropical.com\/en\/tienda-comprar-fruta-tropical-de-temporada\/comprar-surtido-fruta-tropical\/caja-aguacates-y-tomate\/#breadcrumb\"},\"inLanguage\":\"en-US\",\"potentialAction\":[{\"@type\":\"ReadAction\",\"target\":[\"https:\/\/nueva2.huertatropical.com\/en\/tienda-comprar-fruta-tropical-de-temporada\/comprar-surtido-fruta-tropical\/caja-aguacates-y-tomate\/\"]}]},{\"@type\":\"ImageObject\",\"inLanguage\":\"en-US\",\"@id\":\"https:\/\/nueva2.huertatropical.com\/en\/tienda-comprar-fruta-tropical-de-temporada\/comprar-surtido-fruta-tropical\/caja-aguacates-y-tomate\/#primaryimage\",\"url\":\"https:\/\/nueva2.huertatropical.com\/wp-content\/uploads\/2024\/08\/aguacate-y-tomate-negro-asurcado-costa-tropical.jpg\",\"contentUrl\":\"https:\/\/nueva2.huertatropical.com\/wp-content\/uploads\/2024\/08\/aguacate-y-tomate-negro-asurcado-costa-tropical.jpg\",\"width\":800,\"height\":800},{\"@type\":\"BreadcrumbList\",\"@id\":\"https:\/\/nueva2.huertatropical.com\/en\/tienda-comprar-fruta-tropical-de-temporada\/comprar-surtido-fruta-tropical\/caja-aguacates-y-tomate\/#breadcrumb\",\"itemListElement\":[{\"@type\":\"ListItem\",\"position\":1,\"name\":\"Portada\",\"item\":\"https:\/\/nueva2.huertatropical.com\/en\/\"},{\"@type\":\"ListItem\",\"position\":2,\"name\":\"Shop\",\"item\":\"https:\/\/nueva2.huertatropical.com\/en\/shop\/\"},{\"@type\":\"ListItem\",\"position\":3,\"name\":\"Caja Aguacates y Tomate\"}]},{\"@type\":\"WebSite\",\"@id\":\"https:\/\/nueva2.huertatropical.com\/en\/#website\",\"url\":\"https:\/\/nueva2.huertatropical.com\/en\/\",\"name\":\"Huerta Tropical\",\"description\":\"Comprar online fruta tropical de Granada a domicilio\",\"publisher\":{\"@id\":\"https:\/\/nueva2.huertatropical.com\/en\/#organization\"},\"potentialAction\":[{\"@type\":\"SearchAction\",\"target\":{\"@type\":\"EntryPoint\",\"urlTemplate\":\"https:\/\/nueva2.huertatropical.com\/en\/?s={search_term_string}\"},\"query-input\":{\"@type\":\"PropertyValueSpecification\",\"valueRequired\":true,\"valueName\":\"search_term_string\"}}],\"inLanguage\":\"en-US\"},{\"@type\":\"Organization\",\"@id\":\"https:\/\/nueva2.huertatropical.com\/en\/#organization\",\"name\":\"Huerta Tropical\",\"url\":\"https:\/\/nueva2.huertatropical.com\/en\/\",\"logo\":{\"@type\":\"ImageObject\",\"inLanguage\":\"en-US\",\"@id\":\"https:\/\/nueva2.huertatropical.com\/en\/#\/schema\/logo\/image\/\",\"url\":\"https:\/\/i2.wp.com\/huertatropical.com\/wp-content\/uploads\/2016\/03\/icono-web-sitio.jpg?fit=510%2C510&ssl=1\",\"contentUrl\":\"https:\/\/i2.wp.com\/huertatropical.com\/wp-content\/uploads\/2016\/03\/icono-web-sitio.jpg?fit=510%2C510&ssl=1\",\"width\":510,\"height\":510,\"caption\":\"Huerta Tropical\"},\"image\":{\"@id\":\"https:\/\/nueva2.huertatropical.com\/en\/#\/schema\/logo\/image\/\"},\"sameAs\":[\"https:\/\/es-es.facebook.com\/HuertaTropical\/\",\"https:\/\/x.com\/HuertaTropical\",\"https:\/\/www.instagram.com\/huertatropical\/\",\"https:\/\/www.linkedin.com\/company\/huerta-tropical\/\",\"https:\/\/www.pinterest.es\/huertatropical\/\",\"https:\/\/www.youtube.com\/channel\/UCT44zfBbAxjNKNUGZhRt6CA\"]}]}<\/script>\n<!-- \/ Yoast SEO plugin. -->","yoast_head_json":{"title":"Comprar caja de aguacates y tomates online - Fruta a Domicilio","description":"Caja de 4kg de aguacates de la variedad hass, fuerte, bacon o pinkerton y tomates cultivados en la Costa Tropical de Granada y M\u00e1laga. Te lo llevamos a casa","robots":{"index":"noindex","follow":"follow","max-snippet":"max-snippet:-1","max-image-preview":"max-image-preview:large","max-video-preview":"max-video-preview:-1"},"og_locale":"en_US","og_type":"article","og_title":"Comprar caja de aguacates y tomates online - Fruta a Domicilio","og_description":"Caja de 4kg de aguacates de la variedad hass, fuerte, bacon o pinkerton y tomates cultivados en la Costa Tropical de Granada y M\u00e1laga. Te lo llevamos a casa","og_url":"https:\/\/nueva2.huertatropical.com\/en\/tienda-comprar-fruta-tropical-de-temporada\/comprar-surtido-fruta-tropical\/caja-aguacates-y-tomate\/","og_site_name":"Huerta Tropical","article_publisher":"https:\/\/es-es.facebook.com\/HuertaTropical\/","article_modified_time":"2025-03-22T11:35:06+00:00","og_image":[{"width":800,"height":800,"url":"https:\/\/nueva2.huertatropical.com\/wp-content\/uploads\/2024\/08\/aguacate-y-tomate-negro-asurcado-costa-tropical.jpg","type":"image\/jpeg"}],"twitter_card":"summary_large_image","twitter_site":"@HuertaTropical","twitter_misc":{"Est. reading time":"2 minutes"},"schema":{"@context":"https:\/\/schema.org","@graph":[{"@type":"WebPage","@id":"https:\/\/nueva2.huertatropical.com\/en\/tienda-comprar-fruta-tropical-de-temporada\/comprar-surtido-fruta-tropical\/caja-aguacates-y-tomate\/","url":"https:\/\/nueva2.huertatropical.com\/en\/tienda-comprar-fruta-tropical-de-temporada\/comprar-surtido-fruta-tropical\/caja-aguacates-y-tomate\/","name":"Comprar caja de aguacates y tomates online - Fruta a Domicilio","isPartOf":{"@id":"https:\/\/nueva2.huertatropical.com\/en\/#website"},"primaryImageOfPage":{"@id":"https:\/\/nueva2.huertatropical.com\/en\/tienda-comprar-fruta-tropical-de-temporada\/comprar-surtido-fruta-tropical\/caja-aguacates-y-tomate\/#primaryimage"},"image":{"@id":"https:\/\/nueva2.huertatropical.com\/en\/tienda-comprar-fruta-tropical-de-temporada\/comprar-surtido-fruta-tropical\/caja-aguacates-y-tomate\/#primaryimage"},"thumbnailUrl":"https:\/\/nueva2.huertatropical.com\/wp-content\/uploads\/2024\/08\/aguacate-y-tomate-negro-asurcado-costa-tropical.jpg","datePublished":"2025-03-22T11:31:14+00:00","dateModified":"2025-03-22T11:35:06+00:00","description":"Caja de 4kg de aguacates de la variedad hass, fuerte, bacon o pinkerton y tomates cultivados en la Costa Tropical de Granada y M\u00e1laga. Te lo llevamos a casa","breadcrumb":{"@id":"https:\/\/nueva2.huertatropical.com\/en\/tienda-comprar-fruta-tropical-de-temporada\/comprar-surtido-fruta-tropical\/caja-aguacates-y-tomate\/#breadcrumb"},"inLanguage":"en-US","potentialAction":[{"@type":"ReadAction","target":["https:\/\/nueva2.huertatropical.com\/en\/tienda-comprar-fruta-tropical-de-temporada\/comprar-surtido-fruta-tropical\/caja-aguacates-y-tomate\/"]}]},{"@type":"ImageObject","inLanguage":"en-US","@id":"https:\/\/nueva2.huertatropical.com\/en\/tienda-comprar-fruta-tropical-de-temporada\/comprar-surtido-fruta-tropical\/caja-aguacates-y-tomate\/#primaryimage","url":"https:\/\/nueva2.huertatropical.com\/wp-content\/uploads\/2024\/08\/aguacate-y-tomate-negro-asurcado-costa-tropical.jpg","contentUrl":"https:\/\/nueva2.huertatropical.com\/wp-content\/uploads\/2024\/08\/aguacate-y-tomate-negro-asurcado-costa-tropical.jpg","width":800,"height":800},{"@type":"BreadcrumbList","@id":"https:\/\/nueva2.huertatropical.com\/en\/tienda-comprar-fruta-tropical-de-temporada\/comprar-surtido-fruta-tropical\/caja-aguacates-y-tomate\/#breadcrumb","itemListElement":[{"@type":"ListItem","position":1,"name":"Portada","item":"https:\/\/nueva2.huertatropical.com\/en\/"},{"@type":"ListItem","position":2,"name":"Shop","item":"https:\/\/nueva2.huertatropical.com\/en\/shop\/"},{"@type":"ListItem","position":3,"name":"Caja Aguacates y Tomate"}]},{"@type":"WebSite","@id":"https:\/\/nueva2.huertatropical.com\/en\/#website","url":"https:\/\/nueva2.huertatropical.com\/en\/","name":"Huerta Tropical","description":"Comprar online fruta tropical de Granada a domicilio","publisher":{"@id":"https:\/\/nueva2.huertatropical.com\/en\/#organization"},"potentialAction":[{"@type":"SearchAction","target":{"@type":"EntryPoint","urlTemplate":"https:\/\/nueva2.huertatropical.com\/en\/?s={search_term_string}"},"query-input":{"@type":"PropertyValueSpecification","valueRequired":true,"valueName":"search_term_string"}}],"inLanguage":"en-US"},{"@type":"Organization","@id":"https:\/\/nueva2.huertatropical.com\/en\/#organization","name":"Huerta Tropical","url":"https:\/\/nueva2.huertatropical.com\/en\/","logo":{"@type":"ImageObject","inLanguage":"en-US","@id":"https:\/\/nueva2.huertatropical.com\/en\/#\/schema\/logo\/image\/","url":"https:\/\/i2.wp.com\/huertatropical.com\/wp-content\/uploads\/2016\/03\/icono-web-sitio.jpg?fit=510%2C510&ssl=1","contentUrl":"https:\/\/i2.wp.com\/huertatropical.com\/wp-content\/uploads\/2016\/03\/icono-web-sitio.jpg?fit=510%2C510&ssl=1","width":510,"height":510,"caption":"Huerta Tropical"},"image":{"@id":"https:\/\/nueva2.huertatropical.com\/en\/#\/schema\/logo\/image\/"},"sameAs":["https:\/\/es-es.facebook.com\/HuertaTropical\/","https:\/\/x.com\/HuertaTropical","https:\/\/www.instagram.com\/huertatropical\/","https:\/\/www.linkedin.com\/company\/huerta-tropical\/","https:\/\/www.pinterest.es\/huertatropical\/","https:\/\/www.youtube.com\/channel\/UCT44zfBbAxjNKNUGZhRt6CA"]}]}},"_links":{"self":[{"href":"https:\/\/nueva2.huertatropical.com\/en\/wp-json\/wp\/v2\/product\/20631","targetHints":{"allow":["GET"]}}],"collection":[{"href":"https:\/\/nueva2.huertatropical.com\/en\/wp-json\/wp\/v2\/product"}],"about":[{"href":"https:\/\/nueva2.huertatropical.com\/en\/wp-json\/wp\/v2\/types\/product"}],"replies":[{"embeddable":true,"href":"https:\/\/nueva2.huertatropical.com\/en\/wp-json\/wp\/v2\/comments?post=20631"}],"version-history":[{"count":1,"href":"https:\/\/nueva2.huertatropical.com\/en\/wp-json\/wp\/v2\/product\/20631\/revisions"}],"predecessor-version":[{"id":20956,"href":"https:\/\/nueva2.huertatropical.com\/en\/wp-json\/wp\/v2\/product\/20631\/revisions\/20956"}],"wp:featuredmedia":[{"embeddable":true,"href":"https:\/\/nueva2.huertatropical.com\/en\/wp-json\/wp\/v2\/media\/19331"}],"wp:attachment":[{"href":"https:\/\/nueva2.huertatropical.com\/en\/wp-json\/wp\/v2\/media?parent=20631"}],"wp:term":[{"taxonomy":"product_brand","embeddable":true,"href":"https:\/\/nueva2.huertatropical.com\/en\/wp-json\/wp\/v2\/product_brand?post=20631"},{"taxonomy":"product_cat","embeddable":true,"href":"https:\/\/nueva2.huertatropical.com\/en\/wp-json\/wp\/v2\/product_cat?post=20631"},{"taxonomy":"product_tag","embeddable":true,"href":"https:\/\/nueva2.huertatropical.com\/en\/wp-json\/wp\/v2\/product_tag?post=20631"}],"curies":[{"name":"wp","href":"https:\/\/api.w.org\/{rel}","templated":true}]}}