{"id":20625,"date":"2025-03-22T12:31:13","date_gmt":"2025-03-22T11:31:13","guid":{"rendered":"https:\/\/nueva2.huertatropical.com\/?post_type=product&#038;p=20625"},"modified":"2025-03-22T12:31:19","modified_gmt":"2025-03-22T11:31:19","slug":"caja-mangos-bombon","status":"publish","type":"product","link":"https:\/\/nueva2.huertatropical.com\/en\/tienda-comprar-fruta-tropical-de-temporada\/comprar-surtido-fruta-tropical\/caja-mangos-bombon\/","title":{"rendered":"Caja Mangos &#8220;Bomb\u00f3n&#8221;"},"content":{"rendered":"<p>[vc_row][vc_column][vc_column_text]La gran mayor\u00eda de nuestras frutas est\u00e1n cultivadas en Espa\u00f1a, en la Costa Tropical de Granada y M\u00e1laga. Por la temporalidad en la recogida, puede pasar que no tengamos stock, pero es posible que te interese ver otros tipos de<a href=\"https:\/\/huertatropical.com\/categoria-producto\/comprar-mangos-costa-tropical\/\">\u00a0mango<\/a>\u00a0que tenemos a tu disposici\u00f3n.[\/vc_column_text][vc_btn title=&#8221;Descubre los Beneficios para la Salud, m\u00e9todos de Conservaci\u00f3n y trucos para consumir el Mango&#8221; style=&#8221;3d&#8221; shape=&#8221;round&#8221; color=&#8221;orange&#8221; size=&#8221;lg&#8221; align=&#8221;center&#8221; button_block=&#8221;true&#8221; link=&#8221;url:https%3A%2F%2Fhuertatropical.com%2Fbeneficios-y-propiedades-conservar-pelar-y-cortar-mango%2F||&#8221;][vc_column_text]Si quieres estar atento a las \u00faltimas novedades de nuestra web, nuevas frutas de temporada, ofertas y promociones, s\u00edguenos en nuestras redes sociales. Aqu\u00ed te dejamos nuestro\u00a0<a href=\"https:\/\/es-es.facebook.com\/HuertaTropical\/\" target=\"_blank\" rel=\"noopener noreferrer\">Facebook<\/a>\u00a0e\u00a0<a href=\"https:\/\/www.instagram.com\/huertatropical\" target=\"_blank\" rel=\"noopener noreferrer\">Instagram<\/a>.[\/vc_column_text][\/vc_column][\/vc_row]<\/p>\n","protected":false},"excerpt":{"rendered":"<p>&nbsp;<\/p>\n<p><strong>Cantidad 1 Caja de aprox. <span style=\"color: #ff9900;\">4kg<\/span> de peso<\/strong><strong> \u00a0<a href=\"https:\/\/huertatropical.com\/wp-content\/uploads\/2016\/07\/CAJA-CON-MANGOS-4kg-e1497293117152.png\"><img decoding=\"async\" class=\"alignnone wp-image-2528\" src=\"https:\/\/huertatropical.com\/wp-content\/uploads\/2016\/07\/CAJA-CON-MANGOS-4kg-e1497293117152.png\" alt=\"caja de cuatro kilogramos de mangos\" width=\"77\" height=\"62\" srcset=\"https:\/\/nueva2.huertatropical.com\/wp-content\/uploads\/2016\/07\/CAJA-CON-MANGOS-4kg-e1497293117152.png 709w, https:\/\/nueva2.huertatropical.com\/wp-content\/uploads\/2016\/07\/CAJA-CON-MANGOS-4kg-e1497293117152-430x348.png 430w, https:\/\/nueva2.huertatropical.com\/wp-content\/uploads\/2016\/07\/CAJA-CON-MANGOS-4kg-e1497293117152-150x121.png 150w, https:\/\/nueva2.huertatropical.com\/wp-content\/uploads\/2016\/07\/CAJA-CON-MANGOS-4kg-e1497293117152-700x567.png 700w, https:\/\/nueva2.huertatropical.com\/wp-content\/uploads\/2016\/07\/CAJA-CON-MANGOS-4kg-e1497293117152-300x243.png 300w\" sizes=\"(max-width: 77px) 100vw, 77px\" \/><\/a><\/strong><\/p>\n<p class=\"p1\">El <strong><span style=\"color: #ff0000;\">M<\/span><span class=\"s1\" style=\"color: #ff0000;\"><span style=\"color: #ff0000;\">an<\/span>go &#8220;Bomb\u00f3n&#8221;<span style=\"font-size: 8px;\">\u00ae<\/span><\/span><\/strong> tambi\u00e9n conocido como abortos de mango irwin es un manjar \u00fanico. Un capricho de la naturaleza producido unicamente por la variedad Irwin, en el que unos pocos frutos no crecen como sus compa\u00f1eros.<\/p>\n<p class=\"p1\">Imagina todo el sabor y dulzura de los mejores ejemplares, concentrado en un peque\u00f1o bomb\u00f3n en forma de mango.<\/p>\n<p class=\"p1\">Su sabor es incomparable a otros mangos por su mayor concentraci\u00f3n de az\u00facar dentro de tan peque\u00f1o y delicado manjar, provocando una explosi\u00f3n de sabor en la boca. El color naranja y rojo de la piel, se asemeja a la de sus hermanos Irwin.<\/p>\n<p class=\"p1\">Su peque\u00f1o tama\u00f1o, var\u00eda entre 50 y 150 gramos, es una particularidad ya que el fruto est\u00e1 perfectamente desarrollado y maduro, con todo su sabor concentrado.<\/p>\n<p class=\"p1\">La producci\u00f3n de mango Bomb\u00f3n es escasa y excepcional pudi\u00e9ndose disfrutar \u00fanicamente en los meses de <span class=\"s1\" style=\"color: #ff0000;\"><b>Agosto<\/b><\/span> y <span class=\"s1\" style=\"color: #ff0000;\"><b>Septiembre<\/b><\/span>.<\/p>\n<p><strong><span style=\"color: #ff6600;\">\u00a1Env\u00edos a partir del Martes 20 de Agosto!<\/span><\/strong><\/p>\n","protected":false},"featured_media":18871,"comment_status":"closed","ping_status":"closed","template":"","meta":[],"product_brand":[],"product_cat":[206,203],"product_tag":[60],"class_list":{"0":"post-20625","1":"product","2":"type-product","3":"status-publish","4":"has-post-thumbnail","6":"product_cat-comprar-mangos-costa-tropical","7":"product_cat-comprar-surtido-fruta-tropical","8":"product_tag-mango-costa-tropical","10":"first","11":"outofstock","12":"featured","13":"taxable","14":"shipping-taxable","15":"purchasable","16":"product-type-simple"},"yoast_head":"<!-- This site is optimized with the Yoast SEO plugin v24.7 - https:\/\/yoast.com\/wordpress\/plugins\/seo\/ -->\n<title>Comprar Caja Mango Bomb\u00f3n - Aborto de mango - Huerta Tropical<\/title>\n<meta name=\"description\" content=\"El mango Bomb\u00f3n, conocido como aborto de mango irwin, es \u00fanico, de sabor incomparable por la concentraci\u00f3n de az\u00facar en un fruto tan peque\u00f1o\" \/>\n<meta name=\"robots\" content=\"noindex, follow, max-snippet:-1, max-image-preview:large, max-video-preview:-1\" \/>\n<meta property=\"og:locale\" content=\"en_US\" \/>\n<meta property=\"og:type\" content=\"article\" \/>\n<meta property=\"og:title\" content=\"Comprar Caja Mango Bomb\u00f3n - Aborto de mango - Huerta Tropical\" \/>\n<meta property=\"og:description\" content=\"El mango Bomb\u00f3n, conocido como aborto de mango irwin, es \u00fanico, de sabor incomparable por la concentraci\u00f3n de az\u00facar en un fruto tan peque\u00f1o\" \/>\n<meta property=\"og:url\" content=\"https:\/\/nueva2.huertatropical.com\/en\/tienda-comprar-fruta-tropical-de-temporada\/comprar-surtido-fruta-tropical\/caja-mangos-bombon\/\" \/>\n<meta property=\"og:site_name\" content=\"Huerta Tropical\" \/>\n<meta property=\"article:publisher\" content=\"https:\/\/es-es.facebook.com\/HuertaTropical\/\" \/>\n<meta property=\"article:modified_time\" content=\"2025-03-22T11:31:19+00:00\" \/>\n<meta property=\"og:image\" content=\"https:\/\/nueva2.huertatropical.com\/wp-content\/uploads\/2024\/08\/Caja-mangos-bombon.jpg\" \/>\n\t<meta property=\"og:image:width\" content=\"800\" \/>\n\t<meta property=\"og:image:height\" content=\"800\" \/>\n\t<meta property=\"og:image:type\" content=\"image\/jpeg\" \/>\n<meta name=\"twitter:card\" content=\"summary_large_image\" \/>\n<meta name=\"twitter:site\" content=\"@HuertaTropical\" \/>\n<meta name=\"twitter:label1\" content=\"Est. reading time\" \/>\n\t<meta name=\"twitter:data1\" content=\"1 minute\" \/>\n<script type=\"application\/ld+json\" class=\"yoast-schema-graph\">{\"@context\":\"https:\/\/schema.org\",\"@graph\":[{\"@type\":\"WebPage\",\"@id\":\"https:\/\/nueva2.huertatropical.com\/en\/tienda-comprar-fruta-tropical-de-temporada\/comprar-surtido-fruta-tropical\/caja-mangos-bombon\/\",\"url\":\"https:\/\/nueva2.huertatropical.com\/en\/tienda-comprar-fruta-tropical-de-temporada\/comprar-surtido-fruta-tropical\/caja-mangos-bombon\/\",\"name\":\"Comprar Caja Mango Bomb\u00f3n - Aborto de mango - Huerta Tropical\",\"isPartOf\":{\"@id\":\"https:\/\/nueva2.huertatropical.com\/en\/#website\"},\"primaryImageOfPage\":{\"@id\":\"https:\/\/nueva2.huertatropical.com\/en\/tienda-comprar-fruta-tropical-de-temporada\/comprar-surtido-fruta-tropical\/caja-mangos-bombon\/#primaryimage\"},\"image\":{\"@id\":\"https:\/\/nueva2.huertatropical.com\/en\/tienda-comprar-fruta-tropical-de-temporada\/comprar-surtido-fruta-tropical\/caja-mangos-bombon\/#primaryimage\"},\"thumbnailUrl\":\"https:\/\/nueva2.huertatropical.com\/wp-content\/uploads\/2024\/08\/Caja-mangos-bombon.jpg\",\"datePublished\":\"2025-03-22T11:31:13+00:00\",\"dateModified\":\"2025-03-22T11:31:19+00:00\",\"description\":\"El mango Bomb\u00f3n, conocido como aborto de mango irwin, es \u00fanico, de sabor incomparable por la concentraci\u00f3n de az\u00facar en un fruto tan peque\u00f1o\",\"breadcrumb\":{\"@id\":\"https:\/\/nueva2.huertatropical.com\/en\/tienda-comprar-fruta-tropical-de-temporada\/comprar-surtido-fruta-tropical\/caja-mangos-bombon\/#breadcrumb\"},\"inLanguage\":\"en-US\",\"potentialAction\":[{\"@type\":\"ReadAction\",\"target\":[\"https:\/\/nueva2.huertatropical.com\/en\/tienda-comprar-fruta-tropical-de-temporada\/comprar-surtido-fruta-tropical\/caja-mangos-bombon\/\"]}]},{\"@type\":\"ImageObject\",\"inLanguage\":\"en-US\",\"@id\":\"https:\/\/nueva2.huertatropical.com\/en\/tienda-comprar-fruta-tropical-de-temporada\/comprar-surtido-fruta-tropical\/caja-mangos-bombon\/#primaryimage\",\"url\":\"https:\/\/nueva2.huertatropical.com\/wp-content\/uploads\/2024\/08\/Caja-mangos-bombon.jpg\",\"contentUrl\":\"https:\/\/nueva2.huertatropical.com\/wp-content\/uploads\/2024\/08\/Caja-mangos-bombon.jpg\",\"width\":800,\"height\":800},{\"@type\":\"BreadcrumbList\",\"@id\":\"https:\/\/nueva2.huertatropical.com\/en\/tienda-comprar-fruta-tropical-de-temporada\/comprar-surtido-fruta-tropical\/caja-mangos-bombon\/#breadcrumb\",\"itemListElement\":[{\"@type\":\"ListItem\",\"position\":1,\"name\":\"Portada\",\"item\":\"https:\/\/nueva2.huertatropical.com\/en\/\"},{\"@type\":\"ListItem\",\"position\":2,\"name\":\"Shop\",\"item\":\"https:\/\/nueva2.huertatropical.com\/en\/shop\/\"},{\"@type\":\"ListItem\",\"position\":3,\"name\":\"Caja Mangos &#8220;Bomb\u00f3n&#8221;\"}]},{\"@type\":\"WebSite\",\"@id\":\"https:\/\/nueva2.huertatropical.com\/en\/#website\",\"url\":\"https:\/\/nueva2.huertatropical.com\/en\/\",\"name\":\"Huerta Tropical\",\"description\":\"Comprar online fruta tropical de Granada a domicilio\",\"publisher\":{\"@id\":\"https:\/\/nueva2.huertatropical.com\/en\/#organization\"},\"potentialAction\":[{\"@type\":\"SearchAction\",\"target\":{\"@type\":\"EntryPoint\",\"urlTemplate\":\"https:\/\/nueva2.huertatropical.com\/en\/?s={search_term_string}\"},\"query-input\":{\"@type\":\"PropertyValueSpecification\",\"valueRequired\":true,\"valueName\":\"search_term_string\"}}],\"inLanguage\":\"en-US\"},{\"@type\":\"Organization\",\"@id\":\"https:\/\/nueva2.huertatropical.com\/en\/#organization\",\"name\":\"Huerta Tropical\",\"url\":\"https:\/\/nueva2.huertatropical.com\/en\/\",\"logo\":{\"@type\":\"ImageObject\",\"inLanguage\":\"en-US\",\"@id\":\"https:\/\/nueva2.huertatropical.com\/en\/#\/schema\/logo\/image\/\",\"url\":\"https:\/\/i2.wp.com\/huertatropical.com\/wp-content\/uploads\/2016\/03\/icono-web-sitio.jpg?fit=510%2C510&ssl=1\",\"contentUrl\":\"https:\/\/i2.wp.com\/huertatropical.com\/wp-content\/uploads\/2016\/03\/icono-web-sitio.jpg?fit=510%2C510&ssl=1\",\"width\":510,\"height\":510,\"caption\":\"Huerta Tropical\"},\"image\":{\"@id\":\"https:\/\/nueva2.huertatropical.com\/en\/#\/schema\/logo\/image\/\"},\"sameAs\":[\"https:\/\/es-es.facebook.com\/HuertaTropical\/\",\"https:\/\/x.com\/HuertaTropical\",\"https:\/\/www.instagram.com\/huertatropical\/\",\"https:\/\/www.linkedin.com\/company\/huerta-tropical\/\",\"https:\/\/www.pinterest.es\/huertatropical\/\",\"https:\/\/www.youtube.com\/channel\/UCT44zfBbAxjNKNUGZhRt6CA\"]}]}<\/script>\n<!-- \/ Yoast SEO plugin. -->","yoast_head_json":{"title":"Comprar Caja Mango Bomb\u00f3n - Aborto de mango - Huerta Tropical","description":"El mango Bomb\u00f3n, conocido como aborto de mango irwin, es \u00fanico, de sabor incomparable por la concentraci\u00f3n de az\u00facar en un fruto tan peque\u00f1o","robots":{"index":"noindex","follow":"follow","max-snippet":"max-snippet:-1","max-image-preview":"max-image-preview:large","max-video-preview":"max-video-preview:-1"},"og_locale":"en_US","og_type":"article","og_title":"Comprar Caja Mango Bomb\u00f3n - Aborto de mango - Huerta Tropical","og_description":"El mango Bomb\u00f3n, conocido como aborto de mango irwin, es \u00fanico, de sabor incomparable por la concentraci\u00f3n de az\u00facar en un fruto tan peque\u00f1o","og_url":"https:\/\/nueva2.huertatropical.com\/en\/tienda-comprar-fruta-tropical-de-temporada\/comprar-surtido-fruta-tropical\/caja-mangos-bombon\/","og_site_name":"Huerta Tropical","article_publisher":"https:\/\/es-es.facebook.com\/HuertaTropical\/","article_modified_time":"2025-03-22T11:31:19+00:00","og_image":[{"width":800,"height":800,"url":"https:\/\/nueva2.huertatropical.com\/wp-content\/uploads\/2024\/08\/Caja-mangos-bombon.jpg","type":"image\/jpeg"}],"twitter_card":"summary_large_image","twitter_site":"@HuertaTropical","twitter_misc":{"Est. reading time":"1 minute"},"schema":{"@context":"https:\/\/schema.org","@graph":[{"@type":"WebPage","@id":"https:\/\/nueva2.huertatropical.com\/en\/tienda-comprar-fruta-tropical-de-temporada\/comprar-surtido-fruta-tropical\/caja-mangos-bombon\/","url":"https:\/\/nueva2.huertatropical.com\/en\/tienda-comprar-fruta-tropical-de-temporada\/comprar-surtido-fruta-tropical\/caja-mangos-bombon\/","name":"Comprar Caja Mango Bomb\u00f3n - Aborto de mango - Huerta Tropical","isPartOf":{"@id":"https:\/\/nueva2.huertatropical.com\/en\/#website"},"primaryImageOfPage":{"@id":"https:\/\/nueva2.huertatropical.com\/en\/tienda-comprar-fruta-tropical-de-temporada\/comprar-surtido-fruta-tropical\/caja-mangos-bombon\/#primaryimage"},"image":{"@id":"https:\/\/nueva2.huertatropical.com\/en\/tienda-comprar-fruta-tropical-de-temporada\/comprar-surtido-fruta-tropical\/caja-mangos-bombon\/#primaryimage"},"thumbnailUrl":"https:\/\/nueva2.huertatropical.com\/wp-content\/uploads\/2024\/08\/Caja-mangos-bombon.jpg","datePublished":"2025-03-22T11:31:13+00:00","dateModified":"2025-03-22T11:31:19+00:00","description":"El mango Bomb\u00f3n, conocido como aborto de mango irwin, es \u00fanico, de sabor incomparable por la concentraci\u00f3n de az\u00facar en un fruto tan peque\u00f1o","breadcrumb":{"@id":"https:\/\/nueva2.huertatropical.com\/en\/tienda-comprar-fruta-tropical-de-temporada\/comprar-surtido-fruta-tropical\/caja-mangos-bombon\/#breadcrumb"},"inLanguage":"en-US","potentialAction":[{"@type":"ReadAction","target":["https:\/\/nueva2.huertatropical.com\/en\/tienda-comprar-fruta-tropical-de-temporada\/comprar-surtido-fruta-tropical\/caja-mangos-bombon\/"]}]},{"@type":"ImageObject","inLanguage":"en-US","@id":"https:\/\/nueva2.huertatropical.com\/en\/tienda-comprar-fruta-tropical-de-temporada\/comprar-surtido-fruta-tropical\/caja-mangos-bombon\/#primaryimage","url":"https:\/\/nueva2.huertatropical.com\/wp-content\/uploads\/2024\/08\/Caja-mangos-bombon.jpg","contentUrl":"https:\/\/nueva2.huertatropical.com\/wp-content\/uploads\/2024\/08\/Caja-mangos-bombon.jpg","width":800,"height":800},{"@type":"BreadcrumbList","@id":"https:\/\/nueva2.huertatropical.com\/en\/tienda-comprar-fruta-tropical-de-temporada\/comprar-surtido-fruta-tropical\/caja-mangos-bombon\/#breadcrumb","itemListElement":[{"@type":"ListItem","position":1,"name":"Portada","item":"https:\/\/nueva2.huertatropical.com\/en\/"},{"@type":"ListItem","position":2,"name":"Shop","item":"https:\/\/nueva2.huertatropical.com\/en\/shop\/"},{"@type":"ListItem","position":3,"name":"Caja Mangos &#8220;Bomb\u00f3n&#8221;"}]},{"@type":"WebSite","@id":"https:\/\/nueva2.huertatropical.com\/en\/#website","url":"https:\/\/nueva2.huertatropical.com\/en\/","name":"Huerta Tropical","description":"Comprar online fruta tropical de Granada a domicilio","publisher":{"@id":"https:\/\/nueva2.huertatropical.com\/en\/#organization"},"potentialAction":[{"@type":"SearchAction","target":{"@type":"EntryPoint","urlTemplate":"https:\/\/nueva2.huertatropical.com\/en\/?s={search_term_string}"},"query-input":{"@type":"PropertyValueSpecification","valueRequired":true,"valueName":"search_term_string"}}],"inLanguage":"en-US"},{"@type":"Organization","@id":"https:\/\/nueva2.huertatropical.com\/en\/#organization","name":"Huerta Tropical","url":"https:\/\/nueva2.huertatropical.com\/en\/","logo":{"@type":"ImageObject","inLanguage":"en-US","@id":"https:\/\/nueva2.huertatropical.com\/en\/#\/schema\/logo\/image\/","url":"https:\/\/i2.wp.com\/huertatropical.com\/wp-content\/uploads\/2016\/03\/icono-web-sitio.jpg?fit=510%2C510&ssl=1","contentUrl":"https:\/\/i2.wp.com\/huertatropical.com\/wp-content\/uploads\/2016\/03\/icono-web-sitio.jpg?fit=510%2C510&ssl=1","width":510,"height":510,"caption":"Huerta Tropical"},"image":{"@id":"https:\/\/nueva2.huertatropical.com\/en\/#\/schema\/logo\/image\/"},"sameAs":["https:\/\/es-es.facebook.com\/HuertaTropical\/","https:\/\/x.com\/HuertaTropical","https:\/\/www.instagram.com\/huertatropical\/","https:\/\/www.linkedin.com\/company\/huerta-tropical\/","https:\/\/www.pinterest.es\/huertatropical\/","https:\/\/www.youtube.com\/channel\/UCT44zfBbAxjNKNUGZhRt6CA"]}]}},"_links":{"self":[{"href":"https:\/\/nueva2.huertatropical.com\/en\/wp-json\/wp\/v2\/product\/20625","targetHints":{"allow":["GET"]}}],"collection":[{"href":"https:\/\/nueva2.huertatropical.com\/en\/wp-json\/wp\/v2\/product"}],"about":[{"href":"https:\/\/nueva2.huertatropical.com\/en\/wp-json\/wp\/v2\/types\/product"}],"replies":[{"embeddable":true,"href":"https:\/\/nueva2.huertatropical.com\/en\/wp-json\/wp\/v2\/comments?post=20625"}],"version-history":[{"count":1,"href":"https:\/\/nueva2.huertatropical.com\/en\/wp-json\/wp\/v2\/product\/20625\/revisions"}],"predecessor-version":[{"id":20665,"href":"https:\/\/nueva2.huertatropical.com\/en\/wp-json\/wp\/v2\/product\/20625\/revisions\/20665"}],"wp:featuredmedia":[{"embeddable":true,"href":"https:\/\/nueva2.huertatropical.com\/en\/wp-json\/wp\/v2\/media\/18871"}],"wp:attachment":[{"href":"https:\/\/nueva2.huertatropical.com\/en\/wp-json\/wp\/v2\/media?parent=20625"}],"wp:term":[{"taxonomy":"product_brand","embeddable":true,"href":"https:\/\/nueva2.huertatropical.com\/en\/wp-json\/wp\/v2\/product_brand?post=20625"},{"taxonomy":"product_cat","embeddable":true,"href":"https:\/\/nueva2.huertatropical.com\/en\/wp-json\/wp\/v2\/product_cat?post=20625"},{"taxonomy":"product_tag","embeddable":true,"href":"https:\/\/nueva2.huertatropical.com\/en\/wp-json\/wp\/v2\/product_tag?post=20625"}],"curies":[{"name":"wp","href":"https:\/\/api.w.org\/{rel}","templated":true}]}}