{"id":20621,"date":"2025-03-22T12:31:13","date_gmt":"2025-03-22T11:31:13","guid":{"rendered":"https:\/\/nueva2.huertatropical.com\/?post_type=product&#038;p=20621"},"modified":"2025-05-19T13:19:13","modified_gmt":"2025-05-19T12:19:13","slug":"tomate-caramelo-negro-asurcado","status":"publish","type":"product","link":"https:\/\/nueva2.huertatropical.com\/en\/tienda-comprar-fruta-tropical-de-temporada\/comprar-surtido-fruta-tropical\/tomate-caramelo-negro-asurcado\/","title":{"rendered":"Tomate Caramelo Negro Asurcado"},"content":{"rendered":"<p>Compra este <strong>tomate negro asurcado online<\/strong> y disfrutar\u00e1s de un maravilloso manjar con m\u00e1s de 7\u00ba Brix de dulzor.<\/p>\n<h3 class=\"shortcode_title title_1778590786 main_font vc_custom_1529636139555\"><span style=\"color: #ff0000;\">Beneficios para la salud y propiedades del Tomate Negro Asurcado<\/span><\/h3>\n<p>El tomate caramelo tiene <strong>poco aporte cal\u00f3rico<\/strong> con apenas 20 cal por cada 100gr. Dado que est\u00e1 compuesto casi en su totalidad de agua.<\/p>\n<p>Es una gran fuente de 3 de las vitaminas consideradas m\u00e1s antioxidantes y que m\u00e1s refuerzan el sistema inmunitario, como son la <strong>Vitamina C, la Vitamina A y la Vitamina E.<\/strong>\u00a0Ayudando a eliminar los radicales libres que permiten la buena salud de las mucosas, la piel y los huesos. 200 gramos de tomate cubren el 80% de las necesidades diarias de vitamina C.<\/p>\n<p>El contenido en vitaminas del grupo B, como folatos, tiamina, niacina, riboflavina es m\u00e1s alto en el tomate que el de otras hortalizas. Adem\u00e1s destaca su alto contenido en <strong>\u00e1cido f\u00f3lico<\/strong> especialmente indicado en mujeres embarazadas.<\/p>\n<p>Adem\u00e1s de multitud de vitaminas el tomate posee gran cantidad de minerales. De ellos, el <strong>potasio<\/strong> es el m\u00e1s abundante, ayudando a regular la presi\u00f3n arterial.<\/p>\n<p>Uno de los grandes nutrientes que tiene el <strong>tomate negro<\/strong>\u00a0es su contenido en <strong>licopeno<\/strong>,\u00a0responsable del color rojo que posee efectos antioxidantes. Ya que es m\u00e1s potente que la vitamina E, contando que se ve potenciado por otros carotenos como el fitoeno, la lute\u00edna y el <strong>betacaroteno<\/strong>.<\/p>\n<p>&nbsp;<\/p>\n<h3><span style=\"color: #ff0000;\">\u00bf C\u00f3mo conservar y madurar Tomates?<\/span><\/h3>\n<div class=\"col-sm-8 content\">\n<div class=\"field field-name-body field-type-text-with-summary field-label-hidden\">\n<div class=\"field-items\">\n<div class=\"field-item even\">\n<p>Podemos mantener los tomates a temperatura ambiente hasta que adquieren su caracter\u00edstico color rojo que indica que est\u00e1 en su punto de madurez.<\/p>\n<p>Para consumirlos de la nevera es conveniente sacarlo un rato antes para que est\u00e9 a la temperatura que nos permita disfrutar de su dulzor y textura. Si vamos a mantener un tomate de estas caracter\u00edsticas en el frigor\u00edfico, lo recomendable es hacerlo lejos de otras frutas y verduras que desprendan etileno.<\/p>\n<p>&nbsp;<\/p>\n<h3><span style=\"color: #ff0000;\">\u00bf C\u00f3mo preparar y comer el Tomate Negro Asurcado?<\/span><\/h3>\n<\/div>\n<\/div>\n<\/div>\n<\/div>\n<p>La recomendaci\u00f3n para disfrutar de un tomate de estas caracter\u00edsticas, con un dulzor tan pronunciado es cortarlo en gajos, golpe de sal gorda o escamas y chorro de aceite de oliva virgen extra (AOVE).<\/p>\n<p>Si adem\u00e1s de comprar <strong>comprar<\/strong>\u00a0<strong>tomates online<\/strong>, est\u00e1s interesada en frutas como el <a href=\"https:\/\/huertatropical.com\/tienda-comprar-fruta-tropical-de-temporada\/comprar-surtido-fruta-tropical\/comprar-aguacate-hass-online\/\">aguacate<\/a> o la <a href=\"https:\/\/huertatropical.com\/tienda-comprar-fruta-tropical-de-temporada\/comprar-surtido-fruta-tropical\/guayabas\/\">guayaba<\/a>, te recomendamos que le eches un vistazo a nuestra <a href=\"https:\/\/huertatropical.com\/tienda-comprar-fruta-tropical-de-temporada\/\">tienda<\/a>. Y que nos sigas en <a href=\"https:\/\/www.instagram.com\/huertatropical\">Instagram<\/a> y <a href=\"https:\/\/es-es.facebook.com\/HuertaTropical\/\">Facebook<\/a> para conocer todas nuestras ofertas y novedades.<\/p>\n","protected":false},"excerpt":{"rendered":"<p><span style=\"color: #ff0000;\"><strong>Cantidad aprox. de 1kg de peso<\/strong><\/span><\/p>\n<p>El <span style=\"color: #ff0000;\"><strong>Tomate Caramelo<\/strong><\/span> es un tomate negro asurcado, m\u00e1s dulce de lo que te puedas imaginar. Tiene un tama\u00f1o dispar entre peque\u00f1o y mediano.<\/p>\n<p>Es un tomate carnoso con pocas semillas, muy dulce y sabroso capaz de compararse con su vecino el Tomate Raf de Almer\u00eda. Si el aut\u00e9ntico Raf exige como m\u00ednimo una dulzura de 7\u00ba Brix el tomate cultivado en Granada supera los 8 grados Brix y es capaz de superar en \u00e9pocas los 10\u00ba Brix, siendo un aut\u00e9ntico caramelo.<\/p>\n<p class=\"LC20lb MBeuO DKV0Md\">\n","protected":false},"featured_media":19047,"comment_status":"closed","ping_status":"closed","template":"","meta":[],"product_brand":[],"product_cat":[203],"product_tag":[],"class_list":{"0":"post-20621","1":"product","2":"type-product","3":"status-publish","4":"has-post-thumbnail","6":"product_cat-comprar-surtido-fruta-tropical","8":"first","9":"instock","10":"taxable","11":"shipping-taxable","12":"purchasable","13":"product-type-simple"},"yoast_head":"<!-- This site is optimized with the Yoast SEO plugin v24.7 - https:\/\/yoast.com\/wordpress\/plugins\/seo\/ -->\n<title>Comprar tomate dulce y sabroso online. Rec\u00edbelo a domicilio.<\/title>\n<meta name=\"description\" content=\"Comprar Tomate Negro Asurcado. Un tomate negro, m\u00e1s dulce que un caramelo y de lo que puedas imaginar. Tan dulce y sabroso como el tomate Raf.\" \/>\n<meta name=\"robots\" content=\"noindex, follow, max-snippet:-1, max-image-preview:large, max-video-preview:-1\" \/>\n<meta property=\"og:locale\" content=\"en_US\" \/>\n<meta property=\"og:type\" content=\"article\" \/>\n<meta property=\"og:title\" content=\"Comprar tomate dulce y sabroso online. Rec\u00edbelo a domicilio.\" \/>\n<meta property=\"og:description\" content=\"Comprar Tomate Negro Asurcado. Un tomate negro, m\u00e1s dulce que un caramelo y de lo que puedas imaginar. Tan dulce y sabroso como el tomate Raf.\" \/>\n<meta property=\"og:url\" content=\"https:\/\/nueva2.huertatropical.com\/en\/tienda-comprar-fruta-tropical-de-temporada\/comprar-surtido-fruta-tropical\/tomate-caramelo-negro-asurcado\/\" \/>\n<meta property=\"og:site_name\" content=\"Huerta Tropical\" \/>\n<meta property=\"article:publisher\" content=\"https:\/\/es-es.facebook.com\/HuertaTropical\/\" \/>\n<meta property=\"article:modified_time\" content=\"2025-05-19T12:19:13+00:00\" \/>\n<meta property=\"og:image\" content=\"https:\/\/nueva2.huertatropical.com\/wp-content\/uploads\/2024\/08\/comprar-tomate-negro-asurcado.jpg\" \/>\n\t<meta property=\"og:image:width\" content=\"800\" \/>\n\t<meta property=\"og:image:height\" content=\"800\" \/>\n\t<meta property=\"og:image:type\" content=\"image\/jpeg\" \/>\n<meta name=\"twitter:card\" content=\"summary_large_image\" \/>\n<meta name=\"twitter:site\" content=\"@HuertaTropical\" \/>\n<meta name=\"twitter:label1\" content=\"Est. reading time\" \/>\n\t<meta name=\"twitter:data1\" content=\"2 minutes\" \/>\n<script type=\"application\/ld+json\" class=\"yoast-schema-graph\">{\"@context\":\"https:\/\/schema.org\",\"@graph\":[{\"@type\":\"WebPage\",\"@id\":\"https:\/\/nueva2.huertatropical.com\/en\/tienda-comprar-fruta-tropical-de-temporada\/comprar-surtido-fruta-tropical\/tomate-caramelo-negro-asurcado\/\",\"url\":\"https:\/\/nueva2.huertatropical.com\/en\/tienda-comprar-fruta-tropical-de-temporada\/comprar-surtido-fruta-tropical\/tomate-caramelo-negro-asurcado\/\",\"name\":\"Comprar tomate dulce y sabroso online. Rec\u00edbelo a domicilio.\",\"isPartOf\":{\"@id\":\"https:\/\/nueva2.huertatropical.com\/en\/#website\"},\"primaryImageOfPage\":{\"@id\":\"https:\/\/nueva2.huertatropical.com\/en\/tienda-comprar-fruta-tropical-de-temporada\/comprar-surtido-fruta-tropical\/tomate-caramelo-negro-asurcado\/#primaryimage\"},\"image\":{\"@id\":\"https:\/\/nueva2.huertatropical.com\/en\/tienda-comprar-fruta-tropical-de-temporada\/comprar-surtido-fruta-tropical\/tomate-caramelo-negro-asurcado\/#primaryimage\"},\"thumbnailUrl\":\"https:\/\/nueva2.huertatropical.com\/wp-content\/uploads\/2024\/08\/comprar-tomate-negro-asurcado.jpg\",\"datePublished\":\"2025-03-22T11:31:13+00:00\",\"dateModified\":\"2025-05-19T12:19:13+00:00\",\"description\":\"Comprar Tomate Negro Asurcado. Un tomate negro, m\u00e1s dulce que un caramelo y de lo que puedas imaginar. Tan dulce y sabroso como el tomate Raf.\",\"breadcrumb\":{\"@id\":\"https:\/\/nueva2.huertatropical.com\/en\/tienda-comprar-fruta-tropical-de-temporada\/comprar-surtido-fruta-tropical\/tomate-caramelo-negro-asurcado\/#breadcrumb\"},\"inLanguage\":\"en-US\",\"potentialAction\":[{\"@type\":\"ReadAction\",\"target\":[\"https:\/\/nueva2.huertatropical.com\/en\/tienda-comprar-fruta-tropical-de-temporada\/comprar-surtido-fruta-tropical\/tomate-caramelo-negro-asurcado\/\"]}]},{\"@type\":\"ImageObject\",\"inLanguage\":\"en-US\",\"@id\":\"https:\/\/nueva2.huertatropical.com\/en\/tienda-comprar-fruta-tropical-de-temporada\/comprar-surtido-fruta-tropical\/tomate-caramelo-negro-asurcado\/#primaryimage\",\"url\":\"https:\/\/nueva2.huertatropical.com\/wp-content\/uploads\/2024\/08\/comprar-tomate-negro-asurcado.jpg\",\"contentUrl\":\"https:\/\/nueva2.huertatropical.com\/wp-content\/uploads\/2024\/08\/comprar-tomate-negro-asurcado.jpg\",\"width\":800,\"height\":800},{\"@type\":\"BreadcrumbList\",\"@id\":\"https:\/\/nueva2.huertatropical.com\/en\/tienda-comprar-fruta-tropical-de-temporada\/comprar-surtido-fruta-tropical\/tomate-caramelo-negro-asurcado\/#breadcrumb\",\"itemListElement\":[{\"@type\":\"ListItem\",\"position\":1,\"name\":\"Portada\",\"item\":\"https:\/\/nueva2.huertatropical.com\/en\/\"},{\"@type\":\"ListItem\",\"position\":2,\"name\":\"Shop\",\"item\":\"https:\/\/nueva2.huertatropical.com\/en\/shop\/\"},{\"@type\":\"ListItem\",\"position\":3,\"name\":\"Tomate Caramelo Negro Asurcado\"}]},{\"@type\":\"WebSite\",\"@id\":\"https:\/\/nueva2.huertatropical.com\/en\/#website\",\"url\":\"https:\/\/nueva2.huertatropical.com\/en\/\",\"name\":\"Huerta Tropical\",\"description\":\"Comprar online fruta tropical de Granada a domicilio\",\"publisher\":{\"@id\":\"https:\/\/nueva2.huertatropical.com\/en\/#organization\"},\"potentialAction\":[{\"@type\":\"SearchAction\",\"target\":{\"@type\":\"EntryPoint\",\"urlTemplate\":\"https:\/\/nueva2.huertatropical.com\/en\/?s={search_term_string}\"},\"query-input\":{\"@type\":\"PropertyValueSpecification\",\"valueRequired\":true,\"valueName\":\"search_term_string\"}}],\"inLanguage\":\"en-US\"},{\"@type\":\"Organization\",\"@id\":\"https:\/\/nueva2.huertatropical.com\/en\/#organization\",\"name\":\"Huerta Tropical\",\"url\":\"https:\/\/nueva2.huertatropical.com\/en\/\",\"logo\":{\"@type\":\"ImageObject\",\"inLanguage\":\"en-US\",\"@id\":\"https:\/\/nueva2.huertatropical.com\/en\/#\/schema\/logo\/image\/\",\"url\":\"https:\/\/i2.wp.com\/huertatropical.com\/wp-content\/uploads\/2016\/03\/icono-web-sitio.jpg?fit=510%2C510&ssl=1\",\"contentUrl\":\"https:\/\/i2.wp.com\/huertatropical.com\/wp-content\/uploads\/2016\/03\/icono-web-sitio.jpg?fit=510%2C510&ssl=1\",\"width\":510,\"height\":510,\"caption\":\"Huerta Tropical\"},\"image\":{\"@id\":\"https:\/\/nueva2.huertatropical.com\/en\/#\/schema\/logo\/image\/\"},\"sameAs\":[\"https:\/\/es-es.facebook.com\/HuertaTropical\/\",\"https:\/\/x.com\/HuertaTropical\",\"https:\/\/www.instagram.com\/huertatropical\/\",\"https:\/\/www.linkedin.com\/company\/huerta-tropical\/\",\"https:\/\/www.pinterest.es\/huertatropical\/\",\"https:\/\/www.youtube.com\/channel\/UCT44zfBbAxjNKNUGZhRt6CA\"]}]}<\/script>\n<!-- \/ Yoast SEO plugin. -->","yoast_head_json":{"title":"Comprar tomate dulce y sabroso online. Rec\u00edbelo a domicilio.","description":"Comprar Tomate Negro Asurcado. Un tomate negro, m\u00e1s dulce que un caramelo y de lo que puedas imaginar. Tan dulce y sabroso como el tomate Raf.","robots":{"index":"noindex","follow":"follow","max-snippet":"max-snippet:-1","max-image-preview":"max-image-preview:large","max-video-preview":"max-video-preview:-1"},"og_locale":"en_US","og_type":"article","og_title":"Comprar tomate dulce y sabroso online. Rec\u00edbelo a domicilio.","og_description":"Comprar Tomate Negro Asurcado. Un tomate negro, m\u00e1s dulce que un caramelo y de lo que puedas imaginar. Tan dulce y sabroso como el tomate Raf.","og_url":"https:\/\/nueva2.huertatropical.com\/en\/tienda-comprar-fruta-tropical-de-temporada\/comprar-surtido-fruta-tropical\/tomate-caramelo-negro-asurcado\/","og_site_name":"Huerta Tropical","article_publisher":"https:\/\/es-es.facebook.com\/HuertaTropical\/","article_modified_time":"2025-05-19T12:19:13+00:00","og_image":[{"width":800,"height":800,"url":"https:\/\/nueva2.huertatropical.com\/wp-content\/uploads\/2024\/08\/comprar-tomate-negro-asurcado.jpg","type":"image\/jpeg"}],"twitter_card":"summary_large_image","twitter_site":"@HuertaTropical","twitter_misc":{"Est. reading time":"2 minutes"},"schema":{"@context":"https:\/\/schema.org","@graph":[{"@type":"WebPage","@id":"https:\/\/nueva2.huertatropical.com\/en\/tienda-comprar-fruta-tropical-de-temporada\/comprar-surtido-fruta-tropical\/tomate-caramelo-negro-asurcado\/","url":"https:\/\/nueva2.huertatropical.com\/en\/tienda-comprar-fruta-tropical-de-temporada\/comprar-surtido-fruta-tropical\/tomate-caramelo-negro-asurcado\/","name":"Comprar tomate dulce y sabroso online. Rec\u00edbelo a domicilio.","isPartOf":{"@id":"https:\/\/nueva2.huertatropical.com\/en\/#website"},"primaryImageOfPage":{"@id":"https:\/\/nueva2.huertatropical.com\/en\/tienda-comprar-fruta-tropical-de-temporada\/comprar-surtido-fruta-tropical\/tomate-caramelo-negro-asurcado\/#primaryimage"},"image":{"@id":"https:\/\/nueva2.huertatropical.com\/en\/tienda-comprar-fruta-tropical-de-temporada\/comprar-surtido-fruta-tropical\/tomate-caramelo-negro-asurcado\/#primaryimage"},"thumbnailUrl":"https:\/\/nueva2.huertatropical.com\/wp-content\/uploads\/2024\/08\/comprar-tomate-negro-asurcado.jpg","datePublished":"2025-03-22T11:31:13+00:00","dateModified":"2025-05-19T12:19:13+00:00","description":"Comprar Tomate Negro Asurcado. Un tomate negro, m\u00e1s dulce que un caramelo y de lo que puedas imaginar. Tan dulce y sabroso como el tomate Raf.","breadcrumb":{"@id":"https:\/\/nueva2.huertatropical.com\/en\/tienda-comprar-fruta-tropical-de-temporada\/comprar-surtido-fruta-tropical\/tomate-caramelo-negro-asurcado\/#breadcrumb"},"inLanguage":"en-US","potentialAction":[{"@type":"ReadAction","target":["https:\/\/nueva2.huertatropical.com\/en\/tienda-comprar-fruta-tropical-de-temporada\/comprar-surtido-fruta-tropical\/tomate-caramelo-negro-asurcado\/"]}]},{"@type":"ImageObject","inLanguage":"en-US","@id":"https:\/\/nueva2.huertatropical.com\/en\/tienda-comprar-fruta-tropical-de-temporada\/comprar-surtido-fruta-tropical\/tomate-caramelo-negro-asurcado\/#primaryimage","url":"https:\/\/nueva2.huertatropical.com\/wp-content\/uploads\/2024\/08\/comprar-tomate-negro-asurcado.jpg","contentUrl":"https:\/\/nueva2.huertatropical.com\/wp-content\/uploads\/2024\/08\/comprar-tomate-negro-asurcado.jpg","width":800,"height":800},{"@type":"BreadcrumbList","@id":"https:\/\/nueva2.huertatropical.com\/en\/tienda-comprar-fruta-tropical-de-temporada\/comprar-surtido-fruta-tropical\/tomate-caramelo-negro-asurcado\/#breadcrumb","itemListElement":[{"@type":"ListItem","position":1,"name":"Portada","item":"https:\/\/nueva2.huertatropical.com\/en\/"},{"@type":"ListItem","position":2,"name":"Shop","item":"https:\/\/nueva2.huertatropical.com\/en\/shop\/"},{"@type":"ListItem","position":3,"name":"Tomate Caramelo Negro Asurcado"}]},{"@type":"WebSite","@id":"https:\/\/nueva2.huertatropical.com\/en\/#website","url":"https:\/\/nueva2.huertatropical.com\/en\/","name":"Huerta Tropical","description":"Comprar online fruta tropical de Granada a domicilio","publisher":{"@id":"https:\/\/nueva2.huertatropical.com\/en\/#organization"},"potentialAction":[{"@type":"SearchAction","target":{"@type":"EntryPoint","urlTemplate":"https:\/\/nueva2.huertatropical.com\/en\/?s={search_term_string}"},"query-input":{"@type":"PropertyValueSpecification","valueRequired":true,"valueName":"search_term_string"}}],"inLanguage":"en-US"},{"@type":"Organization","@id":"https:\/\/nueva2.huertatropical.com\/en\/#organization","name":"Huerta Tropical","url":"https:\/\/nueva2.huertatropical.com\/en\/","logo":{"@type":"ImageObject","inLanguage":"en-US","@id":"https:\/\/nueva2.huertatropical.com\/en\/#\/schema\/logo\/image\/","url":"https:\/\/i2.wp.com\/huertatropical.com\/wp-content\/uploads\/2016\/03\/icono-web-sitio.jpg?fit=510%2C510&ssl=1","contentUrl":"https:\/\/i2.wp.com\/huertatropical.com\/wp-content\/uploads\/2016\/03\/icono-web-sitio.jpg?fit=510%2C510&ssl=1","width":510,"height":510,"caption":"Huerta Tropical"},"image":{"@id":"https:\/\/nueva2.huertatropical.com\/en\/#\/schema\/logo\/image\/"},"sameAs":["https:\/\/es-es.facebook.com\/HuertaTropical\/","https:\/\/x.com\/HuertaTropical","https:\/\/www.instagram.com\/huertatropical\/","https:\/\/www.linkedin.com\/company\/huerta-tropical\/","https:\/\/www.pinterest.es\/huertatropical\/","https:\/\/www.youtube.com\/channel\/UCT44zfBbAxjNKNUGZhRt6CA"]}]}},"_links":{"self":[{"href":"https:\/\/nueva2.huertatropical.com\/en\/wp-json\/wp\/v2\/product\/20621","targetHints":{"allow":["GET"]}}],"collection":[{"href":"https:\/\/nueva2.huertatropical.com\/en\/wp-json\/wp\/v2\/product"}],"about":[{"href":"https:\/\/nueva2.huertatropical.com\/en\/wp-json\/wp\/v2\/types\/product"}],"replies":[{"embeddable":true,"href":"https:\/\/nueva2.huertatropical.com\/en\/wp-json\/wp\/v2\/comments?post=20621"}],"version-history":[{"count":2,"href":"https:\/\/nueva2.huertatropical.com\/en\/wp-json\/wp\/v2\/product\/20621\/revisions"}],"predecessor-version":[{"id":21008,"href":"https:\/\/nueva2.huertatropical.com\/en\/wp-json\/wp\/v2\/product\/20621\/revisions\/21008"}],"wp:featuredmedia":[{"embeddable":true,"href":"https:\/\/nueva2.huertatropical.com\/en\/wp-json\/wp\/v2\/media\/19047"}],"wp:attachment":[{"href":"https:\/\/nueva2.huertatropical.com\/en\/wp-json\/wp\/v2\/media?parent=20621"}],"wp:term":[{"taxonomy":"product_brand","embeddable":true,"href":"https:\/\/nueva2.huertatropical.com\/en\/wp-json\/wp\/v2\/product_brand?post=20621"},{"taxonomy":"product_cat","embeddable":true,"href":"https:\/\/nueva2.huertatropical.com\/en\/wp-json\/wp\/v2\/product_cat?post=20621"},{"taxonomy":"product_tag","embeddable":true,"href":"https:\/\/nueva2.huertatropical.com\/en\/wp-json\/wp\/v2\/product_tag?post=20621"}],"curies":[{"name":"wp","href":"https:\/\/api.w.org\/{rel}","templated":true}]}}