{"id":20620,"date":"2025-03-22T12:31:13","date_gmt":"2025-03-22T11:31:13","guid":{"rendered":"https:\/\/nueva2.huertatropical.com\/?post_type=product&#038;p=20620"},"modified":"2025-03-22T12:31:20","modified_gmt":"2025-03-22T11:31:20","slug":"caja-surtido-tropical","status":"publish","type":"product","link":"https:\/\/nueva2.huertatropical.com\/en\/tienda-comprar-fruta-tropical-de-temporada\/comprar-surtido-fruta-tropical\/caja-surtido-tropical\/","title":{"rendered":"Caja Surtido Tropical"},"content":{"rendered":"<p>[vc_row][vc_column][vc_column_text]<span style=\"font-size: 20px;\"><strong><em>La caja surtida de frutas tropicales contiene estos d\u00edas:<\/em><\/strong><\/span><\/p>\n<p>&nbsp;<\/p>\n<p><img fetchpriority=\"high\" decoding=\"async\" class=\"aligncenter wp-image-9645 size-full\" src=\"https:\/\/huertatropical.com\/wp-content\/uploads\/2017\/03\/frutas-en-surtido-pitaya-papaya-mango-mermelada-kumquat-aguacates-pitahaya-maracuya.jpg\" alt=\"\" width=\"866\" height=\"150\" srcset=\"https:\/\/nueva2.huertatropical.com\/wp-content\/uploads\/2017\/03\/frutas-en-surtido-pitaya-papaya-mango-mermelada-kumquat-aguacates-pitahaya-maracuya.jpg 866w, https:\/\/nueva2.huertatropical.com\/wp-content\/uploads\/2017\/03\/frutas-en-surtido-pitaya-papaya-mango-mermelada-kumquat-aguacates-pitahaya-maracuya-430x74.jpg 430w, https:\/\/nueva2.huertatropical.com\/wp-content\/uploads\/2017\/03\/frutas-en-surtido-pitaya-papaya-mango-mermelada-kumquat-aguacates-pitahaya-maracuya-150x26.jpg 150w, https:\/\/nueva2.huertatropical.com\/wp-content\/uploads\/2017\/03\/frutas-en-surtido-pitaya-papaya-mango-mermelada-kumquat-aguacates-pitahaya-maracuya-700x121.jpg 700w, https:\/\/nueva2.huertatropical.com\/wp-content\/uploads\/2017\/03\/frutas-en-surtido-pitaya-papaya-mango-mermelada-kumquat-aguacates-pitahaya-maracuya-300x52.jpg 300w, https:\/\/nueva2.huertatropical.com\/wp-content\/uploads\/2017\/03\/frutas-en-surtido-pitaya-papaya-mango-mermelada-kumquat-aguacates-pitahaya-maracuya-768x133.jpg 768w\" sizes=\"(max-width: 866px) 100vw, 866px\" \/><\/p>\n<p>Si adem\u00e1s de <strong>comprar<\/strong>\u00a0<strong>nuestro surtido de fruta tropical<\/strong>, est\u00e1s interesada en otro tipo de frutas, te recomendamos que le eches un vistazo a nuestra\u00a0<a href=\"https:\/\/huertatropical.com\/tienda-comprar-fruta-tropical-de-temporada\/\">tienda<\/a><\/p>\n<p>Si quieres estar atento a las \u00faltimas novedades de nuestra web, nuevas frutas de temporada, ofertas y promociones, s\u00edguenos en nuestras redes sociales. Aqu\u00ed te dejamos nuestros <a href=\"https:\/\/es-es.facebook.com\/HuertaTropical\/\" target=\"_blank\" rel=\"noopener noreferrer\">Facebook<\/a> e <a href=\"https:\/\/www.instagram.com\/huertatropical\" target=\"_blank\" rel=\"noopener noreferrer\">Instagram<\/a>.[\/vc_column_text][\/vc_column][\/vc_row]<\/p>\n","protected":false},"excerpt":{"rendered":"<p><strong><span style=\"color: #ff6600;\">Cantidad: 1 Caja de aprox. 4kg de peso<\/span>\u00a0<\/strong><strong>\u00a0<\/strong><\/p>\n<p>Descubre nuestro mix tropical, ideal para regalar, con lo mejor de la Costa Tropical. Seleccionamos para ti una cesta de frutas tropicales reci\u00e9n recolectadas por los agricultores de Granada y M\u00e1laga. Descubre en una sola caja, frutas y sabores que te sorprender\u00e1n.<\/p>\n<p>En nuestros surtidos podr\u00e1s encontrar frutas ya consagradas y reconocidas como aguacates, mangos, chirimoyas, papayas&#8230; y otras sorprendentes y desconocidas que no te dejar\u00e1n indiferente como pitahaya conocida como &#8220;Fruta del Drag\u00f3n&#8221;, kumquats, limequats, guayabas, kiwanos, carambolas, lichis, longan, maracuy\u00e1 o fruta de la pasi\u00f3n, rambut\u00e1n, mangost\u00e1n, ca\u00f1a de az\u00facar&#8230;<\/p>\n<p><span style=\"color: #ff6600;\">*<\/span><span style=\"color: #ff0000;\">La composici\u00f3n del surtido puede variar en funci\u00f3n de la estacionalidad y disponibilidad de cada fruta. No almacenamos la fruta, la recogemos directamente, por lo que alguna de las frutas podr\u00eda no estar disponible en el momento del env\u00edo y modificar la composici\u00f3n del surtido.<\/span><\/p>\n<hr \/>\n<p><strong><span style=\"color: #000000;\">\u00a0\u00a0<\/span><\/strong><\/p>\n<p><strong><em><span style=\"font-size: 14px;\">La cesta de frutas tropicales contiene en esta temporada:<\/span><\/em><\/strong><\/p>\n<p><img fetchpriority=\"high\" decoding=\"async\" class=\"aligncenter wp-image-9645 size-full\" src=\"https:\/\/huertatropical.com\/wp-content\/uploads\/2017\/03\/frutas-en-surtido-pitaya-papaya-mango-mermelada-kumquat-aguacates-pitahaya-maracuya.jpg\" alt=\"\" width=\"866\" height=\"150\" srcset=\"https:\/\/nueva2.huertatropical.com\/wp-content\/uploads\/2017\/03\/frutas-en-surtido-pitaya-papaya-mango-mermelada-kumquat-aguacates-pitahaya-maracuya.jpg 866w, https:\/\/nueva2.huertatropical.com\/wp-content\/uploads\/2017\/03\/frutas-en-surtido-pitaya-papaya-mango-mermelada-kumquat-aguacates-pitahaya-maracuya-430x74.jpg 430w, https:\/\/nueva2.huertatropical.com\/wp-content\/uploads\/2017\/03\/frutas-en-surtido-pitaya-papaya-mango-mermelada-kumquat-aguacates-pitahaya-maracuya-150x26.jpg 150w, https:\/\/nueva2.huertatropical.com\/wp-content\/uploads\/2017\/03\/frutas-en-surtido-pitaya-papaya-mango-mermelada-kumquat-aguacates-pitahaya-maracuya-700x121.jpg 700w, https:\/\/nueva2.huertatropical.com\/wp-content\/uploads\/2017\/03\/frutas-en-surtido-pitaya-papaya-mango-mermelada-kumquat-aguacates-pitahaya-maracuya-300x52.jpg 300w, https:\/\/nueva2.huertatropical.com\/wp-content\/uploads\/2017\/03\/frutas-en-surtido-pitaya-papaya-mango-mermelada-kumquat-aguacates-pitahaya-maracuya-768x133.jpg 768w\" sizes=\"(max-width: 866px) 100vw, 866px\" \/><\/p>\n<p>&nbsp;<\/p>\n","protected":false},"featured_media":18902,"comment_status":"closed","ping_status":"closed","template":"","meta":[],"product_brand":[],"product_cat":[205,204,206,207,203],"product_tag":[57,61,75,77],"class_list":{"0":"post-20620","1":"product","2":"type-product","3":"status-publish","4":"has-post-thumbnail","6":"product_cat-comprar-aguacate-costa-tropical-granada","7":"product_cat-comprar-chirimoya-costa-tropical-granada","8":"product_cat-comprar-mangos-costa-tropical","9":"product_cat-comprar-pitahaya-costa-tropical-granada","10":"product_cat-comprar-surtido-fruta-tropical","11":"product_tag-aguacate-costa-tropical","12":"product_tag-chirimoya-costa-tropical","13":"product_tag-nispero-costa-tropical","14":"product_tag-surtido","16":"first","17":"outofstock","18":"featured","19":"taxable","20":"shipping-taxable","21":"purchasable","22":"product-type-simple"},"yoast_head":"<!-- This site is optimized with the Yoast SEO plugin v24.7 - https:\/\/yoast.com\/wordpress\/plugins\/seo\/ -->\n<title>Regalo Original - Regala Surtido de fruta tropical Cultivada en Motril<\/title>\n<meta name=\"description\" content=\"Un regalo original que recoge los sabores de la Costa Tropical. El Surtido tropical est\u00e1 compuesto por un mix de frutas tropicales reci\u00e9n recolectadas.\" \/>\n<meta name=\"robots\" content=\"noindex, follow, max-snippet:-1, max-image-preview:large, max-video-preview:-1\" \/>\n<meta property=\"og:locale\" content=\"en_US\" \/>\n<meta property=\"og:type\" content=\"article\" \/>\n<meta property=\"og:title\" content=\"Regalo Original - Regala Surtido de fruta tropical Cultivada en Motril\" \/>\n<meta property=\"og:description\" content=\"Un regalo original que recoge los sabores de la Costa Tropical. El Surtido tropical est\u00e1 compuesto por un mix de frutas tropicales reci\u00e9n recolectadas.\" \/>\n<meta property=\"og:url\" content=\"https:\/\/nueva2.huertatropical.com\/en\/tienda-comprar-fruta-tropical-de-temporada\/comprar-surtido-fruta-tropical\/caja-surtido-tropical\/\" \/>\n<meta property=\"og:site_name\" content=\"Huerta Tropical\" \/>\n<meta property=\"article:publisher\" content=\"https:\/\/es-es.facebook.com\/HuertaTropical\/\" \/>\n<meta property=\"article:modified_time\" content=\"2025-03-22T11:31:20+00:00\" \/>\n<meta property=\"og:image\" content=\"https:\/\/nueva2.huertatropical.com\/wp-content\/uploads\/2024\/08\/comprar-surtido-tropical-mix-.jpg\" \/>\n\t<meta property=\"og:image:width\" content=\"800\" \/>\n\t<meta property=\"og:image:height\" content=\"800\" \/>\n\t<meta property=\"og:image:type\" content=\"image\/jpeg\" \/>\n<meta name=\"twitter:card\" content=\"summary_large_image\" \/>\n<meta name=\"twitter:site\" content=\"@HuertaTropical\" \/>\n<meta name=\"twitter:label1\" content=\"Est. reading time\" \/>\n\t<meta name=\"twitter:data1\" content=\"1 minute\" \/>\n<script type=\"application\/ld+json\" class=\"yoast-schema-graph\">{\"@context\":\"https:\/\/schema.org\",\"@graph\":[{\"@type\":\"WebPage\",\"@id\":\"https:\/\/nueva2.huertatropical.com\/en\/tienda-comprar-fruta-tropical-de-temporada\/comprar-surtido-fruta-tropical\/caja-surtido-tropical\/\",\"url\":\"https:\/\/nueva2.huertatropical.com\/en\/tienda-comprar-fruta-tropical-de-temporada\/comprar-surtido-fruta-tropical\/caja-surtido-tropical\/\",\"name\":\"Regalo Original - Regala Surtido de fruta tropical Cultivada en Motril\",\"isPartOf\":{\"@id\":\"https:\/\/nueva2.huertatropical.com\/en\/#website\"},\"primaryImageOfPage\":{\"@id\":\"https:\/\/nueva2.huertatropical.com\/en\/tienda-comprar-fruta-tropical-de-temporada\/comprar-surtido-fruta-tropical\/caja-surtido-tropical\/#primaryimage\"},\"image\":{\"@id\":\"https:\/\/nueva2.huertatropical.com\/en\/tienda-comprar-fruta-tropical-de-temporada\/comprar-surtido-fruta-tropical\/caja-surtido-tropical\/#primaryimage\"},\"thumbnailUrl\":\"https:\/\/nueva2.huertatropical.com\/wp-content\/uploads\/2024\/08\/comprar-surtido-tropical-mix-.jpg\",\"datePublished\":\"2025-03-22T11:31:13+00:00\",\"dateModified\":\"2025-03-22T11:31:20+00:00\",\"description\":\"Un regalo original que recoge los sabores de la Costa Tropical. El Surtido tropical est\u00e1 compuesto por un mix de frutas tropicales reci\u00e9n recolectadas.\",\"breadcrumb\":{\"@id\":\"https:\/\/nueva2.huertatropical.com\/en\/tienda-comprar-fruta-tropical-de-temporada\/comprar-surtido-fruta-tropical\/caja-surtido-tropical\/#breadcrumb\"},\"inLanguage\":\"en-US\",\"potentialAction\":[{\"@type\":\"ReadAction\",\"target\":[\"https:\/\/nueva2.huertatropical.com\/en\/tienda-comprar-fruta-tropical-de-temporada\/comprar-surtido-fruta-tropical\/caja-surtido-tropical\/\"]}]},{\"@type\":\"ImageObject\",\"inLanguage\":\"en-US\",\"@id\":\"https:\/\/nueva2.huertatropical.com\/en\/tienda-comprar-fruta-tropical-de-temporada\/comprar-surtido-fruta-tropical\/caja-surtido-tropical\/#primaryimage\",\"url\":\"https:\/\/nueva2.huertatropical.com\/wp-content\/uploads\/2024\/08\/comprar-surtido-tropical-mix-.jpg\",\"contentUrl\":\"https:\/\/nueva2.huertatropical.com\/wp-content\/uploads\/2024\/08\/comprar-surtido-tropical-mix-.jpg\",\"width\":800,\"height\":800},{\"@type\":\"BreadcrumbList\",\"@id\":\"https:\/\/nueva2.huertatropical.com\/en\/tienda-comprar-fruta-tropical-de-temporada\/comprar-surtido-fruta-tropical\/caja-surtido-tropical\/#breadcrumb\",\"itemListElement\":[{\"@type\":\"ListItem\",\"position\":1,\"name\":\"Portada\",\"item\":\"https:\/\/nueva2.huertatropical.com\/en\/\"},{\"@type\":\"ListItem\",\"position\":2,\"name\":\"Shop\",\"item\":\"https:\/\/nueva2.huertatropical.com\/en\/shop\/\"},{\"@type\":\"ListItem\",\"position\":3,\"name\":\"Caja Surtido Tropical\"}]},{\"@type\":\"WebSite\",\"@id\":\"https:\/\/nueva2.huertatropical.com\/en\/#website\",\"url\":\"https:\/\/nueva2.huertatropical.com\/en\/\",\"name\":\"Huerta Tropical\",\"description\":\"Comprar online fruta tropical de Granada a domicilio\",\"publisher\":{\"@id\":\"https:\/\/nueva2.huertatropical.com\/en\/#organization\"},\"potentialAction\":[{\"@type\":\"SearchAction\",\"target\":{\"@type\":\"EntryPoint\",\"urlTemplate\":\"https:\/\/nueva2.huertatropical.com\/en\/?s={search_term_string}\"},\"query-input\":{\"@type\":\"PropertyValueSpecification\",\"valueRequired\":true,\"valueName\":\"search_term_string\"}}],\"inLanguage\":\"en-US\"},{\"@type\":\"Organization\",\"@id\":\"https:\/\/nueva2.huertatropical.com\/en\/#organization\",\"name\":\"Huerta Tropical\",\"url\":\"https:\/\/nueva2.huertatropical.com\/en\/\",\"logo\":{\"@type\":\"ImageObject\",\"inLanguage\":\"en-US\",\"@id\":\"https:\/\/nueva2.huertatropical.com\/en\/#\/schema\/logo\/image\/\",\"url\":\"https:\/\/i2.wp.com\/huertatropical.com\/wp-content\/uploads\/2016\/03\/icono-web-sitio.jpg?fit=510%2C510&ssl=1\",\"contentUrl\":\"https:\/\/i2.wp.com\/huertatropical.com\/wp-content\/uploads\/2016\/03\/icono-web-sitio.jpg?fit=510%2C510&ssl=1\",\"width\":510,\"height\":510,\"caption\":\"Huerta Tropical\"},\"image\":{\"@id\":\"https:\/\/nueva2.huertatropical.com\/en\/#\/schema\/logo\/image\/\"},\"sameAs\":[\"https:\/\/es-es.facebook.com\/HuertaTropical\/\",\"https:\/\/x.com\/HuertaTropical\",\"https:\/\/www.instagram.com\/huertatropical\/\",\"https:\/\/www.linkedin.com\/company\/huerta-tropical\/\",\"https:\/\/www.pinterest.es\/huertatropical\/\",\"https:\/\/www.youtube.com\/channel\/UCT44zfBbAxjNKNUGZhRt6CA\"]}]}<\/script>\n<!-- \/ Yoast SEO plugin. -->","yoast_head_json":{"title":"Regalo Original - Regala Surtido de fruta tropical Cultivada en Motril","description":"Un regalo original que recoge los sabores de la Costa Tropical. El Surtido tropical est\u00e1 compuesto por un mix de frutas tropicales reci\u00e9n recolectadas.","robots":{"index":"noindex","follow":"follow","max-snippet":"max-snippet:-1","max-image-preview":"max-image-preview:large","max-video-preview":"max-video-preview:-1"},"og_locale":"en_US","og_type":"article","og_title":"Regalo Original - Regala Surtido de fruta tropical Cultivada en Motril","og_description":"Un regalo original que recoge los sabores de la Costa Tropical. El Surtido tropical est\u00e1 compuesto por un mix de frutas tropicales reci\u00e9n recolectadas.","og_url":"https:\/\/nueva2.huertatropical.com\/en\/tienda-comprar-fruta-tropical-de-temporada\/comprar-surtido-fruta-tropical\/caja-surtido-tropical\/","og_site_name":"Huerta Tropical","article_publisher":"https:\/\/es-es.facebook.com\/HuertaTropical\/","article_modified_time":"2025-03-22T11:31:20+00:00","og_image":[{"width":800,"height":800,"url":"https:\/\/nueva2.huertatropical.com\/wp-content\/uploads\/2024\/08\/comprar-surtido-tropical-mix-.jpg","type":"image\/jpeg"}],"twitter_card":"summary_large_image","twitter_site":"@HuertaTropical","twitter_misc":{"Est. reading time":"1 minute"},"schema":{"@context":"https:\/\/schema.org","@graph":[{"@type":"WebPage","@id":"https:\/\/nueva2.huertatropical.com\/en\/tienda-comprar-fruta-tropical-de-temporada\/comprar-surtido-fruta-tropical\/caja-surtido-tropical\/","url":"https:\/\/nueva2.huertatropical.com\/en\/tienda-comprar-fruta-tropical-de-temporada\/comprar-surtido-fruta-tropical\/caja-surtido-tropical\/","name":"Regalo Original - Regala Surtido de fruta tropical Cultivada en Motril","isPartOf":{"@id":"https:\/\/nueva2.huertatropical.com\/en\/#website"},"primaryImageOfPage":{"@id":"https:\/\/nueva2.huertatropical.com\/en\/tienda-comprar-fruta-tropical-de-temporada\/comprar-surtido-fruta-tropical\/caja-surtido-tropical\/#primaryimage"},"image":{"@id":"https:\/\/nueva2.huertatropical.com\/en\/tienda-comprar-fruta-tropical-de-temporada\/comprar-surtido-fruta-tropical\/caja-surtido-tropical\/#primaryimage"},"thumbnailUrl":"https:\/\/nueva2.huertatropical.com\/wp-content\/uploads\/2024\/08\/comprar-surtido-tropical-mix-.jpg","datePublished":"2025-03-22T11:31:13+00:00","dateModified":"2025-03-22T11:31:20+00:00","description":"Un regalo original que recoge los sabores de la Costa Tropical. El Surtido tropical est\u00e1 compuesto por un mix de frutas tropicales reci\u00e9n recolectadas.","breadcrumb":{"@id":"https:\/\/nueva2.huertatropical.com\/en\/tienda-comprar-fruta-tropical-de-temporada\/comprar-surtido-fruta-tropical\/caja-surtido-tropical\/#breadcrumb"},"inLanguage":"en-US","potentialAction":[{"@type":"ReadAction","target":["https:\/\/nueva2.huertatropical.com\/en\/tienda-comprar-fruta-tropical-de-temporada\/comprar-surtido-fruta-tropical\/caja-surtido-tropical\/"]}]},{"@type":"ImageObject","inLanguage":"en-US","@id":"https:\/\/nueva2.huertatropical.com\/en\/tienda-comprar-fruta-tropical-de-temporada\/comprar-surtido-fruta-tropical\/caja-surtido-tropical\/#primaryimage","url":"https:\/\/nueva2.huertatropical.com\/wp-content\/uploads\/2024\/08\/comprar-surtido-tropical-mix-.jpg","contentUrl":"https:\/\/nueva2.huertatropical.com\/wp-content\/uploads\/2024\/08\/comprar-surtido-tropical-mix-.jpg","width":800,"height":800},{"@type":"BreadcrumbList","@id":"https:\/\/nueva2.huertatropical.com\/en\/tienda-comprar-fruta-tropical-de-temporada\/comprar-surtido-fruta-tropical\/caja-surtido-tropical\/#breadcrumb","itemListElement":[{"@type":"ListItem","position":1,"name":"Portada","item":"https:\/\/nueva2.huertatropical.com\/en\/"},{"@type":"ListItem","position":2,"name":"Shop","item":"https:\/\/nueva2.huertatropical.com\/en\/shop\/"},{"@type":"ListItem","position":3,"name":"Caja Surtido Tropical"}]},{"@type":"WebSite","@id":"https:\/\/nueva2.huertatropical.com\/en\/#website","url":"https:\/\/nueva2.huertatropical.com\/en\/","name":"Huerta Tropical","description":"Comprar online fruta tropical de Granada a domicilio","publisher":{"@id":"https:\/\/nueva2.huertatropical.com\/en\/#organization"},"potentialAction":[{"@type":"SearchAction","target":{"@type":"EntryPoint","urlTemplate":"https:\/\/nueva2.huertatropical.com\/en\/?s={search_term_string}"},"query-input":{"@type":"PropertyValueSpecification","valueRequired":true,"valueName":"search_term_string"}}],"inLanguage":"en-US"},{"@type":"Organization","@id":"https:\/\/nueva2.huertatropical.com\/en\/#organization","name":"Huerta Tropical","url":"https:\/\/nueva2.huertatropical.com\/en\/","logo":{"@type":"ImageObject","inLanguage":"en-US","@id":"https:\/\/nueva2.huertatropical.com\/en\/#\/schema\/logo\/image\/","url":"https:\/\/i2.wp.com\/huertatropical.com\/wp-content\/uploads\/2016\/03\/icono-web-sitio.jpg?fit=510%2C510&ssl=1","contentUrl":"https:\/\/i2.wp.com\/huertatropical.com\/wp-content\/uploads\/2016\/03\/icono-web-sitio.jpg?fit=510%2C510&ssl=1","width":510,"height":510,"caption":"Huerta Tropical"},"image":{"@id":"https:\/\/nueva2.huertatropical.com\/en\/#\/schema\/logo\/image\/"},"sameAs":["https:\/\/es-es.facebook.com\/HuertaTropical\/","https:\/\/x.com\/HuertaTropical","https:\/\/www.instagram.com\/huertatropical\/","https:\/\/www.linkedin.com\/company\/huerta-tropical\/","https:\/\/www.pinterest.es\/huertatropical\/","https:\/\/www.youtube.com\/channel\/UCT44zfBbAxjNKNUGZhRt6CA"]}]}},"_links":{"self":[{"href":"https:\/\/nueva2.huertatropical.com\/en\/wp-json\/wp\/v2\/product\/20620","targetHints":{"allow":["GET"]}}],"collection":[{"href":"https:\/\/nueva2.huertatropical.com\/en\/wp-json\/wp\/v2\/product"}],"about":[{"href":"https:\/\/nueva2.huertatropical.com\/en\/wp-json\/wp\/v2\/types\/product"}],"replies":[{"embeddable":true,"href":"https:\/\/nueva2.huertatropical.com\/en\/wp-json\/wp\/v2\/comments?post=20620"}],"version-history":[{"count":1,"href":"https:\/\/nueva2.huertatropical.com\/en\/wp-json\/wp\/v2\/product\/20620\/revisions"}],"predecessor-version":[{"id":20668,"href":"https:\/\/nueva2.huertatropical.com\/en\/wp-json\/wp\/v2\/product\/20620\/revisions\/20668"}],"wp:featuredmedia":[{"embeddable":true,"href":"https:\/\/nueva2.huertatropical.com\/en\/wp-json\/wp\/v2\/media\/18902"}],"wp:attachment":[{"href":"https:\/\/nueva2.huertatropical.com\/en\/wp-json\/wp\/v2\/media?parent=20620"}],"wp:term":[{"taxonomy":"product_brand","embeddable":true,"href":"https:\/\/nueva2.huertatropical.com\/en\/wp-json\/wp\/v2\/product_brand?post=20620"},{"taxonomy":"product_cat","embeddable":true,"href":"https:\/\/nueva2.huertatropical.com\/en\/wp-json\/wp\/v2\/product_cat?post=20620"},{"taxonomy":"product_tag","embeddable":true,"href":"https:\/\/nueva2.huertatropical.com\/en\/wp-json\/wp\/v2\/product_tag?post=20620"}],"curies":[{"name":"wp","href":"https:\/\/api.w.org\/{rel}","templated":true}]}}