{"id":20616,"date":"2025-03-22T12:31:12","date_gmt":"2025-03-22T11:31:12","guid":{"rendered":"https:\/\/nueva2.huertatropical.com\/?post_type=product&#038;p=20616"},"modified":"2025-03-22T12:35:06","modified_gmt":"2025-03-22T11:35:06","slug":"pitahaya-rosa-o-fruta-del-dragon-rosa","status":"publish","type":"product","link":"https:\/\/nueva2.huertatropical.com\/en\/tienda-comprar-fruta-tropical-de-temporada\/comprar-surtido-fruta-tropical\/pitahaya-rosa-o-fruta-del-dragon-rosa\/","title":{"rendered":"Pitahaya Rosa o Fruta del Drag\u00f3n Rosa"},"content":{"rendered":"<p>[vc_row][vc_column][vc_column_text]La pitahaya, pitaya o m\u00e1s conocida como <span style=\"color: #cc00a0;\">&#8220;<strong>Fruta del Drag\u00f3n<\/strong>&#8220;<\/span>, es una espectacular fruta ex\u00f3tica en su mayor\u00eda procedente de As\u00eda y Am\u00e9rica. Gracias a las particulares condiciones clim\u00e1ticas de Andaluc\u00eda, puedes comprar online la pitahaya que se cultiva con \u00e9xito desde hace a\u00f1os en distintas provincias como Granada, M\u00e1laga y Almer\u00eda.<\/p>\n<p>El sabor de la <span style=\"color: #cc00a0;\"><strong>Pitahaya<\/strong><\/span> es dulce y ligeramente \u00e1cido, y su carne suave y gelatinosa como si de un kiwi se tratara, con diminutas pepitas negras. Su piel gruesa y carnosa, se puede retirar con facilidad.[\/vc_column_text][\/vc_column][\/vc_row][vc_row][vc_column][vc_btn title=&#8221;Descubre los Beneficios para la Salud, m\u00e9todos de Conservaci\u00f3n y trucos para consumir Pitahaya o Fruta del Drag\u00f3n&#8221; style=&#8221;3d&#8221; shape=&#8221;round&#8221; color=&#8221;purple&#8221; size=&#8221;lg&#8221; align=&#8221;center&#8221; button_block=&#8221;true&#8221; link=&#8221;url:https%3A%2F%2Fhuertatropical.com%2Fbeneficios-y-propiedades-pitahaya%2F||&#8221;][vc_column_text]Si quieres estar atento a las \u00faltimas novedades de nuestra web, nuevas frutas de temporada, ofertas y promociones, s\u00edguenos en nuestras redes sociales. Aqu\u00ed te dejamos nuestro\u00a0<a href=\"https:\/\/es-es.facebook.com\/HuertaTropical\/\" target=\"_blank\" rel=\"noopener noreferrer\">Facebook<\/a>\u00a0e\u00a0<a href=\"https:\/\/www.instagram.com\/huertatropical\" target=\"_blank\" rel=\"noopener noreferrer\">Instagram<\/a>.[\/vc_column_text][\/vc_column][\/vc_row]<\/p>\n","protected":false},"excerpt":{"rendered":"<p>La <span style=\"color: #cc00a0;\"><strong>Pitahaya Rosa de pulpa blanca<\/strong><\/span>, es de todas las variedades de fruta del drag\u00f3n la m\u00e1s dulce.<\/p>\n<p>Su aspecto sorprendente con una piel rosada con hojas verdes, guarda en su interior una pulpa blanca ligeramente arom\u00e1tica y muy dulce. Esta variedad, conocida por su sabor excepcionalmente dulce y refrescante, es la elecci\u00f3n perfecta para los amantes de las frutas tropicales.<\/p>\n<p>Su peso suele rondar entre 200 gramos y 400 gramos aproximadamente.<\/p>\n<p>Si quieres comprar la pitahaya, pitaya o Fruta del Drag\u00f3n que se cultiva en Andaluc\u00eda puedes hacerlo entre los meses de\u00a0<span style=\"color: #cc00a0;\">Julio<\/span>\u00a0y\u00a0<span style=\"color: #cc00a0;\">Enero<\/span>.<\/p>\n<p><span style=\"color: #ff6600;\"><strong>Cantidad aprox. <\/strong><\/span><\/p>\n<p><span style=\"color: #ff6600;\"><strong>( 1kg de peso\u00a0 \/ 2 Unidades de 500grs )<\/strong><\/span><\/p>\n<p><span style=\"color: #ff6600;\"><strong>( 2kg de peso\u00a0 \/ 3 Unidades de 700grs )<\/strong><\/span><\/p>\n<p><span style=\"color: #ff6600;\"><strong>( 3kg de peso\u00a0 \/ 5 Unidades de 600grs )<\/strong><\/span><\/p>\n","protected":false},"featured_media":18982,"comment_status":"closed","ping_status":"closed","template":"","meta":[],"product_brand":[],"product_cat":[207,203],"product_tag":[77],"class_list":{"0":"post-20616","1":"product","2":"type-product","3":"status-publish","4":"has-post-thumbnail","6":"product_cat-comprar-pitahaya-costa-tropical-granada","7":"product_cat-comprar-surtido-fruta-tropical","8":"product_tag-surtido","10":"first","11":"instock","12":"featured","13":"taxable","14":"shipping-taxable","15":"purchasable","16":"product-type-variable","17":"has-default-attributes"},"yoast_head":"<!-- This site is optimized with the Yoast SEO plugin v24.7 - https:\/\/yoast.com\/wordpress\/plugins\/seo\/ -->\n<title>Pitahaya Rosa, Pitaya rosa o Fruta de Drag\u00f3n - Pulpa Blanca<\/title>\n<meta name=\"description\" content=\"La pitahaya rosa de pulpa blanca, pitaya o Fruta del Drag\u00f3n, es una espectacular y beneficiosa fruta ex\u00f3tica originaria de As\u00eda y Am\u00e9rica.\" \/>\n<meta name=\"robots\" content=\"noindex, follow, max-snippet:-1, max-image-preview:large, max-video-preview:-1\" \/>\n<meta property=\"og:locale\" content=\"en_US\" \/>\n<meta property=\"og:type\" content=\"article\" \/>\n<meta property=\"og:title\" content=\"Pitahaya Rosa, Pitaya rosa o Fruta de Drag\u00f3n - Pulpa Blanca\" \/>\n<meta property=\"og:description\" content=\"La pitahaya rosa de pulpa blanca, pitaya o Fruta del Drag\u00f3n, es una espectacular y beneficiosa fruta ex\u00f3tica originaria de As\u00eda y Am\u00e9rica.\" \/>\n<meta property=\"og:url\" content=\"https:\/\/nueva2.huertatropical.com\/en\/tienda-comprar-fruta-tropical-de-temporada\/comprar-surtido-fruta-tropical\/pitahaya-rosa-o-fruta-del-dragon-rosa\/\" \/>\n<meta property=\"og:site_name\" content=\"Huerta Tropical\" \/>\n<meta property=\"article:publisher\" content=\"https:\/\/es-es.facebook.com\/HuertaTropical\/\" \/>\n<meta property=\"article:modified_time\" content=\"2025-03-22T11:35:06+00:00\" \/>\n<meta property=\"og:image\" content=\"https:\/\/nueva2.huertatropical.com\/wp-content\/uploads\/2024\/08\/comprar-pitahaya-rosa-y-blanca.jpg\" \/>\n\t<meta property=\"og:image:width\" content=\"800\" \/>\n\t<meta property=\"og:image:height\" content=\"800\" \/>\n\t<meta property=\"og:image:type\" content=\"image\/jpeg\" \/>\n<meta name=\"twitter:card\" content=\"summary_large_image\" \/>\n<meta name=\"twitter:site\" content=\"@HuertaTropical\" \/>\n<meta name=\"twitter:label1\" content=\"Est. reading time\" \/>\n\t<meta name=\"twitter:data1\" content=\"1 minute\" \/>\n<script type=\"application\/ld+json\" class=\"yoast-schema-graph\">{\"@context\":\"https:\/\/schema.org\",\"@graph\":[{\"@type\":\"WebPage\",\"@id\":\"https:\/\/nueva2.huertatropical.com\/en\/tienda-comprar-fruta-tropical-de-temporada\/comprar-surtido-fruta-tropical\/pitahaya-rosa-o-fruta-del-dragon-rosa\/\",\"url\":\"https:\/\/nueva2.huertatropical.com\/en\/tienda-comprar-fruta-tropical-de-temporada\/comprar-surtido-fruta-tropical\/pitahaya-rosa-o-fruta-del-dragon-rosa\/\",\"name\":\"Pitahaya Rosa, Pitaya rosa o Fruta de Drag\u00f3n - Pulpa Blanca\",\"isPartOf\":{\"@id\":\"https:\/\/nueva2.huertatropical.com\/en\/#website\"},\"primaryImageOfPage\":{\"@id\":\"https:\/\/nueva2.huertatropical.com\/en\/tienda-comprar-fruta-tropical-de-temporada\/comprar-surtido-fruta-tropical\/pitahaya-rosa-o-fruta-del-dragon-rosa\/#primaryimage\"},\"image\":{\"@id\":\"https:\/\/nueva2.huertatropical.com\/en\/tienda-comprar-fruta-tropical-de-temporada\/comprar-surtido-fruta-tropical\/pitahaya-rosa-o-fruta-del-dragon-rosa\/#primaryimage\"},\"thumbnailUrl\":\"https:\/\/nueva2.huertatropical.com\/wp-content\/uploads\/2024\/08\/comprar-pitahaya-rosa-y-blanca.jpg\",\"datePublished\":\"2025-03-22T11:31:12+00:00\",\"dateModified\":\"2025-03-22T11:35:06+00:00\",\"description\":\"La pitahaya rosa de pulpa blanca, pitaya o Fruta del Drag\u00f3n, es una espectacular y beneficiosa fruta ex\u00f3tica originaria de As\u00eda y Am\u00e9rica.\",\"breadcrumb\":{\"@id\":\"https:\/\/nueva2.huertatropical.com\/en\/tienda-comprar-fruta-tropical-de-temporada\/comprar-surtido-fruta-tropical\/pitahaya-rosa-o-fruta-del-dragon-rosa\/#breadcrumb\"},\"inLanguage\":\"en-US\",\"potentialAction\":[{\"@type\":\"ReadAction\",\"target\":[\"https:\/\/nueva2.huertatropical.com\/en\/tienda-comprar-fruta-tropical-de-temporada\/comprar-surtido-fruta-tropical\/pitahaya-rosa-o-fruta-del-dragon-rosa\/\"]}]},{\"@type\":\"ImageObject\",\"inLanguage\":\"en-US\",\"@id\":\"https:\/\/nueva2.huertatropical.com\/en\/tienda-comprar-fruta-tropical-de-temporada\/comprar-surtido-fruta-tropical\/pitahaya-rosa-o-fruta-del-dragon-rosa\/#primaryimage\",\"url\":\"https:\/\/nueva2.huertatropical.com\/wp-content\/uploads\/2024\/08\/comprar-pitahaya-rosa-y-blanca.jpg\",\"contentUrl\":\"https:\/\/nueva2.huertatropical.com\/wp-content\/uploads\/2024\/08\/comprar-pitahaya-rosa-y-blanca.jpg\",\"width\":800,\"height\":800},{\"@type\":\"BreadcrumbList\",\"@id\":\"https:\/\/nueva2.huertatropical.com\/en\/tienda-comprar-fruta-tropical-de-temporada\/comprar-surtido-fruta-tropical\/pitahaya-rosa-o-fruta-del-dragon-rosa\/#breadcrumb\",\"itemListElement\":[{\"@type\":\"ListItem\",\"position\":1,\"name\":\"Portada\",\"item\":\"https:\/\/nueva2.huertatropical.com\/en\/\"},{\"@type\":\"ListItem\",\"position\":2,\"name\":\"Shop\",\"item\":\"https:\/\/nueva2.huertatropical.com\/en\/shop\/\"},{\"@type\":\"ListItem\",\"position\":3,\"name\":\"Pitahaya Rosa o Fruta del Drag\u00f3n Rosa\"}]},{\"@type\":\"WebSite\",\"@id\":\"https:\/\/nueva2.huertatropical.com\/en\/#website\",\"url\":\"https:\/\/nueva2.huertatropical.com\/en\/\",\"name\":\"Huerta Tropical\",\"description\":\"Comprar online fruta tropical de Granada a domicilio\",\"publisher\":{\"@id\":\"https:\/\/nueva2.huertatropical.com\/en\/#organization\"},\"potentialAction\":[{\"@type\":\"SearchAction\",\"target\":{\"@type\":\"EntryPoint\",\"urlTemplate\":\"https:\/\/nueva2.huertatropical.com\/en\/?s={search_term_string}\"},\"query-input\":{\"@type\":\"PropertyValueSpecification\",\"valueRequired\":true,\"valueName\":\"search_term_string\"}}],\"inLanguage\":\"en-US\"},{\"@type\":\"Organization\",\"@id\":\"https:\/\/nueva2.huertatropical.com\/en\/#organization\",\"name\":\"Huerta Tropical\",\"url\":\"https:\/\/nueva2.huertatropical.com\/en\/\",\"logo\":{\"@type\":\"ImageObject\",\"inLanguage\":\"en-US\",\"@id\":\"https:\/\/nueva2.huertatropical.com\/en\/#\/schema\/logo\/image\/\",\"url\":\"https:\/\/i2.wp.com\/huertatropical.com\/wp-content\/uploads\/2016\/03\/icono-web-sitio.jpg?fit=510%2C510&ssl=1\",\"contentUrl\":\"https:\/\/i2.wp.com\/huertatropical.com\/wp-content\/uploads\/2016\/03\/icono-web-sitio.jpg?fit=510%2C510&ssl=1\",\"width\":510,\"height\":510,\"caption\":\"Huerta Tropical\"},\"image\":{\"@id\":\"https:\/\/nueva2.huertatropical.com\/en\/#\/schema\/logo\/image\/\"},\"sameAs\":[\"https:\/\/es-es.facebook.com\/HuertaTropical\/\",\"https:\/\/x.com\/HuertaTropical\",\"https:\/\/www.instagram.com\/huertatropical\/\",\"https:\/\/www.linkedin.com\/company\/huerta-tropical\/\",\"https:\/\/www.pinterest.es\/huertatropical\/\",\"https:\/\/www.youtube.com\/channel\/UCT44zfBbAxjNKNUGZhRt6CA\"]}]}<\/script>\n<!-- \/ Yoast SEO plugin. -->","yoast_head_json":{"title":"Pitahaya Rosa, Pitaya rosa o Fruta de Drag\u00f3n - Pulpa Blanca","description":"La pitahaya rosa de pulpa blanca, pitaya o Fruta del Drag\u00f3n, es una espectacular y beneficiosa fruta ex\u00f3tica originaria de As\u00eda y Am\u00e9rica.","robots":{"index":"noindex","follow":"follow","max-snippet":"max-snippet:-1","max-image-preview":"max-image-preview:large","max-video-preview":"max-video-preview:-1"},"og_locale":"en_US","og_type":"article","og_title":"Pitahaya Rosa, Pitaya rosa o Fruta de Drag\u00f3n - Pulpa Blanca","og_description":"La pitahaya rosa de pulpa blanca, pitaya o Fruta del Drag\u00f3n, es una espectacular y beneficiosa fruta ex\u00f3tica originaria de As\u00eda y Am\u00e9rica.","og_url":"https:\/\/nueva2.huertatropical.com\/en\/tienda-comprar-fruta-tropical-de-temporada\/comprar-surtido-fruta-tropical\/pitahaya-rosa-o-fruta-del-dragon-rosa\/","og_site_name":"Huerta Tropical","article_publisher":"https:\/\/es-es.facebook.com\/HuertaTropical\/","article_modified_time":"2025-03-22T11:35:06+00:00","og_image":[{"width":800,"height":800,"url":"https:\/\/nueva2.huertatropical.com\/wp-content\/uploads\/2024\/08\/comprar-pitahaya-rosa-y-blanca.jpg","type":"image\/jpeg"}],"twitter_card":"summary_large_image","twitter_site":"@HuertaTropical","twitter_misc":{"Est. reading time":"1 minute"},"schema":{"@context":"https:\/\/schema.org","@graph":[{"@type":"WebPage","@id":"https:\/\/nueva2.huertatropical.com\/en\/tienda-comprar-fruta-tropical-de-temporada\/comprar-surtido-fruta-tropical\/pitahaya-rosa-o-fruta-del-dragon-rosa\/","url":"https:\/\/nueva2.huertatropical.com\/en\/tienda-comprar-fruta-tropical-de-temporada\/comprar-surtido-fruta-tropical\/pitahaya-rosa-o-fruta-del-dragon-rosa\/","name":"Pitahaya Rosa, Pitaya rosa o Fruta de Drag\u00f3n - Pulpa Blanca","isPartOf":{"@id":"https:\/\/nueva2.huertatropical.com\/en\/#website"},"primaryImageOfPage":{"@id":"https:\/\/nueva2.huertatropical.com\/en\/tienda-comprar-fruta-tropical-de-temporada\/comprar-surtido-fruta-tropical\/pitahaya-rosa-o-fruta-del-dragon-rosa\/#primaryimage"},"image":{"@id":"https:\/\/nueva2.huertatropical.com\/en\/tienda-comprar-fruta-tropical-de-temporada\/comprar-surtido-fruta-tropical\/pitahaya-rosa-o-fruta-del-dragon-rosa\/#primaryimage"},"thumbnailUrl":"https:\/\/nueva2.huertatropical.com\/wp-content\/uploads\/2024\/08\/comprar-pitahaya-rosa-y-blanca.jpg","datePublished":"2025-03-22T11:31:12+00:00","dateModified":"2025-03-22T11:35:06+00:00","description":"La pitahaya rosa de pulpa blanca, pitaya o Fruta del Drag\u00f3n, es una espectacular y beneficiosa fruta ex\u00f3tica originaria de As\u00eda y Am\u00e9rica.","breadcrumb":{"@id":"https:\/\/nueva2.huertatropical.com\/en\/tienda-comprar-fruta-tropical-de-temporada\/comprar-surtido-fruta-tropical\/pitahaya-rosa-o-fruta-del-dragon-rosa\/#breadcrumb"},"inLanguage":"en-US","potentialAction":[{"@type":"ReadAction","target":["https:\/\/nueva2.huertatropical.com\/en\/tienda-comprar-fruta-tropical-de-temporada\/comprar-surtido-fruta-tropical\/pitahaya-rosa-o-fruta-del-dragon-rosa\/"]}]},{"@type":"ImageObject","inLanguage":"en-US","@id":"https:\/\/nueva2.huertatropical.com\/en\/tienda-comprar-fruta-tropical-de-temporada\/comprar-surtido-fruta-tropical\/pitahaya-rosa-o-fruta-del-dragon-rosa\/#primaryimage","url":"https:\/\/nueva2.huertatropical.com\/wp-content\/uploads\/2024\/08\/comprar-pitahaya-rosa-y-blanca.jpg","contentUrl":"https:\/\/nueva2.huertatropical.com\/wp-content\/uploads\/2024\/08\/comprar-pitahaya-rosa-y-blanca.jpg","width":800,"height":800},{"@type":"BreadcrumbList","@id":"https:\/\/nueva2.huertatropical.com\/en\/tienda-comprar-fruta-tropical-de-temporada\/comprar-surtido-fruta-tropical\/pitahaya-rosa-o-fruta-del-dragon-rosa\/#breadcrumb","itemListElement":[{"@type":"ListItem","position":1,"name":"Portada","item":"https:\/\/nueva2.huertatropical.com\/en\/"},{"@type":"ListItem","position":2,"name":"Shop","item":"https:\/\/nueva2.huertatropical.com\/en\/shop\/"},{"@type":"ListItem","position":3,"name":"Pitahaya Rosa o Fruta del Drag\u00f3n Rosa"}]},{"@type":"WebSite","@id":"https:\/\/nueva2.huertatropical.com\/en\/#website","url":"https:\/\/nueva2.huertatropical.com\/en\/","name":"Huerta Tropical","description":"Comprar online fruta tropical de Granada a domicilio","publisher":{"@id":"https:\/\/nueva2.huertatropical.com\/en\/#organization"},"potentialAction":[{"@type":"SearchAction","target":{"@type":"EntryPoint","urlTemplate":"https:\/\/nueva2.huertatropical.com\/en\/?s={search_term_string}"},"query-input":{"@type":"PropertyValueSpecification","valueRequired":true,"valueName":"search_term_string"}}],"inLanguage":"en-US"},{"@type":"Organization","@id":"https:\/\/nueva2.huertatropical.com\/en\/#organization","name":"Huerta Tropical","url":"https:\/\/nueva2.huertatropical.com\/en\/","logo":{"@type":"ImageObject","inLanguage":"en-US","@id":"https:\/\/nueva2.huertatropical.com\/en\/#\/schema\/logo\/image\/","url":"https:\/\/i2.wp.com\/huertatropical.com\/wp-content\/uploads\/2016\/03\/icono-web-sitio.jpg?fit=510%2C510&ssl=1","contentUrl":"https:\/\/i2.wp.com\/huertatropical.com\/wp-content\/uploads\/2016\/03\/icono-web-sitio.jpg?fit=510%2C510&ssl=1","width":510,"height":510,"caption":"Huerta Tropical"},"image":{"@id":"https:\/\/nueva2.huertatropical.com\/en\/#\/schema\/logo\/image\/"},"sameAs":["https:\/\/es-es.facebook.com\/HuertaTropical\/","https:\/\/x.com\/HuertaTropical","https:\/\/www.instagram.com\/huertatropical\/","https:\/\/www.linkedin.com\/company\/huerta-tropical\/","https:\/\/www.pinterest.es\/huertatropical\/","https:\/\/www.youtube.com\/channel\/UCT44zfBbAxjNKNUGZhRt6CA"]}]}},"_links":{"self":[{"href":"https:\/\/nueva2.huertatropical.com\/en\/wp-json\/wp\/v2\/product\/20616","targetHints":{"allow":["GET"]}}],"collection":[{"href":"https:\/\/nueva2.huertatropical.com\/en\/wp-json\/wp\/v2\/product"}],"about":[{"href":"https:\/\/nueva2.huertatropical.com\/en\/wp-json\/wp\/v2\/types\/product"}],"replies":[{"embeddable":true,"href":"https:\/\/nueva2.huertatropical.com\/en\/wp-json\/wp\/v2\/comments?post=20616"}],"version-history":[{"count":2,"href":"https:\/\/nueva2.huertatropical.com\/en\/wp-json\/wp\/v2\/product\/20616\/revisions"}],"predecessor-version":[{"id":21003,"href":"https:\/\/nueva2.huertatropical.com\/en\/wp-json\/wp\/v2\/product\/20616\/revisions\/21003"}],"wp:featuredmedia":[{"embeddable":true,"href":"https:\/\/nueva2.huertatropical.com\/en\/wp-json\/wp\/v2\/media\/18982"}],"wp:attachment":[{"href":"https:\/\/nueva2.huertatropical.com\/en\/wp-json\/wp\/v2\/media?parent=20616"}],"wp:term":[{"taxonomy":"product_brand","embeddable":true,"href":"https:\/\/nueva2.huertatropical.com\/en\/wp-json\/wp\/v2\/product_brand?post=20616"},{"taxonomy":"product_cat","embeddable":true,"href":"https:\/\/nueva2.huertatropical.com\/en\/wp-json\/wp\/v2\/product_cat?post=20616"},{"taxonomy":"product_tag","embeddable":true,"href":"https:\/\/nueva2.huertatropical.com\/en\/wp-json\/wp\/v2\/product_tag?post=20616"}],"curies":[{"name":"wp","href":"https:\/\/api.w.org\/{rel}","templated":true}]}}