{"id":20612,"date":"2025-03-22T12:31:12","date_gmt":"2025-03-22T11:31:12","guid":{"rendered":"https:\/\/nueva2.huertatropical.com\/?post_type=product&#038;p=20612"},"modified":"2025-03-22T12:31:17","modified_gmt":"2025-03-22T11:31:17","slug":"caja-de-aguacate-hass","status":"publish","type":"product","link":"https:\/\/nueva2.huertatropical.com\/en\/tienda-comprar-fruta-tropical-de-temporada\/comprar-surtido-fruta-tropical\/caja-de-aguacate-hass\/","title":{"rendered":"Caja de Aguacate Hass"},"content":{"rendered":"<p>[vc_row][vc_column][vc_column_text]Algo m\u00e1s de informaci\u00f3n sobre el aguacate Hass. Ya sabemos la forma y el peso de esta variedad, y tambi\u00e9n cual es la temporada habitual para su consumo y distribuci\u00f3n. Pero no est\u00e1 de m\u00e1s conocer algunas propiedades m\u00e1s generales y comunes a todas las clases de aguacate. El aguacate tambi\u00e9n conocido como <em>avocado o avocat, <\/em>es una fruta tropical delicada que no soporta bien el frio y el calor extremo, necesitando gran cantidad de humedad para su cultivo.<\/p>\n<p>La variedad de <strong><span style=\"color: #339966;\">aguacate Hass<\/span><\/strong> posee un exquisito sabor y aroma a frutos secos.\u00a0Posee abundante pulpa, de color verde claro a amarilla y de excelente calidad con una semilla peque\u00f1a.\u00a0La piel del Hass es\u00a0fuerte, gruesa y rugosa, de color verde oscuro mientras permanece en el \u00e1rbol, se vuelve casi negro al madurar.<\/p>\n<h3>Una buena raz\u00f3n para disfrutar del aguacate Hass<\/h3>\n<p>Su aceite, que conforma alrededor de un 10% del peso total del Hass, cuenta con propiedades que ayudan a reducir el colesterol malo. Siendo su consumo beneficioso desde una perspectiva cardiovascular. As\u00ed que an\u00edmate a probarlo, no s\u00f3lo disfrutar\u00e1s de sus matices, que te permitir\u00e1n consumirlo directamente o utilizarlo en tus mejores recetas, si no que adem\u00e1s estar\u00e1s mejorando tu salud en el proceso.<\/p>\n<p>A pesar de ser una fruta su sabor no es dulce, recuerda a los frutos secos, por lo que es tan utilizado en la cocina.<\/p>\n<p>El color de la pulpa varia tambi\u00e9n seg\u00fan la variedad desde amarillos a verdosos.<\/p>\n<p>El color de la piel varia seg\u00fan la variedad pudiendo ser verde claro a oscuro, marr\u00f3n, negro&#8230;<\/p>\n<p>Adem\u00e1s de este formato, tambi\u00e9n puedes comprar <a href=\"https:\/\/huertatropical.com\/tienda-comprar-fruta-tropical-de-temporada\/comprar-surtido-fruta-tropical\/aguacate-hass-kg\/\">aguacates hass<\/a> por kilos, u otras variedades de aguacate, como los <a href=\"https:\/\/huertatropical.com\/tienda-comprar-fruta-tropical-de-temporada\/comprar-surtido-fruta-tropical\/aguacate-mini-hass-kg\/\">Hass mini<\/a>, nuestros <a href=\"https:\/\/huertatropical.com\/tienda-comprar-fruta-tropical-de-temporada\/comprar-aguacate-costa-tropical-granada\/aguacate-hass-bio-kg\/\">aguacates ecol\u00f3gicos<\/a>, o la exquisita variedad de <a href=\"https:\/\/huertatropical.com\/tienda-comprar-fruta-tropical-de-temporada\/comprar-surtido-fruta-tropical\/comprar-aguacate-fuerte-online\/\">aguacate fuerte<\/a>.<\/p>\n<p>Si quieres estar atento a las \u00faltimas novedades de nuestra web, nuevas frutas de temporada, ofertas y promociones, s\u00edguenos en nuestras redes sociales. Aqu\u00ed te dejamos nuestros <a href=\"https:\/\/es-es.facebook.com\/HuertaTropical\/\" target=\"_blank\" rel=\"noopener noreferrer\">Facebook<\/a> e <a href=\"https:\/\/www.instagram.com\/huertatropical\" target=\"_blank\" rel=\"noopener noreferrer\">Instagram<\/a>.[\/vc_column_text][\/vc_column][\/vc_row][vc_row][vc_column][vc_btn title=&#8221;Descubre los Beneficios para la Salud, m\u00e9todos de Conservaci\u00f3n y trucos para consumir Aguacate&#8221; style=&#8221;3d&#8221; shape=&#8221;round&#8221; color=&#8221;success&#8221; size=&#8221;lg&#8221; align=&#8221;center&#8221; button_block=&#8221;true&#8221; link=&#8221;url:https%3A%2F%2Fhuertatropical.com%2Fbeneficios-y-propiedades-aguacate%2F||&#8221;][\/vc_column][\/vc_row]<\/p>\n","protected":false},"excerpt":{"rendered":"<p>Compra una caja de aguacate hass nacional cultivado en la Costa Tropical de Granada y descubre el intenso sabor a frutos secos de los aguacates que se desarrollan por completo en el \u00e1rbol.<\/p>\n<p>La variedad Hass tiene forma ovalada y la piel es rugosa. De tama\u00f1o peque\u00f1o a mediano, el peso oscila entre \u00a0150 grs y 200 grs<\/p>\n<p>La temporada en la que habitualmente se recoge el aguacate hass es entre Diciembre y Febrero, \u00e9poca en la que los grandes distribuidores exportan casi todo nuestro aguacate. Sin embargo, nosotros mantenemos los aguacates en el \u00e1rbol desarrollando grasa y sabor hasta<strong> <span style=\"color: #ff9900;\">Julio<\/span><\/strong> y <span style=\"color: #ff9900;\"><strong>Agosto<\/strong><\/span><strong>.<\/strong><\/p>\n<p><span style=\"color: #008000;\"><strong>*Producto nacional, de la Costa de Motril<\/strong><\/span><\/p>\n<p><strong><span style=\"color: #ff6600;\">Son los \u00faltimos aguacates de la temporada y los aguacates son de tama\u00f1o mediano con un peso aprox. de 140 a 170 gramos<\/span><\/strong><\/p>\n<p><span style=\"color: #ff6600;\"><strong>Cantidad 1 Caja de aprox. 4kg de peso\u00a0 \/ 24 &#8211; 26 &#8211; 28\u00a0 piezas en cada caja de 4kg<\/strong><\/span><\/p>\n","protected":false},"featured_media":18837,"comment_status":"closed","ping_status":"closed","template":"","meta":[],"product_brand":[],"product_cat":[205,203],"product_tag":[57],"class_list":{"0":"post-20612","1":"product","2":"type-product","3":"status-publish","4":"has-post-thumbnail","6":"product_cat-comprar-aguacate-costa-tropical-granada","7":"product_cat-comprar-surtido-fruta-tropical","8":"product_tag-aguacate-costa-tropical","10":"first","11":"instock","12":"featured","13":"taxable","14":"shipping-taxable","15":"purchasable","16":"product-type-simple"},"yoast_head":"<!-- This site is optimized with the Yoast SEO plugin v24.7 - https:\/\/yoast.com\/wordpress\/plugins\/seo\/ -->\n<title>Caja de aguacate hass online de la mejor calidad a domicilio.<\/title>\n<meta name=\"description\" content=\"La variedad de aguacate Hass posee un exquisito sabor y aroma a frutos secos. Posee abundante pulpa, de excelente calidad.\" \/>\n<meta name=\"robots\" content=\"noindex, follow, max-snippet:-1, max-image-preview:large, max-video-preview:-1\" \/>\n<meta property=\"og:locale\" content=\"en_US\" \/>\n<meta property=\"og:type\" content=\"article\" \/>\n<meta property=\"og:title\" content=\"Caja de aguacate hass online de la mejor calidad a domicilio.\" \/>\n<meta property=\"og:description\" content=\"La variedad de aguacate Hass posee un exquisito sabor y aroma a frutos secos. Posee abundante pulpa, de excelente calidad.\" \/>\n<meta property=\"og:url\" content=\"https:\/\/nueva2.huertatropical.com\/en\/tienda-comprar-fruta-tropical-de-temporada\/comprar-surtido-fruta-tropical\/caja-de-aguacate-hass\/\" \/>\n<meta property=\"og:site_name\" content=\"Huerta Tropical\" \/>\n<meta property=\"article:publisher\" content=\"https:\/\/es-es.facebook.com\/HuertaTropical\/\" \/>\n<meta property=\"article:modified_time\" content=\"2025-03-22T11:31:17+00:00\" \/>\n<meta property=\"og:image\" content=\"https:\/\/nueva2.huertatropical.com\/wp-content\/uploads\/2024\/08\/caja-aguacate-hass.jpg\" \/>\n\t<meta property=\"og:image:width\" content=\"800\" \/>\n\t<meta property=\"og:image:height\" content=\"800\" \/>\n\t<meta property=\"og:image:type\" content=\"image\/jpeg\" \/>\n<meta name=\"twitter:card\" content=\"summary_large_image\" \/>\n<meta name=\"twitter:site\" content=\"@HuertaTropical\" \/>\n<meta name=\"twitter:label1\" content=\"Est. reading time\" \/>\n\t<meta name=\"twitter:data1\" content=\"2 minutes\" \/>\n<script type=\"application\/ld+json\" class=\"yoast-schema-graph\">{\"@context\":\"https:\/\/schema.org\",\"@graph\":[{\"@type\":\"WebPage\",\"@id\":\"https:\/\/nueva2.huertatropical.com\/en\/tienda-comprar-fruta-tropical-de-temporada\/comprar-surtido-fruta-tropical\/caja-de-aguacate-hass\/\",\"url\":\"https:\/\/nueva2.huertatropical.com\/en\/tienda-comprar-fruta-tropical-de-temporada\/comprar-surtido-fruta-tropical\/caja-de-aguacate-hass\/\",\"name\":\"Caja de aguacate hass online de la mejor calidad a domicilio.\",\"isPartOf\":{\"@id\":\"https:\/\/nueva2.huertatropical.com\/en\/#website\"},\"primaryImageOfPage\":{\"@id\":\"https:\/\/nueva2.huertatropical.com\/en\/tienda-comprar-fruta-tropical-de-temporada\/comprar-surtido-fruta-tropical\/caja-de-aguacate-hass\/#primaryimage\"},\"image\":{\"@id\":\"https:\/\/nueva2.huertatropical.com\/en\/tienda-comprar-fruta-tropical-de-temporada\/comprar-surtido-fruta-tropical\/caja-de-aguacate-hass\/#primaryimage\"},\"thumbnailUrl\":\"https:\/\/nueva2.huertatropical.com\/wp-content\/uploads\/2024\/08\/caja-aguacate-hass.jpg\",\"datePublished\":\"2025-03-22T11:31:12+00:00\",\"dateModified\":\"2025-03-22T11:31:17+00:00\",\"description\":\"La variedad de aguacate Hass posee un exquisito sabor y aroma a frutos secos. Posee abundante pulpa, de excelente calidad.\",\"breadcrumb\":{\"@id\":\"https:\/\/nueva2.huertatropical.com\/en\/tienda-comprar-fruta-tropical-de-temporada\/comprar-surtido-fruta-tropical\/caja-de-aguacate-hass\/#breadcrumb\"},\"inLanguage\":\"en-US\",\"potentialAction\":[{\"@type\":\"ReadAction\",\"target\":[\"https:\/\/nueva2.huertatropical.com\/en\/tienda-comprar-fruta-tropical-de-temporada\/comprar-surtido-fruta-tropical\/caja-de-aguacate-hass\/\"]}]},{\"@type\":\"ImageObject\",\"inLanguage\":\"en-US\",\"@id\":\"https:\/\/nueva2.huertatropical.com\/en\/tienda-comprar-fruta-tropical-de-temporada\/comprar-surtido-fruta-tropical\/caja-de-aguacate-hass\/#primaryimage\",\"url\":\"https:\/\/nueva2.huertatropical.com\/wp-content\/uploads\/2024\/08\/caja-aguacate-hass.jpg\",\"contentUrl\":\"https:\/\/nueva2.huertatropical.com\/wp-content\/uploads\/2024\/08\/caja-aguacate-hass.jpg\",\"width\":800,\"height\":800},{\"@type\":\"BreadcrumbList\",\"@id\":\"https:\/\/nueva2.huertatropical.com\/en\/tienda-comprar-fruta-tropical-de-temporada\/comprar-surtido-fruta-tropical\/caja-de-aguacate-hass\/#breadcrumb\",\"itemListElement\":[{\"@type\":\"ListItem\",\"position\":1,\"name\":\"Portada\",\"item\":\"https:\/\/nueva2.huertatropical.com\/en\/\"},{\"@type\":\"ListItem\",\"position\":2,\"name\":\"Shop\",\"item\":\"https:\/\/nueva2.huertatropical.com\/en\/shop\/\"},{\"@type\":\"ListItem\",\"position\":3,\"name\":\"Caja de Aguacate Hass\"}]},{\"@type\":\"WebSite\",\"@id\":\"https:\/\/nueva2.huertatropical.com\/en\/#website\",\"url\":\"https:\/\/nueva2.huertatropical.com\/en\/\",\"name\":\"Huerta Tropical\",\"description\":\"Comprar online fruta tropical de Granada a domicilio\",\"publisher\":{\"@id\":\"https:\/\/nueva2.huertatropical.com\/en\/#organization\"},\"potentialAction\":[{\"@type\":\"SearchAction\",\"target\":{\"@type\":\"EntryPoint\",\"urlTemplate\":\"https:\/\/nueva2.huertatropical.com\/en\/?s={search_term_string}\"},\"query-input\":{\"@type\":\"PropertyValueSpecification\",\"valueRequired\":true,\"valueName\":\"search_term_string\"}}],\"inLanguage\":\"en-US\"},{\"@type\":\"Organization\",\"@id\":\"https:\/\/nueva2.huertatropical.com\/en\/#organization\",\"name\":\"Huerta Tropical\",\"url\":\"https:\/\/nueva2.huertatropical.com\/en\/\",\"logo\":{\"@type\":\"ImageObject\",\"inLanguage\":\"en-US\",\"@id\":\"https:\/\/nueva2.huertatropical.com\/en\/#\/schema\/logo\/image\/\",\"url\":\"https:\/\/i2.wp.com\/huertatropical.com\/wp-content\/uploads\/2016\/03\/icono-web-sitio.jpg?fit=510%2C510&ssl=1\",\"contentUrl\":\"https:\/\/i2.wp.com\/huertatropical.com\/wp-content\/uploads\/2016\/03\/icono-web-sitio.jpg?fit=510%2C510&ssl=1\",\"width\":510,\"height\":510,\"caption\":\"Huerta Tropical\"},\"image\":{\"@id\":\"https:\/\/nueva2.huertatropical.com\/en\/#\/schema\/logo\/image\/\"},\"sameAs\":[\"https:\/\/es-es.facebook.com\/HuertaTropical\/\",\"https:\/\/x.com\/HuertaTropical\",\"https:\/\/www.instagram.com\/huertatropical\/\",\"https:\/\/www.linkedin.com\/company\/huerta-tropical\/\",\"https:\/\/www.pinterest.es\/huertatropical\/\",\"https:\/\/www.youtube.com\/channel\/UCT44zfBbAxjNKNUGZhRt6CA\"]}]}<\/script>\n<!-- \/ Yoast SEO plugin. -->","yoast_head_json":{"title":"Caja de aguacate hass online de la mejor calidad a domicilio.","description":"La variedad de aguacate Hass posee un exquisito sabor y aroma a frutos secos. Posee abundante pulpa, de excelente calidad.","robots":{"index":"noindex","follow":"follow","max-snippet":"max-snippet:-1","max-image-preview":"max-image-preview:large","max-video-preview":"max-video-preview:-1"},"og_locale":"en_US","og_type":"article","og_title":"Caja de aguacate hass online de la mejor calidad a domicilio.","og_description":"La variedad de aguacate Hass posee un exquisito sabor y aroma a frutos secos. Posee abundante pulpa, de excelente calidad.","og_url":"https:\/\/nueva2.huertatropical.com\/en\/tienda-comprar-fruta-tropical-de-temporada\/comprar-surtido-fruta-tropical\/caja-de-aguacate-hass\/","og_site_name":"Huerta Tropical","article_publisher":"https:\/\/es-es.facebook.com\/HuertaTropical\/","article_modified_time":"2025-03-22T11:31:17+00:00","og_image":[{"width":800,"height":800,"url":"https:\/\/nueva2.huertatropical.com\/wp-content\/uploads\/2024\/08\/caja-aguacate-hass.jpg","type":"image\/jpeg"}],"twitter_card":"summary_large_image","twitter_site":"@HuertaTropical","twitter_misc":{"Est. reading time":"2 minutes"},"schema":{"@context":"https:\/\/schema.org","@graph":[{"@type":"WebPage","@id":"https:\/\/nueva2.huertatropical.com\/en\/tienda-comprar-fruta-tropical-de-temporada\/comprar-surtido-fruta-tropical\/caja-de-aguacate-hass\/","url":"https:\/\/nueva2.huertatropical.com\/en\/tienda-comprar-fruta-tropical-de-temporada\/comprar-surtido-fruta-tropical\/caja-de-aguacate-hass\/","name":"Caja de aguacate hass online de la mejor calidad a domicilio.","isPartOf":{"@id":"https:\/\/nueva2.huertatropical.com\/en\/#website"},"primaryImageOfPage":{"@id":"https:\/\/nueva2.huertatropical.com\/en\/tienda-comprar-fruta-tropical-de-temporada\/comprar-surtido-fruta-tropical\/caja-de-aguacate-hass\/#primaryimage"},"image":{"@id":"https:\/\/nueva2.huertatropical.com\/en\/tienda-comprar-fruta-tropical-de-temporada\/comprar-surtido-fruta-tropical\/caja-de-aguacate-hass\/#primaryimage"},"thumbnailUrl":"https:\/\/nueva2.huertatropical.com\/wp-content\/uploads\/2024\/08\/caja-aguacate-hass.jpg","datePublished":"2025-03-22T11:31:12+00:00","dateModified":"2025-03-22T11:31:17+00:00","description":"La variedad de aguacate Hass posee un exquisito sabor y aroma a frutos secos. Posee abundante pulpa, de excelente calidad.","breadcrumb":{"@id":"https:\/\/nueva2.huertatropical.com\/en\/tienda-comprar-fruta-tropical-de-temporada\/comprar-surtido-fruta-tropical\/caja-de-aguacate-hass\/#breadcrumb"},"inLanguage":"en-US","potentialAction":[{"@type":"ReadAction","target":["https:\/\/nueva2.huertatropical.com\/en\/tienda-comprar-fruta-tropical-de-temporada\/comprar-surtido-fruta-tropical\/caja-de-aguacate-hass\/"]}]},{"@type":"ImageObject","inLanguage":"en-US","@id":"https:\/\/nueva2.huertatropical.com\/en\/tienda-comprar-fruta-tropical-de-temporada\/comprar-surtido-fruta-tropical\/caja-de-aguacate-hass\/#primaryimage","url":"https:\/\/nueva2.huertatropical.com\/wp-content\/uploads\/2024\/08\/caja-aguacate-hass.jpg","contentUrl":"https:\/\/nueva2.huertatropical.com\/wp-content\/uploads\/2024\/08\/caja-aguacate-hass.jpg","width":800,"height":800},{"@type":"BreadcrumbList","@id":"https:\/\/nueva2.huertatropical.com\/en\/tienda-comprar-fruta-tropical-de-temporada\/comprar-surtido-fruta-tropical\/caja-de-aguacate-hass\/#breadcrumb","itemListElement":[{"@type":"ListItem","position":1,"name":"Portada","item":"https:\/\/nueva2.huertatropical.com\/en\/"},{"@type":"ListItem","position":2,"name":"Shop","item":"https:\/\/nueva2.huertatropical.com\/en\/shop\/"},{"@type":"ListItem","position":3,"name":"Caja de Aguacate Hass"}]},{"@type":"WebSite","@id":"https:\/\/nueva2.huertatropical.com\/en\/#website","url":"https:\/\/nueva2.huertatropical.com\/en\/","name":"Huerta Tropical","description":"Comprar online fruta tropical de Granada a domicilio","publisher":{"@id":"https:\/\/nueva2.huertatropical.com\/en\/#organization"},"potentialAction":[{"@type":"SearchAction","target":{"@type":"EntryPoint","urlTemplate":"https:\/\/nueva2.huertatropical.com\/en\/?s={search_term_string}"},"query-input":{"@type":"PropertyValueSpecification","valueRequired":true,"valueName":"search_term_string"}}],"inLanguage":"en-US"},{"@type":"Organization","@id":"https:\/\/nueva2.huertatropical.com\/en\/#organization","name":"Huerta Tropical","url":"https:\/\/nueva2.huertatropical.com\/en\/","logo":{"@type":"ImageObject","inLanguage":"en-US","@id":"https:\/\/nueva2.huertatropical.com\/en\/#\/schema\/logo\/image\/","url":"https:\/\/i2.wp.com\/huertatropical.com\/wp-content\/uploads\/2016\/03\/icono-web-sitio.jpg?fit=510%2C510&ssl=1","contentUrl":"https:\/\/i2.wp.com\/huertatropical.com\/wp-content\/uploads\/2016\/03\/icono-web-sitio.jpg?fit=510%2C510&ssl=1","width":510,"height":510,"caption":"Huerta Tropical"},"image":{"@id":"https:\/\/nueva2.huertatropical.com\/en\/#\/schema\/logo\/image\/"},"sameAs":["https:\/\/es-es.facebook.com\/HuertaTropical\/","https:\/\/x.com\/HuertaTropical","https:\/\/www.instagram.com\/huertatropical\/","https:\/\/www.linkedin.com\/company\/huerta-tropical\/","https:\/\/www.pinterest.es\/huertatropical\/","https:\/\/www.youtube.com\/channel\/UCT44zfBbAxjNKNUGZhRt6CA"]}]}},"_links":{"self":[{"href":"https:\/\/nueva2.huertatropical.com\/en\/wp-json\/wp\/v2\/product\/20612","targetHints":{"allow":["GET"]}}],"collection":[{"href":"https:\/\/nueva2.huertatropical.com\/en\/wp-json\/wp\/v2\/product"}],"about":[{"href":"https:\/\/nueva2.huertatropical.com\/en\/wp-json\/wp\/v2\/types\/product"}],"replies":[{"embeddable":true,"href":"https:\/\/nueva2.huertatropical.com\/en\/wp-json\/wp\/v2\/comments?post=20612"}],"version-history":[{"count":1,"href":"https:\/\/nueva2.huertatropical.com\/en\/wp-json\/wp\/v2\/product\/20612\/revisions"}],"predecessor-version":[{"id":20658,"href":"https:\/\/nueva2.huertatropical.com\/en\/wp-json\/wp\/v2\/product\/20612\/revisions\/20658"}],"wp:featuredmedia":[{"embeddable":true,"href":"https:\/\/nueva2.huertatropical.com\/en\/wp-json\/wp\/v2\/media\/18837"}],"wp:attachment":[{"href":"https:\/\/nueva2.huertatropical.com\/en\/wp-json\/wp\/v2\/media?parent=20612"}],"wp:term":[{"taxonomy":"product_brand","embeddable":true,"href":"https:\/\/nueva2.huertatropical.com\/en\/wp-json\/wp\/v2\/product_brand?post=20612"},{"taxonomy":"product_cat","embeddable":true,"href":"https:\/\/nueva2.huertatropical.com\/en\/wp-json\/wp\/v2\/product_cat?post=20612"},{"taxonomy":"product_tag","embeddable":true,"href":"https:\/\/nueva2.huertatropical.com\/en\/wp-json\/wp\/v2\/product_tag?post=20612"}],"curies":[{"name":"wp","href":"https:\/\/api.w.org\/{rel}","templated":true}]}}