{"id":20607,"date":"2025-03-22T12:31:11","date_gmt":"2025-03-22T11:31:11","guid":{"rendered":"https:\/\/nueva2.huertatropical.com\/?post_type=product&#038;p=20607"},"modified":"2025-03-22T12:32:57","modified_gmt":"2025-03-22T11:32:57","slug":"guayaba","status":"publish","type":"product","link":"https:\/\/nueva2.huertatropical.com\/en\/tienda-comprar-fruta-tropical-de-temporada\/comprar-surtido-fruta-tropical\/guayaba\/","title":{"rendered":"Guayaba"},"content":{"rendered":"<p>[vc_row][vc_column][vc_column_text]Las guayabas son frutas tropicales con una <strong><span style=\"color: #339966;\">piel extremadamente delicada<\/span><\/strong>. Su delicadeza hace que a menudo pueda presentar ara\u00f1azos o imperfecciones que para nada afectan a su sabor y textura.<\/p>\n<p>Es habitual consumirlas frescas, lav\u00e1ndolas primero. Adem\u00e1s, as\u00ed, es como aportan una mayor cantidad de fibra y nutrientes. Podemos cortarlas en 4 gajos y disfrutar de su pulpa que incluye unas <span style=\"color: #339966;\"><strong>semillas<\/strong><\/span> bastante duras pero que se comen a la vez.<\/p>\n<p>Su pulpa es de color ros\u00e1cea o blanca dependiendo de la variedad. Su <strong>sabor<\/strong> es muy intenso, dulce y un poco \u00e1cido. Sugiere un leve sabor a pi\u00f1a que le confiere ese gusto tropical.<\/p>\n<p>Es rica en vitaminas A, B y C, como curiosidad podemos decir que esta \u00faltima vitamina se encuentra en una proporci\u00f3n siete veces superior que en las naranjas, que son las que m\u00e1s fama tienen de tenerla.<\/p>\n<p>La pulpa de esta fruta tropical, por su acidez tiene propiedades que contribuyen a disminuir el colesterol malo ( LDL ).<\/p>\n<p>Su baja cantidad en az\u00facares y sus propiedades cardiosaludables, adem\u00e1s de el aporte en vitaminas proporcionan, hacen de este fruto un alimento tan beneficioso que puede incluirse de manera habitual en cualquier tipo de dieta<span style=\"color: #99cc00;\"><strong>\u00a0<\/strong><\/span><\/p>\n<p>Batidos, zumos, dulces y pasta dulce, son algunos de los modos que conocemos para consumir la guayaba. Adem\u00e1s, de como ya hemos comentado, al natural.<\/p>\n<p>Otras preparaciones con un gran sabor y perfectamente v\u00e1lidas son las deliciosas mermeladas hechas con guayabas.<\/p>\n<h3><\/h3>\n<h3><span style=\"color: #339966;\">Guayaba, \u00bfd\u00f3nde se cultivan guayabas en Espa\u00f1a?<\/span><\/h3>\n<p>En nuestro pa\u00eds, las mejores guayabas se cultivan exclusivamente en la Costa Tropical de Granada, y por supuesto, de ah\u00ed es de donde vienen las que nosotros te ofrecemos.<\/p>\n<p>En municipios como Almu\u00f1\u00e9car, Salobre\u00f1a o Molv\u00edzar se cultivan guayabas desde hace generaciones y forma parte del paisaje habitual de cualquier campo tropical de la zona.<\/p>\n<p>Si est\u00e1s interesado en otras frutas tropicales, tambi\u00e9n puedes comprar <a href=\"https:\/\/huertatropical.com\/tienda-comprar-fruta-tropical-de-temporada\/comprar-surtido-fruta-tropical\/aguacate-hass-kg\/\">aguacates hass<\/a> por kilos, u otras variedades de aguacate, como los <a href=\"https:\/\/huertatropical.com\/tienda-comprar-fruta-tropical-de-temporada\/comprar-surtido-fruta-tropical\/aguacate-mini-hass-kg\/\">Hass mini<\/a>, nuestros <a href=\"https:\/\/huertatropical.com\/tienda-comprar-fruta-tropical-de-temporada\/comprar-aguacate-costa-tropical-granada\/aguacate-hass-bio-kg\/\">aguacates ecol\u00f3gicos<\/a>, o la exquisita variedad de <a href=\"https:\/\/huertatropical.com\/tienda-comprar-fruta-tropical-de-temporada\/comprar-surtido-fruta-tropical\/comprar-aguacate-fuerte-online\/\">aguacate fuerte<\/a>. O puedes ver todos nuestros productos en la <a href=\"https:\/\/huertatropical.com\/tienda-comprar-fruta-tropical-de-temporada\/\">tienda online<\/a>.<\/p>\n<p>Si quieres estar atento a las \u00faltimas novedades de nuestra web, nuevas frutas de temporada, ofertas y promociones, s\u00edguenos en nuestras redes sociales. Aqu\u00ed te dejamos nuestros <a href=\"https:\/\/es-es.facebook.com\/HuertaTropical\/\" target=\"_blank\" rel=\"noopener noreferrer\">Facebook<\/a> e <a href=\"https:\/\/www.instagram.com\/huertatropical\" target=\"_blank\" rel=\"noopener noreferrer\">Instagram<\/a>.[\/vc_column_text][\/vc_column][\/vc_row][vc_row][vc_column][vc_btn title=&#8221;Descubre los Beneficios para la Salud, m\u00e9todos de Conservaci\u00f3n y trucos para consumir Guayabas&#8221; style=&#8221;3d&#8221; shape=&#8221;round&#8221; color=&#8221;success&#8221; size=&#8221;lg&#8221; align=&#8221;center&#8221; button_block=&#8221;true&#8221; link=&#8221;url:https%3A%2F%2Fhuertatropical.com%2Fbeneficios-y-propiedades-guayaba%2F||&#8221;][\/vc_column][\/vc_row]<\/p>\n","protected":false},"excerpt":{"rendered":"<p><span style=\"color: #ff6600;\"><strong>Cantidad aprox. de 1Kg \/\/ 1 caja de 3Kg<\/strong><\/span><\/p>\n<p>La <strong><span style=\"color: #99cc00;\">guayaba<\/span><\/strong> es una fruta tropical de aspecto ovalado, con una piel de color verde \/ amarillo, que se va tornando a un amarillo m\u00e1s intenso cuanto m\u00e1s madura est\u00e1. Es una fruta con una piel extremadamente delicada que frecuentemente puede presentar marcas del roce y la maduraci\u00f3n.<\/p>\n<p>Su pulpa puede ser rosa o blanca y para disfrutar de su agradable sabor dulce con matices \u00e1cidos debemos de esperar a que est\u00e9 blanda.<\/p>\n<p>Tanto las guayabas rosas como blancas, adem\u00e1s de sabor y propiedades, presentan un aspecto exterior similar, por lo que no podemos asegurar al 100% el mismo color en todas las piezas. Una de las mejores an\u00e9cdotas a la hora de disfrutar de una guayaba muchas veces es la incertidumbre por el color interior de su pulpa.<\/p>\n<p>Su temporada oscila desde <span style=\"color: #99cc00;\">Octubre<\/span> hasta <span style=\"color: #99cc00;\">Febrero<\/span>.<\/p>\n","protected":false},"featured_media":18933,"comment_status":"closed","ping_status":"closed","template":"","meta":[],"product_brand":[],"product_cat":[203],"product_tag":[],"class_list":{"0":"post-20607","1":"product","2":"type-product","3":"status-publish","4":"has-post-thumbnail","6":"product_cat-comprar-surtido-fruta-tropical","8":"first","9":"instock","10":"taxable","11":"shipping-taxable","12":"purchasable","13":"product-type-variable","14":"has-default-attributes"},"yoast_head":"<!-- This site is optimized with the Yoast SEO plugin v24.7 - https:\/\/yoast.com\/wordpress\/plugins\/seo\/ -->\n<title>Comprar Guayaba de Espa\u00f1a cultivada en la Costa Tropical - Motril<\/title>\n<meta name=\"description\" content=\"La guayaba es una fruta tropical. Su sabor es muy intenso, dulce y un poco \u00e1cido. Ideal para batidos, zumos y dulces. Descubre guayaba cultivada en Espa\u00f1a.\" \/>\n<meta name=\"robots\" content=\"noindex, follow, max-snippet:-1, max-image-preview:large, max-video-preview:-1\" \/>\n<meta property=\"og:locale\" content=\"en_US\" \/>\n<meta property=\"og:type\" content=\"article\" \/>\n<meta property=\"og:title\" content=\"Comprar Guayaba de Espa\u00f1a cultivada en la Costa Tropical - Motril\" \/>\n<meta property=\"og:description\" content=\"La guayaba es una fruta tropical. Su sabor es muy intenso, dulce y un poco \u00e1cido. Ideal para batidos, zumos y dulces. Descubre guayaba cultivada en Espa\u00f1a.\" \/>\n<meta property=\"og:url\" content=\"https:\/\/nueva2.huertatropical.com\/en\/tienda-comprar-fruta-tropical-de-temporada\/comprar-surtido-fruta-tropical\/guayaba\/\" \/>\n<meta property=\"og:site_name\" content=\"Huerta Tropical\" \/>\n<meta property=\"article:publisher\" content=\"https:\/\/es-es.facebook.com\/HuertaTropical\/\" \/>\n<meta property=\"article:modified_time\" content=\"2025-03-22T11:32:57+00:00\" \/>\n<meta property=\"og:image\" content=\"https:\/\/nueva2.huertatropical.com\/wp-content\/uploads\/2024\/08\/comprar-guayabas-online-a-domicilio.jpg\" \/>\n\t<meta property=\"og:image:width\" content=\"800\" \/>\n\t<meta property=\"og:image:height\" content=\"800\" \/>\n\t<meta property=\"og:image:type\" content=\"image\/jpeg\" \/>\n<meta name=\"twitter:card\" content=\"summary_large_image\" \/>\n<meta name=\"twitter:site\" content=\"@HuertaTropical\" \/>\n<meta name=\"twitter:label1\" content=\"Est. reading time\" \/>\n\t<meta name=\"twitter:data1\" content=\"3 minutes\" \/>\n<script type=\"application\/ld+json\" class=\"yoast-schema-graph\">{\"@context\":\"https:\/\/schema.org\",\"@graph\":[{\"@type\":\"WebPage\",\"@id\":\"https:\/\/nueva2.huertatropical.com\/en\/tienda-comprar-fruta-tropical-de-temporada\/comprar-surtido-fruta-tropical\/guayaba\/\",\"url\":\"https:\/\/nueva2.huertatropical.com\/en\/tienda-comprar-fruta-tropical-de-temporada\/comprar-surtido-fruta-tropical\/guayaba\/\",\"name\":\"Comprar Guayaba de Espa\u00f1a cultivada en la Costa Tropical - Motril\",\"isPartOf\":{\"@id\":\"https:\/\/nueva2.huertatropical.com\/en\/#website\"},\"primaryImageOfPage\":{\"@id\":\"https:\/\/nueva2.huertatropical.com\/en\/tienda-comprar-fruta-tropical-de-temporada\/comprar-surtido-fruta-tropical\/guayaba\/#primaryimage\"},\"image\":{\"@id\":\"https:\/\/nueva2.huertatropical.com\/en\/tienda-comprar-fruta-tropical-de-temporada\/comprar-surtido-fruta-tropical\/guayaba\/#primaryimage\"},\"thumbnailUrl\":\"https:\/\/nueva2.huertatropical.com\/wp-content\/uploads\/2024\/08\/comprar-guayabas-online-a-domicilio.jpg\",\"datePublished\":\"2025-03-22T11:31:11+00:00\",\"dateModified\":\"2025-03-22T11:32:57+00:00\",\"description\":\"La guayaba es una fruta tropical. Su sabor es muy intenso, dulce y un poco \u00e1cido. Ideal para batidos, zumos y dulces. Descubre guayaba cultivada en Espa\u00f1a.\",\"breadcrumb\":{\"@id\":\"https:\/\/nueva2.huertatropical.com\/en\/tienda-comprar-fruta-tropical-de-temporada\/comprar-surtido-fruta-tropical\/guayaba\/#breadcrumb\"},\"inLanguage\":\"en-US\",\"potentialAction\":[{\"@type\":\"ReadAction\",\"target\":[\"https:\/\/nueva2.huertatropical.com\/en\/tienda-comprar-fruta-tropical-de-temporada\/comprar-surtido-fruta-tropical\/guayaba\/\"]}]},{\"@type\":\"ImageObject\",\"inLanguage\":\"en-US\",\"@id\":\"https:\/\/nueva2.huertatropical.com\/en\/tienda-comprar-fruta-tropical-de-temporada\/comprar-surtido-fruta-tropical\/guayaba\/#primaryimage\",\"url\":\"https:\/\/nueva2.huertatropical.com\/wp-content\/uploads\/2024\/08\/comprar-guayabas-online-a-domicilio.jpg\",\"contentUrl\":\"https:\/\/nueva2.huertatropical.com\/wp-content\/uploads\/2024\/08\/comprar-guayabas-online-a-domicilio.jpg\",\"width\":800,\"height\":800},{\"@type\":\"BreadcrumbList\",\"@id\":\"https:\/\/nueva2.huertatropical.com\/en\/tienda-comprar-fruta-tropical-de-temporada\/comprar-surtido-fruta-tropical\/guayaba\/#breadcrumb\",\"itemListElement\":[{\"@type\":\"ListItem\",\"position\":1,\"name\":\"Portada\",\"item\":\"https:\/\/nueva2.huertatropical.com\/en\/\"},{\"@type\":\"ListItem\",\"position\":2,\"name\":\"Shop\",\"item\":\"https:\/\/nueva2.huertatropical.com\/en\/shop\/\"},{\"@type\":\"ListItem\",\"position\":3,\"name\":\"Guayaba\"}]},{\"@type\":\"WebSite\",\"@id\":\"https:\/\/nueva2.huertatropical.com\/en\/#website\",\"url\":\"https:\/\/nueva2.huertatropical.com\/en\/\",\"name\":\"Huerta Tropical\",\"description\":\"Comprar online fruta tropical de Granada a domicilio\",\"publisher\":{\"@id\":\"https:\/\/nueva2.huertatropical.com\/en\/#organization\"},\"potentialAction\":[{\"@type\":\"SearchAction\",\"target\":{\"@type\":\"EntryPoint\",\"urlTemplate\":\"https:\/\/nueva2.huertatropical.com\/en\/?s={search_term_string}\"},\"query-input\":{\"@type\":\"PropertyValueSpecification\",\"valueRequired\":true,\"valueName\":\"search_term_string\"}}],\"inLanguage\":\"en-US\"},{\"@type\":\"Organization\",\"@id\":\"https:\/\/nueva2.huertatropical.com\/en\/#organization\",\"name\":\"Huerta Tropical\",\"url\":\"https:\/\/nueva2.huertatropical.com\/en\/\",\"logo\":{\"@type\":\"ImageObject\",\"inLanguage\":\"en-US\",\"@id\":\"https:\/\/nueva2.huertatropical.com\/en\/#\/schema\/logo\/image\/\",\"url\":\"https:\/\/i2.wp.com\/huertatropical.com\/wp-content\/uploads\/2016\/03\/icono-web-sitio.jpg?fit=510%2C510&ssl=1\",\"contentUrl\":\"https:\/\/i2.wp.com\/huertatropical.com\/wp-content\/uploads\/2016\/03\/icono-web-sitio.jpg?fit=510%2C510&ssl=1\",\"width\":510,\"height\":510,\"caption\":\"Huerta Tropical\"},\"image\":{\"@id\":\"https:\/\/nueva2.huertatropical.com\/en\/#\/schema\/logo\/image\/\"},\"sameAs\":[\"https:\/\/es-es.facebook.com\/HuertaTropical\/\",\"https:\/\/x.com\/HuertaTropical\",\"https:\/\/www.instagram.com\/huertatropical\/\",\"https:\/\/www.linkedin.com\/company\/huerta-tropical\/\",\"https:\/\/www.pinterest.es\/huertatropical\/\",\"https:\/\/www.youtube.com\/channel\/UCT44zfBbAxjNKNUGZhRt6CA\"]}]}<\/script>\n<!-- \/ Yoast SEO plugin. -->","yoast_head_json":{"title":"Comprar Guayaba de Espa\u00f1a cultivada en la Costa Tropical - Motril","description":"La guayaba es una fruta tropical. Su sabor es muy intenso, dulce y un poco \u00e1cido. Ideal para batidos, zumos y dulces. Descubre guayaba cultivada en Espa\u00f1a.","robots":{"index":"noindex","follow":"follow","max-snippet":"max-snippet:-1","max-image-preview":"max-image-preview:large","max-video-preview":"max-video-preview:-1"},"og_locale":"en_US","og_type":"article","og_title":"Comprar Guayaba de Espa\u00f1a cultivada en la Costa Tropical - Motril","og_description":"La guayaba es una fruta tropical. Su sabor es muy intenso, dulce y un poco \u00e1cido. Ideal para batidos, zumos y dulces. Descubre guayaba cultivada en Espa\u00f1a.","og_url":"https:\/\/nueva2.huertatropical.com\/en\/tienda-comprar-fruta-tropical-de-temporada\/comprar-surtido-fruta-tropical\/guayaba\/","og_site_name":"Huerta Tropical","article_publisher":"https:\/\/es-es.facebook.com\/HuertaTropical\/","article_modified_time":"2025-03-22T11:32:57+00:00","og_image":[{"width":800,"height":800,"url":"https:\/\/nueva2.huertatropical.com\/wp-content\/uploads\/2024\/08\/comprar-guayabas-online-a-domicilio.jpg","type":"image\/jpeg"}],"twitter_card":"summary_large_image","twitter_site":"@HuertaTropical","twitter_misc":{"Est. reading time":"3 minutes"},"schema":{"@context":"https:\/\/schema.org","@graph":[{"@type":"WebPage","@id":"https:\/\/nueva2.huertatropical.com\/en\/tienda-comprar-fruta-tropical-de-temporada\/comprar-surtido-fruta-tropical\/guayaba\/","url":"https:\/\/nueva2.huertatropical.com\/en\/tienda-comprar-fruta-tropical-de-temporada\/comprar-surtido-fruta-tropical\/guayaba\/","name":"Comprar Guayaba de Espa\u00f1a cultivada en la Costa Tropical - Motril","isPartOf":{"@id":"https:\/\/nueva2.huertatropical.com\/en\/#website"},"primaryImageOfPage":{"@id":"https:\/\/nueva2.huertatropical.com\/en\/tienda-comprar-fruta-tropical-de-temporada\/comprar-surtido-fruta-tropical\/guayaba\/#primaryimage"},"image":{"@id":"https:\/\/nueva2.huertatropical.com\/en\/tienda-comprar-fruta-tropical-de-temporada\/comprar-surtido-fruta-tropical\/guayaba\/#primaryimage"},"thumbnailUrl":"https:\/\/nueva2.huertatropical.com\/wp-content\/uploads\/2024\/08\/comprar-guayabas-online-a-domicilio.jpg","datePublished":"2025-03-22T11:31:11+00:00","dateModified":"2025-03-22T11:32:57+00:00","description":"La guayaba es una fruta tropical. Su sabor es muy intenso, dulce y un poco \u00e1cido. Ideal para batidos, zumos y dulces. Descubre guayaba cultivada en Espa\u00f1a.","breadcrumb":{"@id":"https:\/\/nueva2.huertatropical.com\/en\/tienda-comprar-fruta-tropical-de-temporada\/comprar-surtido-fruta-tropical\/guayaba\/#breadcrumb"},"inLanguage":"en-US","potentialAction":[{"@type":"ReadAction","target":["https:\/\/nueva2.huertatropical.com\/en\/tienda-comprar-fruta-tropical-de-temporada\/comprar-surtido-fruta-tropical\/guayaba\/"]}]},{"@type":"ImageObject","inLanguage":"en-US","@id":"https:\/\/nueva2.huertatropical.com\/en\/tienda-comprar-fruta-tropical-de-temporada\/comprar-surtido-fruta-tropical\/guayaba\/#primaryimage","url":"https:\/\/nueva2.huertatropical.com\/wp-content\/uploads\/2024\/08\/comprar-guayabas-online-a-domicilio.jpg","contentUrl":"https:\/\/nueva2.huertatropical.com\/wp-content\/uploads\/2024\/08\/comprar-guayabas-online-a-domicilio.jpg","width":800,"height":800},{"@type":"BreadcrumbList","@id":"https:\/\/nueva2.huertatropical.com\/en\/tienda-comprar-fruta-tropical-de-temporada\/comprar-surtido-fruta-tropical\/guayaba\/#breadcrumb","itemListElement":[{"@type":"ListItem","position":1,"name":"Portada","item":"https:\/\/nueva2.huertatropical.com\/en\/"},{"@type":"ListItem","position":2,"name":"Shop","item":"https:\/\/nueva2.huertatropical.com\/en\/shop\/"},{"@type":"ListItem","position":3,"name":"Guayaba"}]},{"@type":"WebSite","@id":"https:\/\/nueva2.huertatropical.com\/en\/#website","url":"https:\/\/nueva2.huertatropical.com\/en\/","name":"Huerta Tropical","description":"Comprar online fruta tropical de Granada a domicilio","publisher":{"@id":"https:\/\/nueva2.huertatropical.com\/en\/#organization"},"potentialAction":[{"@type":"SearchAction","target":{"@type":"EntryPoint","urlTemplate":"https:\/\/nueva2.huertatropical.com\/en\/?s={search_term_string}"},"query-input":{"@type":"PropertyValueSpecification","valueRequired":true,"valueName":"search_term_string"}}],"inLanguage":"en-US"},{"@type":"Organization","@id":"https:\/\/nueva2.huertatropical.com\/en\/#organization","name":"Huerta Tropical","url":"https:\/\/nueva2.huertatropical.com\/en\/","logo":{"@type":"ImageObject","inLanguage":"en-US","@id":"https:\/\/nueva2.huertatropical.com\/en\/#\/schema\/logo\/image\/","url":"https:\/\/i2.wp.com\/huertatropical.com\/wp-content\/uploads\/2016\/03\/icono-web-sitio.jpg?fit=510%2C510&ssl=1","contentUrl":"https:\/\/i2.wp.com\/huertatropical.com\/wp-content\/uploads\/2016\/03\/icono-web-sitio.jpg?fit=510%2C510&ssl=1","width":510,"height":510,"caption":"Huerta Tropical"},"image":{"@id":"https:\/\/nueva2.huertatropical.com\/en\/#\/schema\/logo\/image\/"},"sameAs":["https:\/\/es-es.facebook.com\/HuertaTropical\/","https:\/\/x.com\/HuertaTropical","https:\/\/www.instagram.com\/huertatropical\/","https:\/\/www.linkedin.com\/company\/huerta-tropical\/","https:\/\/www.pinterest.es\/huertatropical\/","https:\/\/www.youtube.com\/channel\/UCT44zfBbAxjNKNUGZhRt6CA"]}]}},"_links":{"self":[{"href":"https:\/\/nueva2.huertatropical.com\/en\/wp-json\/wp\/v2\/product\/20607","targetHints":{"allow":["GET"]}}],"collection":[{"href":"https:\/\/nueva2.huertatropical.com\/en\/wp-json\/wp\/v2\/product"}],"about":[{"href":"https:\/\/nueva2.huertatropical.com\/en\/wp-json\/wp\/v2\/types\/product"}],"replies":[{"embeddable":true,"href":"https:\/\/nueva2.huertatropical.com\/en\/wp-json\/wp\/v2\/comments?post=20607"}],"version-history":[{"count":1,"href":"https:\/\/nueva2.huertatropical.com\/en\/wp-json\/wp\/v2\/product\/20607\/revisions"}],"predecessor-version":[{"id":20673,"href":"https:\/\/nueva2.huertatropical.com\/en\/wp-json\/wp\/v2\/product\/20607\/revisions\/20673"}],"wp:featuredmedia":[{"embeddable":true,"href":"https:\/\/nueva2.huertatropical.com\/en\/wp-json\/wp\/v2\/media\/18933"}],"wp:attachment":[{"href":"https:\/\/nueva2.huertatropical.com\/en\/wp-json\/wp\/v2\/media?parent=20607"}],"wp:term":[{"taxonomy":"product_brand","embeddable":true,"href":"https:\/\/nueva2.huertatropical.com\/en\/wp-json\/wp\/v2\/product_brand?post=20607"},{"taxonomy":"product_cat","embeddable":true,"href":"https:\/\/nueva2.huertatropical.com\/en\/wp-json\/wp\/v2\/product_cat?post=20607"},{"taxonomy":"product_tag","embeddable":true,"href":"https:\/\/nueva2.huertatropical.com\/en\/wp-json\/wp\/v2\/product_tag?post=20607"}],"curies":[{"name":"wp","href":"https:\/\/api.w.org\/{rel}","templated":true}]}}